{"id":40190,"date":"2025-10-24T10:49:09","date_gmt":"2025-10-24T08:49:09","guid":{"rendered":"https:\/\/annette-ahrens.at\/onlineshop\/?post_type=product&#038;p=40190"},"modified":"2025-10-27T21:43:28","modified_gmt":"2025-10-27T20:43:28","slug":"dagobert-peche-mokkatasse-neu-wien-fa-pirkenhammer-karlsbad-um-1920","status":"publish","type":"product","link":"https:\/\/annette-ahrens.at\/onlineshop\/produkt\/dagobert-peche-mokkatasse-neu-wien-fa-pirkenhammer-karlsbad-um-1920\/","title":{"rendered":"Dagobert Peche, Mokkatasse &#8222;Neu-Wien&#8220;, Fa. Pirkenhammer, Karlsbad, um 1920"},"content":{"rendered":"<p>Mokkatasse mit Untertasse &#8222;Neu-Wien&#8220;<\/p>\n<p>Entwurf: Dagobert Peche (St. Michael im Lungau 1887 &#8211; 1923 M\u00f6dling)<\/p>\n<p>Fa. Pirkenhammer, Karlsbad, B\u00f6hmen, um 1920<\/p>\n<p>Porzellan, bemalt, vergoldet, blaue Schneegl\u00f6ckchen, beide Teile gemarkt, tadelloser Erhaltungszustand<\/p>\n<p>Dm 8 cm<\/p>\n","protected":false},"excerpt":{"rendered":"<p>Mokkatasse mit Untertasse &#8222;Neu-Wien&#8220; Entwurf: Dagobert Peche (St. Michael im Lungau 1887 &#8211; 1923 M\u00f6dling) Fa. Pirkenhammer, Karlsbad, B\u00f6hmen, um 1920 Porzellan, bemalt, vergoldet, blaue Schneegl\u00f6ckchen, beide Teile gemarkt, tadelloser Erhaltungszustand Dm 8 cm<\/p>\n","protected":false},"featured_media":40234,"comment_status":"open","ping_status":"closed","template":"","meta":[],"product_brand":[],"product_cat":[32,37,147],"product_tag":[],"class_list":{"0":"post-40190","1":"product","2":"type-product","3":"status-publish","4":"has-post-thumbnail","6":"product_cat-festefeiern","7":"product_cat-kaffee","8":"product_cat-moccatassen","10":"first","11":"instock","12":"sold-individually","13":"purchasable","14":"product-type-simple"},"yoast_head":"<!-- This site is optimized with the Yoast SEO Premium plugin v15.8.2 - https:\/\/yoast.com\/wordpress\/plugins\/seo\/ -->\n<title>Dagobert Peche, Mokkatasse &quot;Neu-Wien&quot;, Fa. Pirkenhammer, Karlsbad, um 1920<\/title>\n<meta name=\"description\" content=\"Dagobert Peche, Mokkatasse &quot;Neu-Wien&quot;, Fa. Pirkenhammer, Karlsbad, um 1920 \u2665 Antiquit\u00e4ten Online kaufen \u2713 Sichere Lieferung \u2713\" \/>\n<meta name=\"robots\" content=\"index, follow, max-snippet:-1, max-image-preview:large, max-video-preview:-1\" \/>\n<link rel=\"canonical\" href=\"https:\/\/annette-ahrens.at\/onlineshop\/produkt\/dagobert-peche-mokkatasse-neu-wien-fa-pirkenhammer-karlsbad-um-1920\/\" \/>\n<meta property=\"og:locale\" content=\"de_DE\" \/>\n<meta property=\"og:type\" content=\"article\" \/>\n<meta property=\"og:title\" content=\"Dagobert Peche, Mokkatasse &quot;Neu-Wien&quot;, Fa. Pirkenhammer, Karlsbad, um 1920\" \/>\n<meta property=\"og:description\" content=\"Dagobert Peche, Mokkatasse &quot;Neu-Wien&quot;, Fa. Pirkenhammer, Karlsbad, um 1920 \u2665 Antiquit\u00e4ten Online kaufen \u2713 Sichere Lieferung \u2713\" \/>\n<meta property=\"og:url\" content=\"https:\/\/annette-ahrens.at\/onlineshop\/produkt\/dagobert-peche-mokkatasse-neu-wien-fa-pirkenhammer-karlsbad-um-1920\/\" \/>\n<meta property=\"og:site_name\" content=\"Tafelkultur Onlineshop\" \/>\n<meta property=\"article:publisher\" content=\"https:\/\/www.facebook.com\/AnnetteAhrensTafelkultur\" \/>\n<meta property=\"article:modified_time\" content=\"2025-10-27T20:43:28+00:00\" \/>\n<meta property=\"og:image\" content=\"https:\/\/annette-ahrens.at\/onlineshop\/wp-content\/uploads\/2025\/10\/IMG_4083-scaled.jpeg\" \/>\n\t<meta property=\"og:image:width\" content=\"1536\" \/>\n\t<meta property=\"og:image:height\" content=\"2048\" \/>\n<meta name=\"twitter:card\" content=\"summary_large_image\" \/>\n<meta name=\"twitter:label1\" content=\"Gesch\u00e4tzte Lesezeit\">\n\t<meta name=\"twitter:data1\" content=\"1\u00a0Minute\">\n<script type=\"application\/ld+json\" class=\"yoast-schema-graph\">{\"@context\":\"https:\/\/schema.org\",\"@graph\":[{\"@type\":[\"Person\",\"Organization\"],\"@id\":\"https:\/\/annette-ahrens.at\/onlineshop\/#\/schema\/person\/3e19676faae246bba0cb3b7e15f427d8\",\"name\":\"Annette Ahrens\",\"image\":{\"@type\":\"ImageObject\",\"@id\":\"https:\/\/annette-ahrens.at\/onlineshop\/#personlogo\",\"inLanguage\":\"de\",\"url\":\"https:\/\/annette-ahrens.at\/onlineshop\/wp-content\/uploads\/2020\/04\/aa_logo_End.png\",\"width\":800,\"height\":164,\"caption\":\"Annette Ahrens\"},\"logo\":{\"@id\":\"https:\/\/annette-ahrens.at\/onlineshop\/#personlogo\"},\"sameAs\":[\"https:\/\/annette-ahrens.at\",\"https:\/\/www.facebook.com\/AnnetteAhrensTafelkultur\",\"https:\/\/www.instagram.com\/tafelkulturistin\/\",\"https:\/\/de.wikipedia.org\/wiki\/Annette_Ahrens\"]},{\"@type\":\"WebSite\",\"@id\":\"https:\/\/annette-ahrens.at\/onlineshop\/#website\",\"url\":\"https:\/\/annette-ahrens.at\/onlineshop\/\",\"name\":\"Tafelkultur Onlineshop\",\"description\":\"Annette Ahrens\",\"publisher\":{\"@id\":\"https:\/\/annette-ahrens.at\/onlineshop\/#\/schema\/person\/3e19676faae246bba0cb3b7e15f427d8\"},\"potentialAction\":[{\"@type\":\"SearchAction\",\"target\":\"https:\/\/annette-ahrens.at\/onlineshop\/?s={search_term_string}\",\"query-input\":\"required name=search_term_string\"}],\"inLanguage\":\"de\"},{\"@type\":\"ImageObject\",\"@id\":\"https:\/\/annette-ahrens.at\/onlineshop\/produkt\/dagobert-peche-mokkatasse-neu-wien-fa-pirkenhammer-karlsbad-um-1920\/#primaryimage\",\"inLanguage\":\"de\",\"url\":\"https:\/\/annette-ahrens.at\/onlineshop\/wp-content\/uploads\/2025\/10\/IMG_4083-scaled.jpeg\",\"width\":1536,\"height\":2048,\"caption\":\"mokkatasse_pirkenhammer_peche\"},{\"@type\":[\"WebPage\",\"ItemPage\"],\"@id\":\"https:\/\/annette-ahrens.at\/onlineshop\/produkt\/dagobert-peche-mokkatasse-neu-wien-fa-pirkenhammer-karlsbad-um-1920\/#webpage\",\"url\":\"https:\/\/annette-ahrens.at\/onlineshop\/produkt\/dagobert-peche-mokkatasse-neu-wien-fa-pirkenhammer-karlsbad-um-1920\/\",\"name\":\"Dagobert Peche, Mokkatasse \\\"Neu-Wien\\\", Fa. Pirkenhammer, Karlsbad, um 1920\",\"isPartOf\":{\"@id\":\"https:\/\/annette-ahrens.at\/onlineshop\/#website\"},\"primaryImageOfPage\":{\"@id\":\"https:\/\/annette-ahrens.at\/onlineshop\/produkt\/dagobert-peche-mokkatasse-neu-wien-fa-pirkenhammer-karlsbad-um-1920\/#primaryimage\"},\"datePublished\":\"2025-10-24T08:49:09+00:00\",\"dateModified\":\"2025-10-27T20:43:28+00:00\",\"description\":\"Dagobert Peche, Mokkatasse \\\"Neu-Wien\\\", Fa. Pirkenhammer, Karlsbad, um 1920 \\u2665 Antiquit\\u00e4ten Online kaufen \\u2713 Sichere Lieferung \\u2713\",\"breadcrumb\":{\"@id\":\"https:\/\/annette-ahrens.at\/onlineshop\/produkt\/dagobert-peche-mokkatasse-neu-wien-fa-pirkenhammer-karlsbad-um-1920\/#breadcrumb\"},\"inLanguage\":\"de\",\"potentialAction\":[{\"@type\":\"ReadAction\",\"target\":[\"https:\/\/annette-ahrens.at\/onlineshop\/produkt\/dagobert-peche-mokkatasse-neu-wien-fa-pirkenhammer-karlsbad-um-1920\/\"]}]},{\"@type\":\"BreadcrumbList\",\"@id\":\"https:\/\/annette-ahrens.at\/onlineshop\/produkt\/dagobert-peche-mokkatasse-neu-wien-fa-pirkenhammer-karlsbad-um-1920\/#breadcrumb\",\"itemListElement\":[{\"@type\":\"ListItem\",\"position\":1,\"item\":{\"@type\":\"WebPage\",\"@id\":\"https:\/\/annette-ahrens.at\/onlineshop\/\",\"url\":\"https:\/\/annette-ahrens.at\/onlineshop\/\",\"name\":\"Home\"}},{\"@type\":\"ListItem\",\"position\":2,\"item\":{\"@type\":\"WebPage\",\"@id\":\"https:\/\/annette-ahrens.at\/onlineshop\/alle-tafelkultur-objekte\/\",\"url\":\"https:\/\/annette-ahrens.at\/onlineshop\/alle-tafelkultur-objekte\/\",\"name\":\"Alle Tafelkultur Objekte\"}},{\"@type\":\"ListItem\",\"position\":3,\"item\":{\"@type\":\"WebPage\",\"@id\":\"https:\/\/annette-ahrens.at\/onlineshop\/produkt\/dagobert-peche-mokkatasse-neu-wien-fa-pirkenhammer-karlsbad-um-1920\/\",\"url\":\"https:\/\/annette-ahrens.at\/onlineshop\/produkt\/dagobert-peche-mokkatasse-neu-wien-fa-pirkenhammer-karlsbad-um-1920\/\",\"name\":\"Dagobert Peche, Mokkatasse &#8222;Neu-Wien&#8220;, Fa. Pirkenhammer, Karlsbad, um 1920\"}}]}]}<\/script>\n<!-- \/ Yoast SEO Premium plugin. -->","_links":{"self":[{"href":"https:\/\/annette-ahrens.at\/onlineshop\/wp-json\/wp\/v2\/product\/40190","targetHints":{"allow":["GET"]}}],"collection":[{"href":"https:\/\/annette-ahrens.at\/onlineshop\/wp-json\/wp\/v2\/product"}],"about":[{"href":"https:\/\/annette-ahrens.at\/onlineshop\/wp-json\/wp\/v2\/types\/product"}],"replies":[{"embeddable":true,"href":"https:\/\/annette-ahrens.at\/onlineshop\/wp-json\/wp\/v2\/comments?post=40190"}],"wp:featuredmedia":[{"embeddable":true,"href":"https:\/\/annette-ahrens.at\/onlineshop\/wp-json\/wp\/v2\/media\/40234"}],"wp:attachment":[{"href":"https:\/\/annette-ahrens.at\/onlineshop\/wp-json\/wp\/v2\/media?parent=40190"}],"wp:term":[{"taxonomy":"product_brand","embeddable":true,"href":"https:\/\/annette-ahrens.at\/onlineshop\/wp-json\/wp\/v2\/product_brand?post=40190"},{"taxonomy":"product_cat","embeddable":true,"href":"https:\/\/annette-ahrens.at\/onlineshop\/wp-json\/wp\/v2\/product_cat?post=40190"},{"taxonomy":"product_tag","embeddable":true,"href":"https:\/\/annette-ahrens.at\/onlineshop\/wp-json\/wp\/v2\/product_tag?post=40190"}],"curies":[{"name":"wp","href":"https:\/\/api.w.org\/{rel}","templated":true}]}}