{"id":40333,"date":"2025-10-30T06:13:18","date_gmt":"2025-10-30T05:13:18","guid":{"rendered":"https:\/\/annette-ahrens.at\/onlineshop\/?post_type=product&#038;p=40333"},"modified":"2025-10-29T01:03:55","modified_gmt":"2025-10-29T00:03:55","slug":"kleine-art-deco-teekanne-fa-wmf-um-1930","status":"publish","type":"product","link":"https:\/\/annette-ahrens.at\/onlineshop\/produkt\/kleine-art-deco-teekanne-fa-wmf-um-1930\/","title":{"rendered":"Kleine Art Deco Warmhalte-Teekanne, Fa. WMF, um 1930"},"content":{"rendered":"<p>Kleine Art Deco Warmhalte-Teekanne<\/p>\n<p>Fa. WMF, Geislingen, Deutschland, um 1930<\/p>\n<p>kugelf\u00f6rmige H\u00fclle aus versilberter Alpacca mit gro\u00dfem Hammerschlagdekor, drei isolierende Kugelf\u00fcsse aus Bakelit, erg\u00e4nztes, graues Filzinlay als Innenisolierung, elfenbeinfarbige Porzellankanne mit Henkel, gemarkt Bauscher Weiden D.R.P. (Deutsches Reichs Patent), mit nicht tropfendem Ausguss, runder Innendeckel aus Porzellan, handpolierter, tadelloser Erhaltungszustand<\/p>\n<p>H 16 cm<\/p>\n<p>F\u00fcllverm\u00f6gen 700 ml<\/p>\n","protected":false},"excerpt":{"rendered":"<p>Annettes Etikette: Diese wunderbaren Art Deco Warmhalte-Teekannen wurden von der W\u00fcrttemberg\u00b4schen Metallwarenfabrik in unterschiedlichen Gr\u00f6\u00dfen von 0,4l, 0,7 l bis 1,2l angeboten. Der Firmenkatalog aus den 30er Jahren lobt den elfenbeinfarbigen Porzellank\u00f6rper mit nicht tropfendem Ausguss. Bei meiner \u00dcberpr\u00fcfung konnte ich genau dieses feststellen, herrlich eine Teekanne die nicht tropft und den Tee l\u00e4nger warm h\u00e4lt!<\/p>\n","protected":false},"featured_media":40341,"comment_status":"open","ping_status":"closed","template":"","meta":[],"product_brand":[],"product_cat":[25,297,27,32,19,217,226,274,268,38,149,53],"product_tag":[],"class_list":{"0":"post-40333","1":"product","2":"type-product","3":"status-publish","4":"has-post-thumbnail","6":"product_cat-5o-clock-tea","7":"product_cat-adventjause","8":"product_cat-barware","9":"product_cat-festefeiern","10":"product_cat-gabelfruehstueck","11":"product_cat-heissgetraenke","12":"product_cat-kaffee-tee","13":"product_cat-porzellan-fachbuecher","14":"product_cat-tee-5o-clock-tea","15":"product_cat-tee","16":"product_cat-teekanne","17":"product_cat-weihnachten","19":"first","20":"instock","21":"sold-individually","22":"purchasable","23":"product-type-simple"},"yoast_head":"<!-- This site is optimized with the Yoast SEO Premium plugin v15.8.2 - https:\/\/yoast.com\/wordpress\/plugins\/seo\/ -->\n<title>Kleine Art Deco Warmhalte-Teekanne, Fa. WMF, um 1930<\/title>\n<meta name=\"description\" content=\"Kleine Art Deco Warmhalte-Teekanne, Fa. WMF, um 1930 \u2665 Antiquit\u00e4ten Online kaufen \u2713 Sichere Lieferung \u2713\" \/>\n<meta name=\"robots\" content=\"index, follow, max-snippet:-1, max-image-preview:large, max-video-preview:-1\" \/>\n<link rel=\"canonical\" href=\"https:\/\/annette-ahrens.at\/onlineshop\/produkt\/kleine-art-deco-teekanne-fa-wmf-um-1930\/\" \/>\n<meta property=\"og:locale\" content=\"de_DE\" \/>\n<meta property=\"og:type\" content=\"article\" \/>\n<meta property=\"og:title\" content=\"Kleine Art Deco Warmhalte-Teekanne, Fa. WMF, um 1930\" \/>\n<meta property=\"og:description\" content=\"Kleine Art Deco Warmhalte-Teekanne, Fa. WMF, um 1930 \u2665 Antiquit\u00e4ten Online kaufen \u2713 Sichere Lieferung \u2713\" \/>\n<meta property=\"og:url\" content=\"https:\/\/annette-ahrens.at\/onlineshop\/produkt\/kleine-art-deco-teekanne-fa-wmf-um-1930\/\" \/>\n<meta property=\"og:site_name\" content=\"Tafelkultur Onlineshop\" \/>\n<meta property=\"article:publisher\" content=\"https:\/\/www.facebook.com\/AnnetteAhrensTafelkultur\" \/>\n<meta property=\"article:modified_time\" content=\"2025-10-29T00:03:55+00:00\" \/>\n<meta property=\"og:image\" content=\"https:\/\/annette-ahrens.at\/onlineshop\/wp-content\/uploads\/2025\/10\/IMG_4169-scaled.jpeg\" \/>\n\t<meta property=\"og:image:width\" content=\"1876\" \/>\n\t<meta property=\"og:image:height\" content=\"2048\" \/>\n<meta name=\"twitter:card\" content=\"summary_large_image\" \/>\n<meta name=\"twitter:label1\" content=\"Gesch\u00e4tzte Lesezeit\">\n\t<meta name=\"twitter:data1\" content=\"1\u00a0Minute\">\n<script type=\"application\/ld+json\" class=\"yoast-schema-graph\">{\"@context\":\"https:\/\/schema.org\",\"@graph\":[{\"@type\":[\"Person\",\"Organization\"],\"@id\":\"https:\/\/annette-ahrens.at\/onlineshop\/#\/schema\/person\/3e19676faae246bba0cb3b7e15f427d8\",\"name\":\"Annette Ahrens\",\"image\":{\"@type\":\"ImageObject\",\"@id\":\"https:\/\/annette-ahrens.at\/onlineshop\/#personlogo\",\"inLanguage\":\"de\",\"url\":\"https:\/\/annette-ahrens.at\/onlineshop\/wp-content\/uploads\/2020\/04\/aa_logo_End.png\",\"width\":800,\"height\":164,\"caption\":\"Annette Ahrens\"},\"logo\":{\"@id\":\"https:\/\/annette-ahrens.at\/onlineshop\/#personlogo\"},\"sameAs\":[\"https:\/\/annette-ahrens.at\",\"https:\/\/www.facebook.com\/AnnetteAhrensTafelkultur\",\"https:\/\/www.instagram.com\/tafelkulturistin\/\",\"https:\/\/de.wikipedia.org\/wiki\/Annette_Ahrens\"]},{\"@type\":\"WebSite\",\"@id\":\"https:\/\/annette-ahrens.at\/onlineshop\/#website\",\"url\":\"https:\/\/annette-ahrens.at\/onlineshop\/\",\"name\":\"Tafelkultur Onlineshop\",\"description\":\"Annette Ahrens\",\"publisher\":{\"@id\":\"https:\/\/annette-ahrens.at\/onlineshop\/#\/schema\/person\/3e19676faae246bba0cb3b7e15f427d8\"},\"potentialAction\":[{\"@type\":\"SearchAction\",\"target\":\"https:\/\/annette-ahrens.at\/onlineshop\/?s={search_term_string}\",\"query-input\":\"required name=search_term_string\"}],\"inLanguage\":\"de\"},{\"@type\":\"ImageObject\",\"@id\":\"https:\/\/annette-ahrens.at\/onlineshop\/produkt\/kleine-art-deco-teekanne-fa-wmf-um-1930\/#primaryimage\",\"inLanguage\":\"de\",\"url\":\"https:\/\/annette-ahrens.at\/onlineshop\/wp-content\/uploads\/2025\/10\/IMG_4169-scaled.jpeg\",\"width\":1876,\"height\":2048,\"caption\":\"teekanne_wmf\"},{\"@type\":[\"WebPage\",\"ItemPage\"],\"@id\":\"https:\/\/annette-ahrens.at\/onlineshop\/produkt\/kleine-art-deco-teekanne-fa-wmf-um-1930\/#webpage\",\"url\":\"https:\/\/annette-ahrens.at\/onlineshop\/produkt\/kleine-art-deco-teekanne-fa-wmf-um-1930\/\",\"name\":\"Kleine Art Deco Warmhalte-Teekanne, Fa. WMF, um 1930\",\"isPartOf\":{\"@id\":\"https:\/\/annette-ahrens.at\/onlineshop\/#website\"},\"primaryImageOfPage\":{\"@id\":\"https:\/\/annette-ahrens.at\/onlineshop\/produkt\/kleine-art-deco-teekanne-fa-wmf-um-1930\/#primaryimage\"},\"datePublished\":\"2025-10-30T05:13:18+00:00\",\"dateModified\":\"2025-10-29T00:03:55+00:00\",\"description\":\"Kleine Art Deco Warmhalte-Teekanne, Fa. WMF, um 1930 \\u2665 Antiquit\\u00e4ten Online kaufen \\u2713 Sichere Lieferung \\u2713\",\"breadcrumb\":{\"@id\":\"https:\/\/annette-ahrens.at\/onlineshop\/produkt\/kleine-art-deco-teekanne-fa-wmf-um-1930\/#breadcrumb\"},\"inLanguage\":\"de\",\"potentialAction\":[{\"@type\":\"ReadAction\",\"target\":[\"https:\/\/annette-ahrens.at\/onlineshop\/produkt\/kleine-art-deco-teekanne-fa-wmf-um-1930\/\"]}]},{\"@type\":\"BreadcrumbList\",\"@id\":\"https:\/\/annette-ahrens.at\/onlineshop\/produkt\/kleine-art-deco-teekanne-fa-wmf-um-1930\/#breadcrumb\",\"itemListElement\":[{\"@type\":\"ListItem\",\"position\":1,\"item\":{\"@type\":\"WebPage\",\"@id\":\"https:\/\/annette-ahrens.at\/onlineshop\/\",\"url\":\"https:\/\/annette-ahrens.at\/onlineshop\/\",\"name\":\"Home\"}},{\"@type\":\"ListItem\",\"position\":2,\"item\":{\"@type\":\"WebPage\",\"@id\":\"https:\/\/annette-ahrens.at\/onlineshop\/alle-tafelkultur-objekte\/\",\"url\":\"https:\/\/annette-ahrens.at\/onlineshop\/alle-tafelkultur-objekte\/\",\"name\":\"Alle Tafelkultur Objekte\"}},{\"@type\":\"ListItem\",\"position\":3,\"item\":{\"@type\":\"WebPage\",\"@id\":\"https:\/\/annette-ahrens.at\/onlineshop\/produkt\/kleine-art-deco-teekanne-fa-wmf-um-1930\/\",\"url\":\"https:\/\/annette-ahrens.at\/onlineshop\/produkt\/kleine-art-deco-teekanne-fa-wmf-um-1930\/\",\"name\":\"Kleine Art Deco Warmhalte-Teekanne, Fa. WMF, um 1930\"}}]}]}<\/script>\n<!-- \/ Yoast SEO Premium plugin. -->","_links":{"self":[{"href":"https:\/\/annette-ahrens.at\/onlineshop\/wp-json\/wp\/v2\/product\/40333","targetHints":{"allow":["GET"]}}],"collection":[{"href":"https:\/\/annette-ahrens.at\/onlineshop\/wp-json\/wp\/v2\/product"}],"about":[{"href":"https:\/\/annette-ahrens.at\/onlineshop\/wp-json\/wp\/v2\/types\/product"}],"replies":[{"embeddable":true,"href":"https:\/\/annette-ahrens.at\/onlineshop\/wp-json\/wp\/v2\/comments?post=40333"}],"wp:featuredmedia":[{"embeddable":true,"href":"https:\/\/annette-ahrens.at\/onlineshop\/wp-json\/wp\/v2\/media\/40341"}],"wp:attachment":[{"href":"https:\/\/annette-ahrens.at\/onlineshop\/wp-json\/wp\/v2\/media?parent=40333"}],"wp:term":[{"taxonomy":"product_brand","embeddable":true,"href":"https:\/\/annette-ahrens.at\/onlineshop\/wp-json\/wp\/v2\/product_brand?post=40333"},{"taxonomy":"product_cat","embeddable":true,"href":"https:\/\/annette-ahrens.at\/onlineshop\/wp-json\/wp\/v2\/product_cat?post=40333"},{"taxonomy":"product_tag","embeddable":true,"href":"https:\/\/annette-ahrens.at\/onlineshop\/wp-json\/wp\/v2\/product_tag?post=40333"}],"curies":[{"name":"wp","href":"https:\/\/api.w.org\/{rel}","templated":true}]}}