{"id":40482,"date":"2025-11-10T06:19:58","date_gmt":"2025-11-10T05:19:58","guid":{"rendered":"https:\/\/annette-ahrens.at\/onlineshop\/?post_type=product&#038;p=40482"},"modified":"2025-11-09T17:27:52","modified_gmt":"2025-11-09T16:27:52","slug":"grosse-versilberte-art-deco-eiskompottschale-bremen-um-1925","status":"publish","type":"product","link":"https:\/\/annette-ahrens.at\/onlineshop\/produkt\/grosse-versilberte-art-deco-eiskompottschale-bremen-um-1925\/","title":{"rendered":"Gro\u00dfe versilberte Art Deco Eiskompottschale, Bremen, um 1925"},"content":{"rendered":"<p>Gro\u00dfe versilberte Eiskompottschale<\/p>\n<p>Bremer Werkst\u00e4tten f\u00fcr kunsthandwerkliche Silberarbeiten, Bremen, Deutschland, um 1900<\/p>\n<p>runder Gef\u00e4\u00dfk\u00f6rper aus Glas, optisch geblasen, herausnehmbarer Einsatz aus Glas mit versilberter Metallmontierung, Hammerschlagdekor, Deckel mit Bl\u00fcte als Knauf, Alpacca gemarkt BMWS (f\u00fcr Bremer Werkst\u00e4tten f\u00fcr kunsthandwerkliche Silberarbeiten ), tadelloser, handpolierter Erhaltungszustand<\/p>\n<p>Dm \u00a0cm (Innenschale)<\/p>\n<p>Dm \u00a0cm<\/p>\n<p>H \u00a0cm<\/p>\n","protected":false},"excerpt":{"rendered":"<p>Annettes Etikette: Eine Kaviark\u00fchlschale in dieser Gr\u00f6\u00dfe hatte ich noch nie, ein alter Firmenkatalog der Wiener Firma Argentor erz\u00e4hlt uns die eigentliche Verwendung: Auch Obstsalate konnten darin stilgerecht bei Tisch gek\u00fchlt werden. Das Unternehmen wurde von Wilhelm Schulze um 1920 in Bremen-Walle als Bremer Werkst\u00e4tten f\u00fcr kunsthandwerkliche Silberarbeiten gegr\u00fcndet. Durch seine Ausbildung bei der norwegischen Silberwarenmanufaktur David Andersen war ihm der skandinavische Stil vertraut, welcher bei seinen Objekten in kleiner Zahl oder gar als Einzelanfertigung zum Tragen kommt. Heute wird der Betrieb vom Enkel des Gr\u00fcnders, Herrn Bj\u00f6rn Schulze (geb. 1947) geleitet.<\/p>\n","protected":false},"featured_media":40472,"comment_status":"open","ping_status":"closed","template":"","meta":[],"product_brand":[],"product_cat":[298,301,321,316,22,311,52],"product_tag":[],"class_list":{"0":"post-40482","1":"product","2":"type-product","3":"status-publish","4":"has-post-thumbnail","6":"product_cat-buffet","7":"product_cat-fondue","8":"product_cat-pfefferstreuer","9":"product_cat-streuer","10":"product_cat-suess-sauer","11":"product_cat-tafelinventar","12":"product_cat-thanksgiving","14":"first","15":"instock","16":"sold-individually","17":"purchasable","18":"product-type-simple"},"yoast_head":"<!-- This site is optimized with the Yoast SEO Premium plugin v15.8.2 - https:\/\/yoast.com\/wordpress\/plugins\/seo\/ -->\n<title>Gro\u00dfe versilberte Art Deco Eiskompottschale, Bremen, um 1925<\/title>\n<meta name=\"description\" content=\"Gro\u00dfe versilberte Art Deco Eiskompottschale, Bremen, um 1925 \u2665 Antiquit\u00e4ten Online kaufen \u2713 Sichere Lieferung \u2713\" \/>\n<meta name=\"robots\" content=\"index, follow, max-snippet:-1, max-image-preview:large, max-video-preview:-1\" \/>\n<link rel=\"canonical\" href=\"https:\/\/annette-ahrens.at\/onlineshop\/produkt\/grosse-versilberte-art-deco-eiskompottschale-bremen-um-1925\/\" \/>\n<meta property=\"og:locale\" content=\"de_DE\" \/>\n<meta property=\"og:type\" content=\"article\" \/>\n<meta property=\"og:title\" content=\"Gro\u00dfe versilberte Art Deco Eiskompottschale, Bremen, um 1925\" \/>\n<meta property=\"og:description\" content=\"Gro\u00dfe versilberte Art Deco Eiskompottschale, Bremen, um 1925 \u2665 Antiquit\u00e4ten Online kaufen \u2713 Sichere Lieferung \u2713\" \/>\n<meta property=\"og:url\" content=\"https:\/\/annette-ahrens.at\/onlineshop\/produkt\/grosse-versilberte-art-deco-eiskompottschale-bremen-um-1925\/\" \/>\n<meta property=\"og:site_name\" content=\"Tafelkultur Onlineshop\" \/>\n<meta property=\"article:publisher\" content=\"https:\/\/www.facebook.com\/AnnetteAhrensTafelkultur\" \/>\n<meta property=\"article:modified_time\" content=\"2025-11-09T16:27:52+00:00\" \/>\n<meta property=\"og:image\" content=\"https:\/\/annette-ahrens.at\/onlineshop\/wp-content\/uploads\/2022\/09\/IMG_9591-scaled.jpeg\" \/>\n\t<meta property=\"og:image:width\" content=\"1536\" \/>\n\t<meta property=\"og:image:height\" content=\"2048\" \/>\n<meta name=\"twitter:card\" content=\"summary_large_image\" \/>\n<meta name=\"twitter:label1\" content=\"Gesch\u00e4tzte Lesezeit\">\n\t<meta name=\"twitter:data1\" content=\"1\u00a0Minute\">\n<script type=\"application\/ld+json\" class=\"yoast-schema-graph\">{\"@context\":\"https:\/\/schema.org\",\"@graph\":[{\"@type\":[\"Person\",\"Organization\"],\"@id\":\"https:\/\/annette-ahrens.at\/onlineshop\/#\/schema\/person\/3e19676faae246bba0cb3b7e15f427d8\",\"name\":\"Annette Ahrens\",\"image\":{\"@type\":\"ImageObject\",\"@id\":\"https:\/\/annette-ahrens.at\/onlineshop\/#personlogo\",\"inLanguage\":\"de\",\"url\":\"https:\/\/annette-ahrens.at\/onlineshop\/wp-content\/uploads\/2020\/04\/aa_logo_End.png\",\"width\":800,\"height\":164,\"caption\":\"Annette Ahrens\"},\"logo\":{\"@id\":\"https:\/\/annette-ahrens.at\/onlineshop\/#personlogo\"},\"sameAs\":[\"https:\/\/annette-ahrens.at\",\"https:\/\/www.facebook.com\/AnnetteAhrensTafelkultur\",\"https:\/\/www.instagram.com\/tafelkulturistin\/\",\"https:\/\/de.wikipedia.org\/wiki\/Annette_Ahrens\"]},{\"@type\":\"WebSite\",\"@id\":\"https:\/\/annette-ahrens.at\/onlineshop\/#website\",\"url\":\"https:\/\/annette-ahrens.at\/onlineshop\/\",\"name\":\"Tafelkultur Onlineshop\",\"description\":\"Annette Ahrens\",\"publisher\":{\"@id\":\"https:\/\/annette-ahrens.at\/onlineshop\/#\/schema\/person\/3e19676faae246bba0cb3b7e15f427d8\"},\"potentialAction\":[{\"@type\":\"SearchAction\",\"target\":\"https:\/\/annette-ahrens.at\/onlineshop\/?s={search_term_string}\",\"query-input\":\"required name=search_term_string\"}],\"inLanguage\":\"de\"},{\"@type\":\"ImageObject\",\"@id\":\"https:\/\/annette-ahrens.at\/onlineshop\/produkt\/grosse-versilberte-art-deco-eiskompottschale-bremen-um-1925\/#primaryimage\",\"inLanguage\":\"de\",\"url\":\"https:\/\/annette-ahrens.at\/onlineshop\/wp-content\/uploads\/2022\/09\/IMG_9591-scaled.jpeg\",\"width\":1536,\"height\":2048,\"caption\":\"k\\u00fchlgef\\u00e4\\u00df_bremen\"},{\"@type\":[\"WebPage\",\"ItemPage\"],\"@id\":\"https:\/\/annette-ahrens.at\/onlineshop\/produkt\/grosse-versilberte-art-deco-eiskompottschale-bremen-um-1925\/#webpage\",\"url\":\"https:\/\/annette-ahrens.at\/onlineshop\/produkt\/grosse-versilberte-art-deco-eiskompottschale-bremen-um-1925\/\",\"name\":\"Gro\\u00dfe versilberte Art Deco Eiskompottschale, Bremen, um 1925\",\"isPartOf\":{\"@id\":\"https:\/\/annette-ahrens.at\/onlineshop\/#website\"},\"primaryImageOfPage\":{\"@id\":\"https:\/\/annette-ahrens.at\/onlineshop\/produkt\/grosse-versilberte-art-deco-eiskompottschale-bremen-um-1925\/#primaryimage\"},\"datePublished\":\"2025-11-10T05:19:58+00:00\",\"dateModified\":\"2025-11-09T16:27:52+00:00\",\"description\":\"Gro\\u00dfe versilberte Art Deco Eiskompottschale, Bremen, um 1925 \\u2665 Antiquit\\u00e4ten Online kaufen \\u2713 Sichere Lieferung \\u2713\",\"breadcrumb\":{\"@id\":\"https:\/\/annette-ahrens.at\/onlineshop\/produkt\/grosse-versilberte-art-deco-eiskompottschale-bremen-um-1925\/#breadcrumb\"},\"inLanguage\":\"de\",\"potentialAction\":[{\"@type\":\"ReadAction\",\"target\":[\"https:\/\/annette-ahrens.at\/onlineshop\/produkt\/grosse-versilberte-art-deco-eiskompottschale-bremen-um-1925\/\"]}]},{\"@type\":\"BreadcrumbList\",\"@id\":\"https:\/\/annette-ahrens.at\/onlineshop\/produkt\/grosse-versilberte-art-deco-eiskompottschale-bremen-um-1925\/#breadcrumb\",\"itemListElement\":[{\"@type\":\"ListItem\",\"position\":1,\"item\":{\"@type\":\"WebPage\",\"@id\":\"https:\/\/annette-ahrens.at\/onlineshop\/\",\"url\":\"https:\/\/annette-ahrens.at\/onlineshop\/\",\"name\":\"Home\"}},{\"@type\":\"ListItem\",\"position\":2,\"item\":{\"@type\":\"WebPage\",\"@id\":\"https:\/\/annette-ahrens.at\/onlineshop\/alle-tafelkultur-objekte\/\",\"url\":\"https:\/\/annette-ahrens.at\/onlineshop\/alle-tafelkultur-objekte\/\",\"name\":\"Alle Tafelkultur Objekte\"}},{\"@type\":\"ListItem\",\"position\":3,\"item\":{\"@type\":\"WebPage\",\"@id\":\"https:\/\/annette-ahrens.at\/onlineshop\/produkt\/grosse-versilberte-art-deco-eiskompottschale-bremen-um-1925\/\",\"url\":\"https:\/\/annette-ahrens.at\/onlineshop\/produkt\/grosse-versilberte-art-deco-eiskompottschale-bremen-um-1925\/\",\"name\":\"Gro\\u00dfe versilberte Art Deco Eiskompottschale, Bremen, um 1925\"}}]}]}<\/script>\n<!-- \/ Yoast SEO Premium plugin. -->","_links":{"self":[{"href":"https:\/\/annette-ahrens.at\/onlineshop\/wp-json\/wp\/v2\/product\/40482","targetHints":{"allow":["GET"]}}],"collection":[{"href":"https:\/\/annette-ahrens.at\/onlineshop\/wp-json\/wp\/v2\/product"}],"about":[{"href":"https:\/\/annette-ahrens.at\/onlineshop\/wp-json\/wp\/v2\/types\/product"}],"replies":[{"embeddable":true,"href":"https:\/\/annette-ahrens.at\/onlineshop\/wp-json\/wp\/v2\/comments?post=40482"}],"wp:featuredmedia":[{"embeddable":true,"href":"https:\/\/annette-ahrens.at\/onlineshop\/wp-json\/wp\/v2\/media\/40472"}],"wp:attachment":[{"href":"https:\/\/annette-ahrens.at\/onlineshop\/wp-json\/wp\/v2\/media?parent=40482"}],"wp:term":[{"taxonomy":"product_brand","embeddable":true,"href":"https:\/\/annette-ahrens.at\/onlineshop\/wp-json\/wp\/v2\/product_brand?post=40482"},{"taxonomy":"product_cat","embeddable":true,"href":"https:\/\/annette-ahrens.at\/onlineshop\/wp-json\/wp\/v2\/product_cat?post=40482"},{"taxonomy":"product_tag","embeddable":true,"href":"https:\/\/annette-ahrens.at\/onlineshop\/wp-json\/wp\/v2\/product_tag?post=40482"}],"curies":[{"name":"wp","href":"https:\/\/api.w.org\/{rel}","templated":true}]}}