{"id":40488,"date":"2025-11-06T06:27:22","date_gmt":"2025-11-06T05:27:22","guid":{"rendered":"https:\/\/annette-ahrens.at\/onlineshop\/?post_type=product&#038;p=40488"},"modified":"2025-11-05T20:40:22","modified_gmt":"2025-11-05T19:40:22","slug":"tischschaufel-mit-tischbesen-fa-wolkenstein-glueckselig-wien-um-1910","status":"publish","type":"product","link":"https:\/\/annette-ahrens.at\/onlineshop\/produkt\/tischschaufel-mit-tischbesen-fa-wolkenstein-glueckselig-wien-um-1910\/","title":{"rendered":"Tischschaufel mit Tischbesen, Fa. Wolkenstein &#038; Gl\u00fcckselig, Wien, um 1910"},"content":{"rendered":"<p>Tischschaufel mit Tischbesen<\/p>\n<p>Fa. Wolkenstein &amp; Gl\u00fcckselig, Wien, \u00d6sterreich, um 1910<\/p>\n<p>Messing, ehemals versilbert, Schaufel mit vegetabilem Dekor, gemarkt W &amp; G f\u00fcr Wolkenstein &amp; Glckselig, zugeh\u00f6riger Tischbesen mit hellen Borsten, handpolierter Erhaltungszustand mit altersbedingtem Abrieb<\/p>\n<p>L 18 x 15 cm<\/p>\n<p>L 25,5 cm (Tischbesen)<\/p>\n<p>Vergleiche:\u00a0Warenkatalog der\u00a0Wiener Chinasilber-Werke Wolkenstein &amp; Gl\u00fcckselig Wien B\u00fcrgerspitgasse Nr. 6-10, Fabriken f\u00fcr kunstgewerbliche Metallwaren, undatiert, wohl um 1905 (Privatbesitz A.H.)<\/p>\n","protected":false},"excerpt":{"rendered":"<p>Annettes Etikette: Zur Firma Wolkenstein &amp; Gl\u00fcckselig habe ich mir auf meinem <a href=\"https:\/\/annette-ahrens.at\/wolkenstein-glueckselig\/\">Blog<\/a> ausf\u00fchrlich Gedanken gemacht. Der nun aufgetauchte Warenkatalog ist ein Eldorado f\u00fcr Sammler!<\/p>\n","protected":false},"featured_media":40417,"comment_status":"open","ping_status":"closed","template":"","meta":[],"product_brand":[],"product_cat":[297,276,282,279,131,53],"product_tag":[],"class_list":{"0":"post-40488","1":"product","2":"type-product","3":"status-publish","4":"has-post-thumbnail","6":"product_cat-adventjause","7":"product_cat-alpacca","8":"product_cat-jardiniere","9":"product_cat-schale","10":"product_cat-tafeldekorationen","11":"product_cat-weihnachten","13":"first","14":"instock","15":"sold-individually","16":"purchasable","17":"product-type-simple"},"yoast_head":"<!-- This site is optimized with the Yoast SEO Premium plugin v15.8.2 - https:\/\/yoast.com\/wordpress\/plugins\/seo\/ -->\n<title>Tischschaufel mit Tischbesen, Fa. Wolkenstein &amp; Gl\u00fcckselig, Wien, um 1910<\/title>\n<meta name=\"description\" content=\"Tischschaufel mit Tischbesen, Fa. Wolkenstein &amp; Gl\u00fcckselig, Wien, um 1910 \u2665 Antiquit\u00e4ten Online kaufen \u2713 Sichere Lieferung \u2713\" \/>\n<meta name=\"robots\" content=\"index, follow, max-snippet:-1, max-image-preview:large, max-video-preview:-1\" \/>\n<link rel=\"canonical\" href=\"https:\/\/annette-ahrens.at\/onlineshop\/produkt\/tischschaufel-mit-tischbesen-fa-wolkenstein-glueckselig-wien-um-1910\/\" \/>\n<meta property=\"og:locale\" content=\"de_DE\" \/>\n<meta property=\"og:type\" content=\"article\" \/>\n<meta property=\"og:title\" content=\"Tischschaufel mit Tischbesen, Fa. Wolkenstein &amp; Gl\u00fcckselig, Wien, um 1910\" \/>\n<meta property=\"og:description\" content=\"Tischschaufel mit Tischbesen, Fa. Wolkenstein &amp; Gl\u00fcckselig, Wien, um 1910 \u2665 Antiquit\u00e4ten Online kaufen \u2713 Sichere Lieferung \u2713\" \/>\n<meta property=\"og:url\" content=\"https:\/\/annette-ahrens.at\/onlineshop\/produkt\/tischschaufel-mit-tischbesen-fa-wolkenstein-glueckselig-wien-um-1910\/\" \/>\n<meta property=\"og:site_name\" content=\"Tafelkultur Onlineshop\" \/>\n<meta property=\"article:publisher\" content=\"https:\/\/www.facebook.com\/AnnetteAhrensTafelkultur\" \/>\n<meta property=\"article:modified_time\" content=\"2025-11-05T19:40:22+00:00\" \/>\n<meta property=\"og:image\" content=\"https:\/\/annette-ahrens.at\/onlineshop\/wp-content\/uploads\/2022\/09\/IMG_9647-scaled.jpeg\" \/>\n\t<meta property=\"og:image:width\" content=\"2048\" \/>\n\t<meta property=\"og:image:height\" content=\"2048\" \/>\n<meta name=\"twitter:card\" content=\"summary_large_image\" \/>\n<meta name=\"twitter:label1\" content=\"Gesch\u00e4tzte Lesezeit\">\n\t<meta name=\"twitter:data1\" content=\"1\u00a0Minute\">\n<script type=\"application\/ld+json\" class=\"yoast-schema-graph\">{\"@context\":\"https:\/\/schema.org\",\"@graph\":[{\"@type\":[\"Person\",\"Organization\"],\"@id\":\"https:\/\/annette-ahrens.at\/onlineshop\/#\/schema\/person\/3e19676faae246bba0cb3b7e15f427d8\",\"name\":\"Annette Ahrens\",\"image\":{\"@type\":\"ImageObject\",\"@id\":\"https:\/\/annette-ahrens.at\/onlineshop\/#personlogo\",\"inLanguage\":\"de\",\"url\":\"https:\/\/annette-ahrens.at\/onlineshop\/wp-content\/uploads\/2020\/04\/aa_logo_End.png\",\"width\":800,\"height\":164,\"caption\":\"Annette Ahrens\"},\"logo\":{\"@id\":\"https:\/\/annette-ahrens.at\/onlineshop\/#personlogo\"},\"sameAs\":[\"https:\/\/annette-ahrens.at\",\"https:\/\/www.facebook.com\/AnnetteAhrensTafelkultur\",\"https:\/\/www.instagram.com\/tafelkulturistin\/\",\"https:\/\/de.wikipedia.org\/wiki\/Annette_Ahrens\"]},{\"@type\":\"WebSite\",\"@id\":\"https:\/\/annette-ahrens.at\/onlineshop\/#website\",\"url\":\"https:\/\/annette-ahrens.at\/onlineshop\/\",\"name\":\"Tafelkultur Onlineshop\",\"description\":\"Annette Ahrens\",\"publisher\":{\"@id\":\"https:\/\/annette-ahrens.at\/onlineshop\/#\/schema\/person\/3e19676faae246bba0cb3b7e15f427d8\"},\"potentialAction\":[{\"@type\":\"SearchAction\",\"target\":\"https:\/\/annette-ahrens.at\/onlineshop\/?s={search_term_string}\",\"query-input\":\"required name=search_term_string\"}],\"inLanguage\":\"de\"},{\"@type\":\"ImageObject\",\"@id\":\"https:\/\/annette-ahrens.at\/onlineshop\/produkt\/tischschaufel-mit-tischbesen-fa-wolkenstein-glueckselig-wien-um-1910\/#primaryimage\",\"inLanguage\":\"de\",\"url\":\"https:\/\/annette-ahrens.at\/onlineshop\/wp-content\/uploads\/2022\/09\/IMG_9647-scaled.jpeg\",\"width\":2048,\"height\":2048,\"caption\":\"tischbesen_wolkenstein_gl\\u00fcckselig\"},{\"@type\":[\"WebPage\",\"ItemPage\"],\"@id\":\"https:\/\/annette-ahrens.at\/onlineshop\/produkt\/tischschaufel-mit-tischbesen-fa-wolkenstein-glueckselig-wien-um-1910\/#webpage\",\"url\":\"https:\/\/annette-ahrens.at\/onlineshop\/produkt\/tischschaufel-mit-tischbesen-fa-wolkenstein-glueckselig-wien-um-1910\/\",\"name\":\"Tischschaufel mit Tischbesen, Fa. Wolkenstein & Gl\\u00fcckselig, Wien, um 1910\",\"isPartOf\":{\"@id\":\"https:\/\/annette-ahrens.at\/onlineshop\/#website\"},\"primaryImageOfPage\":{\"@id\":\"https:\/\/annette-ahrens.at\/onlineshop\/produkt\/tischschaufel-mit-tischbesen-fa-wolkenstein-glueckselig-wien-um-1910\/#primaryimage\"},\"datePublished\":\"2025-11-06T05:27:22+00:00\",\"dateModified\":\"2025-11-05T19:40:22+00:00\",\"description\":\"Tischschaufel mit Tischbesen, Fa. Wolkenstein & Gl\\u00fcckselig, Wien, um 1910 \\u2665 Antiquit\\u00e4ten Online kaufen \\u2713 Sichere Lieferung \\u2713\",\"breadcrumb\":{\"@id\":\"https:\/\/annette-ahrens.at\/onlineshop\/produkt\/tischschaufel-mit-tischbesen-fa-wolkenstein-glueckselig-wien-um-1910\/#breadcrumb\"},\"inLanguage\":\"de\",\"potentialAction\":[{\"@type\":\"ReadAction\",\"target\":[\"https:\/\/annette-ahrens.at\/onlineshop\/produkt\/tischschaufel-mit-tischbesen-fa-wolkenstein-glueckselig-wien-um-1910\/\"]}]},{\"@type\":\"BreadcrumbList\",\"@id\":\"https:\/\/annette-ahrens.at\/onlineshop\/produkt\/tischschaufel-mit-tischbesen-fa-wolkenstein-glueckselig-wien-um-1910\/#breadcrumb\",\"itemListElement\":[{\"@type\":\"ListItem\",\"position\":1,\"item\":{\"@type\":\"WebPage\",\"@id\":\"https:\/\/annette-ahrens.at\/onlineshop\/\",\"url\":\"https:\/\/annette-ahrens.at\/onlineshop\/\",\"name\":\"Home\"}},{\"@type\":\"ListItem\",\"position\":2,\"item\":{\"@type\":\"WebPage\",\"@id\":\"https:\/\/annette-ahrens.at\/onlineshop\/alle-tafelkultur-objekte\/\",\"url\":\"https:\/\/annette-ahrens.at\/onlineshop\/alle-tafelkultur-objekte\/\",\"name\":\"Alle Tafelkultur Objekte\"}},{\"@type\":\"ListItem\",\"position\":3,\"item\":{\"@type\":\"WebPage\",\"@id\":\"https:\/\/annette-ahrens.at\/onlineshop\/produkt\/tischschaufel-mit-tischbesen-fa-wolkenstein-glueckselig-wien-um-1910\/\",\"url\":\"https:\/\/annette-ahrens.at\/onlineshop\/produkt\/tischschaufel-mit-tischbesen-fa-wolkenstein-glueckselig-wien-um-1910\/\",\"name\":\"Tischschaufel mit Tischbesen, Fa. Wolkenstein &#038; Gl\\u00fcckselig, Wien, um 1910\"}}]}]}<\/script>\n<!-- \/ Yoast SEO Premium plugin. -->","_links":{"self":[{"href":"https:\/\/annette-ahrens.at\/onlineshop\/wp-json\/wp\/v2\/product\/40488","targetHints":{"allow":["GET"]}}],"collection":[{"href":"https:\/\/annette-ahrens.at\/onlineshop\/wp-json\/wp\/v2\/product"}],"about":[{"href":"https:\/\/annette-ahrens.at\/onlineshop\/wp-json\/wp\/v2\/types\/product"}],"replies":[{"embeddable":true,"href":"https:\/\/annette-ahrens.at\/onlineshop\/wp-json\/wp\/v2\/comments?post=40488"}],"wp:featuredmedia":[{"embeddable":true,"href":"https:\/\/annette-ahrens.at\/onlineshop\/wp-json\/wp\/v2\/media\/40417"}],"wp:attachment":[{"href":"https:\/\/annette-ahrens.at\/onlineshop\/wp-json\/wp\/v2\/media?parent=40488"}],"wp:term":[{"taxonomy":"product_brand","embeddable":true,"href":"https:\/\/annette-ahrens.at\/onlineshop\/wp-json\/wp\/v2\/product_brand?post=40488"},{"taxonomy":"product_cat","embeddable":true,"href":"https:\/\/annette-ahrens.at\/onlineshop\/wp-json\/wp\/v2\/product_cat?post=40488"},{"taxonomy":"product_tag","embeddable":true,"href":"https:\/\/annette-ahrens.at\/onlineshop\/wp-json\/wp\/v2\/product_tag?post=40488"}],"curies":[{"name":"wp","href":"https:\/\/api.w.org\/{rel}","templated":true}]}}