{"id":40491,"date":"2025-11-09T06:31:02","date_gmt":"2025-11-09T05:31:02","guid":{"rendered":"https:\/\/annette-ahrens.at\/onlineshop\/?post_type=product&#038;p=40491"},"modified":"2025-11-05T20:49:11","modified_gmt":"2025-11-05T19:49:11","slug":"jugendstil-henkelkorb-mit-glasgriff-wohl-fa-argentor-wien-um-1900","status":"publish","type":"product","link":"https:\/\/annette-ahrens.at\/onlineshop\/produkt\/jugendstil-henkelkorb-mit-glasgriff-wohl-fa-argentor-wien-um-1900\/","title":{"rendered":"Jugendstil Henkelkorb mit Glasgriff, wohl Fa. Argentor, Wien, um 1900"},"content":{"rendered":"<p>Jugendstil Henkelkorb mit Glasgriff<\/p>\n<p>wohl Fa. Argentor, Wien, \u00d6sterreich &#8211; Ungarische Monarchie, \u00a0um 1900<\/p>\n<p>Alpacca, versilbert, runder Henkelkorb mit Glasgriff, Metall ungemarkt, farbloser, runder Glaseinsatz mit Bodenschliffstern, tadellos erhalten<\/p>\n<p>Dm 18 cm<\/p>\n<p>H 19 cm<\/p>\n","protected":false},"excerpt":{"rendered":"<p>Annettes Etikette: Dieser Henkelkorb geht vermutlich auf einen Entwurf von Hans Ofner (St. P\u00f6lten 1880 &#8211; 1939 Salzburg) zur\u00fcck. Kaum wird ihm ein Objekt zugeschrieben, ist die Preisgestaltung im Kunsthandel kreativ. Er hatte bei Josef Hoffmann an der Kunstgewerbeschule studiert und zeigte als in St. P\u00f6lten geborener bereits im Alter von 25 Jahren seine Objekte in den St. P\u00f6ltner Stadts\u00e4len. 1908 konnte er sich an der Kunstschau in Wien beteiligen. Seine Entw\u00fcrfe wurden bei den Firmen Argentor, Wolkenstein &amp; Gl\u00fcckselig und Bakalowits ausgef\u00fchrt.<\/p>\n","protected":false},"featured_media":40458,"comment_status":"open","ping_status":"closed","template":"","meta":[],"product_brand":[],"product_cat":[25,297,298,299,192,31,279,131,311,53,308,26,157],"product_tag":[],"class_list":{"0":"post-40491","1":"product","2":"type-product","3":"status-publish","4":"has-post-thumbnail","6":"product_cat-5o-clock-tea","7":"product_cat-adventjause","8":"product_cat-buffet","9":"product_cat-cocktailparty","10":"product_cat-dessert","11":"product_cat-gastgeschenke","12":"product_cat-schale","13":"product_cat-tafeldekorationen","14":"product_cat-tafelinventar","15":"product_cat-weihnachten","16":"product_cat-weihnachtsgebaeck","17":"product_cat-wiener-melange","18":"product_cat-zucker-fruehstueck","20":"first","21":"instock","22":"sold-individually","23":"purchasable","24":"product-type-simple"},"yoast_head":"<!-- This site is optimized with the Yoast SEO Premium plugin v15.8.2 - https:\/\/yoast.com\/wordpress\/plugins\/seo\/ -->\n<title>Jugendstil Henkelkorb mit Glasgriff, wohl Fa. Argentor, Wien, um 1900<\/title>\n<meta name=\"description\" content=\"Jugendstil Henkelkorb mit Glasgriff, wohl Fa. Argentor, Wien, um 1900 \u2665 Antiquit\u00e4ten Online kaufen \u2713 Sichere Lieferung \u2713\" \/>\n<meta name=\"robots\" content=\"index, follow, max-snippet:-1, max-image-preview:large, max-video-preview:-1\" \/>\n<link rel=\"canonical\" href=\"https:\/\/annette-ahrens.at\/onlineshop\/produkt\/jugendstil-henkelkorb-mit-glasgriff-wohl-fa-argentor-wien-um-1900\/\" \/>\n<meta property=\"og:locale\" content=\"de_DE\" \/>\n<meta property=\"og:type\" content=\"article\" \/>\n<meta property=\"og:title\" content=\"Jugendstil Henkelkorb mit Glasgriff, wohl Fa. Argentor, Wien, um 1900\" \/>\n<meta property=\"og:description\" content=\"Jugendstil Henkelkorb mit Glasgriff, wohl Fa. Argentor, Wien, um 1900 \u2665 Antiquit\u00e4ten Online kaufen \u2713 Sichere Lieferung \u2713\" \/>\n<meta property=\"og:url\" content=\"https:\/\/annette-ahrens.at\/onlineshop\/produkt\/jugendstil-henkelkorb-mit-glasgriff-wohl-fa-argentor-wien-um-1900\/\" \/>\n<meta property=\"og:site_name\" content=\"Tafelkultur Onlineshop\" \/>\n<meta property=\"article:publisher\" content=\"https:\/\/www.facebook.com\/AnnetteAhrensTafelkultur\" \/>\n<meta property=\"article:modified_time\" content=\"2025-11-05T19:49:11+00:00\" \/>\n<meta property=\"og:image\" content=\"https:\/\/annette-ahrens.at\/onlineshop\/wp-content\/uploads\/2022\/09\/IMG_9599-scaled.jpeg\" \/>\n\t<meta property=\"og:image:width\" content=\"1621\" \/>\n\t<meta property=\"og:image:height\" content=\"2048\" \/>\n<meta name=\"twitter:card\" content=\"summary_large_image\" \/>\n<script type=\"application\/ld+json\" class=\"yoast-schema-graph\">{\"@context\":\"https:\/\/schema.org\",\"@graph\":[{\"@type\":[\"Person\",\"Organization\"],\"@id\":\"https:\/\/annette-ahrens.at\/onlineshop\/#\/schema\/person\/3e19676faae246bba0cb3b7e15f427d8\",\"name\":\"Annette Ahrens\",\"image\":{\"@type\":\"ImageObject\",\"@id\":\"https:\/\/annette-ahrens.at\/onlineshop\/#personlogo\",\"inLanguage\":\"de\",\"url\":\"https:\/\/annette-ahrens.at\/onlineshop\/wp-content\/uploads\/2020\/04\/aa_logo_End.png\",\"width\":800,\"height\":164,\"caption\":\"Annette Ahrens\"},\"logo\":{\"@id\":\"https:\/\/annette-ahrens.at\/onlineshop\/#personlogo\"},\"sameAs\":[\"https:\/\/annette-ahrens.at\",\"https:\/\/www.facebook.com\/AnnetteAhrensTafelkultur\",\"https:\/\/www.instagram.com\/tafelkulturistin\/\",\"https:\/\/de.wikipedia.org\/wiki\/Annette_Ahrens\"]},{\"@type\":\"WebSite\",\"@id\":\"https:\/\/annette-ahrens.at\/onlineshop\/#website\",\"url\":\"https:\/\/annette-ahrens.at\/onlineshop\/\",\"name\":\"Tafelkultur Onlineshop\",\"description\":\"Annette Ahrens\",\"publisher\":{\"@id\":\"https:\/\/annette-ahrens.at\/onlineshop\/#\/schema\/person\/3e19676faae246bba0cb3b7e15f427d8\"},\"potentialAction\":[{\"@type\":\"SearchAction\",\"target\":\"https:\/\/annette-ahrens.at\/onlineshop\/?s={search_term_string}\",\"query-input\":\"required name=search_term_string\"}],\"inLanguage\":\"de\"},{\"@type\":\"ImageObject\",\"@id\":\"https:\/\/annette-ahrens.at\/onlineshop\/produkt\/jugendstil-henkelkorb-mit-glasgriff-wohl-fa-argentor-wien-um-1900\/#primaryimage\",\"inLanguage\":\"de\",\"url\":\"https:\/\/annette-ahrens.at\/onlineshop\/wp-content\/uploads\/2022\/09\/IMG_9599-scaled.jpeg\",\"width\":1621,\"height\":2048,\"caption\":\"henkelkorb_jugendstil\"},{\"@type\":[\"WebPage\",\"ItemPage\"],\"@id\":\"https:\/\/annette-ahrens.at\/onlineshop\/produkt\/jugendstil-henkelkorb-mit-glasgriff-wohl-fa-argentor-wien-um-1900\/#webpage\",\"url\":\"https:\/\/annette-ahrens.at\/onlineshop\/produkt\/jugendstil-henkelkorb-mit-glasgriff-wohl-fa-argentor-wien-um-1900\/\",\"name\":\"Jugendstil Henkelkorb mit Glasgriff, wohl Fa. Argentor, Wien, um 1900\",\"isPartOf\":{\"@id\":\"https:\/\/annette-ahrens.at\/onlineshop\/#website\"},\"primaryImageOfPage\":{\"@id\":\"https:\/\/annette-ahrens.at\/onlineshop\/produkt\/jugendstil-henkelkorb-mit-glasgriff-wohl-fa-argentor-wien-um-1900\/#primaryimage\"},\"datePublished\":\"2025-11-09T05:31:02+00:00\",\"dateModified\":\"2025-11-05T19:49:11+00:00\",\"description\":\"Jugendstil Henkelkorb mit Glasgriff, wohl Fa. Argentor, Wien, um 1900 \\u2665 Antiquit\\u00e4ten Online kaufen \\u2713 Sichere Lieferung \\u2713\",\"breadcrumb\":{\"@id\":\"https:\/\/annette-ahrens.at\/onlineshop\/produkt\/jugendstil-henkelkorb-mit-glasgriff-wohl-fa-argentor-wien-um-1900\/#breadcrumb\"},\"inLanguage\":\"de\",\"potentialAction\":[{\"@type\":\"ReadAction\",\"target\":[\"https:\/\/annette-ahrens.at\/onlineshop\/produkt\/jugendstil-henkelkorb-mit-glasgriff-wohl-fa-argentor-wien-um-1900\/\"]}]},{\"@type\":\"BreadcrumbList\",\"@id\":\"https:\/\/annette-ahrens.at\/onlineshop\/produkt\/jugendstil-henkelkorb-mit-glasgriff-wohl-fa-argentor-wien-um-1900\/#breadcrumb\",\"itemListElement\":[{\"@type\":\"ListItem\",\"position\":1,\"item\":{\"@type\":\"WebPage\",\"@id\":\"https:\/\/annette-ahrens.at\/onlineshop\/\",\"url\":\"https:\/\/annette-ahrens.at\/onlineshop\/\",\"name\":\"Home\"}},{\"@type\":\"ListItem\",\"position\":2,\"item\":{\"@type\":\"WebPage\",\"@id\":\"https:\/\/annette-ahrens.at\/onlineshop\/alle-tafelkultur-objekte\/\",\"url\":\"https:\/\/annette-ahrens.at\/onlineshop\/alle-tafelkultur-objekte\/\",\"name\":\"Alle Tafelkultur Objekte\"}},{\"@type\":\"ListItem\",\"position\":3,\"item\":{\"@type\":\"WebPage\",\"@id\":\"https:\/\/annette-ahrens.at\/onlineshop\/produkt\/jugendstil-henkelkorb-mit-glasgriff-wohl-fa-argentor-wien-um-1900\/\",\"url\":\"https:\/\/annette-ahrens.at\/onlineshop\/produkt\/jugendstil-henkelkorb-mit-glasgriff-wohl-fa-argentor-wien-um-1900\/\",\"name\":\"Jugendstil Henkelkorb mit Glasgriff, wohl Fa. Argentor, Wien, um 1900\"}}]}]}<\/script>\n<!-- \/ Yoast SEO Premium plugin. -->","_links":{"self":[{"href":"https:\/\/annette-ahrens.at\/onlineshop\/wp-json\/wp\/v2\/product\/40491","targetHints":{"allow":["GET"]}}],"collection":[{"href":"https:\/\/annette-ahrens.at\/onlineshop\/wp-json\/wp\/v2\/product"}],"about":[{"href":"https:\/\/annette-ahrens.at\/onlineshop\/wp-json\/wp\/v2\/types\/product"}],"replies":[{"embeddable":true,"href":"https:\/\/annette-ahrens.at\/onlineshop\/wp-json\/wp\/v2\/comments?post=40491"}],"wp:featuredmedia":[{"embeddable":true,"href":"https:\/\/annette-ahrens.at\/onlineshop\/wp-json\/wp\/v2\/media\/40458"}],"wp:attachment":[{"href":"https:\/\/annette-ahrens.at\/onlineshop\/wp-json\/wp\/v2\/media?parent=40491"}],"wp:term":[{"taxonomy":"product_brand","embeddable":true,"href":"https:\/\/annette-ahrens.at\/onlineshop\/wp-json\/wp\/v2\/product_brand?post=40491"},{"taxonomy":"product_cat","embeddable":true,"href":"https:\/\/annette-ahrens.at\/onlineshop\/wp-json\/wp\/v2\/product_cat?post=40491"},{"taxonomy":"product_tag","embeddable":true,"href":"https:\/\/annette-ahrens.at\/onlineshop\/wp-json\/wp\/v2\/product_tag?post=40491"}],"curies":[{"name":"wp","href":"https:\/\/api.w.org\/{rel}","templated":true}]}}