{"id":40848,"date":"2025-12-02T06:50:51","date_gmt":"2025-12-02T05:50:51","guid":{"rendered":"https:\/\/annette-ahrens.at\/onlineshop\/?post_type=product&#038;p=40848"},"modified":"2025-12-01T23:50:47","modified_gmt":"2025-12-01T22:50:47","slug":"helmut-alder-midcentury-tranchierbesteck-2050-amboss-werke-oesterreich-um-1950","status":"publish","type":"product","link":"https:\/\/annette-ahrens.at\/onlineshop\/produkt\/helmut-alder-midcentury-tranchierbesteck-2050-amboss-werke-oesterreich-um-1950\/","title":{"rendered":"Helmut Alder, Midcentury Tranchierbesteck 2050, Amboss-Werke, \u00d6sterreich, um 1950"},"content":{"rendered":"<p>Midcentury Tranchierbesteck 2050<\/p>\n<p>Entwurf von Helmut Alder f\u00fcr Amboss Werke Neuzeughammer, \u00d6sterreich, um 1950<\/p>\n<p>Edelstahl, geb\u00fcrstet, bestehend aus Tranchiermesser, Tranchiergabel und Brotmesser, alle Teile gemarkt AMBOSS AUSTRIA\/ ROSTFREI STAINLESS, in handgefertigter, originaler Holzbox mit Lederb\u00e4ndern<\/p>\n<p>Vergleiche: Marlene Ott-Wodni, Eva B. Ottilinger (Hg.), Sch\u00f6ner Essen, Amboss Design &amp; Tischkultur 1950 &#8211; 1970, Wien 2022<\/p>\n<p>Bratenmesser L\u00e4nge 34cm<br \/>\nBratengabel L\u00e4nge 27cm<br \/>\nBrotmesser L\u00e4nge 35,7cm<\/p>\n<p>38 x 11,5 cm Holzkiste<\/p>\n","protected":false},"excerpt":{"rendered":"<p>Annettes Etikette: Die ober\u00f6sterreichische Firma Neuzeughammer Ambosswerk entwickelt bereits ab 1950 mit Hilfe von Designern wie Carl Aub\u00f6ck, Helmut Alder oder J\u00e1nos Megyik moderne Besteckformen. Vom einfachen Messer- und Stahlwarenerzeuger gelang der Firma Amboss ein Beitrag zur \u00f6sterreichischen Designgeschichte. Anl\u00e4sslich der Ausstellung &#8222;Sch\u00f6nes Essen&#8220; im M\u00f6belmuseum Wien konnte ich den Sammler und Autor Heinz Averwerser pers\u00f6nlich kennenlernen. Eine Freude!<\/p>\n","protected":false},"featured_media":40879,"comment_status":"open","ping_status":"closed","template":"","meta":[],"product_brand":[],"product_cat":[30,298,301,300,264,239,22],"product_tag":[],"class_list":{"0":"post-40848","1":"product","2":"type-product","3":"status-publish","4":"has-post-thumbnail","6":"product_cat-besteck","7":"product_cat-buffet","8":"product_cat-fondue","9":"product_cat-gartenfest","10":"product_cat-salatbesteck","11":"product_cat-spezialbestecke","12":"product_cat-suess-sauer","14":"first","15":"instock","16":"sold-individually","17":"purchasable","18":"product-type-simple"},"yoast_head":"<!-- This site is optimized with the Yoast SEO Premium plugin v15.8.2 - https:\/\/yoast.com\/wordpress\/plugins\/seo\/ -->\n<title>Helmut Alder, Midcentury Tranchierbesteck 2050, Amboss-Werke, \u00d6sterreich, um 1950<\/title>\n<meta name=\"description\" content=\"Helmut Alder, Midcentury Tranchierbesteck 2050, Amboss-Werke, \u00d6sterreich, um 1950 \u2665 Antiquit\u00e4ten Online kaufen \u2713 Sichere Lieferung \u2713\" \/>\n<meta name=\"robots\" content=\"index, follow, max-snippet:-1, max-image-preview:large, max-video-preview:-1\" \/>\n<link rel=\"canonical\" href=\"https:\/\/annette-ahrens.at\/onlineshop\/produkt\/helmut-alder-midcentury-tranchierbesteck-2050-amboss-werke-oesterreich-um-1950\/\" \/>\n<meta property=\"og:locale\" content=\"de_DE\" \/>\n<meta property=\"og:type\" content=\"article\" \/>\n<meta property=\"og:title\" content=\"Helmut Alder, Midcentury Tranchierbesteck 2050, Amboss-Werke, \u00d6sterreich, um 1950\" \/>\n<meta property=\"og:description\" content=\"Helmut Alder, Midcentury Tranchierbesteck 2050, Amboss-Werke, \u00d6sterreich, um 1950 \u2665 Antiquit\u00e4ten Online kaufen \u2713 Sichere Lieferung \u2713\" \/>\n<meta property=\"og:url\" content=\"https:\/\/annette-ahrens.at\/onlineshop\/produkt\/helmut-alder-midcentury-tranchierbesteck-2050-amboss-werke-oesterreich-um-1950\/\" \/>\n<meta property=\"og:site_name\" content=\"Tafelkultur Onlineshop\" \/>\n<meta property=\"article:publisher\" content=\"https:\/\/www.facebook.com\/AnnetteAhrensTafelkultur\" \/>\n<meta property=\"article:modified_time\" content=\"2025-12-01T22:50:47+00:00\" \/>\n<meta property=\"og:image\" content=\"https:\/\/annette-ahrens.at\/onlineshop\/wp-content\/uploads\/2025\/11\/IMG_0027-scaled.jpeg\" \/>\n\t<meta property=\"og:image:width\" content=\"2025\" \/>\n\t<meta property=\"og:image:height\" content=\"2048\" \/>\n<meta name=\"twitter:card\" content=\"summary_large_image\" \/>\n<meta name=\"twitter:label1\" content=\"Gesch\u00e4tzte Lesezeit\">\n\t<meta name=\"twitter:data1\" content=\"1\u00a0Minute\">\n<script type=\"application\/ld+json\" class=\"yoast-schema-graph\">{\"@context\":\"https:\/\/schema.org\",\"@graph\":[{\"@type\":[\"Person\",\"Organization\"],\"@id\":\"https:\/\/annette-ahrens.at\/onlineshop\/#\/schema\/person\/3e19676faae246bba0cb3b7e15f427d8\",\"name\":\"Annette Ahrens\",\"image\":{\"@type\":\"ImageObject\",\"@id\":\"https:\/\/annette-ahrens.at\/onlineshop\/#personlogo\",\"inLanguage\":\"de\",\"url\":\"https:\/\/annette-ahrens.at\/onlineshop\/wp-content\/uploads\/2020\/04\/aa_logo_End.png\",\"width\":800,\"height\":164,\"caption\":\"Annette Ahrens\"},\"logo\":{\"@id\":\"https:\/\/annette-ahrens.at\/onlineshop\/#personlogo\"},\"sameAs\":[\"https:\/\/annette-ahrens.at\",\"https:\/\/www.facebook.com\/AnnetteAhrensTafelkultur\",\"https:\/\/www.instagram.com\/tafelkulturistin\/\",\"https:\/\/de.wikipedia.org\/wiki\/Annette_Ahrens\"]},{\"@type\":\"WebSite\",\"@id\":\"https:\/\/annette-ahrens.at\/onlineshop\/#website\",\"url\":\"https:\/\/annette-ahrens.at\/onlineshop\/\",\"name\":\"Tafelkultur Onlineshop\",\"description\":\"Annette Ahrens\",\"publisher\":{\"@id\":\"https:\/\/annette-ahrens.at\/onlineshop\/#\/schema\/person\/3e19676faae246bba0cb3b7e15f427d8\"},\"potentialAction\":[{\"@type\":\"SearchAction\",\"target\":\"https:\/\/annette-ahrens.at\/onlineshop\/?s={search_term_string}\",\"query-input\":\"required name=search_term_string\"}],\"inLanguage\":\"de\"},{\"@type\":\"ImageObject\",\"@id\":\"https:\/\/annette-ahrens.at\/onlineshop\/produkt\/helmut-alder-midcentury-tranchierbesteck-2050-amboss-werke-oesterreich-um-1950\/#primaryimage\",\"inLanguage\":\"de\",\"url\":\"https:\/\/annette-ahrens.at\/onlineshop\/wp-content\/uploads\/2025\/11\/IMG_0027-scaled.jpeg\",\"width\":2025,\"height\":2048,\"caption\":\"tranchierbesteck_amboss_2050\"},{\"@type\":[\"WebPage\",\"ItemPage\"],\"@id\":\"https:\/\/annette-ahrens.at\/onlineshop\/produkt\/helmut-alder-midcentury-tranchierbesteck-2050-amboss-werke-oesterreich-um-1950\/#webpage\",\"url\":\"https:\/\/annette-ahrens.at\/onlineshop\/produkt\/helmut-alder-midcentury-tranchierbesteck-2050-amboss-werke-oesterreich-um-1950\/\",\"name\":\"Helmut Alder, Midcentury Tranchierbesteck 2050, Amboss-Werke, \\u00d6sterreich, um 1950\",\"isPartOf\":{\"@id\":\"https:\/\/annette-ahrens.at\/onlineshop\/#website\"},\"primaryImageOfPage\":{\"@id\":\"https:\/\/annette-ahrens.at\/onlineshop\/produkt\/helmut-alder-midcentury-tranchierbesteck-2050-amboss-werke-oesterreich-um-1950\/#primaryimage\"},\"datePublished\":\"2025-12-02T05:50:51+00:00\",\"dateModified\":\"2025-12-01T22:50:47+00:00\",\"description\":\"Helmut Alder, Midcentury Tranchierbesteck 2050, Amboss-Werke, \\u00d6sterreich, um 1950 \\u2665 Antiquit\\u00e4ten Online kaufen \\u2713 Sichere Lieferung \\u2713\",\"breadcrumb\":{\"@id\":\"https:\/\/annette-ahrens.at\/onlineshop\/produkt\/helmut-alder-midcentury-tranchierbesteck-2050-amboss-werke-oesterreich-um-1950\/#breadcrumb\"},\"inLanguage\":\"de\",\"potentialAction\":[{\"@type\":\"ReadAction\",\"target\":[\"https:\/\/annette-ahrens.at\/onlineshop\/produkt\/helmut-alder-midcentury-tranchierbesteck-2050-amboss-werke-oesterreich-um-1950\/\"]}]},{\"@type\":\"BreadcrumbList\",\"@id\":\"https:\/\/annette-ahrens.at\/onlineshop\/produkt\/helmut-alder-midcentury-tranchierbesteck-2050-amboss-werke-oesterreich-um-1950\/#breadcrumb\",\"itemListElement\":[{\"@type\":\"ListItem\",\"position\":1,\"item\":{\"@type\":\"WebPage\",\"@id\":\"https:\/\/annette-ahrens.at\/onlineshop\/\",\"url\":\"https:\/\/annette-ahrens.at\/onlineshop\/\",\"name\":\"Home\"}},{\"@type\":\"ListItem\",\"position\":2,\"item\":{\"@type\":\"WebPage\",\"@id\":\"https:\/\/annette-ahrens.at\/onlineshop\/alle-tafelkultur-objekte\/\",\"url\":\"https:\/\/annette-ahrens.at\/onlineshop\/alle-tafelkultur-objekte\/\",\"name\":\"Alle Tafelkultur Objekte\"}},{\"@type\":\"ListItem\",\"position\":3,\"item\":{\"@type\":\"WebPage\",\"@id\":\"https:\/\/annette-ahrens.at\/onlineshop\/produkt\/helmut-alder-midcentury-tranchierbesteck-2050-amboss-werke-oesterreich-um-1950\/\",\"url\":\"https:\/\/annette-ahrens.at\/onlineshop\/produkt\/helmut-alder-midcentury-tranchierbesteck-2050-amboss-werke-oesterreich-um-1950\/\",\"name\":\"Helmut Alder, Midcentury Tranchierbesteck 2050, Amboss-Werke, \\u00d6sterreich, um 1950\"}}]}]}<\/script>\n<!-- \/ Yoast SEO Premium plugin. -->","_links":{"self":[{"href":"https:\/\/annette-ahrens.at\/onlineshop\/wp-json\/wp\/v2\/product\/40848","targetHints":{"allow":["GET"]}}],"collection":[{"href":"https:\/\/annette-ahrens.at\/onlineshop\/wp-json\/wp\/v2\/product"}],"about":[{"href":"https:\/\/annette-ahrens.at\/onlineshop\/wp-json\/wp\/v2\/types\/product"}],"replies":[{"embeddable":true,"href":"https:\/\/annette-ahrens.at\/onlineshop\/wp-json\/wp\/v2\/comments?post=40848"}],"wp:featuredmedia":[{"embeddable":true,"href":"https:\/\/annette-ahrens.at\/onlineshop\/wp-json\/wp\/v2\/media\/40879"}],"wp:attachment":[{"href":"https:\/\/annette-ahrens.at\/onlineshop\/wp-json\/wp\/v2\/media?parent=40848"}],"wp:term":[{"taxonomy":"product_brand","embeddable":true,"href":"https:\/\/annette-ahrens.at\/onlineshop\/wp-json\/wp\/v2\/product_brand?post=40848"},{"taxonomy":"product_cat","embeddable":true,"href":"https:\/\/annette-ahrens.at\/onlineshop\/wp-json\/wp\/v2\/product_cat?post=40848"},{"taxonomy":"product_tag","embeddable":true,"href":"https:\/\/annette-ahrens.at\/onlineshop\/wp-json\/wp\/v2\/product_tag?post=40848"}],"curies":[{"name":"wp","href":"https:\/\/api.w.org\/{rel}","templated":true}]}}