{"id":41042,"date":"2025-12-11T06:54:12","date_gmt":"2025-12-11T05:54:12","guid":{"rendered":"https:\/\/annette-ahrens.at\/onlineshop\/?post_type=product&#038;p=41042"},"modified":"2025-12-10T23:46:50","modified_gmt":"2025-12-10T22:46:50","slug":"versilbertes-jugendstil-besteck-moderne-gramont-bruno-moehring-fuer-fa-christofle-paris-um-1900","status":"publish","type":"product","link":"https:\/\/annette-ahrens.at\/onlineshop\/produkt\/versilbertes-jugendstil-besteck-moderne-gramont-bruno-moehring-fuer-fa-christofle-paris-um-1900\/","title":{"rendered":"Versilbertes Jugendstil Besteck &#8222;Moderne Gramont&#8220;, Bruno M\u00f6hring f\u00fcr Fa. Christofle, Paris, um 1900"},"content":{"rendered":"<p>Versilbertes Jugendstil Besteck &#8222;Moderne Gramont&#8220; f\u00fcr 6 Personen<\/p>\n<p>Fa. Christofle, Paris, Frankreich, um 1900<\/p>\n<p>Entwurf von Bruno M\u00f6hring (K\u00f6nigsberg 1863 &#8211; 1929 Berlin)<\/p>\n<p>Alpacca, stark versilbert, Facon 5207 &#8222;Moderne Gramont&#8220;, 12 Teile, alle Teile gemarkt mit der Firmenmarke von Christofle, Paris, alle Messer mit rostfreien Klingen, Menumesser mit originalen Klingen, gemarkt CHRISTOFLE, handpolierter Erhaltungszustand<\/p>\n<p>bestehend aus:<\/p>\n<p>6 Menumesser L 25,1 cm<\/p>\n<p>6 Menugabeln L 21,5 cm<\/p>\n<p>Literatur: Katalogauszug Christofle, 1902<\/p>\n","protected":false},"excerpt":{"rendered":"<p>Annettes Etikette: Nach einem kurzen Studium ohne Abschluss an der Technischen Hochschule Charlottenburg bei Hermann Ende, Carl Sch\u00e4fer, Johannes Otzen und Johann Eduard Jacobsthal war M\u00f6hring im Berliner Schlossbaub\u00fcro als angestellter Architekt t\u00e4tig. 1892 machte er sich selbstst\u00e4ndig und hatte sein B\u00fcro in der Potsdamer Stra\u00dfe 109. M\u00f6hring machte durch einige Wettbewerbserfolge auf sich aufmerksam, darunter auch der Entwurf f\u00fcr die Bonner Rheinbr\u00fccke (1897), woraus eine l\u00e4ngerfristige, fruchtbare Zusammenarbeit mit der Gutehoffnungsh\u00fctte in Oberhausen und deren Chefkonstrukteur Prof. Reinhold Krohn entstand. F\u00fcr die Epoche des Jugendstils gilt M\u00f6hring als einer der wenigen deutschen Architekten, die zu wirklich originellen, eigenst\u00e4ndigen Sch\u00f6pfungen fanden. Tats\u00e4chlich k\u00f6nnen diese Jahre als H\u00f6hepunkt in M\u00f6hrings Berufsleben gelten\u2026.Er geh\u00f6rte dem K\u00fcnstlerclub \u201eDer Werkring\u201c und seit 1902 dem Choriner Freundeskreis an, au\u00dferdem z\u00e4hlte er 1907 zu den Gr\u00fcndungsmitgliedern des Deutschen Werkbundes und war Mitherausgeber der Zeitschrift Berliner Architekturwelt.\u201c Die international sehr gesuchte Firma Christofle geh\u00f6rt f\u00fcr mich zum &#8222;Mercedes&#8220; der Silberschmiede und ich bin stolz ein seltenes Christofle Besteck in diesem Zustand anbieten zu k\u00f6nnen. Laut Auskunft von Christofle wird diese Facon heute nicht mehr produziert.<\/p>\n<p>&nbsp;<\/p>\n<p>1899\/1900<br \/>\nWeinrestaurant im \u201eDeutschen Haus\u201c auf der Weltausstellung 1900<br \/>\n<b>Paris<\/b>, Quai d&#8217;Orsay (an der Seine)<br \/>\nAuftraggeber: Gastronom \/ Hotelier Kons (Berlin) (?)<br \/>\nEinzelr\u00e4ume: Vorraum, Speisesaal (100 qm), F\u00fcrstenzimmer (36 qm), Moselst\u00fcbchen (25 qm), Weinausstellung<br \/>\n(sowie K\u00fcche und diverse Nebenr\u00e4ume)<br \/>\n(Au\u00dfen-) Architektur des \u201eDeutschen Hauses\u201c von Johannes Radke,<br \/>\nInnenarchitektur des Weinrestaurants von M\u00f6hring,<br \/>\nWandgem\u00e4lde und dekorative Ausmalungen von Albert Maennchen,<br \/>\nBeleuchtungsk\u00f6rper von Arno K\u00f6rnig<br \/>\n<i>(Interieur der Weinausstellung von der Kellerei Kupferberg in Mainz erworben und dort als \u201eTraubensaal\u201c wiederverwendet,<br \/>\nVerbleib anderer Elemente ungekl\u00e4rt)<\/i><br \/>\n\u201eDas in Arkadenstellung nach dem Seinequai ge\u00f6ffnete Untergeschoss enth\u00e4lt die Weinausstellung und das Weinrestaurant, die in ausserordentlich sch\u00f6ner und moderner Weise nach Pl\u00e4nen des Berliner Architekten Bruno M\u00f6hring ausgestattet wurden.\u201c (Julius Meier-Graefe 1900)<\/p>\n","protected":false},"featured_media":41044,"comment_status":"open","ping_status":"closed","template":"","meta":[],"product_brand":[],"product_cat":[130,276,30,249,251,240,247,258,246,236,237,248,252,238],"product_tag":[],"class_list":{"0":"post-41042","1":"product","2":"type-product","3":"status-publish","4":"has-post-thumbnail","6":"product_cat-abendessen","7":"product_cat-alpacca","8":"product_cat-besteck","9":"product_cat-bouillonloeffel","10":"product_cat-eisloeffel","11":"product_cat-fischbesteck","12":"product_cat-fleischgabel-gabeln","13":"product_cat-hummergabeln","14":"product_cat-kuchengabeln","15":"product_cat-loeffel","16":"product_cat-messer","17":"product_cat-mokkakloeffel","18":"product_cat-suppenloeffel","19":"product_cat-vorleger","21":"first","22":"instock","23":"sold-individually","24":"purchasable","25":"product-type-simple"},"yoast_head":"<!-- This site is optimized with the Yoast SEO Premium plugin v15.8.2 - https:\/\/yoast.com\/wordpress\/plugins\/seo\/ -->\n<title>Versilbertes Jugendstil Besteck &quot;Moderne Gramont&quot;, Bruno M\u00f6hring f\u00fcr Fa. Christofle, Paris, um 1900<\/title>\n<meta name=\"description\" content=\"Versilbertes Jugendstil Besteck &quot;Moderne Gramont&quot;, Bruno M\u00f6hring f\u00fcr Fa. Christofle, Paris, um 1900 \u2665 Antiquit\u00e4ten Online kaufen \u2713 Sichere Lieferung \u2713\" \/>\n<meta name=\"robots\" content=\"index, follow, max-snippet:-1, max-image-preview:large, max-video-preview:-1\" \/>\n<link rel=\"canonical\" href=\"https:\/\/annette-ahrens.at\/onlineshop\/produkt\/versilbertes-jugendstil-besteck-moderne-gramont-bruno-moehring-fuer-fa-christofle-paris-um-1900\/\" \/>\n<meta property=\"og:locale\" content=\"de_DE\" \/>\n<meta property=\"og:type\" content=\"article\" \/>\n<meta property=\"og:title\" content=\"Versilbertes Jugendstil Besteck &quot;Moderne Gramont&quot;, Bruno M\u00f6hring f\u00fcr Fa. Christofle, Paris, um 1900\" \/>\n<meta property=\"og:description\" content=\"Versilbertes Jugendstil Besteck &quot;Moderne Gramont&quot;, Bruno M\u00f6hring f\u00fcr Fa. Christofle, Paris, um 1900 \u2665 Antiquit\u00e4ten Online kaufen \u2713 Sichere Lieferung \u2713\" \/>\n<meta property=\"og:url\" content=\"https:\/\/annette-ahrens.at\/onlineshop\/produkt\/versilbertes-jugendstil-besteck-moderne-gramont-bruno-moehring-fuer-fa-christofle-paris-um-1900\/\" \/>\n<meta property=\"og:site_name\" content=\"Tafelkultur Onlineshop\" \/>\n<meta property=\"article:publisher\" content=\"https:\/\/www.facebook.com\/AnnetteAhrensTafelkultur\" \/>\n<meta property=\"article:modified_time\" content=\"2025-12-10T22:46:50+00:00\" \/>\n<meta property=\"og:image\" content=\"https:\/\/annette-ahrens.at\/onlineshop\/wp-content\/uploads\/2025\/12\/IMG_5942-scaled.jpeg\" \/>\n\t<meta property=\"og:image:width\" content=\"2048\" \/>\n\t<meta property=\"og:image:height\" content=\"1847\" \/>\n<meta name=\"twitter:card\" content=\"summary_large_image\" \/>\n<meta name=\"twitter:label1\" content=\"Gesch\u00e4tzte Lesezeit\">\n\t<meta name=\"twitter:data1\" content=\"1\u00a0Minute\">\n<script type=\"application\/ld+json\" class=\"yoast-schema-graph\">{\"@context\":\"https:\/\/schema.org\",\"@graph\":[{\"@type\":[\"Person\",\"Organization\"],\"@id\":\"https:\/\/annette-ahrens.at\/onlineshop\/#\/schema\/person\/3e19676faae246bba0cb3b7e15f427d8\",\"name\":\"Annette Ahrens\",\"image\":{\"@type\":\"ImageObject\",\"@id\":\"https:\/\/annette-ahrens.at\/onlineshop\/#personlogo\",\"inLanguage\":\"de\",\"url\":\"https:\/\/annette-ahrens.at\/onlineshop\/wp-content\/uploads\/2020\/04\/aa_logo_End.png\",\"width\":800,\"height\":164,\"caption\":\"Annette Ahrens\"},\"logo\":{\"@id\":\"https:\/\/annette-ahrens.at\/onlineshop\/#personlogo\"},\"sameAs\":[\"https:\/\/annette-ahrens.at\",\"https:\/\/www.facebook.com\/AnnetteAhrensTafelkultur\",\"https:\/\/www.instagram.com\/tafelkulturistin\/\",\"https:\/\/de.wikipedia.org\/wiki\/Annette_Ahrens\"]},{\"@type\":\"WebSite\",\"@id\":\"https:\/\/annette-ahrens.at\/onlineshop\/#website\",\"url\":\"https:\/\/annette-ahrens.at\/onlineshop\/\",\"name\":\"Tafelkultur Onlineshop\",\"description\":\"Annette Ahrens\",\"publisher\":{\"@id\":\"https:\/\/annette-ahrens.at\/onlineshop\/#\/schema\/person\/3e19676faae246bba0cb3b7e15f427d8\"},\"potentialAction\":[{\"@type\":\"SearchAction\",\"target\":\"https:\/\/annette-ahrens.at\/onlineshop\/?s={search_term_string}\",\"query-input\":\"required name=search_term_string\"}],\"inLanguage\":\"de\"},{\"@type\":\"ImageObject\",\"@id\":\"https:\/\/annette-ahrens.at\/onlineshop\/produkt\/versilbertes-jugendstil-besteck-moderne-gramont-bruno-moehring-fuer-fa-christofle-paris-um-1900\/#primaryimage\",\"inLanguage\":\"de\",\"url\":\"https:\/\/annette-ahrens.at\/onlineshop\/wp-content\/uploads\/2025\/12\/IMG_5942-scaled.jpeg\",\"width\":2048,\"height\":1847,\"caption\":\"besteck_christofle_gramont\"},{\"@type\":[\"WebPage\",\"ItemPage\"],\"@id\":\"https:\/\/annette-ahrens.at\/onlineshop\/produkt\/versilbertes-jugendstil-besteck-moderne-gramont-bruno-moehring-fuer-fa-christofle-paris-um-1900\/#webpage\",\"url\":\"https:\/\/annette-ahrens.at\/onlineshop\/produkt\/versilbertes-jugendstil-besteck-moderne-gramont-bruno-moehring-fuer-fa-christofle-paris-um-1900\/\",\"name\":\"Versilbertes Jugendstil Besteck \\\"Moderne Gramont\\\", Bruno M\\u00f6hring f\\u00fcr Fa. Christofle, Paris, um 1900\",\"isPartOf\":{\"@id\":\"https:\/\/annette-ahrens.at\/onlineshop\/#website\"},\"primaryImageOfPage\":{\"@id\":\"https:\/\/annette-ahrens.at\/onlineshop\/produkt\/versilbertes-jugendstil-besteck-moderne-gramont-bruno-moehring-fuer-fa-christofle-paris-um-1900\/#primaryimage\"},\"datePublished\":\"2025-12-11T05:54:12+00:00\",\"dateModified\":\"2025-12-10T22:46:50+00:00\",\"description\":\"Versilbertes Jugendstil Besteck \\\"Moderne Gramont\\\", Bruno M\\u00f6hring f\\u00fcr Fa. Christofle, Paris, um 1900 \\u2665 Antiquit\\u00e4ten Online kaufen \\u2713 Sichere Lieferung \\u2713\",\"breadcrumb\":{\"@id\":\"https:\/\/annette-ahrens.at\/onlineshop\/produkt\/versilbertes-jugendstil-besteck-moderne-gramont-bruno-moehring-fuer-fa-christofle-paris-um-1900\/#breadcrumb\"},\"inLanguage\":\"de\",\"potentialAction\":[{\"@type\":\"ReadAction\",\"target\":[\"https:\/\/annette-ahrens.at\/onlineshop\/produkt\/versilbertes-jugendstil-besteck-moderne-gramont-bruno-moehring-fuer-fa-christofle-paris-um-1900\/\"]}]},{\"@type\":\"BreadcrumbList\",\"@id\":\"https:\/\/annette-ahrens.at\/onlineshop\/produkt\/versilbertes-jugendstil-besteck-moderne-gramont-bruno-moehring-fuer-fa-christofle-paris-um-1900\/#breadcrumb\",\"itemListElement\":[{\"@type\":\"ListItem\",\"position\":1,\"item\":{\"@type\":\"WebPage\",\"@id\":\"https:\/\/annette-ahrens.at\/onlineshop\/\",\"url\":\"https:\/\/annette-ahrens.at\/onlineshop\/\",\"name\":\"Home\"}},{\"@type\":\"ListItem\",\"position\":2,\"item\":{\"@type\":\"WebPage\",\"@id\":\"https:\/\/annette-ahrens.at\/onlineshop\/alle-tafelkultur-objekte\/\",\"url\":\"https:\/\/annette-ahrens.at\/onlineshop\/alle-tafelkultur-objekte\/\",\"name\":\"Alle Tafelkultur Objekte\"}},{\"@type\":\"ListItem\",\"position\":3,\"item\":{\"@type\":\"WebPage\",\"@id\":\"https:\/\/annette-ahrens.at\/onlineshop\/produkt\/versilbertes-jugendstil-besteck-moderne-gramont-bruno-moehring-fuer-fa-christofle-paris-um-1900\/\",\"url\":\"https:\/\/annette-ahrens.at\/onlineshop\/produkt\/versilbertes-jugendstil-besteck-moderne-gramont-bruno-moehring-fuer-fa-christofle-paris-um-1900\/\",\"name\":\"Versilbertes Jugendstil Besteck &#8222;Moderne Gramont&#8220;, Bruno M\\u00f6hring f\\u00fcr Fa. Christofle, Paris, um 1900\"}}]}]}<\/script>\n<!-- \/ Yoast SEO Premium plugin. -->","_links":{"self":[{"href":"https:\/\/annette-ahrens.at\/onlineshop\/wp-json\/wp\/v2\/product\/41042","targetHints":{"allow":["GET"]}}],"collection":[{"href":"https:\/\/annette-ahrens.at\/onlineshop\/wp-json\/wp\/v2\/product"}],"about":[{"href":"https:\/\/annette-ahrens.at\/onlineshop\/wp-json\/wp\/v2\/types\/product"}],"replies":[{"embeddable":true,"href":"https:\/\/annette-ahrens.at\/onlineshop\/wp-json\/wp\/v2\/comments?post=41042"}],"wp:featuredmedia":[{"embeddable":true,"href":"https:\/\/annette-ahrens.at\/onlineshop\/wp-json\/wp\/v2\/media\/41044"}],"wp:attachment":[{"href":"https:\/\/annette-ahrens.at\/onlineshop\/wp-json\/wp\/v2\/media?parent=41042"}],"wp:term":[{"taxonomy":"product_brand","embeddable":true,"href":"https:\/\/annette-ahrens.at\/onlineshop\/wp-json\/wp\/v2\/product_brand?post=41042"},{"taxonomy":"product_cat","embeddable":true,"href":"https:\/\/annette-ahrens.at\/onlineshop\/wp-json\/wp\/v2\/product_cat?post=41042"},{"taxonomy":"product_tag","embeddable":true,"href":"https:\/\/annette-ahrens.at\/onlineshop\/wp-json\/wp\/v2\/product_tag?post=41042"}],"curies":[{"name":"wp","href":"https:\/\/api.w.org\/{rel}","templated":true}]}}