{"id":41261,"date":"2025-12-15T05:53:36","date_gmt":"2025-12-15T04:53:36","guid":{"rendered":"https:\/\/annette-ahrens.at\/onlineshop\/?post_type=product&#038;p=41261"},"modified":"2025-12-14T15:23:17","modified_gmt":"2025-12-14T14:23:17","slug":"versilberter-historismus-vorlegeloeffel-fa-christofle-paris-um-1885","status":"publish","type":"product","link":"https:\/\/annette-ahrens.at\/onlineshop\/produkt\/versilberter-historismus-vorlegeloeffel-fa-christofle-paris-um-1885\/","title":{"rendered":"Versilberter Historismus Vorlegel\u00f6ffel, Fa. Christofle, Paris, um 1885"},"content":{"rendered":"<p>Versilberter Historismus Vorlegel\u00f6ffel<\/p>\n<p>Fa. Christofle, Paris, Frankreich, um 1885<\/p>\n<p>Alpacca, stark versilbert; perforierte Laffe, Stiel mit Monogrammgravur, gemarkt mit franz\u00f6sischer Herstellermarke CHRISTOFLE, handpolierter Erhaltungszustand<\/p>\n<p>L 17,4 cm<\/p>\n<p>siehe Verkaufskatalog Christofle, 1883, Tafel 14 &#8222;Pelle \u00e0 thon&#8220;<\/p>\n","protected":false},"excerpt":{"rendered":"<p>Annettes Etikette: Dieser wunderbare Thunfischheber ist meist Teil eines \u00a0Vorspeisen-Service, welches einen Olivenl\u00f6ffel (cuill\u00e8re perc\u00e9e \u00e0 olive), eine Gurkengabel (fourchette \u00e0 pickles), ein Buttermesser (couteau \u00e0 beurre) und eben einen Thunfischheber (pelle \u00e0 thon \u00e0 l\u2019huile) beinhalten. Ich habe dieses fein gearbeitete St\u00fcck der ber\u00fchmten Werkstatt Christofle eben aus Paris mitgebracht.<\/p>\n","protected":false},"featured_media":41266,"comment_status":"open","ping_status":"closed","template":"","meta":[],"product_brand":[],"product_cat":[276,30,192,19,294,291,236,24,239,53,26,44],"product_tag":[],"class_list":{"0":"post-41261","1":"product","2":"type-product","3":"status-publish","4":"has-post-thumbnail","6":"product_cat-alpacca","7":"product_cat-besteck","8":"product_cat-dessert","9":"product_cat-gabelfruehstueck","10":"product_cat-geburtstag","11":"product_cat-hochzeit","12":"product_cat-loeffel","13":"product_cat-patisserie","14":"product_cat-spezialbestecke","15":"product_cat-weihnachten","16":"product_cat-wiener-melange","17":"product_cat-zucker","19":"first","20":"instock","21":"sold-individually","22":"purchasable","23":"product-type-simple"},"yoast_head":"<!-- This site is optimized with the Yoast SEO Premium plugin v15.8.2 - https:\/\/yoast.com\/wordpress\/plugins\/seo\/ -->\n<title>Versilberter Historismus Vorlegel\u00f6ffel, Fa. Christofle, Paris, um 1885<\/title>\n<meta name=\"description\" content=\"Versilberter Historismus Vorlegel\u00f6ffel, Fa. Christofle, Paris, um 1885 \u2665 Antiquit\u00e4ten Online kaufen \u2713 Sichere Lieferung \u2713\" \/>\n<meta name=\"robots\" content=\"index, follow, max-snippet:-1, max-image-preview:large, max-video-preview:-1\" \/>\n<link rel=\"canonical\" href=\"https:\/\/annette-ahrens.at\/onlineshop\/produkt\/versilberter-historismus-vorlegeloeffel-fa-christofle-paris-um-1885\/\" \/>\n<meta property=\"og:locale\" content=\"de_DE\" \/>\n<meta property=\"og:type\" content=\"article\" \/>\n<meta property=\"og:title\" content=\"Versilberter Historismus Vorlegel\u00f6ffel, Fa. Christofle, Paris, um 1885\" \/>\n<meta property=\"og:description\" content=\"Versilberter Historismus Vorlegel\u00f6ffel, Fa. Christofle, Paris, um 1885 \u2665 Antiquit\u00e4ten Online kaufen \u2713 Sichere Lieferung \u2713\" \/>\n<meta property=\"og:url\" content=\"https:\/\/annette-ahrens.at\/onlineshop\/produkt\/versilberter-historismus-vorlegeloeffel-fa-christofle-paris-um-1885\/\" \/>\n<meta property=\"og:site_name\" content=\"Tafelkultur Onlineshop\" \/>\n<meta property=\"article:publisher\" content=\"https:\/\/www.facebook.com\/AnnetteAhrensTafelkultur\" \/>\n<meta property=\"article:modified_time\" content=\"2025-12-14T14:23:17+00:00\" \/>\n<meta property=\"og:image\" content=\"https:\/\/annette-ahrens.at\/onlineshop\/wp-content\/uploads\/2025\/12\/IMG_0418-scaled.jpeg\" \/>\n\t<meta property=\"og:image:width\" content=\"2048\" \/>\n\t<meta property=\"og:image:height\" content=\"1767\" \/>\n<meta name=\"twitter:card\" content=\"summary_large_image\" \/>\n<meta name=\"twitter:label1\" content=\"Gesch\u00e4tzte Lesezeit\">\n\t<meta name=\"twitter:data1\" content=\"1\u00a0Minute\">\n<script type=\"application\/ld+json\" class=\"yoast-schema-graph\">{\"@context\":\"https:\/\/schema.org\",\"@graph\":[{\"@type\":[\"Person\",\"Organization\"],\"@id\":\"https:\/\/annette-ahrens.at\/onlineshop\/#\/schema\/person\/3e19676faae246bba0cb3b7e15f427d8\",\"name\":\"Annette Ahrens\",\"image\":{\"@type\":\"ImageObject\",\"@id\":\"https:\/\/annette-ahrens.at\/onlineshop\/#personlogo\",\"inLanguage\":\"de\",\"url\":\"https:\/\/annette-ahrens.at\/onlineshop\/wp-content\/uploads\/2020\/04\/aa_logo_End.png\",\"width\":800,\"height\":164,\"caption\":\"Annette Ahrens\"},\"logo\":{\"@id\":\"https:\/\/annette-ahrens.at\/onlineshop\/#personlogo\"},\"sameAs\":[\"https:\/\/annette-ahrens.at\",\"https:\/\/www.facebook.com\/AnnetteAhrensTafelkultur\",\"https:\/\/www.instagram.com\/tafelkulturistin\/\",\"https:\/\/de.wikipedia.org\/wiki\/Annette_Ahrens\"]},{\"@type\":\"WebSite\",\"@id\":\"https:\/\/annette-ahrens.at\/onlineshop\/#website\",\"url\":\"https:\/\/annette-ahrens.at\/onlineshop\/\",\"name\":\"Tafelkultur Onlineshop\",\"description\":\"Annette Ahrens\",\"publisher\":{\"@id\":\"https:\/\/annette-ahrens.at\/onlineshop\/#\/schema\/person\/3e19676faae246bba0cb3b7e15f427d8\"},\"potentialAction\":[{\"@type\":\"SearchAction\",\"target\":\"https:\/\/annette-ahrens.at\/onlineshop\/?s={search_term_string}\",\"query-input\":\"required name=search_term_string\"}],\"inLanguage\":\"de\"},{\"@type\":\"ImageObject\",\"@id\":\"https:\/\/annette-ahrens.at\/onlineshop\/produkt\/versilberter-historismus-vorlegeloeffel-fa-christofle-paris-um-1885\/#primaryimage\",\"inLanguage\":\"de\",\"url\":\"https:\/\/annette-ahrens.at\/onlineshop\/wp-content\/uploads\/2025\/12\/IMG_0418-scaled.jpeg\",\"width\":2048,\"height\":1767,\"caption\":\"vorlegel\\u00f6ffel_christofle\"},{\"@type\":[\"WebPage\",\"ItemPage\"],\"@id\":\"https:\/\/annette-ahrens.at\/onlineshop\/produkt\/versilberter-historismus-vorlegeloeffel-fa-christofle-paris-um-1885\/#webpage\",\"url\":\"https:\/\/annette-ahrens.at\/onlineshop\/produkt\/versilberter-historismus-vorlegeloeffel-fa-christofle-paris-um-1885\/\",\"name\":\"Versilberter Historismus Vorlegel\\u00f6ffel, Fa. Christofle, Paris, um 1885\",\"isPartOf\":{\"@id\":\"https:\/\/annette-ahrens.at\/onlineshop\/#website\"},\"primaryImageOfPage\":{\"@id\":\"https:\/\/annette-ahrens.at\/onlineshop\/produkt\/versilberter-historismus-vorlegeloeffel-fa-christofle-paris-um-1885\/#primaryimage\"},\"datePublished\":\"2025-12-15T04:53:36+00:00\",\"dateModified\":\"2025-12-14T14:23:17+00:00\",\"description\":\"Versilberter Historismus Vorlegel\\u00f6ffel, Fa. Christofle, Paris, um 1885 \\u2665 Antiquit\\u00e4ten Online kaufen \\u2713 Sichere Lieferung \\u2713\",\"breadcrumb\":{\"@id\":\"https:\/\/annette-ahrens.at\/onlineshop\/produkt\/versilberter-historismus-vorlegeloeffel-fa-christofle-paris-um-1885\/#breadcrumb\"},\"inLanguage\":\"de\",\"potentialAction\":[{\"@type\":\"ReadAction\",\"target\":[\"https:\/\/annette-ahrens.at\/onlineshop\/produkt\/versilberter-historismus-vorlegeloeffel-fa-christofle-paris-um-1885\/\"]}]},{\"@type\":\"BreadcrumbList\",\"@id\":\"https:\/\/annette-ahrens.at\/onlineshop\/produkt\/versilberter-historismus-vorlegeloeffel-fa-christofle-paris-um-1885\/#breadcrumb\",\"itemListElement\":[{\"@type\":\"ListItem\",\"position\":1,\"item\":{\"@type\":\"WebPage\",\"@id\":\"https:\/\/annette-ahrens.at\/onlineshop\/\",\"url\":\"https:\/\/annette-ahrens.at\/onlineshop\/\",\"name\":\"Home\"}},{\"@type\":\"ListItem\",\"position\":2,\"item\":{\"@type\":\"WebPage\",\"@id\":\"https:\/\/annette-ahrens.at\/onlineshop\/alle-tafelkultur-objekte\/\",\"url\":\"https:\/\/annette-ahrens.at\/onlineshop\/alle-tafelkultur-objekte\/\",\"name\":\"Alle Tafelkultur Objekte\"}},{\"@type\":\"ListItem\",\"position\":3,\"item\":{\"@type\":\"WebPage\",\"@id\":\"https:\/\/annette-ahrens.at\/onlineshop\/produkt\/versilberter-historismus-vorlegeloeffel-fa-christofle-paris-um-1885\/\",\"url\":\"https:\/\/annette-ahrens.at\/onlineshop\/produkt\/versilberter-historismus-vorlegeloeffel-fa-christofle-paris-um-1885\/\",\"name\":\"Versilberter Historismus Vorlegel\\u00f6ffel, Fa. Christofle, Paris, um 1885\"}}]}]}<\/script>\n<!-- \/ Yoast SEO Premium plugin. -->","_links":{"self":[{"href":"https:\/\/annette-ahrens.at\/onlineshop\/wp-json\/wp\/v2\/product\/41261","targetHints":{"allow":["GET"]}}],"collection":[{"href":"https:\/\/annette-ahrens.at\/onlineshop\/wp-json\/wp\/v2\/product"}],"about":[{"href":"https:\/\/annette-ahrens.at\/onlineshop\/wp-json\/wp\/v2\/types\/product"}],"replies":[{"embeddable":true,"href":"https:\/\/annette-ahrens.at\/onlineshop\/wp-json\/wp\/v2\/comments?post=41261"}],"wp:featuredmedia":[{"embeddable":true,"href":"https:\/\/annette-ahrens.at\/onlineshop\/wp-json\/wp\/v2\/media\/41266"}],"wp:attachment":[{"href":"https:\/\/annette-ahrens.at\/onlineshop\/wp-json\/wp\/v2\/media?parent=41261"}],"wp:term":[{"taxonomy":"product_brand","embeddable":true,"href":"https:\/\/annette-ahrens.at\/onlineshop\/wp-json\/wp\/v2\/product_brand?post=41261"},{"taxonomy":"product_cat","embeddable":true,"href":"https:\/\/annette-ahrens.at\/onlineshop\/wp-json\/wp\/v2\/product_cat?post=41261"},{"taxonomy":"product_tag","embeddable":true,"href":"https:\/\/annette-ahrens.at\/onlineshop\/wp-json\/wp\/v2\/product_tag?post=41261"}],"curies":[{"name":"wp","href":"https:\/\/api.w.org\/{rel}","templated":true}]}}