{"id":41326,"date":"2025-12-22T06:51:37","date_gmt":"2025-12-22T05:51:37","guid":{"rendered":"https:\/\/annette-ahrens.at\/onlineshop\/?post_type=product&#038;p=41326"},"modified":"2026-01-14T17:55:53","modified_gmt":"2026-01-14T16:55:53","slug":"versilberter-3-flammiger-kerzenleuchter-fa-berndorf-19-jahrhundert","status":"publish","type":"product","link":"https:\/\/annette-ahrens.at\/onlineshop\/produkt\/versilberter-3-flammiger-kerzenleuchter-fa-berndorf-19-jahrhundert\/","title":{"rendered":"Versilberter 3 flammiger Kerzenleuchter, Fa. Berndorf, 19. Jahrhundert"},"content":{"rendered":"<p>Versilberter 3 flammiger Historismus Kerzenleuchter<\/p>\n<p>Fa. Berndorf, \u00d6sterreichisch-Ungarische Monarchie, 19. Jahrhundert<\/p>\n<p>Alpacca, versilbert, mehrpassiger Fu\u00df mit gebuckeltem Schaft, abnehmbare Leuchterarme mit drei fixen T\u00fcllen, gemarkt BMF f\u00fcr Berndorfer Metallwarenfabrik, handpolierter Erhaltungszustand<\/p>\n<p>H\u00f6he 42 cm<\/p>\n<p>Breite 25,5 cm<\/p>\n<p>Vergleiche Produktkatalog der Fa. Berndorf, 1911, &#8222;Armleuchter f\u00fcr 3 Lichter&#8220;, Modellnummer 55442\/3<\/p>\n","protected":false},"excerpt":{"rendered":"<p>Versilberter 3 flammiger Historismus Kerzenleuchter Fa. Berndorf, \u00d6sterreichisch-Ungarische Monarchie, 19. Jahrhundert Alpacca, versilbert, mehrpassiger Fu\u00df mit gebuckeltem Schaft, abnehmbare Leuchterarme mit drei fixen T\u00fcllen, gemarkt BMF f\u00fcr Berndorfer Metallwarenfabrik, handpolierter Erhaltungszustand H\u00f6he 42 cm Breite 25,5 cm Vergleiche Produktkatalog der Fa. Berndorf, 1911, &#8222;Armleuchter f\u00fcr 3 Lichter&#8220;, Modellnummer 55442\/3<\/p>\n","protected":false},"featured_media":41339,"comment_status":"open","ping_status":"closed","template":"","meta":[],"product_brand":[],"product_cat":[297,276,32,48,278,28,131,53],"product_tag":[],"class_list":{"0":"post-41326","1":"product","2":"type-product","3":"status-publish","4":"has-post-thumbnail","6":"product_cat-adventjause","7":"product_cat-alpacca","8":"product_cat-festefeiern","9":"product_cat-kerzenleuchter","10":"product_cat-kerzenleuchter-tafeldekorationen","11":"product_cat-licht-rauch","12":"product_cat-tafeldekorationen","13":"product_cat-weihnachten","15":"first","16":"instock","17":"purchasable","18":"product-type-simple"},"yoast_head":"<!-- This site is optimized with the Yoast SEO Premium plugin v15.8.2 - https:\/\/yoast.com\/wordpress\/plugins\/seo\/ -->\n<title>Versilberter 3 flammiger Kerzenleuchter, Fa. Berndorf, 19. Jahrhundert<\/title>\n<meta name=\"description\" content=\"Versilberter 3 flammiger Kerzenleuchter, Fa. Berndorf, 19. Jahrhundert \u2665 Antiquit\u00e4ten Online kaufen \u2713 Sichere Lieferung \u2713\" \/>\n<meta name=\"robots\" content=\"index, follow, max-snippet:-1, max-image-preview:large, max-video-preview:-1\" \/>\n<link rel=\"canonical\" href=\"https:\/\/annette-ahrens.at\/onlineshop\/produkt\/versilberter-3-flammiger-kerzenleuchter-fa-berndorf-19-jahrhundert\/\" \/>\n<meta property=\"og:locale\" content=\"de_DE\" \/>\n<meta property=\"og:type\" content=\"article\" \/>\n<meta property=\"og:title\" content=\"Versilberter 3 flammiger Kerzenleuchter, Fa. Berndorf, 19. Jahrhundert\" \/>\n<meta property=\"og:description\" content=\"Versilberter 3 flammiger Kerzenleuchter, Fa. Berndorf, 19. Jahrhundert \u2665 Antiquit\u00e4ten Online kaufen \u2713 Sichere Lieferung \u2713\" \/>\n<meta property=\"og:url\" content=\"https:\/\/annette-ahrens.at\/onlineshop\/produkt\/versilberter-3-flammiger-kerzenleuchter-fa-berndorf-19-jahrhundert\/\" \/>\n<meta property=\"og:site_name\" content=\"Tafelkultur Onlineshop\" \/>\n<meta property=\"article:publisher\" content=\"https:\/\/www.facebook.com\/AnnetteAhrensTafelkultur\" \/>\n<meta property=\"article:modified_time\" content=\"2026-01-14T16:55:53+00:00\" \/>\n<meta property=\"og:image\" content=\"https:\/\/annette-ahrens.at\/onlineshop\/wp-content\/uploads\/2025\/12\/IMG_0471-scaled.jpeg\" \/>\n\t<meta property=\"og:image:width\" content=\"1463\" \/>\n\t<meta property=\"og:image:height\" content=\"2048\" \/>\n<meta name=\"twitter:card\" content=\"summary_large_image\" \/>\n<meta name=\"twitter:label1\" content=\"Gesch\u00e4tzte Lesezeit\">\n\t<meta name=\"twitter:data1\" content=\"1\u00a0Minute\">\n<script type=\"application\/ld+json\" class=\"yoast-schema-graph\">{\"@context\":\"https:\/\/schema.org\",\"@graph\":[{\"@type\":[\"Person\",\"Organization\"],\"@id\":\"https:\/\/annette-ahrens.at\/onlineshop\/#\/schema\/person\/3e19676faae246bba0cb3b7e15f427d8\",\"name\":\"Annette Ahrens\",\"image\":{\"@type\":\"ImageObject\",\"@id\":\"https:\/\/annette-ahrens.at\/onlineshop\/#personlogo\",\"inLanguage\":\"de\",\"url\":\"https:\/\/annette-ahrens.at\/onlineshop\/wp-content\/uploads\/2020\/04\/aa_logo_End.png\",\"width\":800,\"height\":164,\"caption\":\"Annette Ahrens\"},\"logo\":{\"@id\":\"https:\/\/annette-ahrens.at\/onlineshop\/#personlogo\"},\"sameAs\":[\"https:\/\/annette-ahrens.at\",\"https:\/\/www.facebook.com\/AnnetteAhrensTafelkultur\",\"https:\/\/www.instagram.com\/tafelkulturistin\/\",\"https:\/\/de.wikipedia.org\/wiki\/Annette_Ahrens\"]},{\"@type\":\"WebSite\",\"@id\":\"https:\/\/annette-ahrens.at\/onlineshop\/#website\",\"url\":\"https:\/\/annette-ahrens.at\/onlineshop\/\",\"name\":\"Tafelkultur Onlineshop\",\"description\":\"Annette Ahrens\",\"publisher\":{\"@id\":\"https:\/\/annette-ahrens.at\/onlineshop\/#\/schema\/person\/3e19676faae246bba0cb3b7e15f427d8\"},\"potentialAction\":[{\"@type\":\"SearchAction\",\"target\":\"https:\/\/annette-ahrens.at\/onlineshop\/?s={search_term_string}\",\"query-input\":\"required name=search_term_string\"}],\"inLanguage\":\"de\"},{\"@type\":\"ImageObject\",\"@id\":\"https:\/\/annette-ahrens.at\/onlineshop\/produkt\/versilberter-3-flammiger-kerzenleuchter-fa-berndorf-19-jahrhundert\/#primaryimage\",\"inLanguage\":\"de\",\"url\":\"https:\/\/annette-ahrens.at\/onlineshop\/wp-content\/uploads\/2025\/12\/IMG_0471-scaled.jpeg\",\"width\":1463,\"height\":2048,\"caption\":\"kerzenleuchter_berndorf\"},{\"@type\":[\"WebPage\",\"ItemPage\"],\"@id\":\"https:\/\/annette-ahrens.at\/onlineshop\/produkt\/versilberter-3-flammiger-kerzenleuchter-fa-berndorf-19-jahrhundert\/#webpage\",\"url\":\"https:\/\/annette-ahrens.at\/onlineshop\/produkt\/versilberter-3-flammiger-kerzenleuchter-fa-berndorf-19-jahrhundert\/\",\"name\":\"Versilberter 3 flammiger Kerzenleuchter, Fa. Berndorf, 19. Jahrhundert\",\"isPartOf\":{\"@id\":\"https:\/\/annette-ahrens.at\/onlineshop\/#website\"},\"primaryImageOfPage\":{\"@id\":\"https:\/\/annette-ahrens.at\/onlineshop\/produkt\/versilberter-3-flammiger-kerzenleuchter-fa-berndorf-19-jahrhundert\/#primaryimage\"},\"datePublished\":\"2025-12-22T05:51:37+00:00\",\"dateModified\":\"2026-01-14T16:55:53+00:00\",\"description\":\"Versilberter 3 flammiger Kerzenleuchter, Fa. Berndorf, 19. Jahrhundert \\u2665 Antiquit\\u00e4ten Online kaufen \\u2713 Sichere Lieferung \\u2713\",\"breadcrumb\":{\"@id\":\"https:\/\/annette-ahrens.at\/onlineshop\/produkt\/versilberter-3-flammiger-kerzenleuchter-fa-berndorf-19-jahrhundert\/#breadcrumb\"},\"inLanguage\":\"de\",\"potentialAction\":[{\"@type\":\"ReadAction\",\"target\":[\"https:\/\/annette-ahrens.at\/onlineshop\/produkt\/versilberter-3-flammiger-kerzenleuchter-fa-berndorf-19-jahrhundert\/\"]}]},{\"@type\":\"BreadcrumbList\",\"@id\":\"https:\/\/annette-ahrens.at\/onlineshop\/produkt\/versilberter-3-flammiger-kerzenleuchter-fa-berndorf-19-jahrhundert\/#breadcrumb\",\"itemListElement\":[{\"@type\":\"ListItem\",\"position\":1,\"item\":{\"@type\":\"WebPage\",\"@id\":\"https:\/\/annette-ahrens.at\/onlineshop\/\",\"url\":\"https:\/\/annette-ahrens.at\/onlineshop\/\",\"name\":\"Home\"}},{\"@type\":\"ListItem\",\"position\":2,\"item\":{\"@type\":\"WebPage\",\"@id\":\"https:\/\/annette-ahrens.at\/onlineshop\/alle-tafelkultur-objekte\/\",\"url\":\"https:\/\/annette-ahrens.at\/onlineshop\/alle-tafelkultur-objekte\/\",\"name\":\"Alle Tafelkultur Objekte\"}},{\"@type\":\"ListItem\",\"position\":3,\"item\":{\"@type\":\"WebPage\",\"@id\":\"https:\/\/annette-ahrens.at\/onlineshop\/produkt\/versilberter-3-flammiger-kerzenleuchter-fa-berndorf-19-jahrhundert\/\",\"url\":\"https:\/\/annette-ahrens.at\/onlineshop\/produkt\/versilberter-3-flammiger-kerzenleuchter-fa-berndorf-19-jahrhundert\/\",\"name\":\"Versilberter 3 flammiger Kerzenleuchter, Fa. Berndorf, 19. Jahrhundert\"}}]}]}<\/script>\n<!-- \/ Yoast SEO Premium plugin. -->","_links":{"self":[{"href":"https:\/\/annette-ahrens.at\/onlineshop\/wp-json\/wp\/v2\/product\/41326","targetHints":{"allow":["GET"]}}],"collection":[{"href":"https:\/\/annette-ahrens.at\/onlineshop\/wp-json\/wp\/v2\/product"}],"about":[{"href":"https:\/\/annette-ahrens.at\/onlineshop\/wp-json\/wp\/v2\/types\/product"}],"replies":[{"embeddable":true,"href":"https:\/\/annette-ahrens.at\/onlineshop\/wp-json\/wp\/v2\/comments?post=41326"}],"wp:featuredmedia":[{"embeddable":true,"href":"https:\/\/annette-ahrens.at\/onlineshop\/wp-json\/wp\/v2\/media\/41339"}],"wp:attachment":[{"href":"https:\/\/annette-ahrens.at\/onlineshop\/wp-json\/wp\/v2\/media?parent=41326"}],"wp:term":[{"taxonomy":"product_brand","embeddable":true,"href":"https:\/\/annette-ahrens.at\/onlineshop\/wp-json\/wp\/v2\/product_brand?post=41326"},{"taxonomy":"product_cat","embeddable":true,"href":"https:\/\/annette-ahrens.at\/onlineshop\/wp-json\/wp\/v2\/product_cat?post=41326"},{"taxonomy":"product_tag","embeddable":true,"href":"https:\/\/annette-ahrens.at\/onlineshop\/wp-json\/wp\/v2\/product_tag?post=41326"}],"curies":[{"name":"wp","href":"https:\/\/api.w.org\/{rel}","templated":true}]}}