{"id":41474,"date":"2025-12-30T06:14:27","date_gmt":"2025-12-30T05:14:27","guid":{"rendered":"https:\/\/annette-ahrens.at\/onlineshop\/?post_type=product&#038;p=41474"},"modified":"2025-12-26T13:17:39","modified_gmt":"2025-12-26T12:17:39","slug":"spaetbiedermeier-teller-kaiserliche-porzellanmanufaktur-wien-um-1855","status":"publish","type":"product","link":"https:\/\/annette-ahrens.at\/onlineshop\/produkt\/spaetbiedermeier-teller-kaiserliche-porzellanmanufaktur-wien-um-1855\/","title":{"rendered":"Sp\u00e4tbiedermeier Teller, Kaiserliche Porzellanmanufaktur Wien, um 1855"},"content":{"rendered":"<p>Sp\u00e4tbiedermeier Teller<\/p>\n<p>Kaiserliche Porzellanmanufaktur Wien, um 1855<\/p>\n<p>Porzellan, glasiert, fein durchbrochen gearbeitete Fahne mit gr\u00fcnem Dekor, glatter Spiegel, gemarkt mit eingepresstem Bindenschild, eingepresste Jahreszahl (1)854, eingepresster Weissdreher 33., an der Fahne fachm\u00e4nnisch restauriert<\/p>\n<p>Dm 24 cm<\/p>\n<p>Vergleiche: Waltraud Neuwirth, Wiener Porzellan, Formen und Dekore des Biedermeier, Band 1: Tafel-, Kaffee- und Teegeschirre, Wien 2012<\/p>\n","protected":false},"excerpt":{"rendered":"<p>Annettes Etikette: Die durchbrochen gearbeitete Fahne dieses Tellers ist f\u00fcr den Weissdreher und anschliesenden Bossierer von besonderer Aufgabe, denn die einzelnen Korbsegmente wurden h\u00e4ndisch ausges\u00e4gt und durften sp\u00e4testens im Ofen nicht brechen. Meist wurden diese Art von Tellern f\u00fcr den Dessertgang gen\u00fctzt.<\/p>\n","protected":false},"featured_media":41475,"comment_status":"open","ping_status":"closed","template":"","meta":[],"product_brand":[],"product_cat":[130,192,20,54],"product_tag":[],"class_list":{"0":"post-41474","1":"product","2":"type-product","3":"status-publish","4":"has-post-thumbnail","6":"product_cat-abendessen","7":"product_cat-dessert","8":"product_cat-lunchtime","9":"product_cat-porzellan","11":"first","12":"instock","13":"sold-individually","14":"purchasable","15":"product-type-simple"},"yoast_head":"<!-- This site is optimized with the Yoast SEO Premium plugin v15.8.2 - https:\/\/yoast.com\/wordpress\/plugins\/seo\/ -->\n<title>Sp\u00e4tbiedermeier Teller, Kaiserliche Porzellanmanufaktur Wien, um 1855<\/title>\n<meta name=\"description\" content=\"Sp\u00e4tbiedermeier Teller, Kaiserliche Porzellanmanufaktur Wien, um 1855 \u2665 Antiquit\u00e4ten Online kaufen \u2713 Sichere Lieferung \u2713\" \/>\n<meta name=\"robots\" content=\"index, follow, max-snippet:-1, max-image-preview:large, max-video-preview:-1\" \/>\n<link rel=\"canonical\" href=\"https:\/\/annette-ahrens.at\/onlineshop\/produkt\/spaetbiedermeier-teller-kaiserliche-porzellanmanufaktur-wien-um-1855\/\" \/>\n<meta property=\"og:locale\" content=\"de_DE\" \/>\n<meta property=\"og:type\" content=\"article\" \/>\n<meta property=\"og:title\" content=\"Sp\u00e4tbiedermeier Teller, Kaiserliche Porzellanmanufaktur Wien, um 1855\" \/>\n<meta property=\"og:description\" content=\"Sp\u00e4tbiedermeier Teller, Kaiserliche Porzellanmanufaktur Wien, um 1855 \u2665 Antiquit\u00e4ten Online kaufen \u2713 Sichere Lieferung \u2713\" \/>\n<meta property=\"og:url\" content=\"https:\/\/annette-ahrens.at\/onlineshop\/produkt\/spaetbiedermeier-teller-kaiserliche-porzellanmanufaktur-wien-um-1855\/\" \/>\n<meta property=\"og:site_name\" content=\"Tafelkultur Onlineshop\" \/>\n<meta property=\"article:publisher\" content=\"https:\/\/www.facebook.com\/AnnetteAhrensTafelkultur\" \/>\n<meta property=\"article:modified_time\" content=\"2025-12-26T12:17:39+00:00\" \/>\n<meta property=\"og:image\" content=\"https:\/\/annette-ahrens.at\/onlineshop\/wp-content\/uploads\/2025\/12\/IMG_0624-scaled.jpeg\" \/>\n\t<meta property=\"og:image:width\" content=\"1851\" \/>\n\t<meta property=\"og:image:height\" content=\"2048\" \/>\n<meta name=\"twitter:card\" content=\"summary_large_image\" \/>\n<meta name=\"twitter:label1\" content=\"Gesch\u00e4tzte Lesezeit\">\n\t<meta name=\"twitter:data1\" content=\"1\u00a0Minute\">\n<script type=\"application\/ld+json\" class=\"yoast-schema-graph\">{\"@context\":\"https:\/\/schema.org\",\"@graph\":[{\"@type\":[\"Person\",\"Organization\"],\"@id\":\"https:\/\/annette-ahrens.at\/onlineshop\/#\/schema\/person\/3e19676faae246bba0cb3b7e15f427d8\",\"name\":\"Annette Ahrens\",\"image\":{\"@type\":\"ImageObject\",\"@id\":\"https:\/\/annette-ahrens.at\/onlineshop\/#personlogo\",\"inLanguage\":\"de\",\"url\":\"https:\/\/annette-ahrens.at\/onlineshop\/wp-content\/uploads\/2020\/04\/aa_logo_End.png\",\"width\":800,\"height\":164,\"caption\":\"Annette Ahrens\"},\"logo\":{\"@id\":\"https:\/\/annette-ahrens.at\/onlineshop\/#personlogo\"},\"sameAs\":[\"https:\/\/annette-ahrens.at\",\"https:\/\/www.facebook.com\/AnnetteAhrensTafelkultur\",\"https:\/\/www.instagram.com\/tafelkulturistin\/\",\"https:\/\/de.wikipedia.org\/wiki\/Annette_Ahrens\"]},{\"@type\":\"WebSite\",\"@id\":\"https:\/\/annette-ahrens.at\/onlineshop\/#website\",\"url\":\"https:\/\/annette-ahrens.at\/onlineshop\/\",\"name\":\"Tafelkultur Onlineshop\",\"description\":\"Annette Ahrens\",\"publisher\":{\"@id\":\"https:\/\/annette-ahrens.at\/onlineshop\/#\/schema\/person\/3e19676faae246bba0cb3b7e15f427d8\"},\"potentialAction\":[{\"@type\":\"SearchAction\",\"target\":\"https:\/\/annette-ahrens.at\/onlineshop\/?s={search_term_string}\",\"query-input\":\"required name=search_term_string\"}],\"inLanguage\":\"de\"},{\"@type\":\"ImageObject\",\"@id\":\"https:\/\/annette-ahrens.at\/onlineshop\/produkt\/spaetbiedermeier-teller-kaiserliche-porzellanmanufaktur-wien-um-1855\/#primaryimage\",\"inLanguage\":\"de\",\"url\":\"https:\/\/annette-ahrens.at\/onlineshop\/wp-content\/uploads\/2025\/12\/IMG_0624-scaled.jpeg\",\"width\":1851,\"height\":2048,\"caption\":\"teller_wien_1855\"},{\"@type\":[\"WebPage\",\"ItemPage\"],\"@id\":\"https:\/\/annette-ahrens.at\/onlineshop\/produkt\/spaetbiedermeier-teller-kaiserliche-porzellanmanufaktur-wien-um-1855\/#webpage\",\"url\":\"https:\/\/annette-ahrens.at\/onlineshop\/produkt\/spaetbiedermeier-teller-kaiserliche-porzellanmanufaktur-wien-um-1855\/\",\"name\":\"Sp\\u00e4tbiedermeier Teller, Kaiserliche Porzellanmanufaktur Wien, um 1855\",\"isPartOf\":{\"@id\":\"https:\/\/annette-ahrens.at\/onlineshop\/#website\"},\"primaryImageOfPage\":{\"@id\":\"https:\/\/annette-ahrens.at\/onlineshop\/produkt\/spaetbiedermeier-teller-kaiserliche-porzellanmanufaktur-wien-um-1855\/#primaryimage\"},\"datePublished\":\"2025-12-30T05:14:27+00:00\",\"dateModified\":\"2025-12-26T12:17:39+00:00\",\"description\":\"Sp\\u00e4tbiedermeier Teller, Kaiserliche Porzellanmanufaktur Wien, um 1855 \\u2665 Antiquit\\u00e4ten Online kaufen \\u2713 Sichere Lieferung \\u2713\",\"breadcrumb\":{\"@id\":\"https:\/\/annette-ahrens.at\/onlineshop\/produkt\/spaetbiedermeier-teller-kaiserliche-porzellanmanufaktur-wien-um-1855\/#breadcrumb\"},\"inLanguage\":\"de\",\"potentialAction\":[{\"@type\":\"ReadAction\",\"target\":[\"https:\/\/annette-ahrens.at\/onlineshop\/produkt\/spaetbiedermeier-teller-kaiserliche-porzellanmanufaktur-wien-um-1855\/\"]}]},{\"@type\":\"BreadcrumbList\",\"@id\":\"https:\/\/annette-ahrens.at\/onlineshop\/produkt\/spaetbiedermeier-teller-kaiserliche-porzellanmanufaktur-wien-um-1855\/#breadcrumb\",\"itemListElement\":[{\"@type\":\"ListItem\",\"position\":1,\"item\":{\"@type\":\"WebPage\",\"@id\":\"https:\/\/annette-ahrens.at\/onlineshop\/\",\"url\":\"https:\/\/annette-ahrens.at\/onlineshop\/\",\"name\":\"Home\"}},{\"@type\":\"ListItem\",\"position\":2,\"item\":{\"@type\":\"WebPage\",\"@id\":\"https:\/\/annette-ahrens.at\/onlineshop\/alle-tafelkultur-objekte\/\",\"url\":\"https:\/\/annette-ahrens.at\/onlineshop\/alle-tafelkultur-objekte\/\",\"name\":\"Alle Tafelkultur Objekte\"}},{\"@type\":\"ListItem\",\"position\":3,\"item\":{\"@type\":\"WebPage\",\"@id\":\"https:\/\/annette-ahrens.at\/onlineshop\/produkt\/spaetbiedermeier-teller-kaiserliche-porzellanmanufaktur-wien-um-1855\/\",\"url\":\"https:\/\/annette-ahrens.at\/onlineshop\/produkt\/spaetbiedermeier-teller-kaiserliche-porzellanmanufaktur-wien-um-1855\/\",\"name\":\"Sp\\u00e4tbiedermeier Teller, Kaiserliche Porzellanmanufaktur Wien, um 1855\"}}]}]}<\/script>\n<!-- \/ Yoast SEO Premium plugin. -->","_links":{"self":[{"href":"https:\/\/annette-ahrens.at\/onlineshop\/wp-json\/wp\/v2\/product\/41474","targetHints":{"allow":["GET"]}}],"collection":[{"href":"https:\/\/annette-ahrens.at\/onlineshop\/wp-json\/wp\/v2\/product"}],"about":[{"href":"https:\/\/annette-ahrens.at\/onlineshop\/wp-json\/wp\/v2\/types\/product"}],"replies":[{"embeddable":true,"href":"https:\/\/annette-ahrens.at\/onlineshop\/wp-json\/wp\/v2\/comments?post=41474"}],"wp:featuredmedia":[{"embeddable":true,"href":"https:\/\/annette-ahrens.at\/onlineshop\/wp-json\/wp\/v2\/media\/41475"}],"wp:attachment":[{"href":"https:\/\/annette-ahrens.at\/onlineshop\/wp-json\/wp\/v2\/media?parent=41474"}],"wp:term":[{"taxonomy":"product_brand","embeddable":true,"href":"https:\/\/annette-ahrens.at\/onlineshop\/wp-json\/wp\/v2\/product_brand?post=41474"},{"taxonomy":"product_cat","embeddable":true,"href":"https:\/\/annette-ahrens.at\/onlineshop\/wp-json\/wp\/v2\/product_cat?post=41474"},{"taxonomy":"product_tag","embeddable":true,"href":"https:\/\/annette-ahrens.at\/onlineshop\/wp-json\/wp\/v2\/product_tag?post=41474"}],"curies":[{"name":"wp","href":"https:\/\/api.w.org\/{rel}","templated":true}]}}