{"id":41671,"date":"2026-01-08T06:10:20","date_gmt":"2026-01-08T05:10:20","guid":{"rendered":"https:\/\/annette-ahrens.at\/onlineshop\/?post_type=product&#038;p=41671"},"modified":"2026-04-12T18:58:09","modified_gmt":"2026-04-12T16:58:09","slug":"8-seltene-silberne-art-deco-spargelfingerzangen-england-um-1930","status":"publish","type":"product","link":"https:\/\/annette-ahrens.at\/onlineshop\/produkt\/8-seltene-silberne-art-deco-spargelfingerzangen-england-um-1930\/","title":{"rendered":"8 seltene, silberne Art Deco Spargelfingerzangen, Sheffield, England, 1934"},"content":{"rendered":"<p>8 seltene, silberne Art Deco Spargelfingerzangen<\/p>\n<p>Fa. James Dixon &amp; Sons, Sheffield, England, 1934<\/p>\n<p>Silber, 8 Spargelfingerzangen mit Federspannung, gemarkt mit englischem Beschauzeichen schreitender L\u00f6we, Stadtmarke Krone f\u00fcr Sheffield, Jahresbuchstabe r f\u00fcr 1934 und Herstellermarke JD&amp;S, in schwarzer Geschenkskassette, innen mit schwarzem Samt tapeziert, tadelloser, handpolierter Erhaltungszustand<\/p>\n<p>L\u00e4nge 6 cm<\/p>\n<p>141 g<\/p>\n","protected":false},"excerpt":{"rendered":"<p>Annettes Etikette: Spargelfingerzangen sind seltene, historische Spezialbestecke (oft um 1900\u20131930, Jugendstil\/Art D\u00e9co), die als filigrane Einzelgreifer f\u00fcr den Verzehr von Spargel mit den Fingern dienen. Die meist versilberten Zangen erm\u00f6glichen es, einzelne Stangen sauber zu halten und sind oft als Spargelmotiv gestaltet. James Dixon &amp; Sons aus Sheffield, England, war um 1900 ein renommierter Hersteller hochwertiger versilberter Metallwaren (EPNS) und Silberwaren im viktorianischen Stil. Bereits 1806 gegr\u00fcndet, stellt James Dixon (1776 &#8211; 1852) zun\u00e4chst Objekte in Britannia-Metall her. Das Unternehmen erlangte bei der Great Exhibition 1851 Anerkennung und gewann mehrere Auszeichnungen f\u00fcr seine innovativen Designs.<\/p>\n","protected":false},"featured_media":41673,"comment_status":"open","ping_status":"closed","template":"","meta":[],"product_brand":[],"product_cat":[30,262,239],"product_tag":[],"class_list":{"0":"post-41671","1":"product","2":"type-product","3":"status-publish","4":"has-post-thumbnail","6":"product_cat-besteck","7":"product_cat-spargelzange","8":"product_cat-spezialbestecke","10":"first","11":"instock","12":"sold-individually","13":"purchasable","14":"product-type-simple"},"yoast_head":"<!-- This site is optimized with the Yoast SEO Premium plugin v15.8.2 - https:\/\/yoast.com\/wordpress\/plugins\/seo\/ -->\n<title>8 seltene, silberne Art Deco Spargelfingerzangen, Sheffield, England, 1934<\/title>\n<meta name=\"description\" content=\"8 seltene, silberne Art Deco Spargelfingerzangen, Sheffield, England, 1934 \u2665 Antiquit\u00e4ten Online kaufen \u2713 Sichere Lieferung \u2713\" \/>\n<meta name=\"robots\" content=\"index, follow, max-snippet:-1, max-image-preview:large, max-video-preview:-1\" \/>\n<link rel=\"canonical\" href=\"https:\/\/annette-ahrens.at\/onlineshop\/produkt\/8-seltene-silberne-art-deco-spargelfingerzangen-england-um-1930\/\" \/>\n<meta property=\"og:locale\" content=\"de_DE\" \/>\n<meta property=\"og:type\" content=\"article\" \/>\n<meta property=\"og:title\" content=\"8 seltene, silberne Art Deco Spargelfingerzangen, Sheffield, England, 1934\" \/>\n<meta property=\"og:description\" content=\"8 seltene, silberne Art Deco Spargelfingerzangen, Sheffield, England, 1934 \u2665 Antiquit\u00e4ten Online kaufen \u2713 Sichere Lieferung \u2713\" \/>\n<meta property=\"og:url\" content=\"https:\/\/annette-ahrens.at\/onlineshop\/produkt\/8-seltene-silberne-art-deco-spargelfingerzangen-england-um-1930\/\" \/>\n<meta property=\"og:site_name\" content=\"Tafelkultur Onlineshop\" \/>\n<meta property=\"article:publisher\" content=\"https:\/\/www.facebook.com\/AnnetteAhrensTafelkultur\" \/>\n<meta property=\"article:modified_time\" content=\"2026-04-12T16:58:09+00:00\" \/>\n<meta property=\"og:image\" content=\"https:\/\/annette-ahrens.at\/onlineshop\/wp-content\/uploads\/2026\/01\/IMG_0836-scaled.jpeg\" \/>\n\t<meta property=\"og:image:width\" content=\"1536\" \/>\n\t<meta property=\"og:image:height\" content=\"2048\" \/>\n<meta name=\"twitter:card\" content=\"summary_large_image\" \/>\n<meta name=\"twitter:label1\" content=\"Gesch\u00e4tzte Lesezeit\">\n\t<meta name=\"twitter:data1\" content=\"1\u00a0Minute\">\n<script type=\"application\/ld+json\" class=\"yoast-schema-graph\">{\"@context\":\"https:\/\/schema.org\",\"@graph\":[{\"@type\":[\"Person\",\"Organization\"],\"@id\":\"https:\/\/annette-ahrens.at\/onlineshop\/#\/schema\/person\/3e19676faae246bba0cb3b7e15f427d8\",\"name\":\"Annette Ahrens\",\"image\":{\"@type\":\"ImageObject\",\"@id\":\"https:\/\/annette-ahrens.at\/onlineshop\/#personlogo\",\"inLanguage\":\"de\",\"url\":\"https:\/\/annette-ahrens.at\/onlineshop\/wp-content\/uploads\/2020\/04\/aa_logo_End.png\",\"width\":800,\"height\":164,\"caption\":\"Annette Ahrens\"},\"logo\":{\"@id\":\"https:\/\/annette-ahrens.at\/onlineshop\/#personlogo\"},\"sameAs\":[\"https:\/\/annette-ahrens.at\",\"https:\/\/www.facebook.com\/AnnetteAhrensTafelkultur\",\"https:\/\/www.instagram.com\/tafelkulturistin\/\",\"https:\/\/de.wikipedia.org\/wiki\/Annette_Ahrens\"]},{\"@type\":\"WebSite\",\"@id\":\"https:\/\/annette-ahrens.at\/onlineshop\/#website\",\"url\":\"https:\/\/annette-ahrens.at\/onlineshop\/\",\"name\":\"Tafelkultur Onlineshop\",\"description\":\"Annette Ahrens\",\"publisher\":{\"@id\":\"https:\/\/annette-ahrens.at\/onlineshop\/#\/schema\/person\/3e19676faae246bba0cb3b7e15f427d8\"},\"potentialAction\":[{\"@type\":\"SearchAction\",\"target\":\"https:\/\/annette-ahrens.at\/onlineshop\/?s={search_term_string}\",\"query-input\":\"required name=search_term_string\"}],\"inLanguage\":\"de\"},{\"@type\":\"ImageObject\",\"@id\":\"https:\/\/annette-ahrens.at\/onlineshop\/produkt\/8-seltene-silberne-art-deco-spargelfingerzangen-england-um-1930\/#primaryimage\",\"inLanguage\":\"de\",\"url\":\"https:\/\/annette-ahrens.at\/onlineshop\/wp-content\/uploads\/2026\/01\/IMG_0836-scaled.jpeg\",\"width\":1536,\"height\":2048,\"caption\":\"spargelfingerzangen_silber\"},{\"@type\":[\"WebPage\",\"ItemPage\"],\"@id\":\"https:\/\/annette-ahrens.at\/onlineshop\/produkt\/8-seltene-silberne-art-deco-spargelfingerzangen-england-um-1930\/#webpage\",\"url\":\"https:\/\/annette-ahrens.at\/onlineshop\/produkt\/8-seltene-silberne-art-deco-spargelfingerzangen-england-um-1930\/\",\"name\":\"8 seltene, silberne Art Deco Spargelfingerzangen, Sheffield, England, 1934\",\"isPartOf\":{\"@id\":\"https:\/\/annette-ahrens.at\/onlineshop\/#website\"},\"primaryImageOfPage\":{\"@id\":\"https:\/\/annette-ahrens.at\/onlineshop\/produkt\/8-seltene-silberne-art-deco-spargelfingerzangen-england-um-1930\/#primaryimage\"},\"datePublished\":\"2026-01-08T05:10:20+00:00\",\"dateModified\":\"2026-04-12T16:58:09+00:00\",\"description\":\"8 seltene, silberne Art Deco Spargelfingerzangen, Sheffield, England, 1934 \\u2665 Antiquit\\u00e4ten Online kaufen \\u2713 Sichere Lieferung \\u2713\",\"breadcrumb\":{\"@id\":\"https:\/\/annette-ahrens.at\/onlineshop\/produkt\/8-seltene-silberne-art-deco-spargelfingerzangen-england-um-1930\/#breadcrumb\"},\"inLanguage\":\"de\",\"potentialAction\":[{\"@type\":\"ReadAction\",\"target\":[\"https:\/\/annette-ahrens.at\/onlineshop\/produkt\/8-seltene-silberne-art-deco-spargelfingerzangen-england-um-1930\/\"]}]},{\"@type\":\"BreadcrumbList\",\"@id\":\"https:\/\/annette-ahrens.at\/onlineshop\/produkt\/8-seltene-silberne-art-deco-spargelfingerzangen-england-um-1930\/#breadcrumb\",\"itemListElement\":[{\"@type\":\"ListItem\",\"position\":1,\"item\":{\"@type\":\"WebPage\",\"@id\":\"https:\/\/annette-ahrens.at\/onlineshop\/\",\"url\":\"https:\/\/annette-ahrens.at\/onlineshop\/\",\"name\":\"Home\"}},{\"@type\":\"ListItem\",\"position\":2,\"item\":{\"@type\":\"WebPage\",\"@id\":\"https:\/\/annette-ahrens.at\/onlineshop\/alle-tafelkultur-objekte\/\",\"url\":\"https:\/\/annette-ahrens.at\/onlineshop\/alle-tafelkultur-objekte\/\",\"name\":\"Alle Tafelkultur Objekte\"}},{\"@type\":\"ListItem\",\"position\":3,\"item\":{\"@type\":\"WebPage\",\"@id\":\"https:\/\/annette-ahrens.at\/onlineshop\/produkt\/8-seltene-silberne-art-deco-spargelfingerzangen-england-um-1930\/\",\"url\":\"https:\/\/annette-ahrens.at\/onlineshop\/produkt\/8-seltene-silberne-art-deco-spargelfingerzangen-england-um-1930\/\",\"name\":\"8 seltene, silberne Art Deco Spargelfingerzangen, Sheffield, England, 1934\"}}]}]}<\/script>\n<!-- \/ Yoast SEO Premium plugin. -->","_links":{"self":[{"href":"https:\/\/annette-ahrens.at\/onlineshop\/wp-json\/wp\/v2\/product\/41671","targetHints":{"allow":["GET"]}}],"collection":[{"href":"https:\/\/annette-ahrens.at\/onlineshop\/wp-json\/wp\/v2\/product"}],"about":[{"href":"https:\/\/annette-ahrens.at\/onlineshop\/wp-json\/wp\/v2\/types\/product"}],"replies":[{"embeddable":true,"href":"https:\/\/annette-ahrens.at\/onlineshop\/wp-json\/wp\/v2\/comments?post=41671"}],"wp:featuredmedia":[{"embeddable":true,"href":"https:\/\/annette-ahrens.at\/onlineshop\/wp-json\/wp\/v2\/media\/41673"}],"wp:attachment":[{"href":"https:\/\/annette-ahrens.at\/onlineshop\/wp-json\/wp\/v2\/media?parent=41671"}],"wp:term":[{"taxonomy":"product_brand","embeddable":true,"href":"https:\/\/annette-ahrens.at\/onlineshop\/wp-json\/wp\/v2\/product_brand?post=41671"},{"taxonomy":"product_cat","embeddable":true,"href":"https:\/\/annette-ahrens.at\/onlineshop\/wp-json\/wp\/v2\/product_cat?post=41671"},{"taxonomy":"product_tag","embeddable":true,"href":"https:\/\/annette-ahrens.at\/onlineshop\/wp-json\/wp\/v2\/product_tag?post=41671"}],"curies":[{"name":"wp","href":"https:\/\/api.w.org\/{rel}","templated":true}]}}