{"id":41747,"date":"2026-05-10T06:40:34","date_gmt":"2026-05-10T04:40:34","guid":{"rendered":"https:\/\/annette-ahrens.at\/onlineshop\/?post_type=product&#038;p=41747"},"modified":"2026-05-09T19:03:27","modified_gmt":"2026-05-09T17:03:27","slug":"trompe-loeil-croissant-als-lampe-japan-2015","status":"publish","type":"product","link":"https:\/\/annette-ahrens.at\/onlineshop\/produkt\/trompe-loeil-croissant-als-lampe-japan-2015\/","title":{"rendered":"Trompe-l&#8217;\u0153il Croissant als Lampe, Japan, 2015"},"content":{"rendered":"<p>Trompe-l&#8217;\u0153il Croissant als Lampe<\/p>\n<p>Entwurf und Ausf\u00fchrung von Yukiko Morita, Japan, 2015<\/p>\n<p><span style=\"font-family: 'Courier 10 Pitch', Courier, monospace; background-color: rgba(0, 0, 0, 0.1);\">Weizenmehl, Kuchenmehl, Butter, Salz, Hefe, LED-Lichter usw., <\/span><span style=\"font-family: 'Courier 10 Pitch', Courier, monospace; background-color: rgba(0, 0, 0, 0.1);\">Stromversorgung: 1 x AA-Batterie (nicht im Lieferumfang enthalten), <\/span><span style=\"font-family: 'Courier 10 Pitch', Courier, monospace; background-color: rgba(0, 0, 0, 0.1);\">LED-Lichter: Dauerbetrieb mit 1 Batterie. <\/span><span style=\"font-family: 'Courier 10 Pitch', Courier, monospace; background-color: rgba(0, 0, 0, 0.1);\">Die Lebensdauer der LED-Lichter betr\u00e4gt bis zu 50.000 Stunden. Ein Austausch der LED-Lichter ist leider nicht m\u00f6glich.<\/span><\/p>\n<p><span style=\"font-family: 'Courier 10 Pitch', Courier, monospace; background-color: rgba(0, 0, 0, 0.1);\">Gr\u00f6\u00dfe: Ca. 8\u201310 cm Durchmesser, 12\u201313 cm L\u00e4nge<\/span><\/p>\n<p><span style=\"font-family: 'Courier 10 Pitch', Courier, monospace; background-color: rgba(0, 0, 0, 0.1);\">Leuchtkraft: Diese Lampe beleuchtet einen Bereich in Handreichweite sanft.<\/span><\/p>\n<p><span style=\"font-family: 'Courier 10 Pitch', Courier, monospace; background-color: rgba(0, 0, 0, 0.1);\">Bedienung: Zum Ein-\/Ausschalten stellen Sie die Lampe einfach auf eine ebene Fl\u00e4che, um den Sensor zu aktivieren.<\/span><\/p>\n<p style=\"font-weight: 400;\">In letzter Zeit sind vermehrt gef\u00e4lschte und kopierte Produkte im Ausland aufgetaucht. Diese F\u00e4lschungen unterscheiden sich in Spezifikationen und Leistung von den Originalprodukten und weisen zudem eine geringere Qualit\u00e4t, insbesondere im Hinblick auf die antiseptische Behandlung, auf. PAMPSHADE-Produkte werden nicht \u00fcber E-Commerce-Plattformen wie Amazon, Alibaba oder eBay vertrieben. Bitte achten Sie darauf, solche F\u00e4lschungen nicht versehentlich zu erwerben.Ich bin Exklusiv-Partnerin der japanischen K\u00fcnstlerin.<\/p>\n","protected":false},"excerpt":{"rendered":"<p>Annettes Etikette: In Kyoto nahm eine ebenso poetische wie ungew\u00f6hnliche Idee ihren Anfang: die Pampshades. Die japanische K\u00fcnstlerin Yukiko Morita, Absolventin der Kyoto University of Arts, verwandelt seither Brot in leuchtende Objekte \u2013 zwischen Skulptur und Alltagsgegenstand. Ihre Faszination f\u00fcr das Material entstand nicht im Atelier, sondern im gelebten Handwerk: w\u00e4hrend ihrer Zeit als Aushilfe in einer B\u00e4ckerei. Dort begegnete sie dem Brot nicht nur als Nahrung, sondern als Ausdruck stiller Meisterschaft. Die Kruste, die Form, die verg\u00e4ngliche Perfektion eines frisch gebackenen Laibes \u2013 all das offenbarte f\u00fcr sie eine eigene, fast meditative \u00c4sthetik.Getrieben von dem Wunsch, diese fl\u00fcchtige Sch\u00f6nheit zu bewahren, begann Morita zu experimentieren. Sie konservierte Brot mit Kunstharz, testete Trocknungsverfahren und integrierte Lichtquellen, bis Material und Idee in Einklang fanden. 2007 schlie\u00dflich entstand das erste Pampshade \u2013 ein Objekt, das den Moment zwischen Verg\u00e4nglichkeit und Dauer sichtbar macht. Seither teilt Morita ihre Vision mit einem internationalen Publikum und l\u00e4sst ein allt\u00e4gliches Lebensmittel in neuem Licht erscheinen \u2013 wortw\u00f6rtlich. Ich durfte sie in Paris pers\u00f6nlich kennenlernen und die knusprigsten Croissants f\u00fcr meine Freunde der Tafelkultur aussuchen.<\/p>\n","protected":false},"featured_media":42347,"comment_status":"open","ping_status":"closed","template":"","meta":[],"product_brand":[],"product_cat":[25,300,294,28],"product_tag":[],"class_list":{"0":"post-41747","1":"product","2":"type-product","3":"status-publish","4":"has-post-thumbnail","6":"product_cat-5o-clock-tea","7":"product_cat-gartenfest","8":"product_cat-geburtstag","9":"product_cat-licht-rauch","11":"first","12":"instock","13":"taxable","14":"shipping-taxable","15":"purchasable","16":"product-type-simple"},"yoast_head":"<!-- This site is optimized with the Yoast SEO Premium plugin v15.8.2 - https:\/\/yoast.com\/wordpress\/plugins\/seo\/ -->\n<title>Trompe-l&#039;\u0153il Croissant als Lampe, Japan, 2015<\/title>\n<meta name=\"description\" content=\"Trompe-l&#039;\u0153il Croissant als Lampe, Japan, 2015 \u2665 Antiquit\u00e4ten Online kaufen \u2713 Sichere Lieferung \u2713\" \/>\n<meta name=\"robots\" content=\"index, follow, max-snippet:-1, max-image-preview:large, max-video-preview:-1\" \/>\n<link rel=\"canonical\" href=\"https:\/\/annette-ahrens.at\/onlineshop\/produkt\/trompe-loeil-croissant-als-lampe-japan-2015\/\" \/>\n<meta property=\"og:locale\" content=\"de_DE\" \/>\n<meta property=\"og:type\" content=\"article\" \/>\n<meta property=\"og:title\" content=\"Trompe-l&#039;\u0153il Croissant als Lampe, Japan, 2015\" \/>\n<meta property=\"og:description\" content=\"Trompe-l&#039;\u0153il Croissant als Lampe, Japan, 2015 \u2665 Antiquit\u00e4ten Online kaufen \u2713 Sichere Lieferung \u2713\" \/>\n<meta property=\"og:url\" content=\"https:\/\/annette-ahrens.at\/onlineshop\/produkt\/trompe-loeil-croissant-als-lampe-japan-2015\/\" \/>\n<meta property=\"og:site_name\" content=\"Tafelkultur Onlineshop\" \/>\n<meta property=\"article:publisher\" content=\"https:\/\/www.facebook.com\/AnnetteAhrensTafelkultur\" \/>\n<meta property=\"article:modified_time\" content=\"2026-05-09T17:03:27+00:00\" \/>\n<meta property=\"og:image\" content=\"https:\/\/annette-ahrens.at\/onlineshop\/wp-content\/uploads\/2026\/03\/IMG_1321-scaled.jpeg\" \/>\n\t<meta property=\"og:image:width\" content=\"1536\" \/>\n\t<meta property=\"og:image:height\" content=\"2048\" \/>\n<meta name=\"twitter:card\" content=\"summary_large_image\" \/>\n<meta name=\"twitter:label1\" content=\"Gesch\u00e4tzte Lesezeit\">\n\t<meta name=\"twitter:data1\" content=\"1\u00a0Minute\">\n<script type=\"application\/ld+json\" class=\"yoast-schema-graph\">{\"@context\":\"https:\/\/schema.org\",\"@graph\":[{\"@type\":[\"Person\",\"Organization\"],\"@id\":\"https:\/\/annette-ahrens.at\/onlineshop\/#\/schema\/person\/3e19676faae246bba0cb3b7e15f427d8\",\"name\":\"Annette Ahrens\",\"image\":{\"@type\":\"ImageObject\",\"@id\":\"https:\/\/annette-ahrens.at\/onlineshop\/#personlogo\",\"inLanguage\":\"de\",\"url\":\"https:\/\/annette-ahrens.at\/onlineshop\/wp-content\/uploads\/2020\/04\/aa_logo_End.png\",\"width\":800,\"height\":164,\"caption\":\"Annette Ahrens\"},\"logo\":{\"@id\":\"https:\/\/annette-ahrens.at\/onlineshop\/#personlogo\"},\"sameAs\":[\"https:\/\/annette-ahrens.at\",\"https:\/\/www.facebook.com\/AnnetteAhrensTafelkultur\",\"https:\/\/www.instagram.com\/tafelkulturistin\/\",\"https:\/\/de.wikipedia.org\/wiki\/Annette_Ahrens\"]},{\"@type\":\"WebSite\",\"@id\":\"https:\/\/annette-ahrens.at\/onlineshop\/#website\",\"url\":\"https:\/\/annette-ahrens.at\/onlineshop\/\",\"name\":\"Tafelkultur Onlineshop\",\"description\":\"Annette Ahrens\",\"publisher\":{\"@id\":\"https:\/\/annette-ahrens.at\/onlineshop\/#\/schema\/person\/3e19676faae246bba0cb3b7e15f427d8\"},\"potentialAction\":[{\"@type\":\"SearchAction\",\"target\":\"https:\/\/annette-ahrens.at\/onlineshop\/?s={search_term_string}\",\"query-input\":\"required name=search_term_string\"}],\"inLanguage\":\"de\"},{\"@type\":\"ImageObject\",\"@id\":\"https:\/\/annette-ahrens.at\/onlineshop\/produkt\/trompe-loeil-croissant-als-lampe-japan-2015\/#primaryimage\",\"inLanguage\":\"de\",\"url\":\"https:\/\/annette-ahrens.at\/onlineshop\/wp-content\/uploads\/2026\/03\/IMG_1321-scaled.jpeg\",\"width\":1536,\"height\":2048,\"caption\":\"croissant_lampe\"},{\"@type\":[\"WebPage\",\"ItemPage\"],\"@id\":\"https:\/\/annette-ahrens.at\/onlineshop\/produkt\/trompe-loeil-croissant-als-lampe-japan-2015\/#webpage\",\"url\":\"https:\/\/annette-ahrens.at\/onlineshop\/produkt\/trompe-loeil-croissant-als-lampe-japan-2015\/\",\"name\":\"Trompe-l'\\u0153il Croissant als Lampe, Japan, 2015\",\"isPartOf\":{\"@id\":\"https:\/\/annette-ahrens.at\/onlineshop\/#website\"},\"primaryImageOfPage\":{\"@id\":\"https:\/\/annette-ahrens.at\/onlineshop\/produkt\/trompe-loeil-croissant-als-lampe-japan-2015\/#primaryimage\"},\"datePublished\":\"2026-05-10T04:40:34+00:00\",\"dateModified\":\"2026-05-09T17:03:27+00:00\",\"description\":\"Trompe-l'\\u0153il Croissant als Lampe, Japan, 2015 \\u2665 Antiquit\\u00e4ten Online kaufen \\u2713 Sichere Lieferung \\u2713\",\"breadcrumb\":{\"@id\":\"https:\/\/annette-ahrens.at\/onlineshop\/produkt\/trompe-loeil-croissant-als-lampe-japan-2015\/#breadcrumb\"},\"inLanguage\":\"de\",\"potentialAction\":[{\"@type\":\"ReadAction\",\"target\":[\"https:\/\/annette-ahrens.at\/onlineshop\/produkt\/trompe-loeil-croissant-als-lampe-japan-2015\/\"]}]},{\"@type\":\"BreadcrumbList\",\"@id\":\"https:\/\/annette-ahrens.at\/onlineshop\/produkt\/trompe-loeil-croissant-als-lampe-japan-2015\/#breadcrumb\",\"itemListElement\":[{\"@type\":\"ListItem\",\"position\":1,\"item\":{\"@type\":\"WebPage\",\"@id\":\"https:\/\/annette-ahrens.at\/onlineshop\/\",\"url\":\"https:\/\/annette-ahrens.at\/onlineshop\/\",\"name\":\"Home\"}},{\"@type\":\"ListItem\",\"position\":2,\"item\":{\"@type\":\"WebPage\",\"@id\":\"https:\/\/annette-ahrens.at\/onlineshop\/alle-tafelkultur-objekte\/\",\"url\":\"https:\/\/annette-ahrens.at\/onlineshop\/alle-tafelkultur-objekte\/\",\"name\":\"Alle Tafelkultur Objekte\"}},{\"@type\":\"ListItem\",\"position\":3,\"item\":{\"@type\":\"WebPage\",\"@id\":\"https:\/\/annette-ahrens.at\/onlineshop\/produkt\/trompe-loeil-croissant-als-lampe-japan-2015\/\",\"url\":\"https:\/\/annette-ahrens.at\/onlineshop\/produkt\/trompe-loeil-croissant-als-lampe-japan-2015\/\",\"name\":\"Trompe-l&#8217;\\u0153il Croissant als Lampe, Japan, 2015\"}}]}]}<\/script>\n<!-- \/ Yoast SEO Premium plugin. -->","_links":{"self":[{"href":"https:\/\/annette-ahrens.at\/onlineshop\/wp-json\/wp\/v2\/product\/41747","targetHints":{"allow":["GET"]}}],"collection":[{"href":"https:\/\/annette-ahrens.at\/onlineshop\/wp-json\/wp\/v2\/product"}],"about":[{"href":"https:\/\/annette-ahrens.at\/onlineshop\/wp-json\/wp\/v2\/types\/product"}],"replies":[{"embeddable":true,"href":"https:\/\/annette-ahrens.at\/onlineshop\/wp-json\/wp\/v2\/comments?post=41747"}],"wp:featuredmedia":[{"embeddable":true,"href":"https:\/\/annette-ahrens.at\/onlineshop\/wp-json\/wp\/v2\/media\/42347"}],"wp:attachment":[{"href":"https:\/\/annette-ahrens.at\/onlineshop\/wp-json\/wp\/v2\/media?parent=41747"}],"wp:term":[{"taxonomy":"product_brand","embeddable":true,"href":"https:\/\/annette-ahrens.at\/onlineshop\/wp-json\/wp\/v2\/product_brand?post=41747"},{"taxonomy":"product_cat","embeddable":true,"href":"https:\/\/annette-ahrens.at\/onlineshop\/wp-json\/wp\/v2\/product_cat?post=41747"},{"taxonomy":"product_tag","embeddable":true,"href":"https:\/\/annette-ahrens.at\/onlineshop\/wp-json\/wp\/v2\/product_tag?post=41747"}],"curies":[{"name":"wp","href":"https:\/\/api.w.org\/{rel}","templated":true}]}}