{"id":41875,"date":"2026-01-29T06:49:02","date_gmt":"2026-01-29T05:49:02","guid":{"rendered":"https:\/\/annette-ahrens.at\/onlineshop\/?post_type=product&#038;p=41875"},"modified":"2026-02-01T22:10:48","modified_gmt":"2026-02-01T21:10:48","slug":"otto-prutscher-schale-mit-glaseinsatz-fa-argentor-wien-um-1925","status":"publish","type":"product","link":"https:\/\/annette-ahrens.at\/onlineshop\/produkt\/otto-prutscher-schale-mit-glaseinsatz-fa-argentor-wien-um-1925\/","title":{"rendered":"Otto Prutscher, Schale mit Glaseinsatz, Fa. Argentor, Wien, um 1925"},"content":{"rendered":"<p>Schale mit Glaseinsatz<\/p>\n<p>Entwurf: Otto Prutscher (Wien 1880 &#8211; 1949 Wien)<\/p>\n<p>Fa. Argentor-Werke Rust &amp; Hetzel, Wien um 1925<\/p>\n<p>Alpacca, stark versilbert, auf drei Kugelf\u00fcssen, geschliffenes, farbloses Kristallglas, Schale gemarkt &#8222;ARGENTOR&#8220;, tadelloser, handpolierter Erhaltungszustand<\/p>\n<p>Dm 21 cm<\/p>\n<p>H 6,5 cm<\/p>\n","protected":false},"excerpt":{"rendered":"<p>Annettes Etikette: Die auf der ganzen Welt von Sammlern Wiener Jugendstils gesch\u00e4tzte Firma Argentor-Werke Rust &amp; Hetzel wurde 1902 mit der Vorg\u00e4ngerfirma C.A. M\u00fcnchmeyer &amp; Co in der Kaiserstrasse 83 gegr\u00fcndet und war bis zum Jahre 1970 aktiv. Die erhaltenen Firmenkataloge dieses Metallwarenherstellers mit \u00fcber 9.000 verschiedenen Artikeln zeigen die hohe Qualit\u00e4t an Entw\u00fcrfen. Zwei der Kataloge (Nr. 13 und 30) wurden von Frau Dr. Waltraud Neuwirth wiederaufgelegt und dienen dem Sammler als wichtige Grundlage.<\/p>\n","protected":false},"featured_media":41876,"comment_status":"open","ping_status":"closed","template":"","meta":[],"product_brand":[],"product_cat":[31,21,279,290,273,26],"product_tag":[],"class_list":{"0":"post-41875","1":"product","2":"type-product","3":"status-publish","4":"has-post-thumbnail","6":"product_cat-gastgeschenke","7":"product_cat-obst-gemuese","8":"product_cat-schale","9":"product_cat-schuessel","10":"product_cat-silber-fachbuecher","11":"product_cat-wiener-melange","13":"first","14":"instock","15":"sold-individually","16":"purchasable","17":"product-type-simple"},"yoast_head":"<!-- This site is optimized with the Yoast SEO Premium plugin v15.8.2 - https:\/\/yoast.com\/wordpress\/plugins\/seo\/ -->\n<title>Otto Prutscher, Schale mit Glaseinsatz, Fa. Argentor, Wien, um 1925<\/title>\n<meta name=\"description\" content=\"Otto Prutscher, Schale mit Glaseinsatz, Fa. Argentor, Wien, um 1925 \u2665 Antiquit\u00e4ten Online kaufen \u2713 Sichere Lieferung \u2713\" \/>\n<meta name=\"robots\" content=\"index, follow, max-snippet:-1, max-image-preview:large, max-video-preview:-1\" \/>\n<link rel=\"canonical\" href=\"https:\/\/annette-ahrens.at\/onlineshop\/produkt\/otto-prutscher-schale-mit-glaseinsatz-fa-argentor-wien-um-1925\/\" \/>\n<meta property=\"og:locale\" content=\"de_DE\" \/>\n<meta property=\"og:type\" content=\"article\" \/>\n<meta property=\"og:title\" content=\"Otto Prutscher, Schale mit Glaseinsatz, Fa. Argentor, Wien, um 1925\" \/>\n<meta property=\"og:description\" content=\"Otto Prutscher, Schale mit Glaseinsatz, Fa. Argentor, Wien, um 1925 \u2665 Antiquit\u00e4ten Online kaufen \u2713 Sichere Lieferung \u2713\" \/>\n<meta property=\"og:url\" content=\"https:\/\/annette-ahrens.at\/onlineshop\/produkt\/otto-prutscher-schale-mit-glaseinsatz-fa-argentor-wien-um-1925\/\" \/>\n<meta property=\"og:site_name\" content=\"Tafelkultur Onlineshop\" \/>\n<meta property=\"article:publisher\" content=\"https:\/\/www.facebook.com\/AnnetteAhrensTafelkultur\" \/>\n<meta property=\"article:modified_time\" content=\"2026-02-01T21:10:48+00:00\" \/>\n<meta property=\"og:image\" content=\"https:\/\/annette-ahrens.at\/onlineshop\/wp-content\/uploads\/2026\/01\/IMG_1003-scaled.jpeg\" \/>\n\t<meta property=\"og:image:width\" content=\"2014\" \/>\n\t<meta property=\"og:image:height\" content=\"2048\" \/>\n<meta name=\"twitter:card\" content=\"summary_large_image\" \/>\n<meta name=\"twitter:label1\" content=\"Gesch\u00e4tzte Lesezeit\">\n\t<meta name=\"twitter:data1\" content=\"1\u00a0Minute\">\n<script type=\"application\/ld+json\" class=\"yoast-schema-graph\">{\"@context\":\"https:\/\/schema.org\",\"@graph\":[{\"@type\":[\"Person\",\"Organization\"],\"@id\":\"https:\/\/annette-ahrens.at\/onlineshop\/#\/schema\/person\/3e19676faae246bba0cb3b7e15f427d8\",\"name\":\"Annette Ahrens\",\"image\":{\"@type\":\"ImageObject\",\"@id\":\"https:\/\/annette-ahrens.at\/onlineshop\/#personlogo\",\"inLanguage\":\"de\",\"url\":\"https:\/\/annette-ahrens.at\/onlineshop\/wp-content\/uploads\/2020\/04\/aa_logo_End.png\",\"width\":800,\"height\":164,\"caption\":\"Annette Ahrens\"},\"logo\":{\"@id\":\"https:\/\/annette-ahrens.at\/onlineshop\/#personlogo\"},\"sameAs\":[\"https:\/\/annette-ahrens.at\",\"https:\/\/www.facebook.com\/AnnetteAhrensTafelkultur\",\"https:\/\/www.instagram.com\/tafelkulturistin\/\",\"https:\/\/de.wikipedia.org\/wiki\/Annette_Ahrens\"]},{\"@type\":\"WebSite\",\"@id\":\"https:\/\/annette-ahrens.at\/onlineshop\/#website\",\"url\":\"https:\/\/annette-ahrens.at\/onlineshop\/\",\"name\":\"Tafelkultur Onlineshop\",\"description\":\"Annette Ahrens\",\"publisher\":{\"@id\":\"https:\/\/annette-ahrens.at\/onlineshop\/#\/schema\/person\/3e19676faae246bba0cb3b7e15f427d8\"},\"potentialAction\":[{\"@type\":\"SearchAction\",\"target\":\"https:\/\/annette-ahrens.at\/onlineshop\/?s={search_term_string}\",\"query-input\":\"required name=search_term_string\"}],\"inLanguage\":\"de\"},{\"@type\":\"ImageObject\",\"@id\":\"https:\/\/annette-ahrens.at\/onlineshop\/produkt\/otto-prutscher-schale-mit-glaseinsatz-fa-argentor-wien-um-1925\/#primaryimage\",\"inLanguage\":\"de\",\"url\":\"https:\/\/annette-ahrens.at\/onlineshop\/wp-content\/uploads\/2026\/01\/IMG_1003-scaled.jpeg\",\"width\":2014,\"height\":2048,\"caption\":\"schale_argentor_prutscher\"},{\"@type\":[\"WebPage\",\"ItemPage\"],\"@id\":\"https:\/\/annette-ahrens.at\/onlineshop\/produkt\/otto-prutscher-schale-mit-glaseinsatz-fa-argentor-wien-um-1925\/#webpage\",\"url\":\"https:\/\/annette-ahrens.at\/onlineshop\/produkt\/otto-prutscher-schale-mit-glaseinsatz-fa-argentor-wien-um-1925\/\",\"name\":\"Otto Prutscher, Schale mit Glaseinsatz, Fa. Argentor, Wien, um 1925\",\"isPartOf\":{\"@id\":\"https:\/\/annette-ahrens.at\/onlineshop\/#website\"},\"primaryImageOfPage\":{\"@id\":\"https:\/\/annette-ahrens.at\/onlineshop\/produkt\/otto-prutscher-schale-mit-glaseinsatz-fa-argentor-wien-um-1925\/#primaryimage\"},\"datePublished\":\"2026-01-29T05:49:02+00:00\",\"dateModified\":\"2026-02-01T21:10:48+00:00\",\"description\":\"Otto Prutscher, Schale mit Glaseinsatz, Fa. Argentor, Wien, um 1925 \\u2665 Antiquit\\u00e4ten Online kaufen \\u2713 Sichere Lieferung \\u2713\",\"breadcrumb\":{\"@id\":\"https:\/\/annette-ahrens.at\/onlineshop\/produkt\/otto-prutscher-schale-mit-glaseinsatz-fa-argentor-wien-um-1925\/#breadcrumb\"},\"inLanguage\":\"de\",\"potentialAction\":[{\"@type\":\"ReadAction\",\"target\":[\"https:\/\/annette-ahrens.at\/onlineshop\/produkt\/otto-prutscher-schale-mit-glaseinsatz-fa-argentor-wien-um-1925\/\"]}]},{\"@type\":\"BreadcrumbList\",\"@id\":\"https:\/\/annette-ahrens.at\/onlineshop\/produkt\/otto-prutscher-schale-mit-glaseinsatz-fa-argentor-wien-um-1925\/#breadcrumb\",\"itemListElement\":[{\"@type\":\"ListItem\",\"position\":1,\"item\":{\"@type\":\"WebPage\",\"@id\":\"https:\/\/annette-ahrens.at\/onlineshop\/\",\"url\":\"https:\/\/annette-ahrens.at\/onlineshop\/\",\"name\":\"Home\"}},{\"@type\":\"ListItem\",\"position\":2,\"item\":{\"@type\":\"WebPage\",\"@id\":\"https:\/\/annette-ahrens.at\/onlineshop\/alle-tafelkultur-objekte\/\",\"url\":\"https:\/\/annette-ahrens.at\/onlineshop\/alle-tafelkultur-objekte\/\",\"name\":\"Alle Tafelkultur Objekte\"}},{\"@type\":\"ListItem\",\"position\":3,\"item\":{\"@type\":\"WebPage\",\"@id\":\"https:\/\/annette-ahrens.at\/onlineshop\/produkt\/otto-prutscher-schale-mit-glaseinsatz-fa-argentor-wien-um-1925\/\",\"url\":\"https:\/\/annette-ahrens.at\/onlineshop\/produkt\/otto-prutscher-schale-mit-glaseinsatz-fa-argentor-wien-um-1925\/\",\"name\":\"Otto Prutscher, Schale mit Glaseinsatz, Fa. Argentor, Wien, um 1925\"}}]}]}<\/script>\n<!-- \/ Yoast SEO Premium plugin. -->","_links":{"self":[{"href":"https:\/\/annette-ahrens.at\/onlineshop\/wp-json\/wp\/v2\/product\/41875","targetHints":{"allow":["GET"]}}],"collection":[{"href":"https:\/\/annette-ahrens.at\/onlineshop\/wp-json\/wp\/v2\/product"}],"about":[{"href":"https:\/\/annette-ahrens.at\/onlineshop\/wp-json\/wp\/v2\/types\/product"}],"replies":[{"embeddable":true,"href":"https:\/\/annette-ahrens.at\/onlineshop\/wp-json\/wp\/v2\/comments?post=41875"}],"wp:featuredmedia":[{"embeddable":true,"href":"https:\/\/annette-ahrens.at\/onlineshop\/wp-json\/wp\/v2\/media\/41876"}],"wp:attachment":[{"href":"https:\/\/annette-ahrens.at\/onlineshop\/wp-json\/wp\/v2\/media?parent=41875"}],"wp:term":[{"taxonomy":"product_brand","embeddable":true,"href":"https:\/\/annette-ahrens.at\/onlineshop\/wp-json\/wp\/v2\/product_brand?post=41875"},{"taxonomy":"product_cat","embeddable":true,"href":"https:\/\/annette-ahrens.at\/onlineshop\/wp-json\/wp\/v2\/product_cat?post=41875"},{"taxonomy":"product_tag","embeddable":true,"href":"https:\/\/annette-ahrens.at\/onlineshop\/wp-json\/wp\/v2\/product_tag?post=41875"}],"curies":[{"name":"wp","href":"https:\/\/api.w.org\/{rel}","templated":true}]}}