{"id":41956,"date":"2026-01-27T06:32:59","date_gmt":"2026-01-27T05:32:59","guid":{"rendered":"https:\/\/annette-ahrens.at\/onlineshop\/?post_type=product&#038;p=41956"},"modified":"2026-01-27T13:25:20","modified_gmt":"2026-01-27T12:25:20","slug":"paar-geschliffene-karaffen-england-um-1920","status":"publish","type":"product","link":"https:\/\/annette-ahrens.at\/onlineshop\/produkt\/paar-geschliffene-karaffen-england-um-1920\/","title":{"rendered":"Paar seltene Schiffs-Karaffen, England, 19. Jahrhundert"},"content":{"rendered":"<p>Paar seltene, geschliffene Schiffs-Karaffen<\/p>\n<p>England, 19. Jahrhundert<\/p>\n<p>farbloser Kristallglask\u00f6rper, handgeschliffen, breiter Stand mit Strahlenschliff, horizontale Rillen am Korpus, langer Hals mit Profilringen, aufwendiger Schliff, ausgestellter Lippenrand, zugeh\u00f6rige pilzf\u00f6rmige Stoppeln mit Sternschliff, minimale Absplitterungen<\/p>\n<p>H\u00f6he 19 cm<\/p>\n","protected":false},"excerpt":{"rendered":"<p>Paar seltene, geschliffene Schiffs-Karaffen England, 19. Jahrhundert farbloser Kristallglask\u00f6rper, handgeschliffen, breiter Stand mit Strahlenschliff, horizontale Rillen am Korpus, langer Hals mit Profilringen, aufwendiger Schliff, ausgestellter Lippenrand, zugeh\u00f6rige pilzf\u00f6rmige Stoppeln mit Sternschliff, minimale Absplitterungen H\u00f6he 19 cm<\/p>\n","protected":false},"featured_media":42003,"comment_status":"open","ping_status":"closed","template":"","meta":[],"product_brand":[],"product_cat":[27,31,222,313,218,52,53],"product_tag":[],"class_list":{"0":"post-41956","1":"product","2":"type-product","3":"status-publish","4":"has-post-thumbnail","6":"product_cat-barware","7":"product_cat-gastgeschenke","8":"product_cat-karaffe","9":"product_cat-menagerie","10":"product_cat-schnaps","11":"product_cat-thanksgiving","12":"product_cat-weihnachten","14":"first","15":"instock","16":"sold-individually","17":"purchasable","18":"product-type-simple"},"yoast_head":"<!-- This site is optimized with the Yoast SEO Premium plugin v15.8.2 - https:\/\/yoast.com\/wordpress\/plugins\/seo\/ -->\n<title>Paar seltene Schiffs-Karaffen, England, 19. Jahrhundert<\/title>\n<meta name=\"description\" content=\"Paar seltene Schiffs-Karaffen, England, 19. Jahrhundert \u2665 Antiquit\u00e4ten Online kaufen \u2713 Sichere Lieferung \u2713\" \/>\n<meta name=\"robots\" content=\"index, follow, max-snippet:-1, max-image-preview:large, max-video-preview:-1\" \/>\n<link rel=\"canonical\" href=\"https:\/\/annette-ahrens.at\/onlineshop\/produkt\/paar-geschliffene-karaffen-england-um-1920\/\" \/>\n<meta property=\"og:locale\" content=\"de_DE\" \/>\n<meta property=\"og:type\" content=\"article\" \/>\n<meta property=\"og:title\" content=\"Paar seltene Schiffs-Karaffen, England, 19. Jahrhundert\" \/>\n<meta property=\"og:description\" content=\"Paar seltene Schiffs-Karaffen, England, 19. Jahrhundert \u2665 Antiquit\u00e4ten Online kaufen \u2713 Sichere Lieferung \u2713\" \/>\n<meta property=\"og:url\" content=\"https:\/\/annette-ahrens.at\/onlineshop\/produkt\/paar-geschliffene-karaffen-england-um-1920\/\" \/>\n<meta property=\"og:site_name\" content=\"Tafelkultur Onlineshop\" \/>\n<meta property=\"article:publisher\" content=\"https:\/\/www.facebook.com\/AnnetteAhrensTafelkultur\" \/>\n<meta property=\"article:modified_time\" content=\"2026-01-27T12:25:20+00:00\" \/>\n<meta property=\"og:image\" content=\"https:\/\/annette-ahrens.at\/onlineshop\/wp-content\/uploads\/2026\/02\/IMG_1117-scaled-e1769516703628.jpeg\" \/>\n\t<meta property=\"og:image:width\" content=\"1693\" \/>\n\t<meta property=\"og:image:height\" content=\"1625\" \/>\n<meta name=\"twitter:card\" content=\"summary_large_image\" \/>\n<meta name=\"twitter:label1\" content=\"Gesch\u00e4tzte Lesezeit\">\n\t<meta name=\"twitter:data1\" content=\"1\u00a0Minute\">\n<script type=\"application\/ld+json\" class=\"yoast-schema-graph\">{\"@context\":\"https:\/\/schema.org\",\"@graph\":[{\"@type\":[\"Person\",\"Organization\"],\"@id\":\"https:\/\/annette-ahrens.at\/onlineshop\/#\/schema\/person\/3e19676faae246bba0cb3b7e15f427d8\",\"name\":\"Annette Ahrens\",\"image\":{\"@type\":\"ImageObject\",\"@id\":\"https:\/\/annette-ahrens.at\/onlineshop\/#personlogo\",\"inLanguage\":\"de\",\"url\":\"https:\/\/annette-ahrens.at\/onlineshop\/wp-content\/uploads\/2020\/04\/aa_logo_End.png\",\"width\":800,\"height\":164,\"caption\":\"Annette Ahrens\"},\"logo\":{\"@id\":\"https:\/\/annette-ahrens.at\/onlineshop\/#personlogo\"},\"sameAs\":[\"https:\/\/annette-ahrens.at\",\"https:\/\/www.facebook.com\/AnnetteAhrensTafelkultur\",\"https:\/\/www.instagram.com\/tafelkulturistin\/\",\"https:\/\/de.wikipedia.org\/wiki\/Annette_Ahrens\"]},{\"@type\":\"WebSite\",\"@id\":\"https:\/\/annette-ahrens.at\/onlineshop\/#website\",\"url\":\"https:\/\/annette-ahrens.at\/onlineshop\/\",\"name\":\"Tafelkultur Onlineshop\",\"description\":\"Annette Ahrens\",\"publisher\":{\"@id\":\"https:\/\/annette-ahrens.at\/onlineshop\/#\/schema\/person\/3e19676faae246bba0cb3b7e15f427d8\"},\"potentialAction\":[{\"@type\":\"SearchAction\",\"target\":\"https:\/\/annette-ahrens.at\/onlineshop\/?s={search_term_string}\",\"query-input\":\"required name=search_term_string\"}],\"inLanguage\":\"de\"},{\"@type\":\"ImageObject\",\"@id\":\"https:\/\/annette-ahrens.at\/onlineshop\/produkt\/paar-geschliffene-karaffen-england-um-1920\/#primaryimage\",\"inLanguage\":\"de\",\"url\":\"https:\/\/annette-ahrens.at\/onlineshop\/wp-content\/uploads\/2026\/02\/IMG_1117-scaled-e1769516703628.jpeg\",\"width\":1693,\"height\":1625,\"caption\":\"karaffe_england\"},{\"@type\":[\"WebPage\",\"ItemPage\"],\"@id\":\"https:\/\/annette-ahrens.at\/onlineshop\/produkt\/paar-geschliffene-karaffen-england-um-1920\/#webpage\",\"url\":\"https:\/\/annette-ahrens.at\/onlineshop\/produkt\/paar-geschliffene-karaffen-england-um-1920\/\",\"name\":\"Paar seltene Schiffs-Karaffen, England, 19. Jahrhundert\",\"isPartOf\":{\"@id\":\"https:\/\/annette-ahrens.at\/onlineshop\/#website\"},\"primaryImageOfPage\":{\"@id\":\"https:\/\/annette-ahrens.at\/onlineshop\/produkt\/paar-geschliffene-karaffen-england-um-1920\/#primaryimage\"},\"datePublished\":\"2026-01-27T05:32:59+00:00\",\"dateModified\":\"2026-01-27T12:25:20+00:00\",\"description\":\"Paar seltene Schiffs-Karaffen, England, 19. Jahrhundert \\u2665 Antiquit\\u00e4ten Online kaufen \\u2713 Sichere Lieferung \\u2713\",\"breadcrumb\":{\"@id\":\"https:\/\/annette-ahrens.at\/onlineshop\/produkt\/paar-geschliffene-karaffen-england-um-1920\/#breadcrumb\"},\"inLanguage\":\"de\",\"potentialAction\":[{\"@type\":\"ReadAction\",\"target\":[\"https:\/\/annette-ahrens.at\/onlineshop\/produkt\/paar-geschliffene-karaffen-england-um-1920\/\"]}]},{\"@type\":\"BreadcrumbList\",\"@id\":\"https:\/\/annette-ahrens.at\/onlineshop\/produkt\/paar-geschliffene-karaffen-england-um-1920\/#breadcrumb\",\"itemListElement\":[{\"@type\":\"ListItem\",\"position\":1,\"item\":{\"@type\":\"WebPage\",\"@id\":\"https:\/\/annette-ahrens.at\/onlineshop\/\",\"url\":\"https:\/\/annette-ahrens.at\/onlineshop\/\",\"name\":\"Home\"}},{\"@type\":\"ListItem\",\"position\":2,\"item\":{\"@type\":\"WebPage\",\"@id\":\"https:\/\/annette-ahrens.at\/onlineshop\/alle-tafelkultur-objekte\/\",\"url\":\"https:\/\/annette-ahrens.at\/onlineshop\/alle-tafelkultur-objekte\/\",\"name\":\"Alle Tafelkultur Objekte\"}},{\"@type\":\"ListItem\",\"position\":3,\"item\":{\"@type\":\"WebPage\",\"@id\":\"https:\/\/annette-ahrens.at\/onlineshop\/produkt\/paar-geschliffene-karaffen-england-um-1920\/\",\"url\":\"https:\/\/annette-ahrens.at\/onlineshop\/produkt\/paar-geschliffene-karaffen-england-um-1920\/\",\"name\":\"Paar seltene Schiffs-Karaffen, England, 19. Jahrhundert\"}}]}]}<\/script>\n<!-- \/ Yoast SEO Premium plugin. -->","_links":{"self":[{"href":"https:\/\/annette-ahrens.at\/onlineshop\/wp-json\/wp\/v2\/product\/41956","targetHints":{"allow":["GET"]}}],"collection":[{"href":"https:\/\/annette-ahrens.at\/onlineshop\/wp-json\/wp\/v2\/product"}],"about":[{"href":"https:\/\/annette-ahrens.at\/onlineshop\/wp-json\/wp\/v2\/types\/product"}],"replies":[{"embeddable":true,"href":"https:\/\/annette-ahrens.at\/onlineshop\/wp-json\/wp\/v2\/comments?post=41956"}],"wp:featuredmedia":[{"embeddable":true,"href":"https:\/\/annette-ahrens.at\/onlineshop\/wp-json\/wp\/v2\/media\/42003"}],"wp:attachment":[{"href":"https:\/\/annette-ahrens.at\/onlineshop\/wp-json\/wp\/v2\/media?parent=41956"}],"wp:term":[{"taxonomy":"product_brand","embeddable":true,"href":"https:\/\/annette-ahrens.at\/onlineshop\/wp-json\/wp\/v2\/product_brand?post=41956"},{"taxonomy":"product_cat","embeddable":true,"href":"https:\/\/annette-ahrens.at\/onlineshop\/wp-json\/wp\/v2\/product_cat?post=41956"},{"taxonomy":"product_tag","embeddable":true,"href":"https:\/\/annette-ahrens.at\/onlineshop\/wp-json\/wp\/v2\/product_tag?post=41956"}],"curies":[{"name":"wp","href":"https:\/\/api.w.org\/{rel}","templated":true}]}}