{"id":41966,"date":"2026-02-03T06:27:22","date_gmt":"2026-02-03T05:27:22","guid":{"rendered":"https:\/\/annette-ahrens.at\/onlineshop\/?post_type=product&#038;p=41966"},"modified":"2026-01-27T16:12:44","modified_gmt":"2026-01-27T15:12:44","slug":"rundes-versilbertes-kabarettservice-kreuzband-frankreich-um-1900","status":"publish","type":"product","link":"https:\/\/annette-ahrens.at\/onlineshop\/produkt\/rundes-versilbertes-kabarettservice-kreuzband-frankreich-um-1900\/","title":{"rendered":"Rundes versilbertes Kabarettservice &#8222;Kreuzband&#8220;, Frankreich, um 1900"},"content":{"rendered":"<p>Rundes versilbertes Historismus Kabarettservice<\/p>\n<p>Frankreich, um 1900<\/p>\n<p>Alpacca, massiv versilbert, runde Platte mit zwei seitlichen Henkeln, umlaufender Kreuzband-Dekor (frz. &#8222;Rubans&#8220;), 5 originale, farblose Kristallglas-Eins\u00e4tze, handgeschliffen Mittelteil mit zugeh\u00f6rigem, rundem Deckel, Alpacca gemarkt mit franz\u00f6sischer Herstellermarke, tadelloser Erhaltungszustand mit geringen Gebrauchsspuren<\/p>\n<p>Dm 25 cm<\/p>\n<p>Dm 35,5 cm (\u00fcber Henkel)<\/p>\n<p>Glas mit Deckel Dm 7 cm<\/p>\n","protected":false},"excerpt":{"rendered":"<p>Rundes versilbertes Historismus Kabarettservice Frankreich, um 1900 Alpacca, massiv versilbert, runde Platte mit zwei seitlichen Henkeln, umlaufender Kreuzband-Dekor (frz. &#8222;Rubans&#8220;), 5 originale, farblose Kristallglas-Eins\u00e4tze, handgeschliffen Mittelteil mit zugeh\u00f6rigem, rundem Deckel, Alpacca gemarkt mit franz\u00f6sischer Herstellermarke, tadelloser Erhaltungszustand mit geringen Gebrauchsspuren Dm 25 cm Dm 35,5 cm (\u00fcber Henkel) Glas mit Deckel Dm 7 cm<\/p>\n","protected":false},"featured_media":41995,"comment_status":"open","ping_status":"closed","template":"","meta":[],"product_brand":[],"product_cat":[130,276,219,298,299,20,283,131,26],"product_tag":[],"class_list":{"0":"post-41966","1":"product","2":"type-product","3":"status-publish","4":"has-post-thumbnail","6":"product_cat-abendessen","7":"product_cat-alpacca","8":"product_cat-barutensilien","9":"product_cat-buffet","10":"product_cat-cocktailparty","11":"product_cat-lunchtime","12":"product_cat-tablett","13":"product_cat-tafeldekorationen","14":"product_cat-wiener-melange","16":"first","17":"instock","18":"sold-individually","19":"purchasable","20":"product-type-simple"},"yoast_head":"<!-- This site is optimized with the Yoast SEO Premium plugin v15.8.2 - https:\/\/yoast.com\/wordpress\/plugins\/seo\/ -->\n<title>Rundes versilbertes Kabarettservice &quot;Kreuzband&quot;, Frankreich, um 1900<\/title>\n<meta name=\"description\" content=\"Rundes versilbertes Kabarettservice &quot;Kreuzband&quot;, Frankreich, um 1900 \u2665 Antiquit\u00e4ten Online kaufen \u2713 Sichere Lieferung \u2713\" \/>\n<meta name=\"robots\" content=\"index, follow, max-snippet:-1, max-image-preview:large, max-video-preview:-1\" \/>\n<link rel=\"canonical\" href=\"https:\/\/annette-ahrens.at\/onlineshop\/produkt\/rundes-versilbertes-kabarettservice-kreuzband-frankreich-um-1900\/\" \/>\n<meta property=\"og:locale\" content=\"de_DE\" \/>\n<meta property=\"og:type\" content=\"article\" \/>\n<meta property=\"og:title\" content=\"Rundes versilbertes Kabarettservice &quot;Kreuzband&quot;, Frankreich, um 1900\" \/>\n<meta property=\"og:description\" content=\"Rundes versilbertes Kabarettservice &quot;Kreuzband&quot;, Frankreich, um 1900 \u2665 Antiquit\u00e4ten Online kaufen \u2713 Sichere Lieferung \u2713\" \/>\n<meta property=\"og:url\" content=\"https:\/\/annette-ahrens.at\/onlineshop\/produkt\/rundes-versilbertes-kabarettservice-kreuzband-frankreich-um-1900\/\" \/>\n<meta property=\"og:site_name\" content=\"Tafelkultur Onlineshop\" \/>\n<meta property=\"article:publisher\" content=\"https:\/\/www.facebook.com\/AnnetteAhrensTafelkultur\" \/>\n<meta property=\"article:modified_time\" content=\"2026-01-27T15:12:44+00:00\" \/>\n<meta property=\"og:image\" content=\"https:\/\/annette-ahrens.at\/onlineshop\/wp-content\/uploads\/2026\/02\/IMG_1124-scaled.jpeg\" \/>\n\t<meta property=\"og:image:width\" content=\"1536\" \/>\n\t<meta property=\"og:image:height\" content=\"2048\" \/>\n<meta name=\"twitter:card\" content=\"summary_large_image\" \/>\n<meta name=\"twitter:label1\" content=\"Gesch\u00e4tzte Lesezeit\">\n\t<meta name=\"twitter:data1\" content=\"1\u00a0Minute\">\n<script type=\"application\/ld+json\" class=\"yoast-schema-graph\">{\"@context\":\"https:\/\/schema.org\",\"@graph\":[{\"@type\":[\"Person\",\"Organization\"],\"@id\":\"https:\/\/annette-ahrens.at\/onlineshop\/#\/schema\/person\/3e19676faae246bba0cb3b7e15f427d8\",\"name\":\"Annette Ahrens\",\"image\":{\"@type\":\"ImageObject\",\"@id\":\"https:\/\/annette-ahrens.at\/onlineshop\/#personlogo\",\"inLanguage\":\"de\",\"url\":\"https:\/\/annette-ahrens.at\/onlineshop\/wp-content\/uploads\/2020\/04\/aa_logo_End.png\",\"width\":800,\"height\":164,\"caption\":\"Annette Ahrens\"},\"logo\":{\"@id\":\"https:\/\/annette-ahrens.at\/onlineshop\/#personlogo\"},\"sameAs\":[\"https:\/\/annette-ahrens.at\",\"https:\/\/www.facebook.com\/AnnetteAhrensTafelkultur\",\"https:\/\/www.instagram.com\/tafelkulturistin\/\",\"https:\/\/de.wikipedia.org\/wiki\/Annette_Ahrens\"]},{\"@type\":\"WebSite\",\"@id\":\"https:\/\/annette-ahrens.at\/onlineshop\/#website\",\"url\":\"https:\/\/annette-ahrens.at\/onlineshop\/\",\"name\":\"Tafelkultur Onlineshop\",\"description\":\"Annette Ahrens\",\"publisher\":{\"@id\":\"https:\/\/annette-ahrens.at\/onlineshop\/#\/schema\/person\/3e19676faae246bba0cb3b7e15f427d8\"},\"potentialAction\":[{\"@type\":\"SearchAction\",\"target\":\"https:\/\/annette-ahrens.at\/onlineshop\/?s={search_term_string}\",\"query-input\":\"required name=search_term_string\"}],\"inLanguage\":\"de\"},{\"@type\":\"ImageObject\",\"@id\":\"https:\/\/annette-ahrens.at\/onlineshop\/produkt\/rundes-versilbertes-kabarettservice-kreuzband-frankreich-um-1900\/#primaryimage\",\"inLanguage\":\"de\",\"url\":\"https:\/\/annette-ahrens.at\/onlineshop\/wp-content\/uploads\/2026\/02\/IMG_1124-scaled.jpeg\",\"width\":1536,\"height\":2048,\"caption\":\"kabarettschale_frankreich\"},{\"@type\":[\"WebPage\",\"ItemPage\"],\"@id\":\"https:\/\/annette-ahrens.at\/onlineshop\/produkt\/rundes-versilbertes-kabarettservice-kreuzband-frankreich-um-1900\/#webpage\",\"url\":\"https:\/\/annette-ahrens.at\/onlineshop\/produkt\/rundes-versilbertes-kabarettservice-kreuzband-frankreich-um-1900\/\",\"name\":\"Rundes versilbertes Kabarettservice \\\"Kreuzband\\\", Frankreich, um 1900\",\"isPartOf\":{\"@id\":\"https:\/\/annette-ahrens.at\/onlineshop\/#website\"},\"primaryImageOfPage\":{\"@id\":\"https:\/\/annette-ahrens.at\/onlineshop\/produkt\/rundes-versilbertes-kabarettservice-kreuzband-frankreich-um-1900\/#primaryimage\"},\"datePublished\":\"2026-02-03T05:27:22+00:00\",\"dateModified\":\"2026-01-27T15:12:44+00:00\",\"description\":\"Rundes versilbertes Kabarettservice \\\"Kreuzband\\\", Frankreich, um 1900 \\u2665 Antiquit\\u00e4ten Online kaufen \\u2713 Sichere Lieferung \\u2713\",\"breadcrumb\":{\"@id\":\"https:\/\/annette-ahrens.at\/onlineshop\/produkt\/rundes-versilbertes-kabarettservice-kreuzband-frankreich-um-1900\/#breadcrumb\"},\"inLanguage\":\"de\",\"potentialAction\":[{\"@type\":\"ReadAction\",\"target\":[\"https:\/\/annette-ahrens.at\/onlineshop\/produkt\/rundes-versilbertes-kabarettservice-kreuzband-frankreich-um-1900\/\"]}]},{\"@type\":\"BreadcrumbList\",\"@id\":\"https:\/\/annette-ahrens.at\/onlineshop\/produkt\/rundes-versilbertes-kabarettservice-kreuzband-frankreich-um-1900\/#breadcrumb\",\"itemListElement\":[{\"@type\":\"ListItem\",\"position\":1,\"item\":{\"@type\":\"WebPage\",\"@id\":\"https:\/\/annette-ahrens.at\/onlineshop\/\",\"url\":\"https:\/\/annette-ahrens.at\/onlineshop\/\",\"name\":\"Home\"}},{\"@type\":\"ListItem\",\"position\":2,\"item\":{\"@type\":\"WebPage\",\"@id\":\"https:\/\/annette-ahrens.at\/onlineshop\/alle-tafelkultur-objekte\/\",\"url\":\"https:\/\/annette-ahrens.at\/onlineshop\/alle-tafelkultur-objekte\/\",\"name\":\"Alle Tafelkultur Objekte\"}},{\"@type\":\"ListItem\",\"position\":3,\"item\":{\"@type\":\"WebPage\",\"@id\":\"https:\/\/annette-ahrens.at\/onlineshop\/produkt\/rundes-versilbertes-kabarettservice-kreuzband-frankreich-um-1900\/\",\"url\":\"https:\/\/annette-ahrens.at\/onlineshop\/produkt\/rundes-versilbertes-kabarettservice-kreuzband-frankreich-um-1900\/\",\"name\":\"Rundes versilbertes Kabarettservice &#8222;Kreuzband&#8220;, Frankreich, um 1900\"}}]}]}<\/script>\n<!-- \/ Yoast SEO Premium plugin. -->","_links":{"self":[{"href":"https:\/\/annette-ahrens.at\/onlineshop\/wp-json\/wp\/v2\/product\/41966","targetHints":{"allow":["GET"]}}],"collection":[{"href":"https:\/\/annette-ahrens.at\/onlineshop\/wp-json\/wp\/v2\/product"}],"about":[{"href":"https:\/\/annette-ahrens.at\/onlineshop\/wp-json\/wp\/v2\/types\/product"}],"replies":[{"embeddable":true,"href":"https:\/\/annette-ahrens.at\/onlineshop\/wp-json\/wp\/v2\/comments?post=41966"}],"wp:featuredmedia":[{"embeddable":true,"href":"https:\/\/annette-ahrens.at\/onlineshop\/wp-json\/wp\/v2\/media\/41995"}],"wp:attachment":[{"href":"https:\/\/annette-ahrens.at\/onlineshop\/wp-json\/wp\/v2\/media?parent=41966"}],"wp:term":[{"taxonomy":"product_brand","embeddable":true,"href":"https:\/\/annette-ahrens.at\/onlineshop\/wp-json\/wp\/v2\/product_brand?post=41966"},{"taxonomy":"product_cat","embeddable":true,"href":"https:\/\/annette-ahrens.at\/onlineshop\/wp-json\/wp\/v2\/product_cat?post=41966"},{"taxonomy":"product_tag","embeddable":true,"href":"https:\/\/annette-ahrens.at\/onlineshop\/wp-json\/wp\/v2\/product_tag?post=41966"}],"curies":[{"name":"wp","href":"https:\/\/api.w.org\/{rel}","templated":true}]}}