{"id":41977,"date":"2026-02-09T06:36:44","date_gmt":"2026-02-09T05:36:44","guid":{"rendered":"https:\/\/annette-ahrens.at\/onlineshop\/?post_type=product&#038;p=41977"},"modified":"2026-01-27T21:18:48","modified_gmt":"2026-01-27T20:18:48","slug":"hans-ofner-versilberte-jugendstil-huiliere-fa-argentor-werke-rust-hetzel-wien-um-1900-3","status":"publish","type":"product","link":"https:\/\/annette-ahrens.at\/onlineshop\/produkt\/hans-ofner-versilberte-jugendstil-huiliere-fa-argentor-werke-rust-hetzel-wien-um-1900-3\/","title":{"rendered":"Hans Ofner, Versilberte Jugendstil Huili\u00e8re, Fa. Argentor-Werke Rust &#038; Hetzel, Wien um 1900"},"content":{"rendered":"<p>Jugendstil Huili\u00e8re Modellnummer 4057<\/p>\n<p>Entwurf von Hans Ofner (St. P\u00f6lten 1880 &#8211; 1939 Salzburg) f\u00fcr Fa. Argentor -Werke Rust &amp; Hetzel, Wien um 1900<\/p>\n<p>Alpacca, versilbert, Essiggestell auf vier Kugelf\u00fcssen, durchbrochen gearbeitet, Haltegriff, 2 runde K\u00f6rbe f\u00fcr zwei farblose Kristallglas-Karaffen, geschliffen, zugeh\u00f6riger Stoppl, Metall ungemarkt, tadelloser, handpolierter Erhaltungszustand<\/p>\n<p>H \u00a021,5 cm<\/p>\n<p>B 13,5 cm<\/p>\n<p>Vergleiche: Verkaufskatalog der Firma Argentor, Seite 48, &#8222;Essiggestelle&#8220;, Modellnummer 4057<\/p>\n","protected":false},"excerpt":{"rendered":"<p>Annettes Etikette: Hans Ofner (St. P\u00f6lten 1880 \u2013 1939 Salzburg) ist im internationalen Kunsthandel ein beliebter K\u00fcnstler. Kaum wird ihm ein Objekt zugeschrieben, ist die Preisgestaltung entsprechend. Er hatte bei Josef Hoffmann an der Kunstgewerbeschule studiert und zeigte als in St. P\u00f6lten geborener bereits im Alter von 25 Jahren seine Objekte in den St. P\u00f6ltner Stadts\u00e4len. 1908 konnte er sich an der Kunstschau in Wien beteiligen. Seine Entw\u00fcrfe wurden wie hier bei der Firma Argentor -Werke Rust &amp; Hetzel, weiters bei Wolkenstein &amp; Gl\u00fcckselig und Bakalowits ausgef\u00fchrt.<\/p>\n","protected":false},"featured_media":42036,"comment_status":"open","ping_status":"closed","template":"","meta":[],"product_brand":[],"product_cat":[276,298,299,292,281,131,53,308],"product_tag":[],"class_list":{"0":"post-41977","1":"product","2":"type-product","3":"status-publish","4":"has-post-thumbnail","6":"product_cat-alpacca","7":"product_cat-buffet","8":"product_cat-cocktailparty","9":"product_cat-muttertag","10":"product_cat-tafelaufsatz","11":"product_cat-tafeldekorationen","12":"product_cat-weihnachten","13":"product_cat-weihnachtsgebaeck","15":"first","16":"instock","17":"sold-individually","18":"purchasable","19":"product-type-simple"},"yoast_head":"<!-- This site is optimized with the Yoast SEO Premium plugin v15.8.2 - https:\/\/yoast.com\/wordpress\/plugins\/seo\/ -->\n<title>Hans Ofner, Versilberte Jugendstil Huili\u00e8re, Fa. Argentor-Werke Rust &amp; Hetzel, Wien um 1900<\/title>\n<meta name=\"description\" content=\"Hans Ofner, Versilberte Jugendstil Huili\u00e8re, Fa. Argentor-Werke Rust &amp; Hetzel, Wien um 1900 \u2665 Antiquit\u00e4ten Online kaufen \u2713 Sichere Lieferung \u2713\" \/>\n<meta name=\"robots\" content=\"index, follow, max-snippet:-1, max-image-preview:large, max-video-preview:-1\" \/>\n<link rel=\"canonical\" href=\"https:\/\/annette-ahrens.at\/onlineshop\/produkt\/hans-ofner-versilberte-jugendstil-huiliere-fa-argentor-werke-rust-hetzel-wien-um-1900-3\/\" \/>\n<meta property=\"og:locale\" content=\"de_DE\" \/>\n<meta property=\"og:type\" content=\"article\" \/>\n<meta property=\"og:title\" content=\"Hans Ofner, Versilberte Jugendstil Huili\u00e8re, Fa. Argentor-Werke Rust &amp; Hetzel, Wien um 1900\" \/>\n<meta property=\"og:description\" content=\"Hans Ofner, Versilberte Jugendstil Huili\u00e8re, Fa. Argentor-Werke Rust &amp; Hetzel, Wien um 1900 \u2665 Antiquit\u00e4ten Online kaufen \u2713 Sichere Lieferung \u2713\" \/>\n<meta property=\"og:url\" content=\"https:\/\/annette-ahrens.at\/onlineshop\/produkt\/hans-ofner-versilberte-jugendstil-huiliere-fa-argentor-werke-rust-hetzel-wien-um-1900-3\/\" \/>\n<meta property=\"og:site_name\" content=\"Tafelkultur Onlineshop\" \/>\n<meta property=\"article:publisher\" content=\"https:\/\/www.facebook.com\/AnnetteAhrensTafelkultur\" \/>\n<meta property=\"article:modified_time\" content=\"2026-01-27T20:18:48+00:00\" \/>\n<meta property=\"og:image\" content=\"https:\/\/annette-ahrens.at\/onlineshop\/wp-content\/uploads\/2026\/02\/IMG_1176-scaled.jpeg\" \/>\n\t<meta property=\"og:image:width\" content=\"1852\" \/>\n\t<meta property=\"og:image:height\" content=\"2048\" \/>\n<meta name=\"twitter:card\" content=\"summary_large_image\" \/>\n<meta name=\"twitter:label1\" content=\"Gesch\u00e4tzte Lesezeit\">\n\t<meta name=\"twitter:data1\" content=\"1\u00a0Minute\">\n<script type=\"application\/ld+json\" class=\"yoast-schema-graph\">{\"@context\":\"https:\/\/schema.org\",\"@graph\":[{\"@type\":[\"Person\",\"Organization\"],\"@id\":\"https:\/\/annette-ahrens.at\/onlineshop\/#\/schema\/person\/3e19676faae246bba0cb3b7e15f427d8\",\"name\":\"Annette Ahrens\",\"image\":{\"@type\":\"ImageObject\",\"@id\":\"https:\/\/annette-ahrens.at\/onlineshop\/#personlogo\",\"inLanguage\":\"de\",\"url\":\"https:\/\/annette-ahrens.at\/onlineshop\/wp-content\/uploads\/2020\/04\/aa_logo_End.png\",\"width\":800,\"height\":164,\"caption\":\"Annette Ahrens\"},\"logo\":{\"@id\":\"https:\/\/annette-ahrens.at\/onlineshop\/#personlogo\"},\"sameAs\":[\"https:\/\/annette-ahrens.at\",\"https:\/\/www.facebook.com\/AnnetteAhrensTafelkultur\",\"https:\/\/www.instagram.com\/tafelkulturistin\/\",\"https:\/\/de.wikipedia.org\/wiki\/Annette_Ahrens\"]},{\"@type\":\"WebSite\",\"@id\":\"https:\/\/annette-ahrens.at\/onlineshop\/#website\",\"url\":\"https:\/\/annette-ahrens.at\/onlineshop\/\",\"name\":\"Tafelkultur Onlineshop\",\"description\":\"Annette Ahrens\",\"publisher\":{\"@id\":\"https:\/\/annette-ahrens.at\/onlineshop\/#\/schema\/person\/3e19676faae246bba0cb3b7e15f427d8\"},\"potentialAction\":[{\"@type\":\"SearchAction\",\"target\":\"https:\/\/annette-ahrens.at\/onlineshop\/?s={search_term_string}\",\"query-input\":\"required name=search_term_string\"}],\"inLanguage\":\"de\"},{\"@type\":\"ImageObject\",\"@id\":\"https:\/\/annette-ahrens.at\/onlineshop\/produkt\/hans-ofner-versilberte-jugendstil-huiliere-fa-argentor-werke-rust-hetzel-wien-um-1900-3\/#primaryimage\",\"inLanguage\":\"de\",\"url\":\"https:\/\/annette-ahrens.at\/onlineshop\/wp-content\/uploads\/2026\/02\/IMG_1176-scaled.jpeg\",\"width\":1852,\"height\":2048,\"caption\":\"huiliere_argentor_ofner\"},{\"@type\":[\"WebPage\",\"ItemPage\"],\"@id\":\"https:\/\/annette-ahrens.at\/onlineshop\/produkt\/hans-ofner-versilberte-jugendstil-huiliere-fa-argentor-werke-rust-hetzel-wien-um-1900-3\/#webpage\",\"url\":\"https:\/\/annette-ahrens.at\/onlineshop\/produkt\/hans-ofner-versilberte-jugendstil-huiliere-fa-argentor-werke-rust-hetzel-wien-um-1900-3\/\",\"name\":\"Hans Ofner, Versilberte Jugendstil Huili\\u00e8re, Fa. Argentor-Werke Rust & Hetzel, Wien um 1900\",\"isPartOf\":{\"@id\":\"https:\/\/annette-ahrens.at\/onlineshop\/#website\"},\"primaryImageOfPage\":{\"@id\":\"https:\/\/annette-ahrens.at\/onlineshop\/produkt\/hans-ofner-versilberte-jugendstil-huiliere-fa-argentor-werke-rust-hetzel-wien-um-1900-3\/#primaryimage\"},\"datePublished\":\"2026-02-09T05:36:44+00:00\",\"dateModified\":\"2026-01-27T20:18:48+00:00\",\"description\":\"Hans Ofner, Versilberte Jugendstil Huili\\u00e8re, Fa. Argentor-Werke Rust & Hetzel, Wien um 1900 \\u2665 Antiquit\\u00e4ten Online kaufen \\u2713 Sichere Lieferung \\u2713\",\"breadcrumb\":{\"@id\":\"https:\/\/annette-ahrens.at\/onlineshop\/produkt\/hans-ofner-versilberte-jugendstil-huiliere-fa-argentor-werke-rust-hetzel-wien-um-1900-3\/#breadcrumb\"},\"inLanguage\":\"de\",\"potentialAction\":[{\"@type\":\"ReadAction\",\"target\":[\"https:\/\/annette-ahrens.at\/onlineshop\/produkt\/hans-ofner-versilberte-jugendstil-huiliere-fa-argentor-werke-rust-hetzel-wien-um-1900-3\/\"]}]},{\"@type\":\"BreadcrumbList\",\"@id\":\"https:\/\/annette-ahrens.at\/onlineshop\/produkt\/hans-ofner-versilberte-jugendstil-huiliere-fa-argentor-werke-rust-hetzel-wien-um-1900-3\/#breadcrumb\",\"itemListElement\":[{\"@type\":\"ListItem\",\"position\":1,\"item\":{\"@type\":\"WebPage\",\"@id\":\"https:\/\/annette-ahrens.at\/onlineshop\/\",\"url\":\"https:\/\/annette-ahrens.at\/onlineshop\/\",\"name\":\"Home\"}},{\"@type\":\"ListItem\",\"position\":2,\"item\":{\"@type\":\"WebPage\",\"@id\":\"https:\/\/annette-ahrens.at\/onlineshop\/alle-tafelkultur-objekte\/\",\"url\":\"https:\/\/annette-ahrens.at\/onlineshop\/alle-tafelkultur-objekte\/\",\"name\":\"Alle Tafelkultur Objekte\"}},{\"@type\":\"ListItem\",\"position\":3,\"item\":{\"@type\":\"WebPage\",\"@id\":\"https:\/\/annette-ahrens.at\/onlineshop\/produkt\/hans-ofner-versilberte-jugendstil-huiliere-fa-argentor-werke-rust-hetzel-wien-um-1900-3\/\",\"url\":\"https:\/\/annette-ahrens.at\/onlineshop\/produkt\/hans-ofner-versilberte-jugendstil-huiliere-fa-argentor-werke-rust-hetzel-wien-um-1900-3\/\",\"name\":\"Hans Ofner, Versilberte Jugendstil Huili\\u00e8re, Fa. Argentor-Werke Rust &#038; Hetzel, Wien um 1900\"}}]}]}<\/script>\n<!-- \/ Yoast SEO Premium plugin. -->","_links":{"self":[{"href":"https:\/\/annette-ahrens.at\/onlineshop\/wp-json\/wp\/v2\/product\/41977","targetHints":{"allow":["GET"]}}],"collection":[{"href":"https:\/\/annette-ahrens.at\/onlineshop\/wp-json\/wp\/v2\/product"}],"about":[{"href":"https:\/\/annette-ahrens.at\/onlineshop\/wp-json\/wp\/v2\/types\/product"}],"replies":[{"embeddable":true,"href":"https:\/\/annette-ahrens.at\/onlineshop\/wp-json\/wp\/v2\/comments?post=41977"}],"wp:featuredmedia":[{"embeddable":true,"href":"https:\/\/annette-ahrens.at\/onlineshop\/wp-json\/wp\/v2\/media\/42036"}],"wp:attachment":[{"href":"https:\/\/annette-ahrens.at\/onlineshop\/wp-json\/wp\/v2\/media?parent=41977"}],"wp:term":[{"taxonomy":"product_brand","embeddable":true,"href":"https:\/\/annette-ahrens.at\/onlineshop\/wp-json\/wp\/v2\/product_brand?post=41977"},{"taxonomy":"product_cat","embeddable":true,"href":"https:\/\/annette-ahrens.at\/onlineshop\/wp-json\/wp\/v2\/product_cat?post=41977"},{"taxonomy":"product_tag","embeddable":true,"href":"https:\/\/annette-ahrens.at\/onlineshop\/wp-json\/wp\/v2\/product_tag?post=41977"}],"curies":[{"name":"wp","href":"https:\/\/api.w.org\/{rel}","templated":true}]}}