{"id":41983,"date":"2026-02-11T06:47:00","date_gmt":"2026-02-11T05:47:00","guid":{"rendered":"https:\/\/annette-ahrens.at\/onlineshop\/?post_type=product&#038;p=41983"},"modified":"2026-01-27T13:33:10","modified_gmt":"2026-01-27T12:33:10","slug":"art-deco-deckeldose-gebrueder-feix-boehmen-um-1930-2","status":"publish","type":"product","link":"https:\/\/annette-ahrens.at\/onlineshop\/produkt\/art-deco-deckeldose-gebrueder-feix-boehmen-um-1930-2\/","title":{"rendered":"Art Deco Deckeldose, Gebr\u00fcder Feix, B\u00f6hmen, um 1930"},"content":{"rendered":"<p>Art Deco Deckeldose<\/p>\n<p>Gebr\u00fcder Feix, Albrechtsdorf, B\u00f6hmen, um 1930<\/p>\n<p>farbloses Kristall-Glas, aufwendiger Prismenschliff, quadratische Dose mit Deckel, Deckel mit Aussparung f\u00fcr L\u00f6ffel, konischer Knauf<\/p>\n<p>8 x 11,5 x 8 cm<\/p>\n<p>Siehe Pressglaskorrespondenz 2020\/11 (Musterbuch Gebr\u00fcder Feix, Albrechtsdorf, um 1930)<\/p>\n<div data-canvas-width=\"281.261484\">Vergleiche idente Dosen im Muzeum skla a bi\u017euterie v Jablonci nad Nisou, Nordb\u00f6hmen<\/div>\n","protected":false},"excerpt":{"rendered":"<p>Annettes Etikette: Wie aufwendig diese einfache Dose mit zugeh\u00f6rigem Deckel geschliffen ist, erkennt wohl nur der Fachmann oder ein Glasschleifer selbst. Allein den Deckel exakt einzuschleifen, ist heute gar nicht mehr so einfach. Der konvex geschliffene Glask\u00f6rper sorgt f\u00fcr einen optische T\u00e4uschung des Inhalts: Jam, Honig, Bonbons oder gar Schmuckst\u00fccke?<\/p>\n","protected":false},"featured_media":41992,"comment_status":"open","ping_status":"closed","template":"","meta":[],"product_brand":[],"product_cat":[25,299,18,133,275,137,35,138,22,44,157],"product_tag":[],"class_list":{"0":"post-41983","1":"product","2":"type-product","3":"status-publish","4":"has-post-thumbnail","6":"product_cat-5o-clock-tea","7":"product_cat-cocktailparty","8":"product_cat-fruehstueck","9":"product_cat-glas","10":"product_cat-glas-fachbuecher","11":"product_cat-honig-aufstrich","12":"product_cat-honig","13":"product_cat-marmelade","14":"product_cat-suess-sauer","15":"product_cat-zucker","16":"product_cat-zucker-fruehstueck","18":"first","19":"instock","20":"sold-individually","21":"purchasable","22":"product-type-simple"},"yoast_head":"<!-- This site is optimized with the Yoast SEO Premium plugin v15.8.2 - https:\/\/yoast.com\/wordpress\/plugins\/seo\/ -->\n<title>Art Deco Deckeldose, Gebr\u00fcder Feix, B\u00f6hmen, um 1930<\/title>\n<meta name=\"description\" content=\"Art Deco Deckeldose, Gebr\u00fcder Feix, B\u00f6hmen, um 1930 \u2665 Antiquit\u00e4ten Online kaufen \u2713 Sichere Lieferung \u2713\" \/>\n<meta name=\"robots\" content=\"index, follow, max-snippet:-1, max-image-preview:large, max-video-preview:-1\" \/>\n<link rel=\"canonical\" href=\"https:\/\/annette-ahrens.at\/onlineshop\/produkt\/art-deco-deckeldose-gebrueder-feix-boehmen-um-1930-2\/\" \/>\n<meta property=\"og:locale\" content=\"de_DE\" \/>\n<meta property=\"og:type\" content=\"article\" \/>\n<meta property=\"og:title\" content=\"Art Deco Deckeldose, Gebr\u00fcder Feix, B\u00f6hmen, um 1930\" \/>\n<meta property=\"og:description\" content=\"Art Deco Deckeldose, Gebr\u00fcder Feix, B\u00f6hmen, um 1930 \u2665 Antiquit\u00e4ten Online kaufen \u2713 Sichere Lieferung \u2713\" \/>\n<meta property=\"og:url\" content=\"https:\/\/annette-ahrens.at\/onlineshop\/produkt\/art-deco-deckeldose-gebrueder-feix-boehmen-um-1930-2\/\" \/>\n<meta property=\"og:site_name\" content=\"Tafelkultur Onlineshop\" \/>\n<meta property=\"article:publisher\" content=\"https:\/\/www.facebook.com\/AnnetteAhrensTafelkultur\" \/>\n<meta property=\"article:modified_time\" content=\"2026-01-27T12:33:10+00:00\" \/>\n<meta property=\"og:image\" content=\"https:\/\/annette-ahrens.at\/onlineshop\/wp-content\/uploads\/2026\/02\/IMG_1094-scaled.jpeg\" \/>\n\t<meta property=\"og:image:width\" content=\"1673\" \/>\n\t<meta property=\"og:image:height\" content=\"2048\" \/>\n<meta name=\"twitter:card\" content=\"summary_large_image\" \/>\n<meta name=\"twitter:label1\" content=\"Gesch\u00e4tzte Lesezeit\">\n\t<meta name=\"twitter:data1\" content=\"1\u00a0Minute\">\n<script type=\"application\/ld+json\" class=\"yoast-schema-graph\">{\"@context\":\"https:\/\/schema.org\",\"@graph\":[{\"@type\":[\"Person\",\"Organization\"],\"@id\":\"https:\/\/annette-ahrens.at\/onlineshop\/#\/schema\/person\/3e19676faae246bba0cb3b7e15f427d8\",\"name\":\"Annette Ahrens\",\"image\":{\"@type\":\"ImageObject\",\"@id\":\"https:\/\/annette-ahrens.at\/onlineshop\/#personlogo\",\"inLanguage\":\"de\",\"url\":\"https:\/\/annette-ahrens.at\/onlineshop\/wp-content\/uploads\/2020\/04\/aa_logo_End.png\",\"width\":800,\"height\":164,\"caption\":\"Annette Ahrens\"},\"logo\":{\"@id\":\"https:\/\/annette-ahrens.at\/onlineshop\/#personlogo\"},\"sameAs\":[\"https:\/\/annette-ahrens.at\",\"https:\/\/www.facebook.com\/AnnetteAhrensTafelkultur\",\"https:\/\/www.instagram.com\/tafelkulturistin\/\",\"https:\/\/de.wikipedia.org\/wiki\/Annette_Ahrens\"]},{\"@type\":\"WebSite\",\"@id\":\"https:\/\/annette-ahrens.at\/onlineshop\/#website\",\"url\":\"https:\/\/annette-ahrens.at\/onlineshop\/\",\"name\":\"Tafelkultur Onlineshop\",\"description\":\"Annette Ahrens\",\"publisher\":{\"@id\":\"https:\/\/annette-ahrens.at\/onlineshop\/#\/schema\/person\/3e19676faae246bba0cb3b7e15f427d8\"},\"potentialAction\":[{\"@type\":\"SearchAction\",\"target\":\"https:\/\/annette-ahrens.at\/onlineshop\/?s={search_term_string}\",\"query-input\":\"required name=search_term_string\"}],\"inLanguage\":\"de\"},{\"@type\":\"ImageObject\",\"@id\":\"https:\/\/annette-ahrens.at\/onlineshop\/produkt\/art-deco-deckeldose-gebrueder-feix-boehmen-um-1930-2\/#primaryimage\",\"inLanguage\":\"de\",\"url\":\"https:\/\/annette-ahrens.at\/onlineshop\/wp-content\/uploads\/2026\/02\/IMG_1094-scaled.jpeg\",\"width\":1673,\"height\":2048,\"caption\":\"deckeldose_feix\"},{\"@type\":[\"WebPage\",\"ItemPage\"],\"@id\":\"https:\/\/annette-ahrens.at\/onlineshop\/produkt\/art-deco-deckeldose-gebrueder-feix-boehmen-um-1930-2\/#webpage\",\"url\":\"https:\/\/annette-ahrens.at\/onlineshop\/produkt\/art-deco-deckeldose-gebrueder-feix-boehmen-um-1930-2\/\",\"name\":\"Art Deco Deckeldose, Gebr\\u00fcder Feix, B\\u00f6hmen, um 1930\",\"isPartOf\":{\"@id\":\"https:\/\/annette-ahrens.at\/onlineshop\/#website\"},\"primaryImageOfPage\":{\"@id\":\"https:\/\/annette-ahrens.at\/onlineshop\/produkt\/art-deco-deckeldose-gebrueder-feix-boehmen-um-1930-2\/#primaryimage\"},\"datePublished\":\"2026-02-11T05:47:00+00:00\",\"dateModified\":\"2026-01-27T12:33:10+00:00\",\"description\":\"Art Deco Deckeldose, Gebr\\u00fcder Feix, B\\u00f6hmen, um 1930 \\u2665 Antiquit\\u00e4ten Online kaufen \\u2713 Sichere Lieferung \\u2713\",\"breadcrumb\":{\"@id\":\"https:\/\/annette-ahrens.at\/onlineshop\/produkt\/art-deco-deckeldose-gebrueder-feix-boehmen-um-1930-2\/#breadcrumb\"},\"inLanguage\":\"de\",\"potentialAction\":[{\"@type\":\"ReadAction\",\"target\":[\"https:\/\/annette-ahrens.at\/onlineshop\/produkt\/art-deco-deckeldose-gebrueder-feix-boehmen-um-1930-2\/\"]}]},{\"@type\":\"BreadcrumbList\",\"@id\":\"https:\/\/annette-ahrens.at\/onlineshop\/produkt\/art-deco-deckeldose-gebrueder-feix-boehmen-um-1930-2\/#breadcrumb\",\"itemListElement\":[{\"@type\":\"ListItem\",\"position\":1,\"item\":{\"@type\":\"WebPage\",\"@id\":\"https:\/\/annette-ahrens.at\/onlineshop\/\",\"url\":\"https:\/\/annette-ahrens.at\/onlineshop\/\",\"name\":\"Home\"}},{\"@type\":\"ListItem\",\"position\":2,\"item\":{\"@type\":\"WebPage\",\"@id\":\"https:\/\/annette-ahrens.at\/onlineshop\/alle-tafelkultur-objekte\/\",\"url\":\"https:\/\/annette-ahrens.at\/onlineshop\/alle-tafelkultur-objekte\/\",\"name\":\"Alle Tafelkultur Objekte\"}},{\"@type\":\"ListItem\",\"position\":3,\"item\":{\"@type\":\"WebPage\",\"@id\":\"https:\/\/annette-ahrens.at\/onlineshop\/produkt\/art-deco-deckeldose-gebrueder-feix-boehmen-um-1930-2\/\",\"url\":\"https:\/\/annette-ahrens.at\/onlineshop\/produkt\/art-deco-deckeldose-gebrueder-feix-boehmen-um-1930-2\/\",\"name\":\"Art Deco Deckeldose, Gebr\\u00fcder Feix, B\\u00f6hmen, um 1930\"}}]}]}<\/script>\n<!-- \/ Yoast SEO Premium plugin. -->","_links":{"self":[{"href":"https:\/\/annette-ahrens.at\/onlineshop\/wp-json\/wp\/v2\/product\/41983","targetHints":{"allow":["GET"]}}],"collection":[{"href":"https:\/\/annette-ahrens.at\/onlineshop\/wp-json\/wp\/v2\/product"}],"about":[{"href":"https:\/\/annette-ahrens.at\/onlineshop\/wp-json\/wp\/v2\/types\/product"}],"replies":[{"embeddable":true,"href":"https:\/\/annette-ahrens.at\/onlineshop\/wp-json\/wp\/v2\/comments?post=41983"}],"wp:featuredmedia":[{"embeddable":true,"href":"https:\/\/annette-ahrens.at\/onlineshop\/wp-json\/wp\/v2\/media\/41992"}],"wp:attachment":[{"href":"https:\/\/annette-ahrens.at\/onlineshop\/wp-json\/wp\/v2\/media?parent=41983"}],"wp:term":[{"taxonomy":"product_brand","embeddable":true,"href":"https:\/\/annette-ahrens.at\/onlineshop\/wp-json\/wp\/v2\/product_brand?post=41983"},{"taxonomy":"product_cat","embeddable":true,"href":"https:\/\/annette-ahrens.at\/onlineshop\/wp-json\/wp\/v2\/product_cat?post=41983"},{"taxonomy":"product_tag","embeddable":true,"href":"https:\/\/annette-ahrens.at\/onlineshop\/wp-json\/wp\/v2\/product_tag?post=41983"}],"curies":[{"name":"wp","href":"https:\/\/api.w.org\/{rel}","templated":true}]}}