{"id":4204,"date":"2020-11-10T21:11:21","date_gmt":"2020-11-10T20:11:21","guid":{"rendered":"https:\/\/annette-ahrens.at\/onlineshop\/?post_type=product&#038;p=4204"},"modified":"2023-12-06T12:04:43","modified_gmt":"2023-12-06T11:04:43","slug":"6-silberne-mokkaloeffel-wilhelm-binder-schwaebisch-gmuend-um-1900","status":"publish","type":"product","link":"https:\/\/annette-ahrens.at\/onlineshop\/produkt\/6-silberne-mokkaloeffel-wilhelm-binder-schwaebisch-gmuend-um-1900\/","title":{"rendered":"6 silberne Mokkal\u00f6ffel, Wilhelm Binder, Schw\u00e4bisch Gm\u00fcnd, um 1900"},"content":{"rendered":"<p>6 silberne Mokkal\u00f6ffel<\/p>\n<p>Fa. Wilhelm Binder, Schw\u00e4bisch Gm\u00fcnd, Deutschland, um 1900<\/p>\n<p>Silber, Reste von Innenvergoldung, gemarkt mit deutschem Beschauzeichen Halbmond und Krone, Feingehaltszeichen 800, Meisterzeichen WB f\u00fcr Wilhelm Binder, Schw\u00e4bisch Gm\u00fcnd<\/p>\n<p>L\u00e4nge 10,5 cm<\/p>\n<p>62,25 g<\/p>\n<p>Die Augartentasse ist nicht Teil der Bestellung.<\/p>\n<p>&nbsp;<\/p>\n<p>&nbsp;<\/p>\n","protected":false},"excerpt":{"rendered":"<p>6 silberne Mokkal\u00f6ffel Fa. Wilhelm Binder, Schw\u00e4bisch Gm\u00fcnd, Deutschland, um 1900 Silber, Reste von Innenvergoldung, gemarkt mit deutschem Beschauzeichen Halbmond und Krone, Feingehaltszeichen 800, Meisterzeichen WB f\u00fcr Wilhelm Binder, Schw\u00e4bisch Gm\u00fcnd L\u00e4nge 10,5 cm 62,25 g Die Augartentasse ist nicht Teil der Bestellung. &nbsp; &nbsp;<\/p>\n","protected":false},"featured_media":4211,"comment_status":"open","ping_status":"closed","template":"","meta":[],"product_brand":[],"product_cat":[30,19,236,248],"product_tag":[],"class_list":{"0":"post-4204","1":"product","2":"type-product","3":"status-publish","4":"has-post-thumbnail","6":"product_cat-besteck","7":"product_cat-gabelfruehstueck","8":"product_cat-loeffel","9":"product_cat-mokkakloeffel","11":"first","12":"instock","13":"sold-individually","14":"purchasable","15":"product-type-simple"},"yoast_head":"<!-- This site is optimized with the Yoast SEO Premium plugin v15.8.2 - https:\/\/yoast.com\/wordpress\/plugins\/seo\/ -->\n<title>6 silberne Mokkal\u00f6ffel, Wilhelm Binder, Schw\u00e4bisch Gm\u00fcnd, um 1900<\/title>\n<meta name=\"description\" content=\"6 silberne Mokkal\u00f6ffel, Wilhelm Binder, Schw\u00e4bisch Gm\u00fcnd, um 1900 \u2665 Antiquit\u00e4ten Online kaufen \u2713 Sichere Lieferung \u2713\" \/>\n<meta name=\"robots\" content=\"index, follow, max-snippet:-1, max-image-preview:large, max-video-preview:-1\" \/>\n<link rel=\"canonical\" href=\"https:\/\/annette-ahrens.at\/onlineshop\/produkt\/6-silberne-mokkaloeffel-wilhelm-binder-schwaebisch-gmuend-um-1900\/\" \/>\n<meta property=\"og:locale\" content=\"de_DE\" \/>\n<meta property=\"og:type\" content=\"article\" \/>\n<meta property=\"og:title\" content=\"6 silberne Mokkal\u00f6ffel, Wilhelm Binder, Schw\u00e4bisch Gm\u00fcnd, um 1900\" \/>\n<meta property=\"og:description\" content=\"6 silberne Mokkal\u00f6ffel, Wilhelm Binder, Schw\u00e4bisch Gm\u00fcnd, um 1900 \u2665 Antiquit\u00e4ten Online kaufen \u2713 Sichere Lieferung \u2713\" \/>\n<meta property=\"og:url\" content=\"https:\/\/annette-ahrens.at\/onlineshop\/produkt\/6-silberne-mokkaloeffel-wilhelm-binder-schwaebisch-gmuend-um-1900\/\" \/>\n<meta property=\"og:site_name\" content=\"Tafelkultur Onlineshop\" \/>\n<meta property=\"article:publisher\" content=\"https:\/\/www.facebook.com\/AnnetteAhrensTafelkultur\" \/>\n<meta property=\"article:modified_time\" content=\"2023-12-06T11:04:43+00:00\" \/>\n<meta property=\"og:image\" content=\"https:\/\/annette-ahrens.at\/onlineshop\/wp-content\/uploads\/2020\/11\/IMG_3487-scaled.jpeg\" \/>\n\t<meta property=\"og:image:width\" content=\"2560\" \/>\n\t<meta property=\"og:image:height\" content=\"2560\" \/>\n<meta name=\"twitter:card\" content=\"summary_large_image\" \/>\n<meta name=\"twitter:label1\" content=\"Gesch\u00e4tzte Lesezeit\">\n\t<meta name=\"twitter:data1\" content=\"1\u00a0Minute\">\n<script type=\"application\/ld+json\" class=\"yoast-schema-graph\">{\"@context\":\"https:\/\/schema.org\",\"@graph\":[{\"@type\":[\"Person\",\"Organization\"],\"@id\":\"https:\/\/annette-ahrens.at\/onlineshop\/#\/schema\/person\/3e19676faae246bba0cb3b7e15f427d8\",\"name\":\"Annette Ahrens\",\"image\":{\"@type\":\"ImageObject\",\"@id\":\"https:\/\/annette-ahrens.at\/onlineshop\/#personlogo\",\"inLanguage\":\"de\",\"url\":\"https:\/\/annette-ahrens.at\/onlineshop\/wp-content\/uploads\/2020\/04\/aa_logo_End.png\",\"width\":800,\"height\":164,\"caption\":\"Annette Ahrens\"},\"logo\":{\"@id\":\"https:\/\/annette-ahrens.at\/onlineshop\/#personlogo\"},\"sameAs\":[\"https:\/\/annette-ahrens.at\",\"https:\/\/www.facebook.com\/AnnetteAhrensTafelkultur\",\"https:\/\/www.instagram.com\/tafelkulturistin\/\",\"https:\/\/de.wikipedia.org\/wiki\/Annette_Ahrens\"]},{\"@type\":\"WebSite\",\"@id\":\"https:\/\/annette-ahrens.at\/onlineshop\/#website\",\"url\":\"https:\/\/annette-ahrens.at\/onlineshop\/\",\"name\":\"Tafelkultur Onlineshop\",\"description\":\"Annette Ahrens\",\"publisher\":{\"@id\":\"https:\/\/annette-ahrens.at\/onlineshop\/#\/schema\/person\/3e19676faae246bba0cb3b7e15f427d8\"},\"potentialAction\":[{\"@type\":\"SearchAction\",\"target\":\"https:\/\/annette-ahrens.at\/onlineshop\/?s={search_term_string}\",\"query-input\":\"required name=search_term_string\"}],\"inLanguage\":\"de\"},{\"@type\":\"ImageObject\",\"@id\":\"https:\/\/annette-ahrens.at\/onlineshop\/produkt\/6-silberne-mokkaloeffel-wilhelm-binder-schwaebisch-gmuend-um-1900\/#primaryimage\",\"inLanguage\":\"de\",\"url\":\"https:\/\/annette-ahrens.at\/onlineshop\/wp-content\/uploads\/2020\/11\/IMG_3487-scaled.jpeg\",\"width\":2560,\"height\":2560,\"caption\":\"silberne_mokkal\\u00f6ffel\"},{\"@type\":[\"WebPage\",\"ItemPage\"],\"@id\":\"https:\/\/annette-ahrens.at\/onlineshop\/produkt\/6-silberne-mokkaloeffel-wilhelm-binder-schwaebisch-gmuend-um-1900\/#webpage\",\"url\":\"https:\/\/annette-ahrens.at\/onlineshop\/produkt\/6-silberne-mokkaloeffel-wilhelm-binder-schwaebisch-gmuend-um-1900\/\",\"name\":\"6 silberne Mokkal\\u00f6ffel, Wilhelm Binder, Schw\\u00e4bisch Gm\\u00fcnd, um 1900\",\"isPartOf\":{\"@id\":\"https:\/\/annette-ahrens.at\/onlineshop\/#website\"},\"primaryImageOfPage\":{\"@id\":\"https:\/\/annette-ahrens.at\/onlineshop\/produkt\/6-silberne-mokkaloeffel-wilhelm-binder-schwaebisch-gmuend-um-1900\/#primaryimage\"},\"datePublished\":\"2020-11-10T20:11:21+00:00\",\"dateModified\":\"2023-12-06T11:04:43+00:00\",\"description\":\"6 silberne Mokkal\\u00f6ffel, Wilhelm Binder, Schw\\u00e4bisch Gm\\u00fcnd, um 1900 \\u2665 Antiquit\\u00e4ten Online kaufen \\u2713 Sichere Lieferung \\u2713\",\"breadcrumb\":{\"@id\":\"https:\/\/annette-ahrens.at\/onlineshop\/produkt\/6-silberne-mokkaloeffel-wilhelm-binder-schwaebisch-gmuend-um-1900\/#breadcrumb\"},\"inLanguage\":\"de\",\"potentialAction\":[{\"@type\":\"ReadAction\",\"target\":[\"https:\/\/annette-ahrens.at\/onlineshop\/produkt\/6-silberne-mokkaloeffel-wilhelm-binder-schwaebisch-gmuend-um-1900\/\"]}]},{\"@type\":\"BreadcrumbList\",\"@id\":\"https:\/\/annette-ahrens.at\/onlineshop\/produkt\/6-silberne-mokkaloeffel-wilhelm-binder-schwaebisch-gmuend-um-1900\/#breadcrumb\",\"itemListElement\":[{\"@type\":\"ListItem\",\"position\":1,\"item\":{\"@type\":\"WebPage\",\"@id\":\"https:\/\/annette-ahrens.at\/onlineshop\/\",\"url\":\"https:\/\/annette-ahrens.at\/onlineshop\/\",\"name\":\"Home\"}},{\"@type\":\"ListItem\",\"position\":2,\"item\":{\"@type\":\"WebPage\",\"@id\":\"https:\/\/annette-ahrens.at\/onlineshop\/alle-tafelkultur-objekte\/\",\"url\":\"https:\/\/annette-ahrens.at\/onlineshop\/alle-tafelkultur-objekte\/\",\"name\":\"Alle Tafelkultur Objekte\"}},{\"@type\":\"ListItem\",\"position\":3,\"item\":{\"@type\":\"WebPage\",\"@id\":\"https:\/\/annette-ahrens.at\/onlineshop\/produkt\/6-silberne-mokkaloeffel-wilhelm-binder-schwaebisch-gmuend-um-1900\/\",\"url\":\"https:\/\/annette-ahrens.at\/onlineshop\/produkt\/6-silberne-mokkaloeffel-wilhelm-binder-schwaebisch-gmuend-um-1900\/\",\"name\":\"6 silberne Mokkal\\u00f6ffel, Wilhelm Binder, Schw\\u00e4bisch Gm\\u00fcnd, um 1900\"}}]}]}<\/script>\n<!-- \/ Yoast SEO Premium plugin. -->","_links":{"self":[{"href":"https:\/\/annette-ahrens.at\/onlineshop\/wp-json\/wp\/v2\/product\/4204","targetHints":{"allow":["GET"]}}],"collection":[{"href":"https:\/\/annette-ahrens.at\/onlineshop\/wp-json\/wp\/v2\/product"}],"about":[{"href":"https:\/\/annette-ahrens.at\/onlineshop\/wp-json\/wp\/v2\/types\/product"}],"replies":[{"embeddable":true,"href":"https:\/\/annette-ahrens.at\/onlineshop\/wp-json\/wp\/v2\/comments?post=4204"}],"wp:featuredmedia":[{"embeddable":true,"href":"https:\/\/annette-ahrens.at\/onlineshop\/wp-json\/wp\/v2\/media\/4211"}],"wp:attachment":[{"href":"https:\/\/annette-ahrens.at\/onlineshop\/wp-json\/wp\/v2\/media?parent=4204"}],"wp:term":[{"taxonomy":"product_brand","embeddable":true,"href":"https:\/\/annette-ahrens.at\/onlineshop\/wp-json\/wp\/v2\/product_brand?post=4204"},{"taxonomy":"product_cat","embeddable":true,"href":"https:\/\/annette-ahrens.at\/onlineshop\/wp-json\/wp\/v2\/product_cat?post=4204"},{"taxonomy":"product_tag","embeddable":true,"href":"https:\/\/annette-ahrens.at\/onlineshop\/wp-json\/wp\/v2\/product_tag?post=4204"}],"curies":[{"name":"wp","href":"https:\/\/api.w.org\/{rel}","templated":true}]}}