{"id":42042,"date":"2026-01-27T18:59:17","date_gmt":"2026-01-27T17:59:17","guid":{"rendered":"https:\/\/annette-ahrens.at\/onlineshop\/?post_type=product&#038;p=42042"},"modified":"2026-01-27T19:04:40","modified_gmt":"2026-01-27T18:04:40","slug":"monumentaler-jugendstil-tafelaufsatz-fa-argentor-wien-um-1900-2","status":"publish","type":"product","link":"https:\/\/annette-ahrens.at\/onlineshop\/produkt\/monumentaler-jugendstil-tafelaufsatz-fa-argentor-wien-um-1900-2\/","title":{"rendered":"Monumentaler Jugendstil Tafelaufsatz, Fa. Argentor, Wien, um 1900"},"content":{"rendered":"<p>Monumentaler Jugendstil Tafelaufsatz mit drei abnehmbaren Henkelk\u00f6rben<\/p>\n<p>Fa. Argentor-<span lang=\"DE\">Werke Rust &amp; Hetzel<\/span>, Wien, \u00d6sterreich-Ungarische Monarchie, um 1900<\/p>\n<p>Alpacca, versilbert, zentraler Fu\u00df mit abnehmbarer Aufsatzschale, zwei Arme mit eingeh\u00e4ngten Henkelk\u00f6rbchen, gemarkt AS f\u00fcr ARGENTOR., alle drei Glaseins\u00e4tze aus handgeschliffenem, farblosen Kristallglas<\/p>\n<p>H 54 cm, B 32 cm<\/p>\n<p>Gro\u00dfer Korb Dm 18 cm, H 18 cm<\/p>\n<p>Seitenkorb Dm\u00a012 cm, H 16 cm<\/p>\n<p>Vergleiche: Verkaufskatalog der Fa. Argentor, Wien, Modellnummer 6763 (Variante)<\/p>\n","protected":false},"excerpt":{"rendered":"<p>Annettes Etikette: Der prachtvolle Dekor dieses Tafelaufsatzes spricht deutlich die Ornamentsprache des Jugendstils. <span lang=\"DE\">Die auf der ganzen Welt von Sammlern Wiener Jugendstils gesch\u00e4tzte Firma Argentor-Werke Rust &amp; Hetzel wurde 1902 mit der Vorg\u00e4ngerfirma C.A. M\u00fcnchmeyer &amp; Co in der Kaiserstrasse 83 gegr\u00fcndet und war bis zum Jahre 1970 aktiv. Die erhaltenen Firmenkataloge dieses Metallwarenherstellers mit \u00fcber 9.000 verschiedenen Artikeln zeigen die hohe Qualit\u00e4t an Entw\u00fcrfen. Hier haben sich alle Bestandteile gut erhalten, die K\u00f6rbe, das Glas und die Versilberung.<\/span><\/p>\n","protected":false},"featured_media":42053,"comment_status":"open","ping_status":"closed","template":"","meta":[],"product_brand":[],"product_cat":[282,21,281,131,52,53],"product_tag":[],"class_list":{"0":"post-42042","1":"product","2":"type-product","3":"status-publish","4":"has-post-thumbnail","6":"product_cat-jardiniere","7":"product_cat-obst-gemuese","8":"product_cat-tafelaufsatz","9":"product_cat-tafeldekorationen","10":"product_cat-thanksgiving","11":"product_cat-weihnachten","13":"first","14":"instock","15":"sold-individually","16":"purchasable","17":"product-type-simple"},"yoast_head":"<!-- This site is optimized with the Yoast SEO Premium plugin v15.8.2 - https:\/\/yoast.com\/wordpress\/plugins\/seo\/ -->\n<title>Monumentaler Jugendstil Tafelaufsatz, Fa. Argentor, Wien, um 1900<\/title>\n<meta name=\"description\" content=\"Monumentaler Jugendstil Tafelaufsatz, Fa. Argentor, Wien, um 1900 \u2665 Antiquit\u00e4ten Online kaufen \u2713 Sichere Lieferung \u2713\" \/>\n<meta name=\"robots\" content=\"index, follow, max-snippet:-1, max-image-preview:large, max-video-preview:-1\" \/>\n<link rel=\"canonical\" href=\"https:\/\/annette-ahrens.at\/onlineshop\/produkt\/monumentaler-jugendstil-tafelaufsatz-fa-argentor-wien-um-1900-2\/\" \/>\n<meta property=\"og:locale\" content=\"de_DE\" \/>\n<meta property=\"og:type\" content=\"article\" \/>\n<meta property=\"og:title\" content=\"Monumentaler Jugendstil Tafelaufsatz, Fa. Argentor, Wien, um 1900\" \/>\n<meta property=\"og:description\" content=\"Monumentaler Jugendstil Tafelaufsatz, Fa. Argentor, Wien, um 1900 \u2665 Antiquit\u00e4ten Online kaufen \u2713 Sichere Lieferung \u2713\" \/>\n<meta property=\"og:url\" content=\"https:\/\/annette-ahrens.at\/onlineshop\/produkt\/monumentaler-jugendstil-tafelaufsatz-fa-argentor-wien-um-1900-2\/\" \/>\n<meta property=\"og:site_name\" content=\"Tafelkultur Onlineshop\" \/>\n<meta property=\"article:publisher\" content=\"https:\/\/www.facebook.com\/AnnetteAhrensTafelkultur\" \/>\n<meta property=\"article:modified_time\" content=\"2026-01-27T18:04:40+00:00\" \/>\n<meta property=\"og:image\" content=\"https:\/\/annette-ahrens.at\/onlineshop\/wp-content\/uploads\/2026\/01\/IMG_1161-scaled.jpeg\" \/>\n\t<meta property=\"og:image:width\" content=\"1439\" \/>\n\t<meta property=\"og:image:height\" content=\"2048\" \/>\n<meta name=\"twitter:card\" content=\"summary_large_image\" \/>\n<meta name=\"twitter:label1\" content=\"Gesch\u00e4tzte Lesezeit\">\n\t<meta name=\"twitter:data1\" content=\"1\u00a0Minute\">\n<script type=\"application\/ld+json\" class=\"yoast-schema-graph\">{\"@context\":\"https:\/\/schema.org\",\"@graph\":[{\"@type\":[\"Person\",\"Organization\"],\"@id\":\"https:\/\/annette-ahrens.at\/onlineshop\/#\/schema\/person\/3e19676faae246bba0cb3b7e15f427d8\",\"name\":\"Annette Ahrens\",\"image\":{\"@type\":\"ImageObject\",\"@id\":\"https:\/\/annette-ahrens.at\/onlineshop\/#personlogo\",\"inLanguage\":\"de\",\"url\":\"https:\/\/annette-ahrens.at\/onlineshop\/wp-content\/uploads\/2020\/04\/aa_logo_End.png\",\"width\":800,\"height\":164,\"caption\":\"Annette Ahrens\"},\"logo\":{\"@id\":\"https:\/\/annette-ahrens.at\/onlineshop\/#personlogo\"},\"sameAs\":[\"https:\/\/annette-ahrens.at\",\"https:\/\/www.facebook.com\/AnnetteAhrensTafelkultur\",\"https:\/\/www.instagram.com\/tafelkulturistin\/\",\"https:\/\/de.wikipedia.org\/wiki\/Annette_Ahrens\"]},{\"@type\":\"WebSite\",\"@id\":\"https:\/\/annette-ahrens.at\/onlineshop\/#website\",\"url\":\"https:\/\/annette-ahrens.at\/onlineshop\/\",\"name\":\"Tafelkultur Onlineshop\",\"description\":\"Annette Ahrens\",\"publisher\":{\"@id\":\"https:\/\/annette-ahrens.at\/onlineshop\/#\/schema\/person\/3e19676faae246bba0cb3b7e15f427d8\"},\"potentialAction\":[{\"@type\":\"SearchAction\",\"target\":\"https:\/\/annette-ahrens.at\/onlineshop\/?s={search_term_string}\",\"query-input\":\"required name=search_term_string\"}],\"inLanguage\":\"de\"},{\"@type\":\"ImageObject\",\"@id\":\"https:\/\/annette-ahrens.at\/onlineshop\/produkt\/monumentaler-jugendstil-tafelaufsatz-fa-argentor-wien-um-1900-2\/#primaryimage\",\"inLanguage\":\"de\",\"url\":\"https:\/\/annette-ahrens.at\/onlineshop\/wp-content\/uploads\/2026\/01\/IMG_1161-scaled.jpeg\",\"width\":1439,\"height\":2048,\"caption\":\"tafelaufsatz_argentor\"},{\"@type\":[\"WebPage\",\"ItemPage\"],\"@id\":\"https:\/\/annette-ahrens.at\/onlineshop\/produkt\/monumentaler-jugendstil-tafelaufsatz-fa-argentor-wien-um-1900-2\/#webpage\",\"url\":\"https:\/\/annette-ahrens.at\/onlineshop\/produkt\/monumentaler-jugendstil-tafelaufsatz-fa-argentor-wien-um-1900-2\/\",\"name\":\"Monumentaler Jugendstil Tafelaufsatz, Fa. Argentor, Wien, um 1900\",\"isPartOf\":{\"@id\":\"https:\/\/annette-ahrens.at\/onlineshop\/#website\"},\"primaryImageOfPage\":{\"@id\":\"https:\/\/annette-ahrens.at\/onlineshop\/produkt\/monumentaler-jugendstil-tafelaufsatz-fa-argentor-wien-um-1900-2\/#primaryimage\"},\"datePublished\":\"2026-01-27T17:59:17+00:00\",\"dateModified\":\"2026-01-27T18:04:40+00:00\",\"description\":\"Monumentaler Jugendstil Tafelaufsatz, Fa. Argentor, Wien, um 1900 \\u2665 Antiquit\\u00e4ten Online kaufen \\u2713 Sichere Lieferung \\u2713\",\"breadcrumb\":{\"@id\":\"https:\/\/annette-ahrens.at\/onlineshop\/produkt\/monumentaler-jugendstil-tafelaufsatz-fa-argentor-wien-um-1900-2\/#breadcrumb\"},\"inLanguage\":\"de\",\"potentialAction\":[{\"@type\":\"ReadAction\",\"target\":[\"https:\/\/annette-ahrens.at\/onlineshop\/produkt\/monumentaler-jugendstil-tafelaufsatz-fa-argentor-wien-um-1900-2\/\"]}]},{\"@type\":\"BreadcrumbList\",\"@id\":\"https:\/\/annette-ahrens.at\/onlineshop\/produkt\/monumentaler-jugendstil-tafelaufsatz-fa-argentor-wien-um-1900-2\/#breadcrumb\",\"itemListElement\":[{\"@type\":\"ListItem\",\"position\":1,\"item\":{\"@type\":\"WebPage\",\"@id\":\"https:\/\/annette-ahrens.at\/onlineshop\/\",\"url\":\"https:\/\/annette-ahrens.at\/onlineshop\/\",\"name\":\"Home\"}},{\"@type\":\"ListItem\",\"position\":2,\"item\":{\"@type\":\"WebPage\",\"@id\":\"https:\/\/annette-ahrens.at\/onlineshop\/alle-tafelkultur-objekte\/\",\"url\":\"https:\/\/annette-ahrens.at\/onlineshop\/alle-tafelkultur-objekte\/\",\"name\":\"Alle Tafelkultur Objekte\"}},{\"@type\":\"ListItem\",\"position\":3,\"item\":{\"@type\":\"WebPage\",\"@id\":\"https:\/\/annette-ahrens.at\/onlineshop\/produkt\/monumentaler-jugendstil-tafelaufsatz-fa-argentor-wien-um-1900-2\/\",\"url\":\"https:\/\/annette-ahrens.at\/onlineshop\/produkt\/monumentaler-jugendstil-tafelaufsatz-fa-argentor-wien-um-1900-2\/\",\"name\":\"Monumentaler Jugendstil Tafelaufsatz, Fa. Argentor, Wien, um 1900\"}}]}]}<\/script>\n<!-- \/ Yoast SEO Premium plugin. -->","_links":{"self":[{"href":"https:\/\/annette-ahrens.at\/onlineshop\/wp-json\/wp\/v2\/product\/42042","targetHints":{"allow":["GET"]}}],"collection":[{"href":"https:\/\/annette-ahrens.at\/onlineshop\/wp-json\/wp\/v2\/product"}],"about":[{"href":"https:\/\/annette-ahrens.at\/onlineshop\/wp-json\/wp\/v2\/types\/product"}],"replies":[{"embeddable":true,"href":"https:\/\/annette-ahrens.at\/onlineshop\/wp-json\/wp\/v2\/comments?post=42042"}],"wp:featuredmedia":[{"embeddable":true,"href":"https:\/\/annette-ahrens.at\/onlineshop\/wp-json\/wp\/v2\/media\/42053"}],"wp:attachment":[{"href":"https:\/\/annette-ahrens.at\/onlineshop\/wp-json\/wp\/v2\/media?parent=42042"}],"wp:term":[{"taxonomy":"product_brand","embeddable":true,"href":"https:\/\/annette-ahrens.at\/onlineshop\/wp-json\/wp\/v2\/product_brand?post=42042"},{"taxonomy":"product_cat","embeddable":true,"href":"https:\/\/annette-ahrens.at\/onlineshop\/wp-json\/wp\/v2\/product_cat?post=42042"},{"taxonomy":"product_tag","embeddable":true,"href":"https:\/\/annette-ahrens.at\/onlineshop\/wp-json\/wp\/v2\/product_tag?post=42042"}],"curies":[{"name":"wp","href":"https:\/\/api.w.org\/{rel}","templated":true}]}}