{"id":42150,"date":"2026-02-07T07:33:43","date_gmt":"2026-02-07T06:33:43","guid":{"rendered":"https:\/\/annette-ahrens.at\/onlineshop\/?post_type=product&#038;p=42150"},"modified":"2026-02-12T16:40:06","modified_gmt":"2026-02-12T15:40:06","slug":"salz-und-pfefferstreuer-als-bonzo-japan-um-1940","status":"publish","type":"product","link":"https:\/\/annette-ahrens.at\/onlineshop\/produkt\/salz-und-pfefferstreuer-als-bonzo-japan-um-1940\/","title":{"rendered":"Salz- und Pfefferstreuer als Bonzo, Japan, um 1940"},"content":{"rendered":"<p>Salz- und Pfefferstreuer als Bonzo<\/p>\n<p>Japan, um 1940<\/p>\n<p>Porzellan, irisierende Glasur, bunte Bemalung, \u00a0frontseitig in englischer Sprache bezeichnet &#8222;SALT&#8220; und &#8222;PEPPER&#8220;, am Boden gemarkt &#8222;MADE IN JAPAN&#8220; in Schwarz, Korkstoppl<\/p>\n<p>H 8 cm<\/p>\n","protected":false},"excerpt":{"rendered":"<p>Annettes Etikette: Die englische Zeichentrickfigur &#8222;Bonzo&#8220; wurde von dem Briten George E. Studdy bereits 1912 als Comic geschaffen. Erst 1922 wurden die Abenteuer des schlimmen, bulldoggen\u00e4hnlichen Kumpanen verfilmt. Bonzo hat durch sein grimassenhaftes Gesicht, seine gro\u00dfen Augen und seinen damit verbundenen Humor schnell viele Anh\u00e4nger.<\/p>\n","protected":false},"featured_media":42152,"comment_status":"open","ping_status":"closed","template":"","meta":[],"product_brand":[],"product_cat":[21,22,163,319],"product_tag":[],"class_list":{"0":"post-42150","1":"product","2":"type-product","3":"status-publish","4":"has-post-thumbnail","6":"product_cat-obst-gemuese","7":"product_cat-suess-sauer","8":"product_cat-zitrus","9":"product_cat-zitrus-tafelinventar","11":"first","12":"instock","13":"sold-individually","14":"purchasable","15":"product-type-simple"},"yoast_head":"<!-- This site is optimized with the Yoast SEO Premium plugin v15.8.2 - https:\/\/yoast.com\/wordpress\/plugins\/seo\/ -->\n<title>Salz- und Pfefferstreuer als Bonzo, Japan, um 1940<\/title>\n<meta name=\"description\" content=\"Salz- und Pfefferstreuer als Bonzo, Japan, um 1940 \u2665 Antiquit\u00e4ten Online kaufen \u2713 Sichere Lieferung \u2713\" \/>\n<meta name=\"robots\" content=\"index, follow, max-snippet:-1, max-image-preview:large, max-video-preview:-1\" \/>\n<link rel=\"canonical\" href=\"https:\/\/annette-ahrens.at\/onlineshop\/produkt\/salz-und-pfefferstreuer-als-bonzo-japan-um-1940\/\" \/>\n<meta property=\"og:locale\" content=\"de_DE\" \/>\n<meta property=\"og:type\" content=\"article\" \/>\n<meta property=\"og:title\" content=\"Salz- und Pfefferstreuer als Bonzo, Japan, um 1940\" \/>\n<meta property=\"og:description\" content=\"Salz- und Pfefferstreuer als Bonzo, Japan, um 1940 \u2665 Antiquit\u00e4ten Online kaufen \u2713 Sichere Lieferung \u2713\" \/>\n<meta property=\"og:url\" content=\"https:\/\/annette-ahrens.at\/onlineshop\/produkt\/salz-und-pfefferstreuer-als-bonzo-japan-um-1940\/\" \/>\n<meta property=\"og:site_name\" content=\"Tafelkultur Onlineshop\" \/>\n<meta property=\"article:publisher\" content=\"https:\/\/www.facebook.com\/AnnetteAhrensTafelkultur\" \/>\n<meta property=\"article:modified_time\" content=\"2026-02-12T15:40:06+00:00\" \/>\n<meta property=\"og:image\" content=\"https:\/\/annette-ahrens.at\/onlineshop\/wp-content\/uploads\/2026\/02\/IMG_1238-scaled.jpeg\" \/>\n\t<meta property=\"og:image:width\" content=\"2048\" \/>\n\t<meta property=\"og:image:height\" content=\"1749\" \/>\n<meta name=\"twitter:card\" content=\"summary_large_image\" \/>\n<meta name=\"twitter:label1\" content=\"Gesch\u00e4tzte Lesezeit\">\n\t<meta name=\"twitter:data1\" content=\"1\u00a0Minute\">\n<script type=\"application\/ld+json\" class=\"yoast-schema-graph\">{\"@context\":\"https:\/\/schema.org\",\"@graph\":[{\"@type\":[\"Person\",\"Organization\"],\"@id\":\"https:\/\/annette-ahrens.at\/onlineshop\/#\/schema\/person\/3e19676faae246bba0cb3b7e15f427d8\",\"name\":\"Annette Ahrens\",\"image\":{\"@type\":\"ImageObject\",\"@id\":\"https:\/\/annette-ahrens.at\/onlineshop\/#personlogo\",\"inLanguage\":\"de\",\"url\":\"https:\/\/annette-ahrens.at\/onlineshop\/wp-content\/uploads\/2020\/04\/aa_logo_End.png\",\"width\":800,\"height\":164,\"caption\":\"Annette Ahrens\"},\"logo\":{\"@id\":\"https:\/\/annette-ahrens.at\/onlineshop\/#personlogo\"},\"sameAs\":[\"https:\/\/annette-ahrens.at\",\"https:\/\/www.facebook.com\/AnnetteAhrensTafelkultur\",\"https:\/\/www.instagram.com\/tafelkulturistin\/\",\"https:\/\/de.wikipedia.org\/wiki\/Annette_Ahrens\"]},{\"@type\":\"WebSite\",\"@id\":\"https:\/\/annette-ahrens.at\/onlineshop\/#website\",\"url\":\"https:\/\/annette-ahrens.at\/onlineshop\/\",\"name\":\"Tafelkultur Onlineshop\",\"description\":\"Annette Ahrens\",\"publisher\":{\"@id\":\"https:\/\/annette-ahrens.at\/onlineshop\/#\/schema\/person\/3e19676faae246bba0cb3b7e15f427d8\"},\"potentialAction\":[{\"@type\":\"SearchAction\",\"target\":\"https:\/\/annette-ahrens.at\/onlineshop\/?s={search_term_string}\",\"query-input\":\"required name=search_term_string\"}],\"inLanguage\":\"de\"},{\"@type\":\"ImageObject\",\"@id\":\"https:\/\/annette-ahrens.at\/onlineshop\/produkt\/salz-und-pfefferstreuer-als-bonzo-japan-um-1940\/#primaryimage\",\"inLanguage\":\"de\",\"url\":\"https:\/\/annette-ahrens.at\/onlineshop\/wp-content\/uploads\/2026\/02\/IMG_1238-scaled.jpeg\",\"width\":2048,\"height\":1749,\"caption\":\"streuer_bonzo_japan\"},{\"@type\":[\"WebPage\",\"ItemPage\"],\"@id\":\"https:\/\/annette-ahrens.at\/onlineshop\/produkt\/salz-und-pfefferstreuer-als-bonzo-japan-um-1940\/#webpage\",\"url\":\"https:\/\/annette-ahrens.at\/onlineshop\/produkt\/salz-und-pfefferstreuer-als-bonzo-japan-um-1940\/\",\"name\":\"Salz- und Pfefferstreuer als Bonzo, Japan, um 1940\",\"isPartOf\":{\"@id\":\"https:\/\/annette-ahrens.at\/onlineshop\/#website\"},\"primaryImageOfPage\":{\"@id\":\"https:\/\/annette-ahrens.at\/onlineshop\/produkt\/salz-und-pfefferstreuer-als-bonzo-japan-um-1940\/#primaryimage\"},\"datePublished\":\"2026-02-07T06:33:43+00:00\",\"dateModified\":\"2026-02-12T15:40:06+00:00\",\"description\":\"Salz- und Pfefferstreuer als Bonzo, Japan, um 1940 \\u2665 Antiquit\\u00e4ten Online kaufen \\u2713 Sichere Lieferung \\u2713\",\"breadcrumb\":{\"@id\":\"https:\/\/annette-ahrens.at\/onlineshop\/produkt\/salz-und-pfefferstreuer-als-bonzo-japan-um-1940\/#breadcrumb\"},\"inLanguage\":\"de\",\"potentialAction\":[{\"@type\":\"ReadAction\",\"target\":[\"https:\/\/annette-ahrens.at\/onlineshop\/produkt\/salz-und-pfefferstreuer-als-bonzo-japan-um-1940\/\"]}]},{\"@type\":\"BreadcrumbList\",\"@id\":\"https:\/\/annette-ahrens.at\/onlineshop\/produkt\/salz-und-pfefferstreuer-als-bonzo-japan-um-1940\/#breadcrumb\",\"itemListElement\":[{\"@type\":\"ListItem\",\"position\":1,\"item\":{\"@type\":\"WebPage\",\"@id\":\"https:\/\/annette-ahrens.at\/onlineshop\/\",\"url\":\"https:\/\/annette-ahrens.at\/onlineshop\/\",\"name\":\"Home\"}},{\"@type\":\"ListItem\",\"position\":2,\"item\":{\"@type\":\"WebPage\",\"@id\":\"https:\/\/annette-ahrens.at\/onlineshop\/alle-tafelkultur-objekte\/\",\"url\":\"https:\/\/annette-ahrens.at\/onlineshop\/alle-tafelkultur-objekte\/\",\"name\":\"Alle Tafelkultur Objekte\"}},{\"@type\":\"ListItem\",\"position\":3,\"item\":{\"@type\":\"WebPage\",\"@id\":\"https:\/\/annette-ahrens.at\/onlineshop\/produkt\/salz-und-pfefferstreuer-als-bonzo-japan-um-1940\/\",\"url\":\"https:\/\/annette-ahrens.at\/onlineshop\/produkt\/salz-und-pfefferstreuer-als-bonzo-japan-um-1940\/\",\"name\":\"Salz- und Pfefferstreuer als Bonzo, Japan, um 1940\"}}]}]}<\/script>\n<!-- \/ Yoast SEO Premium plugin. -->","_links":{"self":[{"href":"https:\/\/annette-ahrens.at\/onlineshop\/wp-json\/wp\/v2\/product\/42150","targetHints":{"allow":["GET"]}}],"collection":[{"href":"https:\/\/annette-ahrens.at\/onlineshop\/wp-json\/wp\/v2\/product"}],"about":[{"href":"https:\/\/annette-ahrens.at\/onlineshop\/wp-json\/wp\/v2\/types\/product"}],"replies":[{"embeddable":true,"href":"https:\/\/annette-ahrens.at\/onlineshop\/wp-json\/wp\/v2\/comments?post=42150"}],"wp:featuredmedia":[{"embeddable":true,"href":"https:\/\/annette-ahrens.at\/onlineshop\/wp-json\/wp\/v2\/media\/42152"}],"wp:attachment":[{"href":"https:\/\/annette-ahrens.at\/onlineshop\/wp-json\/wp\/v2\/media?parent=42150"}],"wp:term":[{"taxonomy":"product_brand","embeddable":true,"href":"https:\/\/annette-ahrens.at\/onlineshop\/wp-json\/wp\/v2\/product_brand?post=42150"},{"taxonomy":"product_cat","embeddable":true,"href":"https:\/\/annette-ahrens.at\/onlineshop\/wp-json\/wp\/v2\/product_cat?post=42150"},{"taxonomy":"product_tag","embeddable":true,"href":"https:\/\/annette-ahrens.at\/onlineshop\/wp-json\/wp\/v2\/product_tag?post=42150"}],"curies":[{"name":"wp","href":"https:\/\/api.w.org\/{rel}","templated":true}]}}