{"id":42160,"date":"2026-02-07T17:45:37","date_gmt":"2026-02-07T16:45:37","guid":{"rendered":"https:\/\/annette-ahrens.at\/onlineshop\/?post_type=product&#038;p=42160"},"modified":"2026-02-08T12:37:05","modified_gmt":"2026-02-08T11:37:05","slug":"prunkvolle-biedermeier-tasse-mit-untertasse-fa-ellbogen-boehmen-um-1850","status":"publish","type":"product","link":"https:\/\/annette-ahrens.at\/onlineshop\/produkt\/prunkvolle-biedermeier-tasse-mit-untertasse-fa-ellbogen-boehmen-um-1850\/","title":{"rendered":"Prunkvolle Biedermeier Tasse mit Untertasse, Fa. Ellbogen, B\u00f6hmen, um 1850"},"content":{"rendered":"<p>Biedermeier Tasse mit Untertasse<\/p>\n<p>Fa. Ellbogen, B\u00f6hmen, um 1830<\/p>\n<p>Porzellan, Tasse auf drei vegetabilen F\u00fc\u00dfchen, Wandung mit aufwendig gemalten Bl\u00e4ttern, Lippenrand innen vergoldet, vergoldeter Rocaillen-Henkel, zugeh\u00f6rige Untertasse mit korrespondierendem Dekor, am Boden eingepresster Arm f\u00fcr die Porzellanmanufaktur Ellbogen, B\u00f6hmen, eingepresster Jahersstempel, tadelloser Erhaltungszustand<\/p>\n<p>H 8 cm<\/p>\n<p>Dm 9 cm (Tasse)<\/p>\n<p>Dm (Untertasse) 13,4 cm<\/p>\n<p>&nbsp;<\/p>\n<p>&nbsp;<\/p>\n","protected":false},"excerpt":{"rendered":"<p>Biedermeier Tasse mit Untertasse Fa. Ellbogen, B\u00f6hmen, um 1830 Porzellan, Tasse auf drei vegetabilen F\u00fc\u00dfchen, Wandung mit aufwendig gemalten Bl\u00e4ttern, Lippenrand innen vergoldet, vergoldeter Rocaillen-Henkel, zugeh\u00f6rige Untertasse mit korrespondierendem Dekor, am Boden eingepresster Arm f\u00fcr die Porzellanmanufaktur Ellbogen, B\u00f6hmen, eingepresster Jahersstempel, tadelloser Erhaltungszustand H 8 cm Dm 9 cm (Tasse) Dm (Untertasse) 13,4 cm &nbsp; [&hellip;]<\/p>\n","protected":false},"featured_media":42161,"comment_status":"open","ping_status":"closed","template":"","meta":[],"product_brand":[],"product_cat":[25,297,18,37,292,54,38],"product_tag":[],"class_list":{"0":"post-42160","1":"product","2":"type-product","3":"status-publish","4":"has-post-thumbnail","6":"product_cat-5o-clock-tea","7":"product_cat-adventjause","8":"product_cat-fruehstueck","9":"product_cat-kaffee","10":"product_cat-muttertag","11":"product_cat-porzellan","12":"product_cat-tee","14":"first","15":"instock","16":"sold-individually","17":"purchasable","18":"product-type-simple"},"yoast_head":"<!-- This site is optimized with the Yoast SEO Premium plugin v15.8.2 - https:\/\/yoast.com\/wordpress\/plugins\/seo\/ -->\n<title>Prunkvolle Biedermeier Tasse mit Untertasse, Fa. Ellbogen, B\u00f6hmen, um 1850<\/title>\n<meta name=\"description\" content=\"Prunkvolle Biedermeier Tasse mit Untertasse, Fa. Ellbogen, B\u00f6hmen, um 1850 \u2665 Antiquit\u00e4ten Online kaufen \u2713 Sichere Lieferung \u2713\" \/>\n<meta name=\"robots\" content=\"index, follow, max-snippet:-1, max-image-preview:large, max-video-preview:-1\" \/>\n<link rel=\"canonical\" href=\"https:\/\/annette-ahrens.at\/onlineshop\/produkt\/prunkvolle-biedermeier-tasse-mit-untertasse-fa-ellbogen-boehmen-um-1850\/\" \/>\n<meta property=\"og:locale\" content=\"de_DE\" \/>\n<meta property=\"og:type\" content=\"article\" \/>\n<meta property=\"og:title\" content=\"Prunkvolle Biedermeier Tasse mit Untertasse, Fa. Ellbogen, B\u00f6hmen, um 1850\" \/>\n<meta property=\"og:description\" content=\"Prunkvolle Biedermeier Tasse mit Untertasse, Fa. Ellbogen, B\u00f6hmen, um 1850 \u2665 Antiquit\u00e4ten Online kaufen \u2713 Sichere Lieferung \u2713\" \/>\n<meta property=\"og:url\" content=\"https:\/\/annette-ahrens.at\/onlineshop\/produkt\/prunkvolle-biedermeier-tasse-mit-untertasse-fa-ellbogen-boehmen-um-1850\/\" \/>\n<meta property=\"og:site_name\" content=\"Tafelkultur Onlineshop\" \/>\n<meta property=\"article:publisher\" content=\"https:\/\/www.facebook.com\/AnnetteAhrensTafelkultur\" \/>\n<meta property=\"article:modified_time\" content=\"2026-02-08T11:37:05+00:00\" \/>\n<meta property=\"og:image\" content=\"https:\/\/annette-ahrens.at\/onlineshop\/wp-content\/uploads\/2026\/02\/IMG_1250-scaled.jpeg\" \/>\n\t<meta property=\"og:image:width\" content=\"1863\" \/>\n\t<meta property=\"og:image:height\" content=\"2048\" \/>\n<meta name=\"twitter:card\" content=\"summary_large_image\" \/>\n<meta name=\"twitter:label1\" content=\"Gesch\u00e4tzte Lesezeit\">\n\t<meta name=\"twitter:data1\" content=\"1\u00a0Minute\">\n<script type=\"application\/ld+json\" class=\"yoast-schema-graph\">{\"@context\":\"https:\/\/schema.org\",\"@graph\":[{\"@type\":[\"Person\",\"Organization\"],\"@id\":\"https:\/\/annette-ahrens.at\/onlineshop\/#\/schema\/person\/3e19676faae246bba0cb3b7e15f427d8\",\"name\":\"Annette Ahrens\",\"image\":{\"@type\":\"ImageObject\",\"@id\":\"https:\/\/annette-ahrens.at\/onlineshop\/#personlogo\",\"inLanguage\":\"de\",\"url\":\"https:\/\/annette-ahrens.at\/onlineshop\/wp-content\/uploads\/2020\/04\/aa_logo_End.png\",\"width\":800,\"height\":164,\"caption\":\"Annette Ahrens\"},\"logo\":{\"@id\":\"https:\/\/annette-ahrens.at\/onlineshop\/#personlogo\"},\"sameAs\":[\"https:\/\/annette-ahrens.at\",\"https:\/\/www.facebook.com\/AnnetteAhrensTafelkultur\",\"https:\/\/www.instagram.com\/tafelkulturistin\/\",\"https:\/\/de.wikipedia.org\/wiki\/Annette_Ahrens\"]},{\"@type\":\"WebSite\",\"@id\":\"https:\/\/annette-ahrens.at\/onlineshop\/#website\",\"url\":\"https:\/\/annette-ahrens.at\/onlineshop\/\",\"name\":\"Tafelkultur Onlineshop\",\"description\":\"Annette Ahrens\",\"publisher\":{\"@id\":\"https:\/\/annette-ahrens.at\/onlineshop\/#\/schema\/person\/3e19676faae246bba0cb3b7e15f427d8\"},\"potentialAction\":[{\"@type\":\"SearchAction\",\"target\":\"https:\/\/annette-ahrens.at\/onlineshop\/?s={search_term_string}\",\"query-input\":\"required name=search_term_string\"}],\"inLanguage\":\"de\"},{\"@type\":\"ImageObject\",\"@id\":\"https:\/\/annette-ahrens.at\/onlineshop\/produkt\/prunkvolle-biedermeier-tasse-mit-untertasse-fa-ellbogen-boehmen-um-1850\/#primaryimage\",\"inLanguage\":\"de\",\"url\":\"https:\/\/annette-ahrens.at\/onlineshop\/wp-content\/uploads\/2026\/02\/IMG_1250-scaled.jpeg\",\"width\":1863,\"height\":2048,\"caption\":\"tasse_ellbogen_1850\"},{\"@type\":[\"WebPage\",\"ItemPage\"],\"@id\":\"https:\/\/annette-ahrens.at\/onlineshop\/produkt\/prunkvolle-biedermeier-tasse-mit-untertasse-fa-ellbogen-boehmen-um-1850\/#webpage\",\"url\":\"https:\/\/annette-ahrens.at\/onlineshop\/produkt\/prunkvolle-biedermeier-tasse-mit-untertasse-fa-ellbogen-boehmen-um-1850\/\",\"name\":\"Prunkvolle Biedermeier Tasse mit Untertasse, Fa. Ellbogen, B\\u00f6hmen, um 1850\",\"isPartOf\":{\"@id\":\"https:\/\/annette-ahrens.at\/onlineshop\/#website\"},\"primaryImageOfPage\":{\"@id\":\"https:\/\/annette-ahrens.at\/onlineshop\/produkt\/prunkvolle-biedermeier-tasse-mit-untertasse-fa-ellbogen-boehmen-um-1850\/#primaryimage\"},\"datePublished\":\"2026-02-07T16:45:37+00:00\",\"dateModified\":\"2026-02-08T11:37:05+00:00\",\"description\":\"Prunkvolle Biedermeier Tasse mit Untertasse, Fa. Ellbogen, B\\u00f6hmen, um 1850 \\u2665 Antiquit\\u00e4ten Online kaufen \\u2713 Sichere Lieferung \\u2713\",\"breadcrumb\":{\"@id\":\"https:\/\/annette-ahrens.at\/onlineshop\/produkt\/prunkvolle-biedermeier-tasse-mit-untertasse-fa-ellbogen-boehmen-um-1850\/#breadcrumb\"},\"inLanguage\":\"de\",\"potentialAction\":[{\"@type\":\"ReadAction\",\"target\":[\"https:\/\/annette-ahrens.at\/onlineshop\/produkt\/prunkvolle-biedermeier-tasse-mit-untertasse-fa-ellbogen-boehmen-um-1850\/\"]}]},{\"@type\":\"BreadcrumbList\",\"@id\":\"https:\/\/annette-ahrens.at\/onlineshop\/produkt\/prunkvolle-biedermeier-tasse-mit-untertasse-fa-ellbogen-boehmen-um-1850\/#breadcrumb\",\"itemListElement\":[{\"@type\":\"ListItem\",\"position\":1,\"item\":{\"@type\":\"WebPage\",\"@id\":\"https:\/\/annette-ahrens.at\/onlineshop\/\",\"url\":\"https:\/\/annette-ahrens.at\/onlineshop\/\",\"name\":\"Home\"}},{\"@type\":\"ListItem\",\"position\":2,\"item\":{\"@type\":\"WebPage\",\"@id\":\"https:\/\/annette-ahrens.at\/onlineshop\/alle-tafelkultur-objekte\/\",\"url\":\"https:\/\/annette-ahrens.at\/onlineshop\/alle-tafelkultur-objekte\/\",\"name\":\"Alle Tafelkultur Objekte\"}},{\"@type\":\"ListItem\",\"position\":3,\"item\":{\"@type\":\"WebPage\",\"@id\":\"https:\/\/annette-ahrens.at\/onlineshop\/produkt\/prunkvolle-biedermeier-tasse-mit-untertasse-fa-ellbogen-boehmen-um-1850\/\",\"url\":\"https:\/\/annette-ahrens.at\/onlineshop\/produkt\/prunkvolle-biedermeier-tasse-mit-untertasse-fa-ellbogen-boehmen-um-1850\/\",\"name\":\"Prunkvolle Biedermeier Tasse mit Untertasse, Fa. Ellbogen, B\\u00f6hmen, um 1850\"}}]}]}<\/script>\n<!-- \/ Yoast SEO Premium plugin. -->","_links":{"self":[{"href":"https:\/\/annette-ahrens.at\/onlineshop\/wp-json\/wp\/v2\/product\/42160","targetHints":{"allow":["GET"]}}],"collection":[{"href":"https:\/\/annette-ahrens.at\/onlineshop\/wp-json\/wp\/v2\/product"}],"about":[{"href":"https:\/\/annette-ahrens.at\/onlineshop\/wp-json\/wp\/v2\/types\/product"}],"replies":[{"embeddable":true,"href":"https:\/\/annette-ahrens.at\/onlineshop\/wp-json\/wp\/v2\/comments?post=42160"}],"wp:featuredmedia":[{"embeddable":true,"href":"https:\/\/annette-ahrens.at\/onlineshop\/wp-json\/wp\/v2\/media\/42161"}],"wp:attachment":[{"href":"https:\/\/annette-ahrens.at\/onlineshop\/wp-json\/wp\/v2\/media?parent=42160"}],"wp:term":[{"taxonomy":"product_brand","embeddable":true,"href":"https:\/\/annette-ahrens.at\/onlineshop\/wp-json\/wp\/v2\/product_brand?post=42160"},{"taxonomy":"product_cat","embeddable":true,"href":"https:\/\/annette-ahrens.at\/onlineshop\/wp-json\/wp\/v2\/product_cat?post=42160"},{"taxonomy":"product_tag","embeddable":true,"href":"https:\/\/annette-ahrens.at\/onlineshop\/wp-json\/wp\/v2\/product_tag?post=42160"}],"curies":[{"name":"wp","href":"https:\/\/api.w.org\/{rel}","templated":true}]}}