{"id":42258,"date":"2026-02-18T06:24:21","date_gmt":"2026-02-18T05:24:21","guid":{"rendered":"https:\/\/annette-ahrens.at\/onlineshop\/?post_type=product&#038;p=42258"},"modified":"2026-02-17T16:01:07","modified_gmt":"2026-02-17T15:01:07","slug":"marianne-denzel-besteck-fuer-12-personen-madame-fa-berndorf-um-1960","status":"publish","type":"product","link":"https:\/\/annette-ahrens.at\/onlineshop\/produkt\/marianne-denzel-besteck-fuer-12-personen-madame-fa-berndorf-um-1960\/","title":{"rendered":"Marianne Denzel, Besteck f\u00fcr 12 Personen, &#8222;Madame&#8220;, Fa. Berndorf, um 1960"},"content":{"rendered":"<p>60 teiliges Midcentury Besteck f\u00fcr 12 Personen &#8222;Madame&#8220;<\/p>\n<p>Entwurf: Marianne Denzel (Bad Schussenried 1932 &#8211; 1975 K\u00f6ln) f\u00fcr die Fa. Berndorf, um 1960<\/p>\n<p>Alpacca, stark versilbert, Modell 7000, 90er Auflage, tadellose Messer mit Hohlheft und rostfreien Klingen, alle Teile gemarkt Berndorf in Schreibschrift, insgesamt 60 Teile, bestehend aus<\/p>\n<p>12 Menumessern L 22 cm<\/p>\n<p>12 Menugabeln L 20,2 cm<\/p>\n<p>12 Suppenl\u00f6ffel L 20,5 cm<\/p>\n<p>12 Kaffeel\u00f6ffel L 14 cm<\/p>\n<p>12 Kuchengabeln L 15,5 cm<\/p>\n<p>Literatur: Tulga Beyerle, Karin Hirschberger: Designlandschaft \u00d6sterreich, 1900-2005, Basel 2006, Seite 146<\/p>\n","protected":false},"excerpt":{"rendered":"<p>Annettes Etikette: Die deutsche K\u00fcnstlerin Marianne Denzel zeichnet f\u00fcr moderne Entw\u00fcrfe der Berndorfer Metallwarenfabrik verantwortlich. Neben Tafelger\u00e4ten und Besteckentw\u00fcrfen, die unter dem Namen &#8222;MADAME&#8220; und &#8222;SIR&#8220; angeboten wurden, wurde ihr vernickelter Besteckentwurf sogar f\u00fcr die 1. Klasse der Austrian Airlines ausgef\u00fchrt. Hier hat sich ein komplettes Besteck f\u00fcr 12 Personen erhalten.<\/p>\n","protected":false},"featured_media":42464,"comment_status":"open","ping_status":"closed","template":"","meta":[],"product_brand":[],"product_cat":[276,30,32,235,291,236,20,237,296,190,252,250],"product_tag":[],"class_list":{"0":"post-42258","1":"product","2":"type-product","3":"status-publish","4":"has-post-thumbnail","6":"product_cat-alpacca","7":"product_cat-besteck","8":"product_cat-festefeiern","9":"product_cat-gabeln","10":"product_cat-hochzeit","11":"product_cat-loeffel","12":"product_cat-lunchtime","13":"product_cat-messer","14":"product_cat-silvester","15":"product_cat-suppe","16":"product_cat-suppenloeffel","17":"product_cat-teeloeffel-loeffeln","19":"first","20":"instock","21":"sold-individually","22":"purchasable","23":"product-type-simple"},"yoast_head":"<!-- This site is optimized with the Yoast SEO Premium plugin v15.8.2 - https:\/\/yoast.com\/wordpress\/plugins\/seo\/ -->\n<title>Marianne Denzel, Besteck f\u00fcr 12 Personen, &quot;Madame&quot;, Fa. Berndorf, um 1960<\/title>\n<meta name=\"description\" content=\"Marianne Denzel, Besteck f\u00fcr 12 Personen, &quot;Madame&quot;, Fa. Berndorf, um 1960 \u2665 Antiquit\u00e4ten Online kaufen \u2713 Sichere Lieferung \u2713\" \/>\n<meta name=\"robots\" content=\"index, follow, max-snippet:-1, max-image-preview:large, max-video-preview:-1\" \/>\n<link rel=\"canonical\" href=\"https:\/\/annette-ahrens.at\/onlineshop\/produkt\/marianne-denzel-besteck-fuer-12-personen-madame-fa-berndorf-um-1960\/\" \/>\n<meta property=\"og:locale\" content=\"de_DE\" \/>\n<meta property=\"og:type\" content=\"article\" \/>\n<meta property=\"og:title\" content=\"Marianne Denzel, Besteck f\u00fcr 12 Personen, &quot;Madame&quot;, Fa. Berndorf, um 1960\" \/>\n<meta property=\"og:description\" content=\"Marianne Denzel, Besteck f\u00fcr 12 Personen, &quot;Madame&quot;, Fa. Berndorf, um 1960 \u2665 Antiquit\u00e4ten Online kaufen \u2713 Sichere Lieferung \u2713\" \/>\n<meta property=\"og:url\" content=\"https:\/\/annette-ahrens.at\/onlineshop\/produkt\/marianne-denzel-besteck-fuer-12-personen-madame-fa-berndorf-um-1960\/\" \/>\n<meta property=\"og:site_name\" content=\"Tafelkultur Onlineshop\" \/>\n<meta property=\"article:publisher\" content=\"https:\/\/www.facebook.com\/AnnetteAhrensTafelkultur\" \/>\n<meta property=\"article:modified_time\" content=\"2026-02-17T15:01:07+00:00\" \/>\n<meta property=\"og:image\" content=\"https:\/\/annette-ahrens.at\/onlineshop\/wp-content\/uploads\/2026\/03\/IMG_8378-scaled.jpeg\" \/>\n\t<meta property=\"og:image:width\" content=\"2048\" \/>\n\t<meta property=\"og:image:height\" content=\"1536\" \/>\n<meta name=\"twitter:card\" content=\"summary_large_image\" \/>\n<meta name=\"twitter:label1\" content=\"Gesch\u00e4tzte Lesezeit\">\n\t<meta name=\"twitter:data1\" content=\"1\u00a0Minute\">\n<script type=\"application\/ld+json\" class=\"yoast-schema-graph\">{\"@context\":\"https:\/\/schema.org\",\"@graph\":[{\"@type\":[\"Person\",\"Organization\"],\"@id\":\"https:\/\/annette-ahrens.at\/onlineshop\/#\/schema\/person\/3e19676faae246bba0cb3b7e15f427d8\",\"name\":\"Annette Ahrens\",\"image\":{\"@type\":\"ImageObject\",\"@id\":\"https:\/\/annette-ahrens.at\/onlineshop\/#personlogo\",\"inLanguage\":\"de\",\"url\":\"https:\/\/annette-ahrens.at\/onlineshop\/wp-content\/uploads\/2020\/04\/aa_logo_End.png\",\"width\":800,\"height\":164,\"caption\":\"Annette Ahrens\"},\"logo\":{\"@id\":\"https:\/\/annette-ahrens.at\/onlineshop\/#personlogo\"},\"sameAs\":[\"https:\/\/annette-ahrens.at\",\"https:\/\/www.facebook.com\/AnnetteAhrensTafelkultur\",\"https:\/\/www.instagram.com\/tafelkulturistin\/\",\"https:\/\/de.wikipedia.org\/wiki\/Annette_Ahrens\"]},{\"@type\":\"WebSite\",\"@id\":\"https:\/\/annette-ahrens.at\/onlineshop\/#website\",\"url\":\"https:\/\/annette-ahrens.at\/onlineshop\/\",\"name\":\"Tafelkultur Onlineshop\",\"description\":\"Annette Ahrens\",\"publisher\":{\"@id\":\"https:\/\/annette-ahrens.at\/onlineshop\/#\/schema\/person\/3e19676faae246bba0cb3b7e15f427d8\"},\"potentialAction\":[{\"@type\":\"SearchAction\",\"target\":\"https:\/\/annette-ahrens.at\/onlineshop\/?s={search_term_string}\",\"query-input\":\"required name=search_term_string\"}],\"inLanguage\":\"de\"},{\"@type\":\"ImageObject\",\"@id\":\"https:\/\/annette-ahrens.at\/onlineshop\/produkt\/marianne-denzel-besteck-fuer-12-personen-madame-fa-berndorf-um-1960\/#primaryimage\",\"inLanguage\":\"de\",\"url\":\"https:\/\/annette-ahrens.at\/onlineshop\/wp-content\/uploads\/2026\/03\/IMG_8378-scaled.jpeg\",\"width\":2048,\"height\":1536,\"caption\":\"besteck_berndorf_denzel_madame\"},{\"@type\":[\"WebPage\",\"ItemPage\"],\"@id\":\"https:\/\/annette-ahrens.at\/onlineshop\/produkt\/marianne-denzel-besteck-fuer-12-personen-madame-fa-berndorf-um-1960\/#webpage\",\"url\":\"https:\/\/annette-ahrens.at\/onlineshop\/produkt\/marianne-denzel-besteck-fuer-12-personen-madame-fa-berndorf-um-1960\/\",\"name\":\"Marianne Denzel, Besteck f\\u00fcr 12 Personen, \\\"Madame\\\", Fa. Berndorf, um 1960\",\"isPartOf\":{\"@id\":\"https:\/\/annette-ahrens.at\/onlineshop\/#website\"},\"primaryImageOfPage\":{\"@id\":\"https:\/\/annette-ahrens.at\/onlineshop\/produkt\/marianne-denzel-besteck-fuer-12-personen-madame-fa-berndorf-um-1960\/#primaryimage\"},\"datePublished\":\"2026-02-18T05:24:21+00:00\",\"dateModified\":\"2026-02-17T15:01:07+00:00\",\"description\":\"Marianne Denzel, Besteck f\\u00fcr 12 Personen, \\\"Madame\\\", Fa. Berndorf, um 1960 \\u2665 Antiquit\\u00e4ten Online kaufen \\u2713 Sichere Lieferung \\u2713\",\"breadcrumb\":{\"@id\":\"https:\/\/annette-ahrens.at\/onlineshop\/produkt\/marianne-denzel-besteck-fuer-12-personen-madame-fa-berndorf-um-1960\/#breadcrumb\"},\"inLanguage\":\"de\",\"potentialAction\":[{\"@type\":\"ReadAction\",\"target\":[\"https:\/\/annette-ahrens.at\/onlineshop\/produkt\/marianne-denzel-besteck-fuer-12-personen-madame-fa-berndorf-um-1960\/\"]}]},{\"@type\":\"BreadcrumbList\",\"@id\":\"https:\/\/annette-ahrens.at\/onlineshop\/produkt\/marianne-denzel-besteck-fuer-12-personen-madame-fa-berndorf-um-1960\/#breadcrumb\",\"itemListElement\":[{\"@type\":\"ListItem\",\"position\":1,\"item\":{\"@type\":\"WebPage\",\"@id\":\"https:\/\/annette-ahrens.at\/onlineshop\/\",\"url\":\"https:\/\/annette-ahrens.at\/onlineshop\/\",\"name\":\"Home\"}},{\"@type\":\"ListItem\",\"position\":2,\"item\":{\"@type\":\"WebPage\",\"@id\":\"https:\/\/annette-ahrens.at\/onlineshop\/alle-tafelkultur-objekte\/\",\"url\":\"https:\/\/annette-ahrens.at\/onlineshop\/alle-tafelkultur-objekte\/\",\"name\":\"Alle Tafelkultur Objekte\"}},{\"@type\":\"ListItem\",\"position\":3,\"item\":{\"@type\":\"WebPage\",\"@id\":\"https:\/\/annette-ahrens.at\/onlineshop\/produkt\/marianne-denzel-besteck-fuer-12-personen-madame-fa-berndorf-um-1960\/\",\"url\":\"https:\/\/annette-ahrens.at\/onlineshop\/produkt\/marianne-denzel-besteck-fuer-12-personen-madame-fa-berndorf-um-1960\/\",\"name\":\"Marianne Denzel, Besteck f\\u00fcr 12 Personen, &#8222;Madame&#8220;, Fa. Berndorf, um 1960\"}}]}]}<\/script>\n<!-- \/ Yoast SEO Premium plugin. -->","_links":{"self":[{"href":"https:\/\/annette-ahrens.at\/onlineshop\/wp-json\/wp\/v2\/product\/42258","targetHints":{"allow":["GET"]}}],"collection":[{"href":"https:\/\/annette-ahrens.at\/onlineshop\/wp-json\/wp\/v2\/product"}],"about":[{"href":"https:\/\/annette-ahrens.at\/onlineshop\/wp-json\/wp\/v2\/types\/product"}],"replies":[{"embeddable":true,"href":"https:\/\/annette-ahrens.at\/onlineshop\/wp-json\/wp\/v2\/comments?post=42258"}],"wp:featuredmedia":[{"embeddable":true,"href":"https:\/\/annette-ahrens.at\/onlineshop\/wp-json\/wp\/v2\/media\/42464"}],"wp:attachment":[{"href":"https:\/\/annette-ahrens.at\/onlineshop\/wp-json\/wp\/v2\/media?parent=42258"}],"wp:term":[{"taxonomy":"product_brand","embeddable":true,"href":"https:\/\/annette-ahrens.at\/onlineshop\/wp-json\/wp\/v2\/product_brand?post=42258"},{"taxonomy":"product_cat","embeddable":true,"href":"https:\/\/annette-ahrens.at\/onlineshop\/wp-json\/wp\/v2\/product_cat?post=42258"},{"taxonomy":"product_tag","embeddable":true,"href":"https:\/\/annette-ahrens.at\/onlineshop\/wp-json\/wp\/v2\/product_tag?post=42258"}],"curies":[{"name":"wp","href":"https:\/\/api.w.org\/{rel}","templated":true}]}}