{"id":423,"date":"2020-04-27T01:34:33","date_gmt":"2020-04-26T23:34:33","guid":{"rendered":"https:\/\/annette-ahrens.at\/silbershop\/?post_type=product&#038;p=423"},"modified":"2025-01-05T22:17:31","modified_gmt":"2025-01-05T21:17:31","slug":"423","status":"publish","type":"product","link":"https:\/\/annette-ahrens.at\/onlineshop\/produkt\/423\/","title":{"rendered":"Silberner Biedermeier Teekessel, Mayerhofer &#038; Klinkosch, Wien, um 1846"},"content":{"rendered":"<p>Biedermeier Teekessel<\/p>\n<p>Fa. Mayerhofer &amp; Klinkosch,\u00a0Wien, 1846<\/p>\n<p>Silber, Rechaud auf vier Volutenf\u00fc\u00dfchen mit herausnehmbarem Brenner, Teekanne in K\u00fcrbisform, frontseitiger Ausguss mit Dosierungsb\u00fcgel, Muschelknauf aus Bein, Beinhenkel, gemarkt mit Wiener Beschauzeichen 1846, Firmenzeichen M &amp; K f\u00fcr Mayerhofer &amp; Klinkosch, tadelloser, funktionst\u00fcchtiger Erhaltungszustand<\/p>\n<p>H 35 cm<\/p>\n","protected":false},"excerpt":{"rendered":"<p>Annettes Etikette: Die Plattierwarenfabrik\u00a0Mayerhofer &amp; Klinkosch z\u00e4hlt zu den bedeutendsten Silberschmieden des so eleganten Wiener Biedermeier. Carl Klinkosch &amp; Stephan Mayerhofer gr\u00fcndeten 1831 ihr gemeinsames Unternehmen, wurden schon 1837 Hoflieferant f\u00fcr Silberwaren und z\u00e4hlten schon 1840 zum gr\u00f6\u00dften Hersteller von Tafelbesteck. Die Marke M &amp; K firmierte bis ins Jahr 1869.<\/p>\n","protected":false},"featured_media":425,"comment_status":"open","ping_status":"closed","template":"","meta":[],"product_brand":[],"product_cat":[25,130,297,18,269,273,268,38,149,271,150,53,26],"product_tag":[],"class_list":{"0":"post-423","1":"product","2":"type-product","3":"status-publish","4":"has-post-thumbnail","6":"product_cat-5o-clock-tea","7":"product_cat-abendessen","8":"product_cat-adventjause","9":"product_cat-fruehstueck","10":"product_cat-samowar","11":"product_cat-silber-fachbuecher","12":"product_cat-tee-5o-clock-tea","13":"product_cat-tee","14":"product_cat-teekanne","15":"product_cat-teekessel","16":"product_cat-teemaschine","17":"product_cat-weihnachten","18":"product_cat-wiener-melange","20":"first","21":"instock","22":"sold-individually","23":"purchasable","24":"product-type-simple"},"yoast_head":"<!-- This site is optimized with the Yoast SEO Premium plugin v15.8.2 - https:\/\/yoast.com\/wordpress\/plugins\/seo\/ -->\n<title>Silberner Biedermeier Teekessel, Mayerhofer &amp; Klinkosch, Wien, um 1846<\/title>\n<meta name=\"description\" content=\"Silberner Biedermeier Teekessel, Mayerhofer &amp; Klinkosch, Wien, um 1846 \u2665 Antiquit\u00e4ten Online kaufen \u2713 Sichere Lieferung \u2713\" \/>\n<meta name=\"robots\" content=\"index, follow, max-snippet:-1, max-image-preview:large, max-video-preview:-1\" \/>\n<link rel=\"canonical\" href=\"https:\/\/annette-ahrens.at\/onlineshop\/produkt\/423\/\" \/>\n<meta property=\"og:locale\" content=\"de_DE\" \/>\n<meta property=\"og:type\" content=\"article\" \/>\n<meta property=\"og:title\" content=\"Silberner Biedermeier Teekessel, Mayerhofer &amp; Klinkosch, Wien, um 1846\" \/>\n<meta property=\"og:description\" content=\"Silberner Biedermeier Teekessel, Mayerhofer &amp; Klinkosch, Wien, um 1846 \u2665 Antiquit\u00e4ten Online kaufen \u2713 Sichere Lieferung \u2713\" \/>\n<meta property=\"og:url\" content=\"https:\/\/annette-ahrens.at\/onlineshop\/produkt\/423\/\" \/>\n<meta property=\"og:site_name\" content=\"Tafelkultur Onlineshop\" \/>\n<meta property=\"article:publisher\" content=\"https:\/\/www.facebook.com\/AnnetteAhrensTafelkultur\" \/>\n<meta property=\"article:modified_time\" content=\"2025-01-05T21:17:31+00:00\" \/>\n<meta property=\"og:image\" content=\"https:\/\/annette-ahrens.at\/onlineshop\/wp-content\/uploads\/2020\/04\/IMG_8908-scaled.jpeg\" \/>\n\t<meta property=\"og:image:width\" content=\"1920\" \/>\n\t<meta property=\"og:image:height\" content=\"2560\" \/>\n<meta name=\"twitter:card\" content=\"summary_large_image\" \/>\n<meta name=\"twitter:label1\" content=\"Gesch\u00e4tzte Lesezeit\">\n\t<meta name=\"twitter:data1\" content=\"1\u00a0Minute\">\n<script type=\"application\/ld+json\" class=\"yoast-schema-graph\">{\"@context\":\"https:\/\/schema.org\",\"@graph\":[{\"@type\":[\"Person\",\"Organization\"],\"@id\":\"https:\/\/annette-ahrens.at\/onlineshop\/#\/schema\/person\/3e19676faae246bba0cb3b7e15f427d8\",\"name\":\"Annette Ahrens\",\"image\":{\"@type\":\"ImageObject\",\"@id\":\"https:\/\/annette-ahrens.at\/onlineshop\/#personlogo\",\"inLanguage\":\"de\",\"url\":\"https:\/\/annette-ahrens.at\/onlineshop\/wp-content\/uploads\/2020\/04\/aa_logo_End.png\",\"width\":800,\"height\":164,\"caption\":\"Annette Ahrens\"},\"logo\":{\"@id\":\"https:\/\/annette-ahrens.at\/onlineshop\/#personlogo\"},\"sameAs\":[\"https:\/\/annette-ahrens.at\",\"https:\/\/www.facebook.com\/AnnetteAhrensTafelkultur\",\"https:\/\/www.instagram.com\/tafelkulturistin\/\",\"https:\/\/de.wikipedia.org\/wiki\/Annette_Ahrens\"]},{\"@type\":\"WebSite\",\"@id\":\"https:\/\/annette-ahrens.at\/onlineshop\/#website\",\"url\":\"https:\/\/annette-ahrens.at\/onlineshop\/\",\"name\":\"Tafelkultur Onlineshop\",\"description\":\"Annette Ahrens\",\"publisher\":{\"@id\":\"https:\/\/annette-ahrens.at\/onlineshop\/#\/schema\/person\/3e19676faae246bba0cb3b7e15f427d8\"},\"potentialAction\":[{\"@type\":\"SearchAction\",\"target\":\"https:\/\/annette-ahrens.at\/onlineshop\/?s={search_term_string}\",\"query-input\":\"required name=search_term_string\"}],\"inLanguage\":\"de\"},{\"@type\":\"ImageObject\",\"@id\":\"https:\/\/annette-ahrens.at\/onlineshop\/produkt\/423\/#primaryimage\",\"inLanguage\":\"de\",\"url\":\"https:\/\/annette-ahrens.at\/onlineshop\/wp-content\/uploads\/2020\/04\/IMG_8908-scaled.jpeg\",\"width\":1920,\"height\":2560,\"caption\":\"teekessel_silber\"},{\"@type\":[\"WebPage\",\"ItemPage\"],\"@id\":\"https:\/\/annette-ahrens.at\/onlineshop\/produkt\/423\/#webpage\",\"url\":\"https:\/\/annette-ahrens.at\/onlineshop\/produkt\/423\/\",\"name\":\"Silberner Biedermeier Teekessel, Mayerhofer & Klinkosch, Wien, um 1846\",\"isPartOf\":{\"@id\":\"https:\/\/annette-ahrens.at\/onlineshop\/#website\"},\"primaryImageOfPage\":{\"@id\":\"https:\/\/annette-ahrens.at\/onlineshop\/produkt\/423\/#primaryimage\"},\"datePublished\":\"2020-04-26T23:34:33+00:00\",\"dateModified\":\"2025-01-05T21:17:31+00:00\",\"description\":\"Silberner Biedermeier Teekessel, Mayerhofer & Klinkosch, Wien, um 1846 \\u2665 Antiquit\\u00e4ten Online kaufen \\u2713 Sichere Lieferung \\u2713\",\"breadcrumb\":{\"@id\":\"https:\/\/annette-ahrens.at\/onlineshop\/produkt\/423\/#breadcrumb\"},\"inLanguage\":\"de\",\"potentialAction\":[{\"@type\":\"ReadAction\",\"target\":[\"https:\/\/annette-ahrens.at\/onlineshop\/produkt\/423\/\"]}]},{\"@type\":\"BreadcrumbList\",\"@id\":\"https:\/\/annette-ahrens.at\/onlineshop\/produkt\/423\/#breadcrumb\",\"itemListElement\":[{\"@type\":\"ListItem\",\"position\":1,\"item\":{\"@type\":\"WebPage\",\"@id\":\"https:\/\/annette-ahrens.at\/onlineshop\/\",\"url\":\"https:\/\/annette-ahrens.at\/onlineshop\/\",\"name\":\"Home\"}},{\"@type\":\"ListItem\",\"position\":2,\"item\":{\"@type\":\"WebPage\",\"@id\":\"https:\/\/annette-ahrens.at\/onlineshop\/alle-tafelkultur-objekte\/\",\"url\":\"https:\/\/annette-ahrens.at\/onlineshop\/alle-tafelkultur-objekte\/\",\"name\":\"Alle Tafelkultur Objekte\"}},{\"@type\":\"ListItem\",\"position\":3,\"item\":{\"@type\":\"WebPage\",\"@id\":\"https:\/\/annette-ahrens.at\/onlineshop\/produkt\/423\/\",\"url\":\"https:\/\/annette-ahrens.at\/onlineshop\/produkt\/423\/\",\"name\":\"Silberner Biedermeier Teekessel, Mayerhofer &#038; Klinkosch, Wien, um 1846\"}}]}]}<\/script>\n<!-- \/ Yoast SEO Premium plugin. -->","_links":{"self":[{"href":"https:\/\/annette-ahrens.at\/onlineshop\/wp-json\/wp\/v2\/product\/423","targetHints":{"allow":["GET"]}}],"collection":[{"href":"https:\/\/annette-ahrens.at\/onlineshop\/wp-json\/wp\/v2\/product"}],"about":[{"href":"https:\/\/annette-ahrens.at\/onlineshop\/wp-json\/wp\/v2\/types\/product"}],"replies":[{"embeddable":true,"href":"https:\/\/annette-ahrens.at\/onlineshop\/wp-json\/wp\/v2\/comments?post=423"}],"wp:featuredmedia":[{"embeddable":true,"href":"https:\/\/annette-ahrens.at\/onlineshop\/wp-json\/wp\/v2\/media\/425"}],"wp:attachment":[{"href":"https:\/\/annette-ahrens.at\/onlineshop\/wp-json\/wp\/v2\/media?parent=423"}],"wp:term":[{"taxonomy":"product_brand","embeddable":true,"href":"https:\/\/annette-ahrens.at\/onlineshop\/wp-json\/wp\/v2\/product_brand?post=423"},{"taxonomy":"product_cat","embeddable":true,"href":"https:\/\/annette-ahrens.at\/onlineshop\/wp-json\/wp\/v2\/product_cat?post=423"},{"taxonomy":"product_tag","embeddable":true,"href":"https:\/\/annette-ahrens.at\/onlineshop\/wp-json\/wp\/v2\/product_tag?post=423"}],"curies":[{"name":"wp","href":"https:\/\/api.w.org\/{rel}","templated":true}]}}