{"id":4231,"date":"2020-11-11T01:01:22","date_gmt":"2020-11-11T00:01:22","guid":{"rendered":"https:\/\/annette-ahrens.at\/onlineshop\/?post_type=product&#038;p=4231"},"modified":"2025-01-05T21:56:30","modified_gmt":"2025-01-05T20:56:30","slug":"silbernes-45teiliges-art-deco-besteck-fuer-6-personen-boehmen-nach-1930","status":"publish","type":"product","link":"https:\/\/annette-ahrens.at\/onlineshop\/produkt\/silbernes-45teiliges-art-deco-besteck-fuer-6-personen-boehmen-nach-1930\/","title":{"rendered":"Silbernes 45teiliges Art Deco Besteck f\u00fcr 6 Personen, B\u00f6hmen, nach 1930"},"content":{"rendered":"<p>Silbernes Art Deco Besteck f\u00fcr 6 Personen<\/p>\n<p>B\u00f6hmen, nach 1930<\/p>\n<p>Silber, 45 Teile, gemarkt mit Meisterzeichen,\u00a0tschechoslowakischem Beschauzeichen und Feingehaltszeichen 800, alle Messer mit rostfreien Klingen der Firma D. Maly, bezeichnet NEREZ (rostfrei), in originaler Kassette, au\u00dfen mit schwarzer Chagrinleinwand \u00fcberzogen, Schloss mit Schl\u00fcssel<\/p>\n<p>bestehend aus:<\/p>\n<p>6 Suppenl\u00f6ffel<\/p>\n<p>6 Teel\u00f6ffel<\/p>\n<p>6 Mokkal\u00f6ffel<\/p>\n<p>6 Menumesser<\/p>\n<p>6 Menugabeln<\/p>\n<p>6 Vorspeisgabeln<\/p>\n<p>6 Vorspeismesser<\/p>\n<p>1 Suppensch\u00f6pfer<\/p>\n<p>1 Saucensch\u00f6pfer<\/p>\n<p>1 Geb\u00e4ckzange<\/p>\n<p>&nbsp;<\/p>\n","protected":false},"excerpt":{"rendered":"<p>Silbernes Art Deco Besteck f\u00fcr 6 Personen B\u00f6hmen, nach 1930 Silber, 45 Teile, gemarkt mit Meisterzeichen,\u00a0tschechoslowakischem Beschauzeichen und Feingehaltszeichen 800, alle Messer mit rostfreien Klingen der Firma D. Maly, bezeichnet NEREZ (rostfrei), in originaler Kassette, au\u00dfen mit schwarzer Chagrinleinwand \u00fcberzogen, Schloss mit Schl\u00fcssel bestehend aus: 6 Suppenl\u00f6ffel 6 Teel\u00f6ffel 6 Mokkal\u00f6ffel 6 Menumesser 6 Menugabeln [&hellip;]<\/p>\n","protected":false},"featured_media":4198,"comment_status":"open","ping_status":"closed","template":"","meta":[],"product_brand":[],"product_cat":[130,30,235,236,237,266,252,250],"product_tag":[],"class_list":{"0":"post-4231","1":"product","2":"type-product","3":"status-publish","4":"has-post-thumbnail","6":"product_cat-abendessen","7":"product_cat-besteck","8":"product_cat-gabeln","9":"product_cat-loeffel","10":"product_cat-messer","11":"product_cat-schoepfer","12":"product_cat-suppenloeffel","13":"product_cat-teeloeffel-loeffeln","15":"first","16":"instock","17":"sold-individually","18":"purchasable","19":"product-type-simple"},"yoast_head":"<!-- This site is optimized with the Yoast SEO Premium plugin v15.8.2 - https:\/\/yoast.com\/wordpress\/plugins\/seo\/ -->\n<title>Silbernes 45teiliges Art Deco Besteck f\u00fcr 6 Personen, B\u00f6hmen, nach 1930<\/title>\n<meta name=\"description\" content=\"Silbernes 45teiliges Art Deco Besteck f\u00fcr 6 Personen, B\u00f6hmen, nach 1930 \u2665 Antiquit\u00e4ten Online kaufen \u2713 Sichere Lieferung \u2713\" \/>\n<meta name=\"robots\" content=\"index, follow, max-snippet:-1, max-image-preview:large, max-video-preview:-1\" \/>\n<link rel=\"canonical\" href=\"https:\/\/annette-ahrens.at\/onlineshop\/produkt\/silbernes-45teiliges-art-deco-besteck-fuer-6-personen-boehmen-nach-1930\/\" \/>\n<meta property=\"og:locale\" content=\"de_DE\" \/>\n<meta property=\"og:type\" content=\"article\" \/>\n<meta property=\"og:title\" content=\"Silbernes 45teiliges Art Deco Besteck f\u00fcr 6 Personen, B\u00f6hmen, nach 1930\" \/>\n<meta property=\"og:description\" content=\"Silbernes 45teiliges Art Deco Besteck f\u00fcr 6 Personen, B\u00f6hmen, nach 1930 \u2665 Antiquit\u00e4ten Online kaufen \u2713 Sichere Lieferung \u2713\" \/>\n<meta property=\"og:url\" content=\"https:\/\/annette-ahrens.at\/onlineshop\/produkt\/silbernes-45teiliges-art-deco-besteck-fuer-6-personen-boehmen-nach-1930\/\" \/>\n<meta property=\"og:site_name\" content=\"Tafelkultur Onlineshop\" \/>\n<meta property=\"article:publisher\" content=\"https:\/\/www.facebook.com\/AnnetteAhrensTafelkultur\" \/>\n<meta property=\"article:modified_time\" content=\"2025-01-05T20:56:30+00:00\" \/>\n<meta property=\"og:image\" content=\"https:\/\/annette-ahrens.at\/onlineshop\/wp-content\/uploads\/2020\/11\/IMG_3455-scaled.jpeg\" \/>\n\t<meta property=\"og:image:width\" content=\"2560\" \/>\n\t<meta property=\"og:image:height\" content=\"2560\" \/>\n<meta name=\"twitter:card\" content=\"summary_large_image\" \/>\n<script type=\"application\/ld+json\" class=\"yoast-schema-graph\">{\"@context\":\"https:\/\/schema.org\",\"@graph\":[{\"@type\":[\"Person\",\"Organization\"],\"@id\":\"https:\/\/annette-ahrens.at\/onlineshop\/#\/schema\/person\/3e19676faae246bba0cb3b7e15f427d8\",\"name\":\"Annette Ahrens\",\"image\":{\"@type\":\"ImageObject\",\"@id\":\"https:\/\/annette-ahrens.at\/onlineshop\/#personlogo\",\"inLanguage\":\"de\",\"url\":\"https:\/\/annette-ahrens.at\/onlineshop\/wp-content\/uploads\/2020\/04\/aa_logo_End.png\",\"width\":800,\"height\":164,\"caption\":\"Annette Ahrens\"},\"logo\":{\"@id\":\"https:\/\/annette-ahrens.at\/onlineshop\/#personlogo\"},\"sameAs\":[\"https:\/\/annette-ahrens.at\",\"https:\/\/www.facebook.com\/AnnetteAhrensTafelkultur\",\"https:\/\/www.instagram.com\/tafelkulturistin\/\",\"https:\/\/de.wikipedia.org\/wiki\/Annette_Ahrens\"]},{\"@type\":\"WebSite\",\"@id\":\"https:\/\/annette-ahrens.at\/onlineshop\/#website\",\"url\":\"https:\/\/annette-ahrens.at\/onlineshop\/\",\"name\":\"Tafelkultur Onlineshop\",\"description\":\"Annette Ahrens\",\"publisher\":{\"@id\":\"https:\/\/annette-ahrens.at\/onlineshop\/#\/schema\/person\/3e19676faae246bba0cb3b7e15f427d8\"},\"potentialAction\":[{\"@type\":\"SearchAction\",\"target\":\"https:\/\/annette-ahrens.at\/onlineshop\/?s={search_term_string}\",\"query-input\":\"required name=search_term_string\"}],\"inLanguage\":\"de\"},{\"@type\":\"ImageObject\",\"@id\":\"https:\/\/annette-ahrens.at\/onlineshop\/produkt\/silbernes-45teiliges-art-deco-besteck-fuer-6-personen-boehmen-nach-1930\/#primaryimage\",\"inLanguage\":\"de\",\"url\":\"https:\/\/annette-ahrens.at\/onlineshop\/wp-content\/uploads\/2020\/11\/IMG_3455-scaled.jpeg\",\"width\":2560,\"height\":2560,\"caption\":\"silberbsteck_artdeco\"},{\"@type\":[\"WebPage\",\"ItemPage\"],\"@id\":\"https:\/\/annette-ahrens.at\/onlineshop\/produkt\/silbernes-45teiliges-art-deco-besteck-fuer-6-personen-boehmen-nach-1930\/#webpage\",\"url\":\"https:\/\/annette-ahrens.at\/onlineshop\/produkt\/silbernes-45teiliges-art-deco-besteck-fuer-6-personen-boehmen-nach-1930\/\",\"name\":\"Silbernes 45teiliges Art Deco Besteck f\\u00fcr 6 Personen, B\\u00f6hmen, nach 1930\",\"isPartOf\":{\"@id\":\"https:\/\/annette-ahrens.at\/onlineshop\/#website\"},\"primaryImageOfPage\":{\"@id\":\"https:\/\/annette-ahrens.at\/onlineshop\/produkt\/silbernes-45teiliges-art-deco-besteck-fuer-6-personen-boehmen-nach-1930\/#primaryimage\"},\"datePublished\":\"2020-11-11T00:01:22+00:00\",\"dateModified\":\"2025-01-05T20:56:30+00:00\",\"description\":\"Silbernes 45teiliges Art Deco Besteck f\\u00fcr 6 Personen, B\\u00f6hmen, nach 1930 \\u2665 Antiquit\\u00e4ten Online kaufen \\u2713 Sichere Lieferung \\u2713\",\"breadcrumb\":{\"@id\":\"https:\/\/annette-ahrens.at\/onlineshop\/produkt\/silbernes-45teiliges-art-deco-besteck-fuer-6-personen-boehmen-nach-1930\/#breadcrumb\"},\"inLanguage\":\"de\",\"potentialAction\":[{\"@type\":\"ReadAction\",\"target\":[\"https:\/\/annette-ahrens.at\/onlineshop\/produkt\/silbernes-45teiliges-art-deco-besteck-fuer-6-personen-boehmen-nach-1930\/\"]}]},{\"@type\":\"BreadcrumbList\",\"@id\":\"https:\/\/annette-ahrens.at\/onlineshop\/produkt\/silbernes-45teiliges-art-deco-besteck-fuer-6-personen-boehmen-nach-1930\/#breadcrumb\",\"itemListElement\":[{\"@type\":\"ListItem\",\"position\":1,\"item\":{\"@type\":\"WebPage\",\"@id\":\"https:\/\/annette-ahrens.at\/onlineshop\/\",\"url\":\"https:\/\/annette-ahrens.at\/onlineshop\/\",\"name\":\"Home\"}},{\"@type\":\"ListItem\",\"position\":2,\"item\":{\"@type\":\"WebPage\",\"@id\":\"https:\/\/annette-ahrens.at\/onlineshop\/alle-tafelkultur-objekte\/\",\"url\":\"https:\/\/annette-ahrens.at\/onlineshop\/alle-tafelkultur-objekte\/\",\"name\":\"Alle Tafelkultur Objekte\"}},{\"@type\":\"ListItem\",\"position\":3,\"item\":{\"@type\":\"WebPage\",\"@id\":\"https:\/\/annette-ahrens.at\/onlineshop\/produkt\/silbernes-45teiliges-art-deco-besteck-fuer-6-personen-boehmen-nach-1930\/\",\"url\":\"https:\/\/annette-ahrens.at\/onlineshop\/produkt\/silbernes-45teiliges-art-deco-besteck-fuer-6-personen-boehmen-nach-1930\/\",\"name\":\"Silbernes 45teiliges Art Deco Besteck f\\u00fcr 6 Personen, B\\u00f6hmen, nach 1930\"}}]}]}<\/script>\n<!-- \/ Yoast SEO Premium plugin. -->","_links":{"self":[{"href":"https:\/\/annette-ahrens.at\/onlineshop\/wp-json\/wp\/v2\/product\/4231","targetHints":{"allow":["GET"]}}],"collection":[{"href":"https:\/\/annette-ahrens.at\/onlineshop\/wp-json\/wp\/v2\/product"}],"about":[{"href":"https:\/\/annette-ahrens.at\/onlineshop\/wp-json\/wp\/v2\/types\/product"}],"replies":[{"embeddable":true,"href":"https:\/\/annette-ahrens.at\/onlineshop\/wp-json\/wp\/v2\/comments?post=4231"}],"wp:featuredmedia":[{"embeddable":true,"href":"https:\/\/annette-ahrens.at\/onlineshop\/wp-json\/wp\/v2\/media\/4198"}],"wp:attachment":[{"href":"https:\/\/annette-ahrens.at\/onlineshop\/wp-json\/wp\/v2\/media?parent=4231"}],"wp:term":[{"taxonomy":"product_brand","embeddable":true,"href":"https:\/\/annette-ahrens.at\/onlineshop\/wp-json\/wp\/v2\/product_brand?post=4231"},{"taxonomy":"product_cat","embeddable":true,"href":"https:\/\/annette-ahrens.at\/onlineshop\/wp-json\/wp\/v2\/product_cat?post=4231"},{"taxonomy":"product_tag","embeddable":true,"href":"https:\/\/annette-ahrens.at\/onlineshop\/wp-json\/wp\/v2\/product_tag?post=4231"}],"curies":[{"name":"wp","href":"https:\/\/api.w.org\/{rel}","templated":true}]}}