{"id":42446,"date":"2026-02-15T20:39:50","date_gmt":"2026-02-15T19:39:50","guid":{"rendered":"https:\/\/annette-ahrens.at\/onlineshop\/?post_type=product&#038;p=42446"},"modified":"2026-02-20T23:15:28","modified_gmt":"2026-02-20T22:15:28","slug":"grosse-vorlegeplatte-altroehlau-boehmen-um-1860","status":"publish","type":"product","link":"https:\/\/annette-ahrens.at\/onlineshop\/produkt\/grosse-vorlegeplatte-altroehlau-boehmen-um-1860\/","title":{"rendered":"Gro\u00dfe Vorlegeplatte, Altr\u00f6hlau bei Karlsbad, B\u00f6hmen, um 1860"},"content":{"rendered":"<p>Gro\u00dfe Vorlegeplatte<\/p>\n<p>August Nowotny, Altr\u00f6hlau bei Karlsbad, B\u00f6hmen, um 1860<\/p>\n<p>Steingut, glasiert, runder Teller, Fahne mit handgemaltem Weinlaub-Dekor, am Boden gemarkt mit eingepresster Wortmarke &#8222;AUGUST NOWOTNY ALTR\u00d6HLAU bey KARLSBAD&#8220; (verwendet in den Jahren 1858 &#8211; 1884), Altersspuren<\/p>\n<p>Dm 34 cm<\/p>\n<p>Literatur: Hans Meyer, B\u00f6hmisches Porzellan und Steingut, Leipzig 1927<\/p>\n<p>&nbsp;<\/p>\n<p>&nbsp;<\/p>\n","protected":false},"excerpt":{"rendered":"<p style=\"text-align: left;\"><strong>Annettes Etikette: August Nowotny (oft auch Augustin Nowotny) war ein<\/strong><mark class=\"HxTRcb\" data-complete=\"true\" data-sae=\"\"> tschechischer Unternehmer, der die Entwicklung der Porzellan- und Steingutindustrie im b\u00f6hmischen Altrohlau (heute Star\u00e1 Role, ein Stadtteil von Karlsbad) ma\u00dfgeblich pr\u00e4gte<span style=\"font-family: system-ui;\"><span style=\"caret-color: rgba(0, 0, 0, 0.847); color: rgba(0, 0, 0, 0.847); font-size: 11px; background-color: #c0c0c0;\">.\u00a0<\/span><\/span><\/mark><\/p>\n<div class=\"Fsg96\" data-sfc-cp=\"\" data-complete=\"true\" data-processed=\"true\"><\/div>\n","protected":false},"featured_media":42377,"comment_status":"open","ping_status":"closed","template":"","meta":[],"product_brand":[],"product_cat":[130,299,32,167,203,19,300,274],"product_tag":[],"class_list":{"0":"post-42446","1":"product","2":"type-product","3":"status-publish","4":"has-post-thumbnail","6":"product_cat-abendessen","7":"product_cat-cocktailparty","8":"product_cat-festefeiern","9":"product_cat-fisch","10":"product_cat-fisch-speisen","11":"product_cat-gabelfruehstueck","12":"product_cat-gartenfest","13":"product_cat-porzellan-fachbuecher","15":"first","16":"instock","17":"sold-individually","18":"purchasable","19":"product-type-simple"},"yoast_head":"<!-- This site is optimized with the Yoast SEO Premium plugin v15.8.2 - https:\/\/yoast.com\/wordpress\/plugins\/seo\/ -->\n<title>Gro\u00dfe Vorlegeplatte, Altr\u00f6hlau bei Karlsbad, B\u00f6hmen, um 1860<\/title>\n<meta name=\"description\" content=\"Gro\u00dfe Vorlegeplatte, Altr\u00f6hlau bei Karlsbad, B\u00f6hmen, um 1860 \u2665 Antiquit\u00e4ten Online kaufen \u2713 Sichere Lieferung \u2713\" \/>\n<meta name=\"robots\" content=\"index, follow, max-snippet:-1, max-image-preview:large, max-video-preview:-1\" \/>\n<link rel=\"canonical\" href=\"https:\/\/annette-ahrens.at\/onlineshop\/produkt\/grosse-vorlegeplatte-altroehlau-boehmen-um-1860\/\" \/>\n<meta property=\"og:locale\" content=\"de_DE\" \/>\n<meta property=\"og:type\" content=\"article\" \/>\n<meta property=\"og:title\" content=\"Gro\u00dfe Vorlegeplatte, Altr\u00f6hlau bei Karlsbad, B\u00f6hmen, um 1860\" \/>\n<meta property=\"og:description\" content=\"Gro\u00dfe Vorlegeplatte, Altr\u00f6hlau bei Karlsbad, B\u00f6hmen, um 1860 \u2665 Antiquit\u00e4ten Online kaufen \u2713 Sichere Lieferung \u2713\" \/>\n<meta property=\"og:url\" content=\"https:\/\/annette-ahrens.at\/onlineshop\/produkt\/grosse-vorlegeplatte-altroehlau-boehmen-um-1860\/\" \/>\n<meta property=\"og:site_name\" content=\"Tafelkultur Onlineshop\" \/>\n<meta property=\"article:publisher\" content=\"https:\/\/www.facebook.com\/AnnetteAhrensTafelkultur\" \/>\n<meta property=\"article:modified_time\" content=\"2026-02-20T22:15:28+00:00\" \/>\n<meta property=\"og:image\" content=\"https:\/\/annette-ahrens.at\/onlineshop\/wp-content\/uploads\/2026\/02\/IMG_1333-scaled.jpeg\" \/>\n\t<meta property=\"og:image:width\" content=\"1632\" \/>\n\t<meta property=\"og:image:height\" content=\"2048\" \/>\n<meta name=\"twitter:card\" content=\"summary_large_image\" \/>\n<meta name=\"twitter:label1\" content=\"Gesch\u00e4tzte Lesezeit\">\n\t<meta name=\"twitter:data1\" content=\"1\u00a0Minute\">\n<script type=\"application\/ld+json\" class=\"yoast-schema-graph\">{\"@context\":\"https:\/\/schema.org\",\"@graph\":[{\"@type\":[\"Person\",\"Organization\"],\"@id\":\"https:\/\/annette-ahrens.at\/onlineshop\/#\/schema\/person\/3e19676faae246bba0cb3b7e15f427d8\",\"name\":\"Annette Ahrens\",\"image\":{\"@type\":\"ImageObject\",\"@id\":\"https:\/\/annette-ahrens.at\/onlineshop\/#personlogo\",\"inLanguage\":\"de\",\"url\":\"https:\/\/annette-ahrens.at\/onlineshop\/wp-content\/uploads\/2020\/04\/aa_logo_End.png\",\"width\":800,\"height\":164,\"caption\":\"Annette Ahrens\"},\"logo\":{\"@id\":\"https:\/\/annette-ahrens.at\/onlineshop\/#personlogo\"},\"sameAs\":[\"https:\/\/annette-ahrens.at\",\"https:\/\/www.facebook.com\/AnnetteAhrensTafelkultur\",\"https:\/\/www.instagram.com\/tafelkulturistin\/\",\"https:\/\/de.wikipedia.org\/wiki\/Annette_Ahrens\"]},{\"@type\":\"WebSite\",\"@id\":\"https:\/\/annette-ahrens.at\/onlineshop\/#website\",\"url\":\"https:\/\/annette-ahrens.at\/onlineshop\/\",\"name\":\"Tafelkultur Onlineshop\",\"description\":\"Annette Ahrens\",\"publisher\":{\"@id\":\"https:\/\/annette-ahrens.at\/onlineshop\/#\/schema\/person\/3e19676faae246bba0cb3b7e15f427d8\"},\"potentialAction\":[{\"@type\":\"SearchAction\",\"target\":\"https:\/\/annette-ahrens.at\/onlineshop\/?s={search_term_string}\",\"query-input\":\"required name=search_term_string\"}],\"inLanguage\":\"de\"},{\"@type\":\"ImageObject\",\"@id\":\"https:\/\/annette-ahrens.at\/onlineshop\/produkt\/grosse-vorlegeplatte-altroehlau-boehmen-um-1860\/#primaryimage\",\"inLanguage\":\"de\",\"url\":\"https:\/\/annette-ahrens.at\/onlineshop\/wp-content\/uploads\/2026\/02\/IMG_1333-scaled.jpeg\",\"width\":1632,\"height\":2048,\"caption\":\"platte_nowotny\"},{\"@type\":[\"WebPage\",\"ItemPage\"],\"@id\":\"https:\/\/annette-ahrens.at\/onlineshop\/produkt\/grosse-vorlegeplatte-altroehlau-boehmen-um-1860\/#webpage\",\"url\":\"https:\/\/annette-ahrens.at\/onlineshop\/produkt\/grosse-vorlegeplatte-altroehlau-boehmen-um-1860\/\",\"name\":\"Gro\\u00dfe Vorlegeplatte, Altr\\u00f6hlau bei Karlsbad, B\\u00f6hmen, um 1860\",\"isPartOf\":{\"@id\":\"https:\/\/annette-ahrens.at\/onlineshop\/#website\"},\"primaryImageOfPage\":{\"@id\":\"https:\/\/annette-ahrens.at\/onlineshop\/produkt\/grosse-vorlegeplatte-altroehlau-boehmen-um-1860\/#primaryimage\"},\"datePublished\":\"2026-02-15T19:39:50+00:00\",\"dateModified\":\"2026-02-20T22:15:28+00:00\",\"description\":\"Gro\\u00dfe Vorlegeplatte, Altr\\u00f6hlau bei Karlsbad, B\\u00f6hmen, um 1860 \\u2665 Antiquit\\u00e4ten Online kaufen \\u2713 Sichere Lieferung \\u2713\",\"breadcrumb\":{\"@id\":\"https:\/\/annette-ahrens.at\/onlineshop\/produkt\/grosse-vorlegeplatte-altroehlau-boehmen-um-1860\/#breadcrumb\"},\"inLanguage\":\"de\",\"potentialAction\":[{\"@type\":\"ReadAction\",\"target\":[\"https:\/\/annette-ahrens.at\/onlineshop\/produkt\/grosse-vorlegeplatte-altroehlau-boehmen-um-1860\/\"]}]},{\"@type\":\"BreadcrumbList\",\"@id\":\"https:\/\/annette-ahrens.at\/onlineshop\/produkt\/grosse-vorlegeplatte-altroehlau-boehmen-um-1860\/#breadcrumb\",\"itemListElement\":[{\"@type\":\"ListItem\",\"position\":1,\"item\":{\"@type\":\"WebPage\",\"@id\":\"https:\/\/annette-ahrens.at\/onlineshop\/\",\"url\":\"https:\/\/annette-ahrens.at\/onlineshop\/\",\"name\":\"Home\"}},{\"@type\":\"ListItem\",\"position\":2,\"item\":{\"@type\":\"WebPage\",\"@id\":\"https:\/\/annette-ahrens.at\/onlineshop\/alle-tafelkultur-objekte\/\",\"url\":\"https:\/\/annette-ahrens.at\/onlineshop\/alle-tafelkultur-objekte\/\",\"name\":\"Alle Tafelkultur Objekte\"}},{\"@type\":\"ListItem\",\"position\":3,\"item\":{\"@type\":\"WebPage\",\"@id\":\"https:\/\/annette-ahrens.at\/onlineshop\/produkt\/grosse-vorlegeplatte-altroehlau-boehmen-um-1860\/\",\"url\":\"https:\/\/annette-ahrens.at\/onlineshop\/produkt\/grosse-vorlegeplatte-altroehlau-boehmen-um-1860\/\",\"name\":\"Gro\\u00dfe Vorlegeplatte, Altr\\u00f6hlau bei Karlsbad, B\\u00f6hmen, um 1860\"}}]}]}<\/script>\n<!-- \/ Yoast SEO Premium plugin. -->","_links":{"self":[{"href":"https:\/\/annette-ahrens.at\/onlineshop\/wp-json\/wp\/v2\/product\/42446","targetHints":{"allow":["GET"]}}],"collection":[{"href":"https:\/\/annette-ahrens.at\/onlineshop\/wp-json\/wp\/v2\/product"}],"about":[{"href":"https:\/\/annette-ahrens.at\/onlineshop\/wp-json\/wp\/v2\/types\/product"}],"replies":[{"embeddable":true,"href":"https:\/\/annette-ahrens.at\/onlineshop\/wp-json\/wp\/v2\/comments?post=42446"}],"wp:featuredmedia":[{"embeddable":true,"href":"https:\/\/annette-ahrens.at\/onlineshop\/wp-json\/wp\/v2\/media\/42377"}],"wp:attachment":[{"href":"https:\/\/annette-ahrens.at\/onlineshop\/wp-json\/wp\/v2\/media?parent=42446"}],"wp:term":[{"taxonomy":"product_brand","embeddable":true,"href":"https:\/\/annette-ahrens.at\/onlineshop\/wp-json\/wp\/v2\/product_brand?post=42446"},{"taxonomy":"product_cat","embeddable":true,"href":"https:\/\/annette-ahrens.at\/onlineshop\/wp-json\/wp\/v2\/product_cat?post=42446"},{"taxonomy":"product_tag","embeddable":true,"href":"https:\/\/annette-ahrens.at\/onlineshop\/wp-json\/wp\/v2\/product_tag?post=42446"}],"curies":[{"name":"wp","href":"https:\/\/api.w.org\/{rel}","templated":true}]}}