{"id":42487,"date":"2026-02-18T23:54:31","date_gmt":"2026-02-18T22:54:31","guid":{"rendered":"https:\/\/annette-ahrens.at\/onlineshop\/?post_type=product&#038;p=42487"},"modified":"2026-02-19T00:07:44","modified_gmt":"2026-02-18T23:07:44","slug":"6-kleine-bunte-alpha-becher-mit-karaffe-fa-j-l-lobmeyr-wien-entwurf-1952","status":"publish","type":"product","link":"https:\/\/annette-ahrens.at\/onlineshop\/produkt\/6-kleine-bunte-alpha-becher-mit-karaffe-fa-j-l-lobmeyr-wien-entwurf-1952\/","title":{"rendered":"6 kleine bunte Alpha-Becher mit Karaffe, Fa. J.&#038; L. Lobmeyr, Wien, Entwurf 1952"},"content":{"rendered":"<p>6 kleine bunte Alpha-Becher mit Karaffe aus dem Service No. 267<br \/>\nEntwurf: Hans Harald Rath, 1952 f\u00fcr Fa. J. &amp; L. Lobmeyr, Wien, \u00d6sterreich<\/p>\n<p>Ausf\u00fchrung: 20. Jahrhundert<\/p>\n<p>in Holzformen mundgeblasenes Musselinglas in 6 Farben: rauch, hellblau, hellgr\u00fcn, rosalin, amethyst und citrin, runder Gef\u00e4\u00dfk\u00f6rper, zugeh\u00f6rige Karaffe in Rauch, alle Teile signiert, tadelloser Erhaltungszustand<\/p>\n<p>H 4,9 cm<\/p>\n<p>Dm 6,1 cm<\/p>\n<p>H 12 cm (Karaffe)<\/p>\n","protected":false},"excerpt":{"rendered":"<p>Annettes Etikette: Die Form wurde von einem barocken Kupferbecher aus den Sammlungen des MAK Wien inspiriert. Diese Gl\u00e4ser spiegeln laut Lobmeyr den Lebensstil der 50er Jahre wider und sind vollst\u00e4ndig stapelbar. Feinstes Musselinglas, mundgeblasen in Holzformen, sorgt f\u00fcr ihre Eleganz. 1964 wurde die Serie mit dem Deutschen Designpreis \u201eGute Form\u201c ausgezeichnet. Diese Gr\u00f6\u00dfe der fr\u00f6hlich bunten Tumbler wird f\u00fcr Cocktails und Espresso vorgeschlagen.<\/p>\n","protected":false},"featured_media":42488,"comment_status":"open","ping_status":"closed","template":"","meta":[],"product_brand":[],"product_cat":[27,214,19,295],"product_tag":[],"class_list":{"0":"post-42487","1":"product","2":"type-product","3":"status-publish","4":"has-post-thumbnail","6":"product_cat-barware","7":"product_cat-bier","8":"product_cat-gabelfruehstueck","9":"product_cat-jagdeinladung","11":"first","12":"instock","13":"sold-individually","14":"purchasable","15":"product-type-simple"},"yoast_head":"<!-- This site is optimized with the Yoast SEO Premium plugin v15.8.2 - https:\/\/yoast.com\/wordpress\/plugins\/seo\/ -->\n<title>6 kleine bunte Alpha-Becher mit Karaffe, Fa. J.&amp; L. Lobmeyr, Wien, Entwurf 1952<\/title>\n<meta name=\"description\" content=\"6 kleine bunte Alpha-Becher mit Karaffe, Fa. J.&amp; L. Lobmeyr, Wien, Entwurf 1952 \u2665 Antiquit\u00e4ten Online kaufen \u2713 Sichere Lieferung \u2713\" \/>\n<meta name=\"robots\" content=\"index, follow, max-snippet:-1, max-image-preview:large, max-video-preview:-1\" \/>\n<link rel=\"canonical\" href=\"https:\/\/annette-ahrens.at\/onlineshop\/produkt\/6-kleine-bunte-alpha-becher-mit-karaffe-fa-j-l-lobmeyr-wien-entwurf-1952\/\" \/>\n<meta property=\"og:locale\" content=\"de_DE\" \/>\n<meta property=\"og:type\" content=\"article\" \/>\n<meta property=\"og:title\" content=\"6 kleine bunte Alpha-Becher mit Karaffe, Fa. J.&amp; L. Lobmeyr, Wien, Entwurf 1952\" \/>\n<meta property=\"og:description\" content=\"6 kleine bunte Alpha-Becher mit Karaffe, Fa. J.&amp; L. Lobmeyr, Wien, Entwurf 1952 \u2665 Antiquit\u00e4ten Online kaufen \u2713 Sichere Lieferung \u2713\" \/>\n<meta property=\"og:url\" content=\"https:\/\/annette-ahrens.at\/onlineshop\/produkt\/6-kleine-bunte-alpha-becher-mit-karaffe-fa-j-l-lobmeyr-wien-entwurf-1952\/\" \/>\n<meta property=\"og:site_name\" content=\"Tafelkultur Onlineshop\" \/>\n<meta property=\"article:publisher\" content=\"https:\/\/www.facebook.com\/AnnetteAhrensTafelkultur\" \/>\n<meta property=\"article:modified_time\" content=\"2026-02-18T23:07:44+00:00\" \/>\n<meta property=\"og:image\" content=\"https:\/\/annette-ahrens.at\/onlineshop\/wp-content\/uploads\/2026\/02\/IMG_1367-scaled.jpeg\" \/>\n\t<meta property=\"og:image:width\" content=\"2048\" \/>\n\t<meta property=\"og:image:height\" content=\"1867\" \/>\n<meta name=\"twitter:card\" content=\"summary_large_image\" \/>\n<meta name=\"twitter:label1\" content=\"Gesch\u00e4tzte Lesezeit\">\n\t<meta name=\"twitter:data1\" content=\"1\u00a0Minute\">\n<script type=\"application\/ld+json\" class=\"yoast-schema-graph\">{\"@context\":\"https:\/\/schema.org\",\"@graph\":[{\"@type\":[\"Person\",\"Organization\"],\"@id\":\"https:\/\/annette-ahrens.at\/onlineshop\/#\/schema\/person\/3e19676faae246bba0cb3b7e15f427d8\",\"name\":\"Annette Ahrens\",\"image\":{\"@type\":\"ImageObject\",\"@id\":\"https:\/\/annette-ahrens.at\/onlineshop\/#personlogo\",\"inLanguage\":\"de\",\"url\":\"https:\/\/annette-ahrens.at\/onlineshop\/wp-content\/uploads\/2020\/04\/aa_logo_End.png\",\"width\":800,\"height\":164,\"caption\":\"Annette Ahrens\"},\"logo\":{\"@id\":\"https:\/\/annette-ahrens.at\/onlineshop\/#personlogo\"},\"sameAs\":[\"https:\/\/annette-ahrens.at\",\"https:\/\/www.facebook.com\/AnnetteAhrensTafelkultur\",\"https:\/\/www.instagram.com\/tafelkulturistin\/\",\"https:\/\/de.wikipedia.org\/wiki\/Annette_Ahrens\"]},{\"@type\":\"WebSite\",\"@id\":\"https:\/\/annette-ahrens.at\/onlineshop\/#website\",\"url\":\"https:\/\/annette-ahrens.at\/onlineshop\/\",\"name\":\"Tafelkultur Onlineshop\",\"description\":\"Annette Ahrens\",\"publisher\":{\"@id\":\"https:\/\/annette-ahrens.at\/onlineshop\/#\/schema\/person\/3e19676faae246bba0cb3b7e15f427d8\"},\"potentialAction\":[{\"@type\":\"SearchAction\",\"target\":\"https:\/\/annette-ahrens.at\/onlineshop\/?s={search_term_string}\",\"query-input\":\"required name=search_term_string\"}],\"inLanguage\":\"de\"},{\"@type\":\"ImageObject\",\"@id\":\"https:\/\/annette-ahrens.at\/onlineshop\/produkt\/6-kleine-bunte-alpha-becher-mit-karaffe-fa-j-l-lobmeyr-wien-entwurf-1952\/#primaryimage\",\"inLanguage\":\"de\",\"url\":\"https:\/\/annette-ahrens.at\/onlineshop\/wp-content\/uploads\/2026\/02\/IMG_1367-scaled.jpeg\",\"width\":2048,\"height\":1867,\"caption\":\"lobmeyr_alpha\"},{\"@type\":[\"WebPage\",\"ItemPage\"],\"@id\":\"https:\/\/annette-ahrens.at\/onlineshop\/produkt\/6-kleine-bunte-alpha-becher-mit-karaffe-fa-j-l-lobmeyr-wien-entwurf-1952\/#webpage\",\"url\":\"https:\/\/annette-ahrens.at\/onlineshop\/produkt\/6-kleine-bunte-alpha-becher-mit-karaffe-fa-j-l-lobmeyr-wien-entwurf-1952\/\",\"name\":\"6 kleine bunte Alpha-Becher mit Karaffe, Fa. J.& L. Lobmeyr, Wien, Entwurf 1952\",\"isPartOf\":{\"@id\":\"https:\/\/annette-ahrens.at\/onlineshop\/#website\"},\"primaryImageOfPage\":{\"@id\":\"https:\/\/annette-ahrens.at\/onlineshop\/produkt\/6-kleine-bunte-alpha-becher-mit-karaffe-fa-j-l-lobmeyr-wien-entwurf-1952\/#primaryimage\"},\"datePublished\":\"2026-02-18T22:54:31+00:00\",\"dateModified\":\"2026-02-18T23:07:44+00:00\",\"description\":\"6 kleine bunte Alpha-Becher mit Karaffe, Fa. J.& L. Lobmeyr, Wien, Entwurf 1952 \\u2665 Antiquit\\u00e4ten Online kaufen \\u2713 Sichere Lieferung \\u2713\",\"breadcrumb\":{\"@id\":\"https:\/\/annette-ahrens.at\/onlineshop\/produkt\/6-kleine-bunte-alpha-becher-mit-karaffe-fa-j-l-lobmeyr-wien-entwurf-1952\/#breadcrumb\"},\"inLanguage\":\"de\",\"potentialAction\":[{\"@type\":\"ReadAction\",\"target\":[\"https:\/\/annette-ahrens.at\/onlineshop\/produkt\/6-kleine-bunte-alpha-becher-mit-karaffe-fa-j-l-lobmeyr-wien-entwurf-1952\/\"]}]},{\"@type\":\"BreadcrumbList\",\"@id\":\"https:\/\/annette-ahrens.at\/onlineshop\/produkt\/6-kleine-bunte-alpha-becher-mit-karaffe-fa-j-l-lobmeyr-wien-entwurf-1952\/#breadcrumb\",\"itemListElement\":[{\"@type\":\"ListItem\",\"position\":1,\"item\":{\"@type\":\"WebPage\",\"@id\":\"https:\/\/annette-ahrens.at\/onlineshop\/\",\"url\":\"https:\/\/annette-ahrens.at\/onlineshop\/\",\"name\":\"Home\"}},{\"@type\":\"ListItem\",\"position\":2,\"item\":{\"@type\":\"WebPage\",\"@id\":\"https:\/\/annette-ahrens.at\/onlineshop\/alle-tafelkultur-objekte\/\",\"url\":\"https:\/\/annette-ahrens.at\/onlineshop\/alle-tafelkultur-objekte\/\",\"name\":\"Alle Tafelkultur Objekte\"}},{\"@type\":\"ListItem\",\"position\":3,\"item\":{\"@type\":\"WebPage\",\"@id\":\"https:\/\/annette-ahrens.at\/onlineshop\/produkt\/6-kleine-bunte-alpha-becher-mit-karaffe-fa-j-l-lobmeyr-wien-entwurf-1952\/\",\"url\":\"https:\/\/annette-ahrens.at\/onlineshop\/produkt\/6-kleine-bunte-alpha-becher-mit-karaffe-fa-j-l-lobmeyr-wien-entwurf-1952\/\",\"name\":\"6 kleine bunte Alpha-Becher mit Karaffe, Fa. J.&#038; L. Lobmeyr, Wien, Entwurf 1952\"}}]}]}<\/script>\n<!-- \/ Yoast SEO Premium plugin. -->","_links":{"self":[{"href":"https:\/\/annette-ahrens.at\/onlineshop\/wp-json\/wp\/v2\/product\/42487","targetHints":{"allow":["GET"]}}],"collection":[{"href":"https:\/\/annette-ahrens.at\/onlineshop\/wp-json\/wp\/v2\/product"}],"about":[{"href":"https:\/\/annette-ahrens.at\/onlineshop\/wp-json\/wp\/v2\/types\/product"}],"replies":[{"embeddable":true,"href":"https:\/\/annette-ahrens.at\/onlineshop\/wp-json\/wp\/v2\/comments?post=42487"}],"wp:featuredmedia":[{"embeddable":true,"href":"https:\/\/annette-ahrens.at\/onlineshop\/wp-json\/wp\/v2\/media\/42488"}],"wp:attachment":[{"href":"https:\/\/annette-ahrens.at\/onlineshop\/wp-json\/wp\/v2\/media?parent=42487"}],"wp:term":[{"taxonomy":"product_brand","embeddable":true,"href":"https:\/\/annette-ahrens.at\/onlineshop\/wp-json\/wp\/v2\/product_brand?post=42487"},{"taxonomy":"product_cat","embeddable":true,"href":"https:\/\/annette-ahrens.at\/onlineshop\/wp-json\/wp\/v2\/product_cat?post=42487"},{"taxonomy":"product_tag","embeddable":true,"href":"https:\/\/annette-ahrens.at\/onlineshop\/wp-json\/wp\/v2\/product_tag?post=42487"}],"curies":[{"name":"wp","href":"https:\/\/api.w.org\/{rel}","templated":true}]}}