{"id":42614,"date":"2026-03-15T06:59:11","date_gmt":"2026-03-15T05:59:11","guid":{"rendered":"https:\/\/annette-ahrens.at\/onlineshop\/?post_type=product&#038;p=42614"},"modified":"2026-03-04T21:10:34","modified_gmt":"2026-03-04T20:10:34","slug":"versilberter-jugendstil-spargelheber-moderne-gramont-fa-christofle-paris-um-1900","status":"publish","type":"product","link":"https:\/\/annette-ahrens.at\/onlineshop\/produkt\/versilberter-jugendstil-spargelheber-moderne-gramont-fa-christofle-paris-um-1900\/","title":{"rendered":"Versilberter Jugendstil Spargelheber &#8222;Moderne Gramont&#8220;, Fa. Christofle, Paris, um 1900"},"content":{"rendered":"<p>Versilberter Jugendstil Spargelheber &#8222;Moderne Gramont&#8220;<\/p>\n<p>Fa. Christofle, Paris, Frankreich, um 1900<\/p>\n<p>Entwurf von Bruno M\u00f6hring (K\u00f6nigsberg 1863 &#8211; 1929 Berlin)<\/p>\n<p>Alpacca, stark versilbert, Facon 5207 \u00a0&#8222;Moderne Gramont&#8220;, gemarkt mit der Firmenmarke von Christofle, Paris, handpolierter Zustand<\/p>\n<p>L 23,8 x 9,5 cm<\/p>\n<p>Literatur: Katalogauszug Christofle, Paris 1902<\/p>\n","protected":false},"excerpt":{"rendered":"<p>Annettes Etikette: F\u00fcr die Epoche des Jugendstils gilt Bruno M\u00f6hring als einer der wenigen deutschen Architekten, die zu wirklich originellen, eigenst\u00e4ndigen Sch\u00f6pfungen fanden. 1907 z\u00e4hlte er zu den Gr\u00fcndungsmitgliedern des Deutschen Werkbundes und war Mitherausgeber der Zeitschrift Berliner Architekturwelt. Die international sehr gesuchte Firma Christofle geh\u00f6rt f\u00fcr mich zum &#8222;Mercedes&#8220; der Silberschmiede und ich bin stolz diesen seltenen Jugendstil-Beerenl\u00f6ffel von Christofle \u00a0anbieten zu k\u00f6nnen. Laut Auskunft von Christofle wird diese Facon heute nicht mehr produziert. Das 1899\/1900 realisierte Weinrestaurant im \u201eDeutschen Haus\u201c auf der Weltausstellung 1900, Paris, Quai d&#8217;Orsay (an der Seine) deren Auftraggeber der Gastronom \/ Hotelier Kons (Berlin) war, umfasste einen Vorraum, einen Speisesaal (100 qm), ein F\u00fcrstenzimmer (36 qm), ein Moselst\u00fcbchen (25 qm), und die Weinausstellung sowie K\u00fcche und diverse Nebenr\u00e4ume Die gesamte Innenarchitektur des Weinrestaurants stammte von M\u00f6hring, eventuell wurde auch dieses Besteck bei Christofle in Auftrag gegeben. \u201eDas in Arkadenstellung nach dem Seinequai ge\u00f6ffnete Untergeschoss enth\u00e4lt die Weinausstellung und das Weinrestaurant, die in ausserordentlich sch\u00f6ner und moderner Weise nach Pl\u00e4nen des Berliner Architekten Bruno M\u00f6hring ausgestattet wurden.\u201c (Julius Meier-Graefe, 1900)<\/p>\n","protected":false},"featured_media":42618,"comment_status":"open","ping_status":"closed","template":"","meta":[],"product_brand":[],"product_cat":[130,276,30,203,267,265,20,23,239,238],"product_tag":[],"class_list":{"0":"post-42614","1":"product","2":"type-product","3":"status-publish","4":"has-post-thumbnail","6":"product_cat-abendessen","7":"product_cat-alpacca","8":"product_cat-besteck","9":"product_cat-fisch-speisen","10":"product_cat-fischvorleger","11":"product_cat-heber","12":"product_cat-lunchtime","13":"product_cat-nicht-fisch-nicht-fleisch","14":"product_cat-spezialbestecke","15":"product_cat-vorleger","17":"first","18":"instock","19":"sold-individually","20":"purchasable","21":"product-type-simple"},"yoast_head":"<!-- This site is optimized with the Yoast SEO Premium plugin v15.8.2 - https:\/\/yoast.com\/wordpress\/plugins\/seo\/ -->\n<title>Versilberter Jugendstil Spargelheber &quot;Moderne Gramont&quot;, Fa. Christofle, Paris, um 1900<\/title>\n<meta name=\"description\" content=\"Versilberter Jugendstil Spargelheber &quot;Moderne Gramont&quot;, Fa. Christofle, Paris, um 1900 \u2665 Antiquit\u00e4ten Online kaufen \u2713 Sichere Lieferung \u2713\" \/>\n<meta name=\"robots\" content=\"index, follow, max-snippet:-1, max-image-preview:large, max-video-preview:-1\" \/>\n<link rel=\"canonical\" href=\"https:\/\/annette-ahrens.at\/onlineshop\/produkt\/versilberter-jugendstil-spargelheber-moderne-gramont-fa-christofle-paris-um-1900\/\" \/>\n<meta property=\"og:locale\" content=\"de_DE\" \/>\n<meta property=\"og:type\" content=\"article\" \/>\n<meta property=\"og:title\" content=\"Versilberter Jugendstil Spargelheber &quot;Moderne Gramont&quot;, Fa. Christofle, Paris, um 1900\" \/>\n<meta property=\"og:description\" content=\"Versilberter Jugendstil Spargelheber &quot;Moderne Gramont&quot;, Fa. Christofle, Paris, um 1900 \u2665 Antiquit\u00e4ten Online kaufen \u2713 Sichere Lieferung \u2713\" \/>\n<meta property=\"og:url\" content=\"https:\/\/annette-ahrens.at\/onlineshop\/produkt\/versilberter-jugendstil-spargelheber-moderne-gramont-fa-christofle-paris-um-1900\/\" \/>\n<meta property=\"og:site_name\" content=\"Tafelkultur Onlineshop\" \/>\n<meta property=\"article:publisher\" content=\"https:\/\/www.facebook.com\/AnnetteAhrensTafelkultur\" \/>\n<meta property=\"article:modified_time\" content=\"2026-03-04T20:10:34+00:00\" \/>\n<meta property=\"og:image\" content=\"https:\/\/annette-ahrens.at\/onlineshop\/wp-content\/uploads\/2026\/03\/IMG_8775-scaled.jpeg\" \/>\n\t<meta property=\"og:image:width\" content=\"1536\" \/>\n\t<meta property=\"og:image:height\" content=\"2048\" \/>\n<meta name=\"twitter:card\" content=\"summary_large_image\" \/>\n<meta name=\"twitter:label1\" content=\"Gesch\u00e4tzte Lesezeit\">\n\t<meta name=\"twitter:data1\" content=\"1\u00a0Minute\">\n<script type=\"application\/ld+json\" class=\"yoast-schema-graph\">{\"@context\":\"https:\/\/schema.org\",\"@graph\":[{\"@type\":[\"Person\",\"Organization\"],\"@id\":\"https:\/\/annette-ahrens.at\/onlineshop\/#\/schema\/person\/3e19676faae246bba0cb3b7e15f427d8\",\"name\":\"Annette Ahrens\",\"image\":{\"@type\":\"ImageObject\",\"@id\":\"https:\/\/annette-ahrens.at\/onlineshop\/#personlogo\",\"inLanguage\":\"de\",\"url\":\"https:\/\/annette-ahrens.at\/onlineshop\/wp-content\/uploads\/2020\/04\/aa_logo_End.png\",\"width\":800,\"height\":164,\"caption\":\"Annette Ahrens\"},\"logo\":{\"@id\":\"https:\/\/annette-ahrens.at\/onlineshop\/#personlogo\"},\"sameAs\":[\"https:\/\/annette-ahrens.at\",\"https:\/\/www.facebook.com\/AnnetteAhrensTafelkultur\",\"https:\/\/www.instagram.com\/tafelkulturistin\/\",\"https:\/\/de.wikipedia.org\/wiki\/Annette_Ahrens\"]},{\"@type\":\"WebSite\",\"@id\":\"https:\/\/annette-ahrens.at\/onlineshop\/#website\",\"url\":\"https:\/\/annette-ahrens.at\/onlineshop\/\",\"name\":\"Tafelkultur Onlineshop\",\"description\":\"Annette Ahrens\",\"publisher\":{\"@id\":\"https:\/\/annette-ahrens.at\/onlineshop\/#\/schema\/person\/3e19676faae246bba0cb3b7e15f427d8\"},\"potentialAction\":[{\"@type\":\"SearchAction\",\"target\":\"https:\/\/annette-ahrens.at\/onlineshop\/?s={search_term_string}\",\"query-input\":\"required name=search_term_string\"}],\"inLanguage\":\"de\"},{\"@type\":\"ImageObject\",\"@id\":\"https:\/\/annette-ahrens.at\/onlineshop\/produkt\/versilberter-jugendstil-spargelheber-moderne-gramont-fa-christofle-paris-um-1900\/#primaryimage\",\"inLanguage\":\"de\",\"url\":\"https:\/\/annette-ahrens.at\/onlineshop\/wp-content\/uploads\/2026\/03\/IMG_8775-scaled.jpeg\",\"width\":1536,\"height\":2048,\"caption\":\"spargelheber_christofle_gramont\"},{\"@type\":[\"WebPage\",\"ItemPage\"],\"@id\":\"https:\/\/annette-ahrens.at\/onlineshop\/produkt\/versilberter-jugendstil-spargelheber-moderne-gramont-fa-christofle-paris-um-1900\/#webpage\",\"url\":\"https:\/\/annette-ahrens.at\/onlineshop\/produkt\/versilberter-jugendstil-spargelheber-moderne-gramont-fa-christofle-paris-um-1900\/\",\"name\":\"Versilberter Jugendstil Spargelheber \\\"Moderne Gramont\\\", Fa. Christofle, Paris, um 1900\",\"isPartOf\":{\"@id\":\"https:\/\/annette-ahrens.at\/onlineshop\/#website\"},\"primaryImageOfPage\":{\"@id\":\"https:\/\/annette-ahrens.at\/onlineshop\/produkt\/versilberter-jugendstil-spargelheber-moderne-gramont-fa-christofle-paris-um-1900\/#primaryimage\"},\"datePublished\":\"2026-03-15T05:59:11+00:00\",\"dateModified\":\"2026-03-04T20:10:34+00:00\",\"description\":\"Versilberter Jugendstil Spargelheber \\\"Moderne Gramont\\\", Fa. Christofle, Paris, um 1900 \\u2665 Antiquit\\u00e4ten Online kaufen \\u2713 Sichere Lieferung \\u2713\",\"breadcrumb\":{\"@id\":\"https:\/\/annette-ahrens.at\/onlineshop\/produkt\/versilberter-jugendstil-spargelheber-moderne-gramont-fa-christofle-paris-um-1900\/#breadcrumb\"},\"inLanguage\":\"de\",\"potentialAction\":[{\"@type\":\"ReadAction\",\"target\":[\"https:\/\/annette-ahrens.at\/onlineshop\/produkt\/versilberter-jugendstil-spargelheber-moderne-gramont-fa-christofle-paris-um-1900\/\"]}]},{\"@type\":\"BreadcrumbList\",\"@id\":\"https:\/\/annette-ahrens.at\/onlineshop\/produkt\/versilberter-jugendstil-spargelheber-moderne-gramont-fa-christofle-paris-um-1900\/#breadcrumb\",\"itemListElement\":[{\"@type\":\"ListItem\",\"position\":1,\"item\":{\"@type\":\"WebPage\",\"@id\":\"https:\/\/annette-ahrens.at\/onlineshop\/\",\"url\":\"https:\/\/annette-ahrens.at\/onlineshop\/\",\"name\":\"Home\"}},{\"@type\":\"ListItem\",\"position\":2,\"item\":{\"@type\":\"WebPage\",\"@id\":\"https:\/\/annette-ahrens.at\/onlineshop\/alle-tafelkultur-objekte\/\",\"url\":\"https:\/\/annette-ahrens.at\/onlineshop\/alle-tafelkultur-objekte\/\",\"name\":\"Alle Tafelkultur Objekte\"}},{\"@type\":\"ListItem\",\"position\":3,\"item\":{\"@type\":\"WebPage\",\"@id\":\"https:\/\/annette-ahrens.at\/onlineshop\/produkt\/versilberter-jugendstil-spargelheber-moderne-gramont-fa-christofle-paris-um-1900\/\",\"url\":\"https:\/\/annette-ahrens.at\/onlineshop\/produkt\/versilberter-jugendstil-spargelheber-moderne-gramont-fa-christofle-paris-um-1900\/\",\"name\":\"Versilberter Jugendstil Spargelheber &#8222;Moderne Gramont&#8220;, Fa. Christofle, Paris, um 1900\"}}]}]}<\/script>\n<!-- \/ Yoast SEO Premium plugin. -->","_links":{"self":[{"href":"https:\/\/annette-ahrens.at\/onlineshop\/wp-json\/wp\/v2\/product\/42614","targetHints":{"allow":["GET"]}}],"collection":[{"href":"https:\/\/annette-ahrens.at\/onlineshop\/wp-json\/wp\/v2\/product"}],"about":[{"href":"https:\/\/annette-ahrens.at\/onlineshop\/wp-json\/wp\/v2\/types\/product"}],"replies":[{"embeddable":true,"href":"https:\/\/annette-ahrens.at\/onlineshop\/wp-json\/wp\/v2\/comments?post=42614"}],"wp:featuredmedia":[{"embeddable":true,"href":"https:\/\/annette-ahrens.at\/onlineshop\/wp-json\/wp\/v2\/media\/42618"}],"wp:attachment":[{"href":"https:\/\/annette-ahrens.at\/onlineshop\/wp-json\/wp\/v2\/media?parent=42614"}],"wp:term":[{"taxonomy":"product_brand","embeddable":true,"href":"https:\/\/annette-ahrens.at\/onlineshop\/wp-json\/wp\/v2\/product_brand?post=42614"},{"taxonomy":"product_cat","embeddable":true,"href":"https:\/\/annette-ahrens.at\/onlineshop\/wp-json\/wp\/v2\/product_cat?post=42614"},{"taxonomy":"product_tag","embeddable":true,"href":"https:\/\/annette-ahrens.at\/onlineshop\/wp-json\/wp\/v2\/product_tag?post=42614"}],"curies":[{"name":"wp","href":"https:\/\/api.w.org\/{rel}","templated":true}]}}