{"id":42767,"date":"2026-03-07T23:21:20","date_gmt":"2026-03-07T22:21:20","guid":{"rendered":"https:\/\/annette-ahrens.at\/onlineshop\/?post_type=product&#038;p=42767"},"modified":"2026-03-08T14:42:37","modified_gmt":"2026-03-08T13:42:37","slug":"10-jugendstil-sektschalen-boehmen-um-1900","status":"publish","type":"product","link":"https:\/\/annette-ahrens.at\/onlineshop\/produkt\/10-jugendstil-sektschalen-boehmen-um-1900\/","title":{"rendered":"10 Jugendstil Sektschalen, B\u00f6hmen, um 1900"},"content":{"rendered":"<p>10 Jugendstil Sektschalen mit Linie<\/p>\n<p>B\u00f6hmen, um 1900<\/p>\n<p>farbloses, Hand geschliffenes Glas, runder Fuss, glatter Schaft, gebauchte Kuppa mit ge\u00e4tzter Linie, tadelloser Erhaltungszustand<\/p>\n<p>H 10,4 cm<\/p>\n<p>Dm 9,7 cm<\/p>\n","protected":false},"excerpt":{"rendered":"<p>Annettes Etikette: Ich liebe es aus Sektschalen zu trinken, wenn gleich der Connaisseur dies nicht so gerne sieht. Zu schnell sind die m\u00fchsam in die Flasche gezauberten Bubbles wieder weg. Dennoch ist auffallend, dass sich auch die G\u00e4ste mit einer Champagnerschale in der Hand ganz anders benehmen. Hier haben sich zehn St\u00fcck feinster Sektschalen erhalten. In meinem \u201cSchleifglas-Preis-Courant S. Reich &amp; Co, k.k. Priv. Glasfabrikanten, Wien II, Czerningasse 3 u 5\u201d, datiert vom Jahre 1901 werden neben diesen Champagner-Schalen, Champagner-Fl\u00f6ten und Becher f\u00fcr Prosecco angeboten.<\/p>\n","protected":false},"featured_media":42770,"comment_status":"open","ping_status":"closed","template":"","meta":[],"product_brand":[],"product_cat":[212,219,27,215,275,296],"product_tag":[],"class_list":{"0":"post-42767","1":"product","2":"type-product","3":"status-publish","4":"has-post-thumbnail","6":"product_cat-apertif","7":"product_cat-barutensilien","8":"product_cat-barware","9":"product_cat-champagnerschalen","10":"product_cat-glas-fachbuecher","11":"product_cat-silvester","13":"first","14":"instock","15":"sold-individually","16":"purchasable","17":"product-type-simple"},"yoast_head":"<!-- This site is optimized with the Yoast SEO Premium plugin v15.8.2 - https:\/\/yoast.com\/wordpress\/plugins\/seo\/ -->\n<title>10 Jugendstil Sektschalen, B\u00f6hmen, um 1900<\/title>\n<meta name=\"description\" content=\"10 Jugendstil Sektschalen, B\u00f6hmen, um 1900 \u2665 Antiquit\u00e4ten Online kaufen \u2713 Sichere Lieferung \u2713\" \/>\n<meta name=\"robots\" content=\"index, follow, max-snippet:-1, max-image-preview:large, max-video-preview:-1\" \/>\n<link rel=\"canonical\" href=\"https:\/\/annette-ahrens.at\/onlineshop\/produkt\/10-jugendstil-sektschalen-boehmen-um-1900\/\" \/>\n<meta property=\"og:locale\" content=\"de_DE\" \/>\n<meta property=\"og:type\" content=\"article\" \/>\n<meta property=\"og:title\" content=\"10 Jugendstil Sektschalen, B\u00f6hmen, um 1900\" \/>\n<meta property=\"og:description\" content=\"10 Jugendstil Sektschalen, B\u00f6hmen, um 1900 \u2665 Antiquit\u00e4ten Online kaufen \u2713 Sichere Lieferung \u2713\" \/>\n<meta property=\"og:url\" content=\"https:\/\/annette-ahrens.at\/onlineshop\/produkt\/10-jugendstil-sektschalen-boehmen-um-1900\/\" \/>\n<meta property=\"og:site_name\" content=\"Tafelkultur Onlineshop\" \/>\n<meta property=\"article:publisher\" content=\"https:\/\/www.facebook.com\/AnnetteAhrensTafelkultur\" \/>\n<meta property=\"article:modified_time\" content=\"2026-03-08T13:42:37+00:00\" \/>\n<meta property=\"og:image\" content=\"https:\/\/annette-ahrens.at\/onlineshop\/wp-content\/uploads\/2026\/03\/IMG_9006-scaled.jpeg\" \/>\n\t<meta property=\"og:image:width\" content=\"1752\" \/>\n\t<meta property=\"og:image:height\" content=\"2048\" \/>\n<meta name=\"twitter:card\" content=\"summary_large_image\" \/>\n<meta name=\"twitter:label1\" content=\"Gesch\u00e4tzte Lesezeit\">\n\t<meta name=\"twitter:data1\" content=\"1\u00a0Minute\">\n<script type=\"application\/ld+json\" class=\"yoast-schema-graph\">{\"@context\":\"https:\/\/schema.org\",\"@graph\":[{\"@type\":[\"Person\",\"Organization\"],\"@id\":\"https:\/\/annette-ahrens.at\/onlineshop\/#\/schema\/person\/3e19676faae246bba0cb3b7e15f427d8\",\"name\":\"Annette Ahrens\",\"image\":{\"@type\":\"ImageObject\",\"@id\":\"https:\/\/annette-ahrens.at\/onlineshop\/#personlogo\",\"inLanguage\":\"de\",\"url\":\"https:\/\/annette-ahrens.at\/onlineshop\/wp-content\/uploads\/2020\/04\/aa_logo_End.png\",\"width\":800,\"height\":164,\"caption\":\"Annette Ahrens\"},\"logo\":{\"@id\":\"https:\/\/annette-ahrens.at\/onlineshop\/#personlogo\"},\"sameAs\":[\"https:\/\/annette-ahrens.at\",\"https:\/\/www.facebook.com\/AnnetteAhrensTafelkultur\",\"https:\/\/www.instagram.com\/tafelkulturistin\/\",\"https:\/\/de.wikipedia.org\/wiki\/Annette_Ahrens\"]},{\"@type\":\"WebSite\",\"@id\":\"https:\/\/annette-ahrens.at\/onlineshop\/#website\",\"url\":\"https:\/\/annette-ahrens.at\/onlineshop\/\",\"name\":\"Tafelkultur Onlineshop\",\"description\":\"Annette Ahrens\",\"publisher\":{\"@id\":\"https:\/\/annette-ahrens.at\/onlineshop\/#\/schema\/person\/3e19676faae246bba0cb3b7e15f427d8\"},\"potentialAction\":[{\"@type\":\"SearchAction\",\"target\":\"https:\/\/annette-ahrens.at\/onlineshop\/?s={search_term_string}\",\"query-input\":\"required name=search_term_string\"}],\"inLanguage\":\"de\"},{\"@type\":\"ImageObject\",\"@id\":\"https:\/\/annette-ahrens.at\/onlineshop\/produkt\/10-jugendstil-sektschalen-boehmen-um-1900\/#primaryimage\",\"inLanguage\":\"de\",\"url\":\"https:\/\/annette-ahrens.at\/onlineshop\/wp-content\/uploads\/2026\/03\/IMG_9006-scaled.jpeg\",\"width\":1752,\"height\":2048,\"caption\":\"champagnerschalen\"},{\"@type\":[\"WebPage\",\"ItemPage\"],\"@id\":\"https:\/\/annette-ahrens.at\/onlineshop\/produkt\/10-jugendstil-sektschalen-boehmen-um-1900\/#webpage\",\"url\":\"https:\/\/annette-ahrens.at\/onlineshop\/produkt\/10-jugendstil-sektschalen-boehmen-um-1900\/\",\"name\":\"10 Jugendstil Sektschalen, B\\u00f6hmen, um 1900\",\"isPartOf\":{\"@id\":\"https:\/\/annette-ahrens.at\/onlineshop\/#website\"},\"primaryImageOfPage\":{\"@id\":\"https:\/\/annette-ahrens.at\/onlineshop\/produkt\/10-jugendstil-sektschalen-boehmen-um-1900\/#primaryimage\"},\"datePublished\":\"2026-03-07T22:21:20+00:00\",\"dateModified\":\"2026-03-08T13:42:37+00:00\",\"description\":\"10 Jugendstil Sektschalen, B\\u00f6hmen, um 1900 \\u2665 Antiquit\\u00e4ten Online kaufen \\u2713 Sichere Lieferung \\u2713\",\"breadcrumb\":{\"@id\":\"https:\/\/annette-ahrens.at\/onlineshop\/produkt\/10-jugendstil-sektschalen-boehmen-um-1900\/#breadcrumb\"},\"inLanguage\":\"de\",\"potentialAction\":[{\"@type\":\"ReadAction\",\"target\":[\"https:\/\/annette-ahrens.at\/onlineshop\/produkt\/10-jugendstil-sektschalen-boehmen-um-1900\/\"]}]},{\"@type\":\"BreadcrumbList\",\"@id\":\"https:\/\/annette-ahrens.at\/onlineshop\/produkt\/10-jugendstil-sektschalen-boehmen-um-1900\/#breadcrumb\",\"itemListElement\":[{\"@type\":\"ListItem\",\"position\":1,\"item\":{\"@type\":\"WebPage\",\"@id\":\"https:\/\/annette-ahrens.at\/onlineshop\/\",\"url\":\"https:\/\/annette-ahrens.at\/onlineshop\/\",\"name\":\"Home\"}},{\"@type\":\"ListItem\",\"position\":2,\"item\":{\"@type\":\"WebPage\",\"@id\":\"https:\/\/annette-ahrens.at\/onlineshop\/alle-tafelkultur-objekte\/\",\"url\":\"https:\/\/annette-ahrens.at\/onlineshop\/alle-tafelkultur-objekte\/\",\"name\":\"Alle Tafelkultur Objekte\"}},{\"@type\":\"ListItem\",\"position\":3,\"item\":{\"@type\":\"WebPage\",\"@id\":\"https:\/\/annette-ahrens.at\/onlineshop\/produkt\/10-jugendstil-sektschalen-boehmen-um-1900\/\",\"url\":\"https:\/\/annette-ahrens.at\/onlineshop\/produkt\/10-jugendstil-sektschalen-boehmen-um-1900\/\",\"name\":\"10 Jugendstil Sektschalen, B\\u00f6hmen, um 1900\"}}]}]}<\/script>\n<!-- \/ Yoast SEO Premium plugin. -->","_links":{"self":[{"href":"https:\/\/annette-ahrens.at\/onlineshop\/wp-json\/wp\/v2\/product\/42767","targetHints":{"allow":["GET"]}}],"collection":[{"href":"https:\/\/annette-ahrens.at\/onlineshop\/wp-json\/wp\/v2\/product"}],"about":[{"href":"https:\/\/annette-ahrens.at\/onlineshop\/wp-json\/wp\/v2\/types\/product"}],"replies":[{"embeddable":true,"href":"https:\/\/annette-ahrens.at\/onlineshop\/wp-json\/wp\/v2\/comments?post=42767"}],"wp:featuredmedia":[{"embeddable":true,"href":"https:\/\/annette-ahrens.at\/onlineshop\/wp-json\/wp\/v2\/media\/42770"}],"wp:attachment":[{"href":"https:\/\/annette-ahrens.at\/onlineshop\/wp-json\/wp\/v2\/media?parent=42767"}],"wp:term":[{"taxonomy":"product_brand","embeddable":true,"href":"https:\/\/annette-ahrens.at\/onlineshop\/wp-json\/wp\/v2\/product_brand?post=42767"},{"taxonomy":"product_cat","embeddable":true,"href":"https:\/\/annette-ahrens.at\/onlineshop\/wp-json\/wp\/v2\/product_cat?post=42767"},{"taxonomy":"product_tag","embeddable":true,"href":"https:\/\/annette-ahrens.at\/onlineshop\/wp-json\/wp\/v2\/product_tag?post=42767"}],"curies":[{"name":"wp","href":"https:\/\/api.w.org\/{rel}","templated":true}]}}