{"id":42812,"date":"2026-03-16T06:05:05","date_gmt":"2026-03-16T05:05:05","guid":{"rendered":"https:\/\/annette-ahrens.at\/onlineshop\/?post_type=product&#038;p=42812"},"modified":"2026-03-08T13:14:11","modified_gmt":"2026-03-08T12:14:11","slug":"grosse-versilberte-jugendstil-zuckerdose-fa-berndorf-um-1900","status":"publish","type":"product","link":"https:\/\/annette-ahrens.at\/onlineshop\/produkt\/grosse-versilberte-jugendstil-zuckerdose-fa-berndorf-um-1900\/","title":{"rendered":"Gro\u00dfe versilberte Jugendstil Zuckerdose, Fa. Berndorf, um 1900"},"content":{"rendered":"<p>Versilberte Jugendstil Zuckerdose<\/p>\n<p>Fa. Berndorf, \u00d6sterreich &#8211; Ungarische Monarchie, um 1900<\/p>\n<p>Alpacca, versilbert, Innenvergoldung, gebauchter Gef\u00e4\u00dfk\u00f6rper mit Ausguss, glatte Wandung, zwei Henkel mit Isolierringen, am Boden gemarkt PFG CHS, handpolierter, tadelloser Erhaltungszustand<\/p>\n<p>H 14 cm<\/p>\n<p>L 21 cm<\/p>\n<p>siehe Verkaufskatalog Berndorf, 1911 , Modellnummer 42453 &#8222;Zuckerdose&#8220;<\/p>\n","protected":false},"excerpt":{"rendered":"<p>Annettes Etikette: Diese Jugendstil Zuckerdose wurde vom Paradeunternehmen versilberter Tafelkultur Marke &#8222;Berndorf&#8220; hergestellt. Der von 1911 \u00fcberlieferte Verkaufskatalog dokumentiert das umfangreiche Angebot. Hier konnten neben den klassischen Teekannen in unterschiedlichen Gr\u00f6\u00dfen, auch eine Zuckerdose, diverse Milchkannen und ein Teekessel als Einzelst\u00fcck oder komplettes Service bestellt werden.<\/p>\n","protected":false},"featured_media":42792,"comment_status":"open","ping_status":"closed","template":"","meta":[],"product_brand":[],"product_cat":[25,297,276,32,18,217,226,154,155,156,292,53,26],"product_tag":[],"class_list":{"0":"post-42812","1":"product","2":"type-product","3":"status-publish","4":"has-post-thumbnail","6":"product_cat-5o-clock-tea","7":"product_cat-adventjause","8":"product_cat-alpacca","9":"product_cat-festefeiern","10":"product_cat-fruehstueck","11":"product_cat-heissgetraenke","12":"product_cat-kaffee-tee","13":"product_cat-milch","14":"product_cat-milchgiesser","15":"product_cat-milchkanne","16":"product_cat-muttertag","17":"product_cat-weihnachten","18":"product_cat-wiener-melange","20":"first","21":"instock","22":"sold-individually","23":"purchasable","24":"product-type-simple"},"yoast_head":"<!-- This site is optimized with the Yoast SEO Premium plugin v15.8.2 - https:\/\/yoast.com\/wordpress\/plugins\/seo\/ -->\n<title>Gro\u00dfe versilberte Jugendstil Zuckerdose, Fa. Berndorf, um 1900<\/title>\n<meta name=\"description\" content=\"Gro\u00dfe versilberte Jugendstil Zuckerdose, Fa. Berndorf, um 1900 \u2665 Antiquit\u00e4ten Online kaufen \u2713 Sichere Lieferung \u2713\" \/>\n<meta name=\"robots\" content=\"index, follow, max-snippet:-1, max-image-preview:large, max-video-preview:-1\" \/>\n<link rel=\"canonical\" href=\"https:\/\/annette-ahrens.at\/onlineshop\/produkt\/grosse-versilberte-jugendstil-zuckerdose-fa-berndorf-um-1900\/\" \/>\n<meta property=\"og:locale\" content=\"de_DE\" \/>\n<meta property=\"og:type\" content=\"article\" \/>\n<meta property=\"og:title\" content=\"Gro\u00dfe versilberte Jugendstil Zuckerdose, Fa. Berndorf, um 1900\" \/>\n<meta property=\"og:description\" content=\"Gro\u00dfe versilberte Jugendstil Zuckerdose, Fa. Berndorf, um 1900 \u2665 Antiquit\u00e4ten Online kaufen \u2713 Sichere Lieferung \u2713\" \/>\n<meta property=\"og:url\" content=\"https:\/\/annette-ahrens.at\/onlineshop\/produkt\/grosse-versilberte-jugendstil-zuckerdose-fa-berndorf-um-1900\/\" \/>\n<meta property=\"og:site_name\" content=\"Tafelkultur Onlineshop\" \/>\n<meta property=\"article:publisher\" content=\"https:\/\/www.facebook.com\/AnnetteAhrensTafelkultur\" \/>\n<meta property=\"article:modified_time\" content=\"2026-03-08T12:14:11+00:00\" \/>\n<meta property=\"og:image\" content=\"https:\/\/annette-ahrens.at\/onlineshop\/wp-content\/uploads\/2026\/03\/IMG_1631-scaled.jpeg\" \/>\n\t<meta property=\"og:image:width\" content=\"2048\" \/>\n\t<meta property=\"og:image:height\" content=\"1963\" \/>\n<meta name=\"twitter:card\" content=\"summary_large_image\" \/>\n<meta name=\"twitter:label1\" content=\"Gesch\u00e4tzte Lesezeit\">\n\t<meta name=\"twitter:data1\" content=\"1\u00a0Minute\">\n<script type=\"application\/ld+json\" class=\"yoast-schema-graph\">{\"@context\":\"https:\/\/schema.org\",\"@graph\":[{\"@type\":[\"Person\",\"Organization\"],\"@id\":\"https:\/\/annette-ahrens.at\/onlineshop\/#\/schema\/person\/3e19676faae246bba0cb3b7e15f427d8\",\"name\":\"Annette Ahrens\",\"image\":{\"@type\":\"ImageObject\",\"@id\":\"https:\/\/annette-ahrens.at\/onlineshop\/#personlogo\",\"inLanguage\":\"de\",\"url\":\"https:\/\/annette-ahrens.at\/onlineshop\/wp-content\/uploads\/2020\/04\/aa_logo_End.png\",\"width\":800,\"height\":164,\"caption\":\"Annette Ahrens\"},\"logo\":{\"@id\":\"https:\/\/annette-ahrens.at\/onlineshop\/#personlogo\"},\"sameAs\":[\"https:\/\/annette-ahrens.at\",\"https:\/\/www.facebook.com\/AnnetteAhrensTafelkultur\",\"https:\/\/www.instagram.com\/tafelkulturistin\/\",\"https:\/\/de.wikipedia.org\/wiki\/Annette_Ahrens\"]},{\"@type\":\"WebSite\",\"@id\":\"https:\/\/annette-ahrens.at\/onlineshop\/#website\",\"url\":\"https:\/\/annette-ahrens.at\/onlineshop\/\",\"name\":\"Tafelkultur Onlineshop\",\"description\":\"Annette Ahrens\",\"publisher\":{\"@id\":\"https:\/\/annette-ahrens.at\/onlineshop\/#\/schema\/person\/3e19676faae246bba0cb3b7e15f427d8\"},\"potentialAction\":[{\"@type\":\"SearchAction\",\"target\":\"https:\/\/annette-ahrens.at\/onlineshop\/?s={search_term_string}\",\"query-input\":\"required name=search_term_string\"}],\"inLanguage\":\"de\"},{\"@type\":\"ImageObject\",\"@id\":\"https:\/\/annette-ahrens.at\/onlineshop\/produkt\/grosse-versilberte-jugendstil-zuckerdose-fa-berndorf-um-1900\/#primaryimage\",\"inLanguage\":\"de\",\"url\":\"https:\/\/annette-ahrens.at\/onlineshop\/wp-content\/uploads\/2026\/03\/IMG_1631-scaled.jpeg\",\"width\":2048,\"height\":1963,\"caption\":\"zuckerdose_berndorf\"},{\"@type\":[\"WebPage\",\"ItemPage\"],\"@id\":\"https:\/\/annette-ahrens.at\/onlineshop\/produkt\/grosse-versilberte-jugendstil-zuckerdose-fa-berndorf-um-1900\/#webpage\",\"url\":\"https:\/\/annette-ahrens.at\/onlineshop\/produkt\/grosse-versilberte-jugendstil-zuckerdose-fa-berndorf-um-1900\/\",\"name\":\"Gro\\u00dfe versilberte Jugendstil Zuckerdose, Fa. Berndorf, um 1900\",\"isPartOf\":{\"@id\":\"https:\/\/annette-ahrens.at\/onlineshop\/#website\"},\"primaryImageOfPage\":{\"@id\":\"https:\/\/annette-ahrens.at\/onlineshop\/produkt\/grosse-versilberte-jugendstil-zuckerdose-fa-berndorf-um-1900\/#primaryimage\"},\"datePublished\":\"2026-03-16T05:05:05+00:00\",\"dateModified\":\"2026-03-08T12:14:11+00:00\",\"description\":\"Gro\\u00dfe versilberte Jugendstil Zuckerdose, Fa. Berndorf, um 1900 \\u2665 Antiquit\\u00e4ten Online kaufen \\u2713 Sichere Lieferung \\u2713\",\"breadcrumb\":{\"@id\":\"https:\/\/annette-ahrens.at\/onlineshop\/produkt\/grosse-versilberte-jugendstil-zuckerdose-fa-berndorf-um-1900\/#breadcrumb\"},\"inLanguage\":\"de\",\"potentialAction\":[{\"@type\":\"ReadAction\",\"target\":[\"https:\/\/annette-ahrens.at\/onlineshop\/produkt\/grosse-versilberte-jugendstil-zuckerdose-fa-berndorf-um-1900\/\"]}]},{\"@type\":\"BreadcrumbList\",\"@id\":\"https:\/\/annette-ahrens.at\/onlineshop\/produkt\/grosse-versilberte-jugendstil-zuckerdose-fa-berndorf-um-1900\/#breadcrumb\",\"itemListElement\":[{\"@type\":\"ListItem\",\"position\":1,\"item\":{\"@type\":\"WebPage\",\"@id\":\"https:\/\/annette-ahrens.at\/onlineshop\/\",\"url\":\"https:\/\/annette-ahrens.at\/onlineshop\/\",\"name\":\"Home\"}},{\"@type\":\"ListItem\",\"position\":2,\"item\":{\"@type\":\"WebPage\",\"@id\":\"https:\/\/annette-ahrens.at\/onlineshop\/alle-tafelkultur-objekte\/\",\"url\":\"https:\/\/annette-ahrens.at\/onlineshop\/alle-tafelkultur-objekte\/\",\"name\":\"Alle Tafelkultur Objekte\"}},{\"@type\":\"ListItem\",\"position\":3,\"item\":{\"@type\":\"WebPage\",\"@id\":\"https:\/\/annette-ahrens.at\/onlineshop\/produkt\/grosse-versilberte-jugendstil-zuckerdose-fa-berndorf-um-1900\/\",\"url\":\"https:\/\/annette-ahrens.at\/onlineshop\/produkt\/grosse-versilberte-jugendstil-zuckerdose-fa-berndorf-um-1900\/\",\"name\":\"Gro\\u00dfe versilberte Jugendstil Zuckerdose, Fa. Berndorf, um 1900\"}}]}]}<\/script>\n<!-- \/ Yoast SEO Premium plugin. -->","_links":{"self":[{"href":"https:\/\/annette-ahrens.at\/onlineshop\/wp-json\/wp\/v2\/product\/42812","targetHints":{"allow":["GET"]}}],"collection":[{"href":"https:\/\/annette-ahrens.at\/onlineshop\/wp-json\/wp\/v2\/product"}],"about":[{"href":"https:\/\/annette-ahrens.at\/onlineshop\/wp-json\/wp\/v2\/types\/product"}],"replies":[{"embeddable":true,"href":"https:\/\/annette-ahrens.at\/onlineshop\/wp-json\/wp\/v2\/comments?post=42812"}],"wp:featuredmedia":[{"embeddable":true,"href":"https:\/\/annette-ahrens.at\/onlineshop\/wp-json\/wp\/v2\/media\/42792"}],"wp:attachment":[{"href":"https:\/\/annette-ahrens.at\/onlineshop\/wp-json\/wp\/v2\/media?parent=42812"}],"wp:term":[{"taxonomy":"product_brand","embeddable":true,"href":"https:\/\/annette-ahrens.at\/onlineshop\/wp-json\/wp\/v2\/product_brand?post=42812"},{"taxonomy":"product_cat","embeddable":true,"href":"https:\/\/annette-ahrens.at\/onlineshop\/wp-json\/wp\/v2\/product_cat?post=42812"},{"taxonomy":"product_tag","embeddable":true,"href":"https:\/\/annette-ahrens.at\/onlineshop\/wp-json\/wp\/v2\/product_tag?post=42812"}],"curies":[{"name":"wp","href":"https:\/\/api.w.org\/{rel}","templated":true}]}}