{"id":42843,"date":"2026-03-13T06:42:56","date_gmt":"2026-03-13T05:42:56","guid":{"rendered":"https:\/\/annette-ahrens.at\/onlineshop\/?post_type=product&#038;p=42843"},"modified":"2026-03-08T17:44:45","modified_gmt":"2026-03-08T16:44:45","slug":"kleiner-eierkoch-nach-w-wagenfeld-fuer-schott-jena-um-1960-2","status":"publish","type":"product","link":"https:\/\/annette-ahrens.at\/onlineshop\/produkt\/kleiner-eierkoch-nach-w-wagenfeld-fuer-schott-jena-um-1960-2\/","title":{"rendered":"Kleiner Eierkoch nach W. Wagenfeld f\u00fcr Schott, Jena, um 1960"},"content":{"rendered":"<p>Kleiner Eierkoch<\/p>\n<p>Entwurf: Wilhelm Wagenfeld f\u00fcr die Fa. Schott, Jena, um 1933<\/p>\n<p>Ausf\u00fchrung Jenaer Werke, Mainz, nach 1945<\/p>\n<p>farbloses hitzebest\u00e4ndiges Borosilikat-Glas, runder Gef\u00e4\u00dfk\u00f6rper auf drei F\u00fcssen, runder, gew\u00f6lbter Deckel, Pressmarke, etwas streng sitzende Klammer<\/p>\n<p>H 8 cm (inklusive Klammer)<\/p>\n<p>Dm 7,5 cm<\/p>\n","protected":false},"excerpt":{"rendered":"<p>Annettes Etikette verr\u00e4t die Zubereitung: Man buttert den Eierkoch etwas aus, schl\u00e4gt die Eier (2 St\u00fcck) \u00a0in das Gef\u00e4\u00df, w\u00fcrzt entsprechend und stellt den Eierkoch geschlossen ins Wasserbad (Der Ursprungsgedanke war einen Eierstich herzustellen). Abh\u00e4ngig von der Gr\u00f6\u00dfe bel\u00e4sst man das Gef\u00e4\u00df ca. 5 &#8211; 8 min im kochenden Wasser. Es ist aber auch einen h\u00fcbsche kleine Auflaufform z. B. f\u00fcr Pasteten, Souffl\u00e9s, kleine Kuchen oder Ragouts.(Gr\u00f6\u00dfe 2 ca. 10 min).<\/p>\n","protected":false},"featured_media":42798,"comment_status":"open","ping_status":"closed","template":"","meta":[],"product_brand":[],"product_cat":[36,19],"product_tag":[],"class_list":{"0":"post-42843","1":"product","2":"type-product","3":"status-publish","4":"has-post-thumbnail","6":"product_cat-eierbecher","7":"product_cat-gabelfruehstueck","9":"first","10":"instock","11":"sold-individually","12":"purchasable","13":"product-type-simple"},"yoast_head":"<!-- This site is optimized with the Yoast SEO Premium plugin v15.8.2 - https:\/\/yoast.com\/wordpress\/plugins\/seo\/ -->\n<title>Kleiner Eierkoch nach W. Wagenfeld f\u00fcr Schott, Jena, um 1960<\/title>\n<meta name=\"description\" content=\"Kleiner Eierkoch nach W. Wagenfeld f\u00fcr Schott, Jena, um 1960 \u2665 Antiquit\u00e4ten Online kaufen \u2713 Sichere Lieferung \u2713\" \/>\n<meta name=\"robots\" content=\"index, follow, max-snippet:-1, max-image-preview:large, max-video-preview:-1\" \/>\n<link rel=\"canonical\" href=\"https:\/\/annette-ahrens.at\/onlineshop\/produkt\/kleiner-eierkoch-nach-w-wagenfeld-fuer-schott-jena-um-1960-2\/\" \/>\n<meta property=\"og:locale\" content=\"de_DE\" \/>\n<meta property=\"og:type\" content=\"article\" \/>\n<meta property=\"og:title\" content=\"Kleiner Eierkoch nach W. Wagenfeld f\u00fcr Schott, Jena, um 1960\" \/>\n<meta property=\"og:description\" content=\"Kleiner Eierkoch nach W. Wagenfeld f\u00fcr Schott, Jena, um 1960 \u2665 Antiquit\u00e4ten Online kaufen \u2713 Sichere Lieferung \u2713\" \/>\n<meta property=\"og:url\" content=\"https:\/\/annette-ahrens.at\/onlineshop\/produkt\/kleiner-eierkoch-nach-w-wagenfeld-fuer-schott-jena-um-1960-2\/\" \/>\n<meta property=\"og:site_name\" content=\"Tafelkultur Onlineshop\" \/>\n<meta property=\"article:publisher\" content=\"https:\/\/www.facebook.com\/AnnetteAhrensTafelkultur\" \/>\n<meta property=\"article:modified_time\" content=\"2026-03-08T16:44:45+00:00\" \/>\n<meta property=\"og:image\" content=\"https:\/\/annette-ahrens.at\/onlineshop\/wp-content\/uploads\/2026\/03\/IMG_1651-scaled.jpeg\" \/>\n\t<meta property=\"og:image:width\" content=\"1992\" \/>\n\t<meta property=\"og:image:height\" content=\"2048\" \/>\n<meta name=\"twitter:card\" content=\"summary_large_image\" \/>\n<meta name=\"twitter:label1\" content=\"Gesch\u00e4tzte Lesezeit\">\n\t<meta name=\"twitter:data1\" content=\"1\u00a0Minute\">\n<script type=\"application\/ld+json\" class=\"yoast-schema-graph\">{\"@context\":\"https:\/\/schema.org\",\"@graph\":[{\"@type\":[\"Person\",\"Organization\"],\"@id\":\"https:\/\/annette-ahrens.at\/onlineshop\/#\/schema\/person\/3e19676faae246bba0cb3b7e15f427d8\",\"name\":\"Annette Ahrens\",\"image\":{\"@type\":\"ImageObject\",\"@id\":\"https:\/\/annette-ahrens.at\/onlineshop\/#personlogo\",\"inLanguage\":\"de\",\"url\":\"https:\/\/annette-ahrens.at\/onlineshop\/wp-content\/uploads\/2020\/04\/aa_logo_End.png\",\"width\":800,\"height\":164,\"caption\":\"Annette Ahrens\"},\"logo\":{\"@id\":\"https:\/\/annette-ahrens.at\/onlineshop\/#personlogo\"},\"sameAs\":[\"https:\/\/annette-ahrens.at\",\"https:\/\/www.facebook.com\/AnnetteAhrensTafelkultur\",\"https:\/\/www.instagram.com\/tafelkulturistin\/\",\"https:\/\/de.wikipedia.org\/wiki\/Annette_Ahrens\"]},{\"@type\":\"WebSite\",\"@id\":\"https:\/\/annette-ahrens.at\/onlineshop\/#website\",\"url\":\"https:\/\/annette-ahrens.at\/onlineshop\/\",\"name\":\"Tafelkultur Onlineshop\",\"description\":\"Annette Ahrens\",\"publisher\":{\"@id\":\"https:\/\/annette-ahrens.at\/onlineshop\/#\/schema\/person\/3e19676faae246bba0cb3b7e15f427d8\"},\"potentialAction\":[{\"@type\":\"SearchAction\",\"target\":\"https:\/\/annette-ahrens.at\/onlineshop\/?s={search_term_string}\",\"query-input\":\"required name=search_term_string\"}],\"inLanguage\":\"de\"},{\"@type\":\"ImageObject\",\"@id\":\"https:\/\/annette-ahrens.at\/onlineshop\/produkt\/kleiner-eierkoch-nach-w-wagenfeld-fuer-schott-jena-um-1960-2\/#primaryimage\",\"inLanguage\":\"de\",\"url\":\"https:\/\/annette-ahrens.at\/onlineshop\/wp-content\/uploads\/2026\/03\/IMG_1651-scaled.jpeg\",\"width\":1992,\"height\":2048,\"caption\":\"eierkoch_wagenfeld\"},{\"@type\":[\"WebPage\",\"ItemPage\"],\"@id\":\"https:\/\/annette-ahrens.at\/onlineshop\/produkt\/kleiner-eierkoch-nach-w-wagenfeld-fuer-schott-jena-um-1960-2\/#webpage\",\"url\":\"https:\/\/annette-ahrens.at\/onlineshop\/produkt\/kleiner-eierkoch-nach-w-wagenfeld-fuer-schott-jena-um-1960-2\/\",\"name\":\"Kleiner Eierkoch nach W. Wagenfeld f\\u00fcr Schott, Jena, um 1960\",\"isPartOf\":{\"@id\":\"https:\/\/annette-ahrens.at\/onlineshop\/#website\"},\"primaryImageOfPage\":{\"@id\":\"https:\/\/annette-ahrens.at\/onlineshop\/produkt\/kleiner-eierkoch-nach-w-wagenfeld-fuer-schott-jena-um-1960-2\/#primaryimage\"},\"datePublished\":\"2026-03-13T05:42:56+00:00\",\"dateModified\":\"2026-03-08T16:44:45+00:00\",\"description\":\"Kleiner Eierkoch nach W. Wagenfeld f\\u00fcr Schott, Jena, um 1960 \\u2665 Antiquit\\u00e4ten Online kaufen \\u2713 Sichere Lieferung \\u2713\",\"breadcrumb\":{\"@id\":\"https:\/\/annette-ahrens.at\/onlineshop\/produkt\/kleiner-eierkoch-nach-w-wagenfeld-fuer-schott-jena-um-1960-2\/#breadcrumb\"},\"inLanguage\":\"de\",\"potentialAction\":[{\"@type\":\"ReadAction\",\"target\":[\"https:\/\/annette-ahrens.at\/onlineshop\/produkt\/kleiner-eierkoch-nach-w-wagenfeld-fuer-schott-jena-um-1960-2\/\"]}]},{\"@type\":\"BreadcrumbList\",\"@id\":\"https:\/\/annette-ahrens.at\/onlineshop\/produkt\/kleiner-eierkoch-nach-w-wagenfeld-fuer-schott-jena-um-1960-2\/#breadcrumb\",\"itemListElement\":[{\"@type\":\"ListItem\",\"position\":1,\"item\":{\"@type\":\"WebPage\",\"@id\":\"https:\/\/annette-ahrens.at\/onlineshop\/\",\"url\":\"https:\/\/annette-ahrens.at\/onlineshop\/\",\"name\":\"Home\"}},{\"@type\":\"ListItem\",\"position\":2,\"item\":{\"@type\":\"WebPage\",\"@id\":\"https:\/\/annette-ahrens.at\/onlineshop\/alle-tafelkultur-objekte\/\",\"url\":\"https:\/\/annette-ahrens.at\/onlineshop\/alle-tafelkultur-objekte\/\",\"name\":\"Alle Tafelkultur Objekte\"}},{\"@type\":\"ListItem\",\"position\":3,\"item\":{\"@type\":\"WebPage\",\"@id\":\"https:\/\/annette-ahrens.at\/onlineshop\/produkt\/kleiner-eierkoch-nach-w-wagenfeld-fuer-schott-jena-um-1960-2\/\",\"url\":\"https:\/\/annette-ahrens.at\/onlineshop\/produkt\/kleiner-eierkoch-nach-w-wagenfeld-fuer-schott-jena-um-1960-2\/\",\"name\":\"Kleiner Eierkoch nach W. Wagenfeld f\\u00fcr Schott, Jena, um 1960\"}}]}]}<\/script>\n<!-- \/ Yoast SEO Premium plugin. -->","_links":{"self":[{"href":"https:\/\/annette-ahrens.at\/onlineshop\/wp-json\/wp\/v2\/product\/42843","targetHints":{"allow":["GET"]}}],"collection":[{"href":"https:\/\/annette-ahrens.at\/onlineshop\/wp-json\/wp\/v2\/product"}],"about":[{"href":"https:\/\/annette-ahrens.at\/onlineshop\/wp-json\/wp\/v2\/types\/product"}],"replies":[{"embeddable":true,"href":"https:\/\/annette-ahrens.at\/onlineshop\/wp-json\/wp\/v2\/comments?post=42843"}],"wp:featuredmedia":[{"embeddable":true,"href":"https:\/\/annette-ahrens.at\/onlineshop\/wp-json\/wp\/v2\/media\/42798"}],"wp:attachment":[{"href":"https:\/\/annette-ahrens.at\/onlineshop\/wp-json\/wp\/v2\/media?parent=42843"}],"wp:term":[{"taxonomy":"product_brand","embeddable":true,"href":"https:\/\/annette-ahrens.at\/onlineshop\/wp-json\/wp\/v2\/product_brand?post=42843"},{"taxonomy":"product_cat","embeddable":true,"href":"https:\/\/annette-ahrens.at\/onlineshop\/wp-json\/wp\/v2\/product_cat?post=42843"},{"taxonomy":"product_tag","embeddable":true,"href":"https:\/\/annette-ahrens.at\/onlineshop\/wp-json\/wp\/v2\/product_tag?post=42843"}],"curies":[{"name":"wp","href":"https:\/\/api.w.org\/{rel}","templated":true}]}}