{"id":42862,"date":"2026-03-09T05:50:09","date_gmt":"2026-03-09T04:50:09","guid":{"rendered":"https:\/\/annette-ahrens.at\/onlineshop\/?post_type=product&#038;p=42862"},"modified":"2026-03-23T10:59:57","modified_gmt":"2026-03-23T09:59:57","slug":"versilberter-jugendstil-eierbecher-fa-wmf-geislingen-um-1900","status":"publish","type":"product","link":"https:\/\/annette-ahrens.at\/onlineshop\/produkt\/versilberter-jugendstil-eierbecher-fa-wmf-geislingen-um-1900\/","title":{"rendered":"Versilberter Jugendstil Eierbecher, Fa. WMF, Geislingen, um 1900"},"content":{"rendered":"<p>Versilberte Jugendstil Eierbecher<\/p>\n<p>Fa. WMF, Geislingen, Deutschland, um 1900<\/p>\n<p>Alpacca, versilbert, Untersatz mit Bl\u00fctenmotiv, erh\u00f6hter, Pokalf\u00f6rmiger Becher f\u00fcr ein Ei, runde Vertiefung f\u00fcr ein Salzfass aus farblosem Glas mit Jugendstil Schliffdekor, gemarkt WMF, handpolierter, tadelloser Erhaltungszustand<\/p>\n<p>L 10,2 cm<\/p>\n<p>H 4 cm<\/p>\n<p>&nbsp;<\/p>\n","protected":false},"excerpt":{"rendered":"<p>Annettes Etikette: Die erhaltenen Firmenkataloge dieses Metallwarenherstellers mit \u00fcber 9.000 verschiedenen Artikeln zeigen die hohe Qualit\u00e4t an Entw\u00fcrfen. Da ich Eierbecher gleicher Gestalt mit WMF Marke habe, gehe ich auch bei diesem 6er Satz von dieser Provenienz aus.<\/p>\n","protected":false},"featured_media":43388,"comment_status":"open","ping_status":"closed","template":"","meta":[],"product_brand":[],"product_cat":[143,142,36,18,19,31],"product_tag":[],"class_list":{"0":"post-42862","1":"product","2":"type-product","3":"status-publish","4":"has-post-thumbnail","6":"product_cat-ei-im-glas","7":"product_cat-eier","8":"product_cat-eierbecher","9":"product_cat-fruehstueck","10":"product_cat-gabelfruehstueck","11":"product_cat-gastgeschenke","13":"first","14":"instock","15":"sold-individually","16":"purchasable","17":"product-type-simple"},"yoast_head":"<!-- This site is optimized with the Yoast SEO Premium plugin v15.8.2 - https:\/\/yoast.com\/wordpress\/plugins\/seo\/ -->\n<title>Versilberter Jugendstil Eierbecher, Fa. WMF, Geislingen, um 1900<\/title>\n<meta name=\"description\" content=\"Versilberter Jugendstil Eierbecher, Fa. WMF, Geislingen, um 1900 \u2665 Antiquit\u00e4ten Online kaufen \u2713 Sichere Lieferung \u2713\" \/>\n<meta name=\"robots\" content=\"index, follow, max-snippet:-1, max-image-preview:large, max-video-preview:-1\" \/>\n<link rel=\"canonical\" href=\"https:\/\/annette-ahrens.at\/onlineshop\/produkt\/versilberter-jugendstil-eierbecher-fa-wmf-geislingen-um-1900\/\" \/>\n<meta property=\"og:locale\" content=\"de_DE\" \/>\n<meta property=\"og:type\" content=\"article\" \/>\n<meta property=\"og:title\" content=\"Versilberter Jugendstil Eierbecher, Fa. WMF, Geislingen, um 1900\" \/>\n<meta property=\"og:description\" content=\"Versilberter Jugendstil Eierbecher, Fa. WMF, Geislingen, um 1900 \u2665 Antiquit\u00e4ten Online kaufen \u2713 Sichere Lieferung \u2713\" \/>\n<meta property=\"og:url\" content=\"https:\/\/annette-ahrens.at\/onlineshop\/produkt\/versilberter-jugendstil-eierbecher-fa-wmf-geislingen-um-1900\/\" \/>\n<meta property=\"og:site_name\" content=\"Tafelkultur Onlineshop\" \/>\n<meta property=\"article:publisher\" content=\"https:\/\/www.facebook.com\/AnnetteAhrensTafelkultur\" \/>\n<meta property=\"article:modified_time\" content=\"2026-03-23T09:59:57+00:00\" \/>\n<meta property=\"og:image\" content=\"https:\/\/annette-ahrens.at\/onlineshop\/wp-content\/uploads\/2026\/03\/IMG_2087-scaled-e1774259989634.jpeg\" \/>\n\t<meta property=\"og:image:width\" content=\"1287\" \/>\n\t<meta property=\"og:image:height\" content=\"1478\" \/>\n<meta name=\"twitter:card\" content=\"summary_large_image\" \/>\n<script type=\"application\/ld+json\" class=\"yoast-schema-graph\">{\"@context\":\"https:\/\/schema.org\",\"@graph\":[{\"@type\":[\"Person\",\"Organization\"],\"@id\":\"https:\/\/annette-ahrens.at\/onlineshop\/#\/schema\/person\/3e19676faae246bba0cb3b7e15f427d8\",\"name\":\"Annette Ahrens\",\"image\":{\"@type\":\"ImageObject\",\"@id\":\"https:\/\/annette-ahrens.at\/onlineshop\/#personlogo\",\"inLanguage\":\"de\",\"url\":\"https:\/\/annette-ahrens.at\/onlineshop\/wp-content\/uploads\/2020\/04\/aa_logo_End.png\",\"width\":800,\"height\":164,\"caption\":\"Annette Ahrens\"},\"logo\":{\"@id\":\"https:\/\/annette-ahrens.at\/onlineshop\/#personlogo\"},\"sameAs\":[\"https:\/\/annette-ahrens.at\",\"https:\/\/www.facebook.com\/AnnetteAhrensTafelkultur\",\"https:\/\/www.instagram.com\/tafelkulturistin\/\",\"https:\/\/de.wikipedia.org\/wiki\/Annette_Ahrens\"]},{\"@type\":\"WebSite\",\"@id\":\"https:\/\/annette-ahrens.at\/onlineshop\/#website\",\"url\":\"https:\/\/annette-ahrens.at\/onlineshop\/\",\"name\":\"Tafelkultur Onlineshop\",\"description\":\"Annette Ahrens\",\"publisher\":{\"@id\":\"https:\/\/annette-ahrens.at\/onlineshop\/#\/schema\/person\/3e19676faae246bba0cb3b7e15f427d8\"},\"potentialAction\":[{\"@type\":\"SearchAction\",\"target\":\"https:\/\/annette-ahrens.at\/onlineshop\/?s={search_term_string}\",\"query-input\":\"required name=search_term_string\"}],\"inLanguage\":\"de\"},{\"@type\":\"ImageObject\",\"@id\":\"https:\/\/annette-ahrens.at\/onlineshop\/produkt\/versilberter-jugendstil-eierbecher-fa-wmf-geislingen-um-1900\/#primaryimage\",\"inLanguage\":\"de\",\"url\":\"https:\/\/annette-ahrens.at\/onlineshop\/wp-content\/uploads\/2026\/03\/IMG_2087-scaled-e1774259989634.jpeg\",\"width\":1287,\"height\":1478,\"caption\":\"eierbecher_wmf\"},{\"@type\":[\"WebPage\",\"ItemPage\"],\"@id\":\"https:\/\/annette-ahrens.at\/onlineshop\/produkt\/versilberter-jugendstil-eierbecher-fa-wmf-geislingen-um-1900\/#webpage\",\"url\":\"https:\/\/annette-ahrens.at\/onlineshop\/produkt\/versilberter-jugendstil-eierbecher-fa-wmf-geislingen-um-1900\/\",\"name\":\"Versilberter Jugendstil Eierbecher, Fa. WMF, Geislingen, um 1900\",\"isPartOf\":{\"@id\":\"https:\/\/annette-ahrens.at\/onlineshop\/#website\"},\"primaryImageOfPage\":{\"@id\":\"https:\/\/annette-ahrens.at\/onlineshop\/produkt\/versilberter-jugendstil-eierbecher-fa-wmf-geislingen-um-1900\/#primaryimage\"},\"datePublished\":\"2026-03-09T04:50:09+00:00\",\"dateModified\":\"2026-03-23T09:59:57+00:00\",\"description\":\"Versilberter Jugendstil Eierbecher, Fa. WMF, Geislingen, um 1900 \\u2665 Antiquit\\u00e4ten Online kaufen \\u2713 Sichere Lieferung \\u2713\",\"breadcrumb\":{\"@id\":\"https:\/\/annette-ahrens.at\/onlineshop\/produkt\/versilberter-jugendstil-eierbecher-fa-wmf-geislingen-um-1900\/#breadcrumb\"},\"inLanguage\":\"de\",\"potentialAction\":[{\"@type\":\"ReadAction\",\"target\":[\"https:\/\/annette-ahrens.at\/onlineshop\/produkt\/versilberter-jugendstil-eierbecher-fa-wmf-geislingen-um-1900\/\"]}]},{\"@type\":\"BreadcrumbList\",\"@id\":\"https:\/\/annette-ahrens.at\/onlineshop\/produkt\/versilberter-jugendstil-eierbecher-fa-wmf-geislingen-um-1900\/#breadcrumb\",\"itemListElement\":[{\"@type\":\"ListItem\",\"position\":1,\"item\":{\"@type\":\"WebPage\",\"@id\":\"https:\/\/annette-ahrens.at\/onlineshop\/\",\"url\":\"https:\/\/annette-ahrens.at\/onlineshop\/\",\"name\":\"Home\"}},{\"@type\":\"ListItem\",\"position\":2,\"item\":{\"@type\":\"WebPage\",\"@id\":\"https:\/\/annette-ahrens.at\/onlineshop\/alle-tafelkultur-objekte\/\",\"url\":\"https:\/\/annette-ahrens.at\/onlineshop\/alle-tafelkultur-objekte\/\",\"name\":\"Alle Tafelkultur Objekte\"}},{\"@type\":\"ListItem\",\"position\":3,\"item\":{\"@type\":\"WebPage\",\"@id\":\"https:\/\/annette-ahrens.at\/onlineshop\/produkt\/versilberter-jugendstil-eierbecher-fa-wmf-geislingen-um-1900\/\",\"url\":\"https:\/\/annette-ahrens.at\/onlineshop\/produkt\/versilberter-jugendstil-eierbecher-fa-wmf-geislingen-um-1900\/\",\"name\":\"Versilberter Jugendstil Eierbecher, Fa. WMF, Geislingen, um 1900\"}}]}]}<\/script>\n<!-- \/ Yoast SEO Premium plugin. -->","_links":{"self":[{"href":"https:\/\/annette-ahrens.at\/onlineshop\/wp-json\/wp\/v2\/product\/42862","targetHints":{"allow":["GET"]}}],"collection":[{"href":"https:\/\/annette-ahrens.at\/onlineshop\/wp-json\/wp\/v2\/product"}],"about":[{"href":"https:\/\/annette-ahrens.at\/onlineshop\/wp-json\/wp\/v2\/types\/product"}],"replies":[{"embeddable":true,"href":"https:\/\/annette-ahrens.at\/onlineshop\/wp-json\/wp\/v2\/comments?post=42862"}],"wp:featuredmedia":[{"embeddable":true,"href":"https:\/\/annette-ahrens.at\/onlineshop\/wp-json\/wp\/v2\/media\/43388"}],"wp:attachment":[{"href":"https:\/\/annette-ahrens.at\/onlineshop\/wp-json\/wp\/v2\/media?parent=42862"}],"wp:term":[{"taxonomy":"product_brand","embeddable":true,"href":"https:\/\/annette-ahrens.at\/onlineshop\/wp-json\/wp\/v2\/product_brand?post=42862"},{"taxonomy":"product_cat","embeddable":true,"href":"https:\/\/annette-ahrens.at\/onlineshop\/wp-json\/wp\/v2\/product_cat?post=42862"},{"taxonomy":"product_tag","embeddable":true,"href":"https:\/\/annette-ahrens.at\/onlineshop\/wp-json\/wp\/v2\/product_tag?post=42862"}],"curies":[{"name":"wp","href":"https:\/\/api.w.org\/{rel}","templated":true}]}}