{"id":42969,"date":"2026-03-10T10:52:25","date_gmt":"2026-03-10T09:52:25","guid":{"rendered":"https:\/\/annette-ahrens.at\/onlineshop\/?post_type=product&#038;p=42969"},"modified":"2026-03-16T17:34:56","modified_gmt":"2026-03-16T16:34:56","slug":"versilberter-saucenschoepfer-baguette-fa-christofle-paris-um-1900","status":"publish","type":"product","link":"https:\/\/annette-ahrens.at\/onlineshop\/produkt\/versilberter-saucenschoepfer-baguette-fa-christofle-paris-um-1900\/","title":{"rendered":"Versilberter Saucensch\u00f6pfer &#8222;Baguette&#8220;, Fa. Christofle, Paris, um 1900"},"content":{"rendered":"<p>Versilberter Saucensch\u00f6pfer &#8222;Eselsr\u00fccken&#8220;<\/p>\n<p>Fa. Christofle, Paris, Frankreich, um 1900<\/p>\n<p>Alpacca, versilbert, querovale Kelle, r\u00fcckseitig aufgelegte Kartusche mit Monogrammgravur &#8220; ES&#8220;, gemarkt mit Firmenmarke CHRISTOFLE, handpolierter Erhaltungszustand<\/p>\n<p>L 19,8 cm<\/p>\n","protected":false},"excerpt":{"rendered":"<p>Annettes Etikette: Vorleger sind beliebte Erg\u00e4nzungen zu schon vorhandenen Bestecken. Ein von 1911 erhaltener Verkaufskatalog der Firma Berndorf dokumentiert dieses Muster unter der Form 2000. Das bis heute beliebte Muster wird in Frankreich &#8222;Baguette&#8220; oder in Wien &#8222;Eselsr\u00fccken&#8220; genannt.<\/p>\n","protected":false},"featured_media":43055,"comment_status":"open","ping_status":"closed","template":"","meta":[],"product_brand":[],"product_cat":[130,276,30,298,301,300,31,291,295,209,266,239,131,52,238,53],"product_tag":[],"class_list":{"0":"post-42969","1":"product","2":"type-product","3":"status-publish","4":"has-post-thumbnail","6":"product_cat-abendessen","7":"product_cat-alpacca","8":"product_cat-besteck","9":"product_cat-buffet","10":"product_cat-fondue","11":"product_cat-gartenfest","12":"product_cat-gastgeschenke","13":"product_cat-hochzeit","14":"product_cat-jagdeinladung","15":"product_cat-sauciere","16":"product_cat-schoepfer","17":"product_cat-spezialbestecke","18":"product_cat-tafeldekorationen","19":"product_cat-thanksgiving","20":"product_cat-vorleger","21":"product_cat-weihnachten","23":"first","24":"instock","25":"purchasable","26":"product-type-simple"},"yoast_head":"<!-- This site is optimized with the Yoast SEO Premium plugin v15.8.2 - https:\/\/yoast.com\/wordpress\/plugins\/seo\/ -->\n<title>Versilberter Saucensch\u00f6pfer &quot;Baguette&quot;, Fa. Christofle, Paris, um 1900<\/title>\n<meta name=\"description\" content=\"Versilberter Saucensch\u00f6pfer &quot;Baguette&quot;, Fa. Christofle, Paris, um 1900 \u2665 Antiquit\u00e4ten Online kaufen \u2713 Sichere Lieferung \u2713\" \/>\n<meta name=\"robots\" content=\"index, follow, max-snippet:-1, max-image-preview:large, max-video-preview:-1\" \/>\n<link rel=\"canonical\" href=\"https:\/\/annette-ahrens.at\/onlineshop\/produkt\/versilberter-saucenschoepfer-baguette-fa-christofle-paris-um-1900\/\" \/>\n<meta property=\"og:locale\" content=\"de_DE\" \/>\n<meta property=\"og:type\" content=\"article\" \/>\n<meta property=\"og:title\" content=\"Versilberter Saucensch\u00f6pfer &quot;Baguette&quot;, Fa. Christofle, Paris, um 1900\" \/>\n<meta property=\"og:description\" content=\"Versilberter Saucensch\u00f6pfer &quot;Baguette&quot;, Fa. Christofle, Paris, um 1900 \u2665 Antiquit\u00e4ten Online kaufen \u2713 Sichere Lieferung \u2713\" \/>\n<meta property=\"og:url\" content=\"https:\/\/annette-ahrens.at\/onlineshop\/produkt\/versilberter-saucenschoepfer-baguette-fa-christofle-paris-um-1900\/\" \/>\n<meta property=\"og:site_name\" content=\"Tafelkultur Onlineshop\" \/>\n<meta property=\"article:publisher\" content=\"https:\/\/www.facebook.com\/AnnetteAhrensTafelkultur\" \/>\n<meta property=\"article:modified_time\" content=\"2026-03-16T16:34:56+00:00\" \/>\n<meta property=\"og:image\" content=\"https:\/\/annette-ahrens.at\/onlineshop\/wp-content\/uploads\/2026\/03\/IMG_1847-scaled.jpeg\" \/>\n\t<meta property=\"og:image:width\" content=\"1790\" \/>\n\t<meta property=\"og:image:height\" content=\"2048\" \/>\n<meta name=\"twitter:card\" content=\"summary_large_image\" \/>\n<meta name=\"twitter:label1\" content=\"Gesch\u00e4tzte Lesezeit\">\n\t<meta name=\"twitter:data1\" content=\"1\u00a0Minute\">\n<script type=\"application\/ld+json\" class=\"yoast-schema-graph\">{\"@context\":\"https:\/\/schema.org\",\"@graph\":[{\"@type\":[\"Person\",\"Organization\"],\"@id\":\"https:\/\/annette-ahrens.at\/onlineshop\/#\/schema\/person\/3e19676faae246bba0cb3b7e15f427d8\",\"name\":\"Annette Ahrens\",\"image\":{\"@type\":\"ImageObject\",\"@id\":\"https:\/\/annette-ahrens.at\/onlineshop\/#personlogo\",\"inLanguage\":\"de\",\"url\":\"https:\/\/annette-ahrens.at\/onlineshop\/wp-content\/uploads\/2020\/04\/aa_logo_End.png\",\"width\":800,\"height\":164,\"caption\":\"Annette Ahrens\"},\"logo\":{\"@id\":\"https:\/\/annette-ahrens.at\/onlineshop\/#personlogo\"},\"sameAs\":[\"https:\/\/annette-ahrens.at\",\"https:\/\/www.facebook.com\/AnnetteAhrensTafelkultur\",\"https:\/\/www.instagram.com\/tafelkulturistin\/\",\"https:\/\/de.wikipedia.org\/wiki\/Annette_Ahrens\"]},{\"@type\":\"WebSite\",\"@id\":\"https:\/\/annette-ahrens.at\/onlineshop\/#website\",\"url\":\"https:\/\/annette-ahrens.at\/onlineshop\/\",\"name\":\"Tafelkultur Onlineshop\",\"description\":\"Annette Ahrens\",\"publisher\":{\"@id\":\"https:\/\/annette-ahrens.at\/onlineshop\/#\/schema\/person\/3e19676faae246bba0cb3b7e15f427d8\"},\"potentialAction\":[{\"@type\":\"SearchAction\",\"target\":\"https:\/\/annette-ahrens.at\/onlineshop\/?s={search_term_string}\",\"query-input\":\"required name=search_term_string\"}],\"inLanguage\":\"de\"},{\"@type\":\"ImageObject\",\"@id\":\"https:\/\/annette-ahrens.at\/onlineshop\/produkt\/versilberter-saucenschoepfer-baguette-fa-christofle-paris-um-1900\/#primaryimage\",\"inLanguage\":\"de\",\"url\":\"https:\/\/annette-ahrens.at\/onlineshop\/wp-content\/uploads\/2026\/03\/IMG_1847-scaled.jpeg\",\"width\":1790,\"height\":2048,\"caption\":\"saucensch\\u00f6pfer\"},{\"@type\":[\"WebPage\",\"ItemPage\"],\"@id\":\"https:\/\/annette-ahrens.at\/onlineshop\/produkt\/versilberter-saucenschoepfer-baguette-fa-christofle-paris-um-1900\/#webpage\",\"url\":\"https:\/\/annette-ahrens.at\/onlineshop\/produkt\/versilberter-saucenschoepfer-baguette-fa-christofle-paris-um-1900\/\",\"name\":\"Versilberter Saucensch\\u00f6pfer \\\"Baguette\\\", Fa. Christofle, Paris, um 1900\",\"isPartOf\":{\"@id\":\"https:\/\/annette-ahrens.at\/onlineshop\/#website\"},\"primaryImageOfPage\":{\"@id\":\"https:\/\/annette-ahrens.at\/onlineshop\/produkt\/versilberter-saucenschoepfer-baguette-fa-christofle-paris-um-1900\/#primaryimage\"},\"datePublished\":\"2026-03-10T09:52:25+00:00\",\"dateModified\":\"2026-03-16T16:34:56+00:00\",\"description\":\"Versilberter Saucensch\\u00f6pfer \\\"Baguette\\\", Fa. Christofle, Paris, um 1900 \\u2665 Antiquit\\u00e4ten Online kaufen \\u2713 Sichere Lieferung \\u2713\",\"breadcrumb\":{\"@id\":\"https:\/\/annette-ahrens.at\/onlineshop\/produkt\/versilberter-saucenschoepfer-baguette-fa-christofle-paris-um-1900\/#breadcrumb\"},\"inLanguage\":\"de\",\"potentialAction\":[{\"@type\":\"ReadAction\",\"target\":[\"https:\/\/annette-ahrens.at\/onlineshop\/produkt\/versilberter-saucenschoepfer-baguette-fa-christofle-paris-um-1900\/\"]}]},{\"@type\":\"BreadcrumbList\",\"@id\":\"https:\/\/annette-ahrens.at\/onlineshop\/produkt\/versilberter-saucenschoepfer-baguette-fa-christofle-paris-um-1900\/#breadcrumb\",\"itemListElement\":[{\"@type\":\"ListItem\",\"position\":1,\"item\":{\"@type\":\"WebPage\",\"@id\":\"https:\/\/annette-ahrens.at\/onlineshop\/\",\"url\":\"https:\/\/annette-ahrens.at\/onlineshop\/\",\"name\":\"Home\"}},{\"@type\":\"ListItem\",\"position\":2,\"item\":{\"@type\":\"WebPage\",\"@id\":\"https:\/\/annette-ahrens.at\/onlineshop\/alle-tafelkultur-objekte\/\",\"url\":\"https:\/\/annette-ahrens.at\/onlineshop\/alle-tafelkultur-objekte\/\",\"name\":\"Alle Tafelkultur Objekte\"}},{\"@type\":\"ListItem\",\"position\":3,\"item\":{\"@type\":\"WebPage\",\"@id\":\"https:\/\/annette-ahrens.at\/onlineshop\/produkt\/versilberter-saucenschoepfer-baguette-fa-christofle-paris-um-1900\/\",\"url\":\"https:\/\/annette-ahrens.at\/onlineshop\/produkt\/versilberter-saucenschoepfer-baguette-fa-christofle-paris-um-1900\/\",\"name\":\"Versilberter Saucensch\\u00f6pfer &#8222;Baguette&#8220;, Fa. Christofle, Paris, um 1900\"}}]}]}<\/script>\n<!-- \/ Yoast SEO Premium plugin. -->","_links":{"self":[{"href":"https:\/\/annette-ahrens.at\/onlineshop\/wp-json\/wp\/v2\/product\/42969","targetHints":{"allow":["GET"]}}],"collection":[{"href":"https:\/\/annette-ahrens.at\/onlineshop\/wp-json\/wp\/v2\/product"}],"about":[{"href":"https:\/\/annette-ahrens.at\/onlineshop\/wp-json\/wp\/v2\/types\/product"}],"replies":[{"embeddable":true,"href":"https:\/\/annette-ahrens.at\/onlineshop\/wp-json\/wp\/v2\/comments?post=42969"}],"wp:featuredmedia":[{"embeddable":true,"href":"https:\/\/annette-ahrens.at\/onlineshop\/wp-json\/wp\/v2\/media\/43055"}],"wp:attachment":[{"href":"https:\/\/annette-ahrens.at\/onlineshop\/wp-json\/wp\/v2\/media?parent=42969"}],"wp:term":[{"taxonomy":"product_brand","embeddable":true,"href":"https:\/\/annette-ahrens.at\/onlineshop\/wp-json\/wp\/v2\/product_brand?post=42969"},{"taxonomy":"product_cat","embeddable":true,"href":"https:\/\/annette-ahrens.at\/onlineshop\/wp-json\/wp\/v2\/product_cat?post=42969"},{"taxonomy":"product_tag","embeddable":true,"href":"https:\/\/annette-ahrens.at\/onlineshop\/wp-json\/wp\/v2\/product_tag?post=42969"}],"curies":[{"name":"wp","href":"https:\/\/api.w.org\/{rel}","templated":true}]}}