{"id":42970,"date":"2026-03-24T08:00:05","date_gmt":"2026-03-24T07:00:05","guid":{"rendered":"https:\/\/annette-ahrens.at\/onlineshop\/?post_type=product&#038;p=42970"},"modified":"2026-03-24T08:18:44","modified_gmt":"2026-03-24T07:18:44","slug":"versilberter-saucenschoepfer-johann-strauss-fa-august-wellner-deutschland-um-1930","status":"publish","type":"product","link":"https:\/\/annette-ahrens.at\/onlineshop\/produkt\/versilberter-saucenschoepfer-johann-strauss-fa-august-wellner-deutschland-um-1930\/","title":{"rendered":"Versilberter Saucensch\u00f6pfer &#8222;Johann Strau\u00df&#8220;, Fa. August Wellner, Deutschland, um 1930"},"content":{"rendered":"<p>Versilberter Saucensch\u00f6pfer Modell Nr. 520 &#8220; Johann Strau\u00df&#8220;<\/p>\n<p>Fa. August Wellner &amp; S\u00f6hne, Aue, Deutschland, um 1930<\/p>\n<p>Alpacca, versilbert, doppelseitiger Ausguss der querovalen Kelle, gemarkt WELLNER 90, minimale Gebrauchsspuren<\/p>\n<p>L 18 cm<\/p>\n","protected":false},"excerpt":{"rendered":"<p>Annettes Etikette: Die in Wien selten anzutreffenden Erzeugnisse der Firma Wellner haben wohl mit ihrer Herkunft zu tun. Der Produzent von versilberten Hotelgeschirr und Besteck wurde 1854 von Christian Gottlieb Wellner (1795-1857) in Aue, in Sachsen gegr\u00fcndet. Die ausgeschriebene Marke l\u00e4sst uns die Produkte leicht zuzuordnen. Dar\u00fcber hinaus sind 3 Zwerge als Schutzmarke auf den Besteckteilen und Klingen zu sehen. In weiterer Folge firmierte das Unternehmen nach dem 2. Weltkrieg unter dem Namen Auer Besteck- und Silberwarenwerke (ABS). Mit \u00fcber 122 Modellen konnte Wellner 1930 ein doch sehr weites Bestecksortiment anbieten. Diese &#8222;k\u00fcnstlerisches Besteck in zeitloser Form&#8220; wird unter der Modellnummer 520 und dem Namen &#8222;Johann Strau\u00df&#8220; angeboten.<\/p>\n","protected":false},"featured_media":43004,"comment_status":"open","ping_status":"closed","template":"","meta":[],"product_brand":[],"product_cat":[276,30,235,263,239],"product_tag":[],"class_list":{"0":"post-42970","1":"product","2":"type-product","3":"status-publish","4":"has-post-thumbnail","6":"product_cat-alpacca","7":"product_cat-besteck","8":"product_cat-gabeln","9":"product_cat-sardinenheber","10":"product_cat-spezialbestecke","12":"first","13":"instock","14":"purchasable","15":"product-type-simple"},"yoast_head":"<!-- This site is optimized with the Yoast SEO Premium plugin v15.8.2 - https:\/\/yoast.com\/wordpress\/plugins\/seo\/ -->\n<title>Versilberter Saucensch\u00f6pfer &quot;Johann Strau\u00df&quot;, Fa. August Wellner, Deutschland, um 1930<\/title>\n<meta name=\"description\" content=\"Versilberter Saucensch\u00f6pfer &quot;Johann Strau\u00df&quot;, Fa. August Wellner, Deutschland, um 1930 \u2665 Antiquit\u00e4ten Online kaufen \u2713 Sichere Lieferung \u2713\" \/>\n<meta name=\"robots\" content=\"index, follow, max-snippet:-1, max-image-preview:large, max-video-preview:-1\" \/>\n<link rel=\"canonical\" href=\"https:\/\/annette-ahrens.at\/onlineshop\/produkt\/versilberter-saucenschoepfer-johann-strauss-fa-august-wellner-deutschland-um-1930\/\" \/>\n<meta property=\"og:locale\" content=\"de_DE\" \/>\n<meta property=\"og:type\" content=\"article\" \/>\n<meta property=\"og:title\" content=\"Versilberter Saucensch\u00f6pfer &quot;Johann Strau\u00df&quot;, Fa. August Wellner, Deutschland, um 1930\" \/>\n<meta property=\"og:description\" content=\"Versilberter Saucensch\u00f6pfer &quot;Johann Strau\u00df&quot;, Fa. August Wellner, Deutschland, um 1930 \u2665 Antiquit\u00e4ten Online kaufen \u2713 Sichere Lieferung \u2713\" \/>\n<meta property=\"og:url\" content=\"https:\/\/annette-ahrens.at\/onlineshop\/produkt\/versilberter-saucenschoepfer-johann-strauss-fa-august-wellner-deutschland-um-1930\/\" \/>\n<meta property=\"og:site_name\" content=\"Tafelkultur Onlineshop\" \/>\n<meta property=\"article:publisher\" content=\"https:\/\/www.facebook.com\/AnnetteAhrensTafelkultur\" \/>\n<meta property=\"article:modified_time\" content=\"2026-03-24T07:18:44+00:00\" \/>\n<meta property=\"og:image\" content=\"https:\/\/annette-ahrens.at\/onlineshop\/wp-content\/uploads\/2026\/03\/IMG_1852-scaled.jpeg\" \/>\n\t<meta property=\"og:image:width\" content=\"1536\" \/>\n\t<meta property=\"og:image:height\" content=\"2048\" \/>\n<meta name=\"twitter:card\" content=\"summary_large_image\" \/>\n<script type=\"application\/ld+json\" class=\"yoast-schema-graph\">{\"@context\":\"https:\/\/schema.org\",\"@graph\":[{\"@type\":[\"Person\",\"Organization\"],\"@id\":\"https:\/\/annette-ahrens.at\/onlineshop\/#\/schema\/person\/3e19676faae246bba0cb3b7e15f427d8\",\"name\":\"Annette Ahrens\",\"image\":{\"@type\":\"ImageObject\",\"@id\":\"https:\/\/annette-ahrens.at\/onlineshop\/#personlogo\",\"inLanguage\":\"de\",\"url\":\"https:\/\/annette-ahrens.at\/onlineshop\/wp-content\/uploads\/2020\/04\/aa_logo_End.png\",\"width\":800,\"height\":164,\"caption\":\"Annette Ahrens\"},\"logo\":{\"@id\":\"https:\/\/annette-ahrens.at\/onlineshop\/#personlogo\"},\"sameAs\":[\"https:\/\/annette-ahrens.at\",\"https:\/\/www.facebook.com\/AnnetteAhrensTafelkultur\",\"https:\/\/www.instagram.com\/tafelkulturistin\/\",\"https:\/\/de.wikipedia.org\/wiki\/Annette_Ahrens\"]},{\"@type\":\"WebSite\",\"@id\":\"https:\/\/annette-ahrens.at\/onlineshop\/#website\",\"url\":\"https:\/\/annette-ahrens.at\/onlineshop\/\",\"name\":\"Tafelkultur Onlineshop\",\"description\":\"Annette Ahrens\",\"publisher\":{\"@id\":\"https:\/\/annette-ahrens.at\/onlineshop\/#\/schema\/person\/3e19676faae246bba0cb3b7e15f427d8\"},\"potentialAction\":[{\"@type\":\"SearchAction\",\"target\":\"https:\/\/annette-ahrens.at\/onlineshop\/?s={search_term_string}\",\"query-input\":\"required name=search_term_string\"}],\"inLanguage\":\"de\"},{\"@type\":\"ImageObject\",\"@id\":\"https:\/\/annette-ahrens.at\/onlineshop\/produkt\/versilberter-saucenschoepfer-johann-strauss-fa-august-wellner-deutschland-um-1930\/#primaryimage\",\"inLanguage\":\"de\",\"url\":\"https:\/\/annette-ahrens.at\/onlineshop\/wp-content\/uploads\/2026\/03\/IMG_1852-scaled.jpeg\",\"width\":1536,\"height\":2048,\"caption\":\"saucensch\\u00f6pfer_wellner\"},{\"@type\":[\"WebPage\",\"ItemPage\"],\"@id\":\"https:\/\/annette-ahrens.at\/onlineshop\/produkt\/versilberter-saucenschoepfer-johann-strauss-fa-august-wellner-deutschland-um-1930\/#webpage\",\"url\":\"https:\/\/annette-ahrens.at\/onlineshop\/produkt\/versilberter-saucenschoepfer-johann-strauss-fa-august-wellner-deutschland-um-1930\/\",\"name\":\"Versilberter Saucensch\\u00f6pfer \\\"Johann Strau\\u00df\\\", Fa. August Wellner, Deutschland, um 1930\",\"isPartOf\":{\"@id\":\"https:\/\/annette-ahrens.at\/onlineshop\/#website\"},\"primaryImageOfPage\":{\"@id\":\"https:\/\/annette-ahrens.at\/onlineshop\/produkt\/versilberter-saucenschoepfer-johann-strauss-fa-august-wellner-deutschland-um-1930\/#primaryimage\"},\"datePublished\":\"2026-03-24T07:00:05+00:00\",\"dateModified\":\"2026-03-24T07:18:44+00:00\",\"description\":\"Versilberter Saucensch\\u00f6pfer \\\"Johann Strau\\u00df\\\", Fa. August Wellner, Deutschland, um 1930 \\u2665 Antiquit\\u00e4ten Online kaufen \\u2713 Sichere Lieferung \\u2713\",\"breadcrumb\":{\"@id\":\"https:\/\/annette-ahrens.at\/onlineshop\/produkt\/versilberter-saucenschoepfer-johann-strauss-fa-august-wellner-deutschland-um-1930\/#breadcrumb\"},\"inLanguage\":\"de\",\"potentialAction\":[{\"@type\":\"ReadAction\",\"target\":[\"https:\/\/annette-ahrens.at\/onlineshop\/produkt\/versilberter-saucenschoepfer-johann-strauss-fa-august-wellner-deutschland-um-1930\/\"]}]},{\"@type\":\"BreadcrumbList\",\"@id\":\"https:\/\/annette-ahrens.at\/onlineshop\/produkt\/versilberter-saucenschoepfer-johann-strauss-fa-august-wellner-deutschland-um-1930\/#breadcrumb\",\"itemListElement\":[{\"@type\":\"ListItem\",\"position\":1,\"item\":{\"@type\":\"WebPage\",\"@id\":\"https:\/\/annette-ahrens.at\/onlineshop\/\",\"url\":\"https:\/\/annette-ahrens.at\/onlineshop\/\",\"name\":\"Home\"}},{\"@type\":\"ListItem\",\"position\":2,\"item\":{\"@type\":\"WebPage\",\"@id\":\"https:\/\/annette-ahrens.at\/onlineshop\/alle-tafelkultur-objekte\/\",\"url\":\"https:\/\/annette-ahrens.at\/onlineshop\/alle-tafelkultur-objekte\/\",\"name\":\"Alle Tafelkultur Objekte\"}},{\"@type\":\"ListItem\",\"position\":3,\"item\":{\"@type\":\"WebPage\",\"@id\":\"https:\/\/annette-ahrens.at\/onlineshop\/produkt\/versilberter-saucenschoepfer-johann-strauss-fa-august-wellner-deutschland-um-1930\/\",\"url\":\"https:\/\/annette-ahrens.at\/onlineshop\/produkt\/versilberter-saucenschoepfer-johann-strauss-fa-august-wellner-deutschland-um-1930\/\",\"name\":\"Versilberter Saucensch\\u00f6pfer &#8222;Johann Strau\\u00df&#8220;, Fa. August Wellner, Deutschland, um 1930\"}}]}]}<\/script>\n<!-- \/ Yoast SEO Premium plugin. -->","_links":{"self":[{"href":"https:\/\/annette-ahrens.at\/onlineshop\/wp-json\/wp\/v2\/product\/42970","targetHints":{"allow":["GET"]}}],"collection":[{"href":"https:\/\/annette-ahrens.at\/onlineshop\/wp-json\/wp\/v2\/product"}],"about":[{"href":"https:\/\/annette-ahrens.at\/onlineshop\/wp-json\/wp\/v2\/types\/product"}],"replies":[{"embeddable":true,"href":"https:\/\/annette-ahrens.at\/onlineshop\/wp-json\/wp\/v2\/comments?post=42970"}],"wp:featuredmedia":[{"embeddable":true,"href":"https:\/\/annette-ahrens.at\/onlineshop\/wp-json\/wp\/v2\/media\/43004"}],"wp:attachment":[{"href":"https:\/\/annette-ahrens.at\/onlineshop\/wp-json\/wp\/v2\/media?parent=42970"}],"wp:term":[{"taxonomy":"product_brand","embeddable":true,"href":"https:\/\/annette-ahrens.at\/onlineshop\/wp-json\/wp\/v2\/product_brand?post=42970"},{"taxonomy":"product_cat","embeddable":true,"href":"https:\/\/annette-ahrens.at\/onlineshop\/wp-json\/wp\/v2\/product_cat?post=42970"},{"taxonomy":"product_tag","embeddable":true,"href":"https:\/\/annette-ahrens.at\/onlineshop\/wp-json\/wp\/v2\/product_tag?post=42970"}],"curies":[{"name":"wp","href":"https:\/\/api.w.org\/{rel}","templated":true}]}}