{"id":43202,"date":"2026-03-24T08:00:47","date_gmt":"2026-03-24T07:00:47","guid":{"rendered":"https:\/\/annette-ahrens.at\/onlineshop\/?post_type=product&#038;p=43202"},"modified":"2026-03-24T08:19:21","modified_gmt":"2026-03-24T07:19:21","slug":"12-versilberte-eisloeffel-baguette-fa-ercuis-frankreich-um-1920","status":"publish","type":"product","link":"https:\/\/annette-ahrens.at\/onlineshop\/produkt\/12-versilberte-eisloeffel-baguette-fa-ercuis-frankreich-um-1920\/","title":{"rendered":"12 versilberte Eisl\u00f6ffel &#8222;Baguette&#8220;, Fa. Ercuis, Frankreich, um 1920"},"content":{"rendered":"<p>12 versilberte Eisl\u00f6ffel<\/p>\n<p>Fa. Ercuis, Frankreich, um 1920<\/p>\n<p>Alpacca, stark versilbert, Facon &#8222;Eselsr\u00fccken&#8220;, gemarkt ERCUIS, tadelloser Erhaltungszustand, in originaler Kassette<\/p>\n<p>L\u00e4nge 13,4 cm<\/p>\n","protected":false},"excerpt":{"rendered":"<p>Annettes Etikette: Das Maison Ercuis wurde 1867 in dem kleinen Dorf Ercuis 50 km n\u00f6rdlich von Paris gegr\u00fcndet. 1880 wurde die erste Boutique in Paris er\u00f6ffnet. Die Marke mit dem Centauren wurde 1886 eingef\u00fchrt und firmiert bis heute. Diese Form der Eisl\u00f6ffel wird bei Christofle als Serie &#8222;Baguette&#8220; angeboten.<\/p>\n","protected":false},"featured_media":43196,"comment_status":"open","ping_status":"closed","template":"","meta":[],"product_brand":[],"product_cat":[276,256,30,239],"product_tag":[],"class_list":{"0":"post-43202","1":"product","2":"type-product","3":"status-publish","4":"has-post-thumbnail","6":"product_cat-alpacca","7":"product_cat-austerngabeln","8":"product_cat-besteck","9":"product_cat-spezialbestecke","11":"first","12":"instock","13":"sold-individually","14":"purchasable","15":"product-type-simple"},"yoast_head":"<!-- This site is optimized with the Yoast SEO Premium plugin v15.8.2 - https:\/\/yoast.com\/wordpress\/plugins\/seo\/ -->\n<title>12 versilberte Eisl\u00f6ffel &quot;Baguette&quot;, Fa. Ercuis, Frankreich, um 1920<\/title>\n<meta name=\"description\" content=\"12 versilberte Eisl\u00f6ffel &quot;Baguette&quot;, Fa. Ercuis, Frankreich, um 1920 \u2665 Antiquit\u00e4ten Online kaufen \u2713 Sichere Lieferung \u2713\" \/>\n<meta name=\"robots\" content=\"index, follow, max-snippet:-1, max-image-preview:large, max-video-preview:-1\" \/>\n<link rel=\"canonical\" href=\"https:\/\/annette-ahrens.at\/onlineshop\/produkt\/12-versilberte-eisloeffel-baguette-fa-ercuis-frankreich-um-1920\/\" \/>\n<meta property=\"og:locale\" content=\"de_DE\" \/>\n<meta property=\"og:type\" content=\"article\" \/>\n<meta property=\"og:title\" content=\"12 versilberte Eisl\u00f6ffel &quot;Baguette&quot;, Fa. Ercuis, Frankreich, um 1920\" \/>\n<meta property=\"og:description\" content=\"12 versilberte Eisl\u00f6ffel &quot;Baguette&quot;, Fa. Ercuis, Frankreich, um 1920 \u2665 Antiquit\u00e4ten Online kaufen \u2713 Sichere Lieferung \u2713\" \/>\n<meta property=\"og:url\" content=\"https:\/\/annette-ahrens.at\/onlineshop\/produkt\/12-versilberte-eisloeffel-baguette-fa-ercuis-frankreich-um-1920\/\" \/>\n<meta property=\"og:site_name\" content=\"Tafelkultur Onlineshop\" \/>\n<meta property=\"article:publisher\" content=\"https:\/\/www.facebook.com\/AnnetteAhrensTafelkultur\" \/>\n<meta property=\"article:modified_time\" content=\"2026-03-24T07:19:21+00:00\" \/>\n<meta property=\"og:image\" content=\"https:\/\/annette-ahrens.at\/onlineshop\/wp-content\/uploads\/2026\/03\/IMG_2016-scaled.jpeg\" \/>\n\t<meta property=\"og:image:width\" content=\"1536\" \/>\n\t<meta property=\"og:image:height\" content=\"2048\" \/>\n<meta name=\"twitter:card\" content=\"summary_large_image\" \/>\n<meta name=\"twitter:label1\" content=\"Gesch\u00e4tzte Lesezeit\">\n\t<meta name=\"twitter:data1\" content=\"1\u00a0Minute\">\n<script type=\"application\/ld+json\" class=\"yoast-schema-graph\">{\"@context\":\"https:\/\/schema.org\",\"@graph\":[{\"@type\":[\"Person\",\"Organization\"],\"@id\":\"https:\/\/annette-ahrens.at\/onlineshop\/#\/schema\/person\/3e19676faae246bba0cb3b7e15f427d8\",\"name\":\"Annette Ahrens\",\"image\":{\"@type\":\"ImageObject\",\"@id\":\"https:\/\/annette-ahrens.at\/onlineshop\/#personlogo\",\"inLanguage\":\"de\",\"url\":\"https:\/\/annette-ahrens.at\/onlineshop\/wp-content\/uploads\/2020\/04\/aa_logo_End.png\",\"width\":800,\"height\":164,\"caption\":\"Annette Ahrens\"},\"logo\":{\"@id\":\"https:\/\/annette-ahrens.at\/onlineshop\/#personlogo\"},\"sameAs\":[\"https:\/\/annette-ahrens.at\",\"https:\/\/www.facebook.com\/AnnetteAhrensTafelkultur\",\"https:\/\/www.instagram.com\/tafelkulturistin\/\",\"https:\/\/de.wikipedia.org\/wiki\/Annette_Ahrens\"]},{\"@type\":\"WebSite\",\"@id\":\"https:\/\/annette-ahrens.at\/onlineshop\/#website\",\"url\":\"https:\/\/annette-ahrens.at\/onlineshop\/\",\"name\":\"Tafelkultur Onlineshop\",\"description\":\"Annette Ahrens\",\"publisher\":{\"@id\":\"https:\/\/annette-ahrens.at\/onlineshop\/#\/schema\/person\/3e19676faae246bba0cb3b7e15f427d8\"},\"potentialAction\":[{\"@type\":\"SearchAction\",\"target\":\"https:\/\/annette-ahrens.at\/onlineshop\/?s={search_term_string}\",\"query-input\":\"required name=search_term_string\"}],\"inLanguage\":\"de\"},{\"@type\":\"ImageObject\",\"@id\":\"https:\/\/annette-ahrens.at\/onlineshop\/produkt\/12-versilberte-eisloeffel-baguette-fa-ercuis-frankreich-um-1920\/#primaryimage\",\"inLanguage\":\"de\",\"url\":\"https:\/\/annette-ahrens.at\/onlineshop\/wp-content\/uploads\/2026\/03\/IMG_2016-scaled.jpeg\",\"width\":1536,\"height\":2048,\"caption\":\"eisl\\u00f6ffel_ercuis\"},{\"@type\":[\"WebPage\",\"ItemPage\"],\"@id\":\"https:\/\/annette-ahrens.at\/onlineshop\/produkt\/12-versilberte-eisloeffel-baguette-fa-ercuis-frankreich-um-1920\/#webpage\",\"url\":\"https:\/\/annette-ahrens.at\/onlineshop\/produkt\/12-versilberte-eisloeffel-baguette-fa-ercuis-frankreich-um-1920\/\",\"name\":\"12 versilberte Eisl\\u00f6ffel \\\"Baguette\\\", Fa. Ercuis, Frankreich, um 1920\",\"isPartOf\":{\"@id\":\"https:\/\/annette-ahrens.at\/onlineshop\/#website\"},\"primaryImageOfPage\":{\"@id\":\"https:\/\/annette-ahrens.at\/onlineshop\/produkt\/12-versilberte-eisloeffel-baguette-fa-ercuis-frankreich-um-1920\/#primaryimage\"},\"datePublished\":\"2026-03-24T07:00:47+00:00\",\"dateModified\":\"2026-03-24T07:19:21+00:00\",\"description\":\"12 versilberte Eisl\\u00f6ffel \\\"Baguette\\\", Fa. Ercuis, Frankreich, um 1920 \\u2665 Antiquit\\u00e4ten Online kaufen \\u2713 Sichere Lieferung \\u2713\",\"breadcrumb\":{\"@id\":\"https:\/\/annette-ahrens.at\/onlineshop\/produkt\/12-versilberte-eisloeffel-baguette-fa-ercuis-frankreich-um-1920\/#breadcrumb\"},\"inLanguage\":\"de\",\"potentialAction\":[{\"@type\":\"ReadAction\",\"target\":[\"https:\/\/annette-ahrens.at\/onlineshop\/produkt\/12-versilberte-eisloeffel-baguette-fa-ercuis-frankreich-um-1920\/\"]}]},{\"@type\":\"BreadcrumbList\",\"@id\":\"https:\/\/annette-ahrens.at\/onlineshop\/produkt\/12-versilberte-eisloeffel-baguette-fa-ercuis-frankreich-um-1920\/#breadcrumb\",\"itemListElement\":[{\"@type\":\"ListItem\",\"position\":1,\"item\":{\"@type\":\"WebPage\",\"@id\":\"https:\/\/annette-ahrens.at\/onlineshop\/\",\"url\":\"https:\/\/annette-ahrens.at\/onlineshop\/\",\"name\":\"Home\"}},{\"@type\":\"ListItem\",\"position\":2,\"item\":{\"@type\":\"WebPage\",\"@id\":\"https:\/\/annette-ahrens.at\/onlineshop\/alle-tafelkultur-objekte\/\",\"url\":\"https:\/\/annette-ahrens.at\/onlineshop\/alle-tafelkultur-objekte\/\",\"name\":\"Alle Tafelkultur Objekte\"}},{\"@type\":\"ListItem\",\"position\":3,\"item\":{\"@type\":\"WebPage\",\"@id\":\"https:\/\/annette-ahrens.at\/onlineshop\/produkt\/12-versilberte-eisloeffel-baguette-fa-ercuis-frankreich-um-1920\/\",\"url\":\"https:\/\/annette-ahrens.at\/onlineshop\/produkt\/12-versilberte-eisloeffel-baguette-fa-ercuis-frankreich-um-1920\/\",\"name\":\"12 versilberte Eisl\\u00f6ffel &#8222;Baguette&#8220;, Fa. Ercuis, Frankreich, um 1920\"}}]}]}<\/script>\n<!-- \/ Yoast SEO Premium plugin. -->","_links":{"self":[{"href":"https:\/\/annette-ahrens.at\/onlineshop\/wp-json\/wp\/v2\/product\/43202","targetHints":{"allow":["GET"]}}],"collection":[{"href":"https:\/\/annette-ahrens.at\/onlineshop\/wp-json\/wp\/v2\/product"}],"about":[{"href":"https:\/\/annette-ahrens.at\/onlineshop\/wp-json\/wp\/v2\/types\/product"}],"replies":[{"embeddable":true,"href":"https:\/\/annette-ahrens.at\/onlineshop\/wp-json\/wp\/v2\/comments?post=43202"}],"wp:featuredmedia":[{"embeddable":true,"href":"https:\/\/annette-ahrens.at\/onlineshop\/wp-json\/wp\/v2\/media\/43196"}],"wp:attachment":[{"href":"https:\/\/annette-ahrens.at\/onlineshop\/wp-json\/wp\/v2\/media?parent=43202"}],"wp:term":[{"taxonomy":"product_brand","embeddable":true,"href":"https:\/\/annette-ahrens.at\/onlineshop\/wp-json\/wp\/v2\/product_brand?post=43202"},{"taxonomy":"product_cat","embeddable":true,"href":"https:\/\/annette-ahrens.at\/onlineshop\/wp-json\/wp\/v2\/product_cat?post=43202"},{"taxonomy":"product_tag","embeddable":true,"href":"https:\/\/annette-ahrens.at\/onlineshop\/wp-json\/wp\/v2\/product_tag?post=43202"}],"curies":[{"name":"wp","href":"https:\/\/api.w.org\/{rel}","templated":true}]}}