{"id":43239,"date":"2026-03-31T06:20:52","date_gmt":"2026-03-31T04:20:52","guid":{"rendered":"https:\/\/annette-ahrens.at\/onlineshop\/?post_type=product&#038;p=43239"},"modified":"2026-03-24T08:34:08","modified_gmt":"2026-03-24T07:34:08","slug":"grosse-vorlegeplatte-dallwitz-boehmen-um-1830","status":"publish","type":"product","link":"https:\/\/annette-ahrens.at\/onlineshop\/produkt\/grosse-vorlegeplatte-dallwitz-boehmen-um-1830\/","title":{"rendered":"Gro\u00dfe Vorlegeplatte, Dallwitz, B\u00f6hmen, um 1830"},"content":{"rendered":"<p class=\"product_title entry-title\">Gro\u00dfe Vorlegeplatte<\/p>\n<p>Dallwitz, B\u00f6hmen, um 1830<\/p>\n<p>Steingut, runder Teller, Fahnen-Dekor mit Glockenblumen, am Boden gemarkt mit eingepresster Wortmarke &#8222;DALWITZ&#8220; f\u00fcr die Manufaktur Dallwitz (verwendet in den Jahren 1820 &#8211; 1840), tadelloser Erhaltungszustand mit minimalen, altersbedingten Glasurverf\u00e4rbungen<\/p>\n<p>Dm 32 cm<\/p>\n<p>Literatur: Hans Meyer, B\u00f6hmisches Porzellan und Steingut, Leipzig 1927, Seite 264<\/p>\n<p>&nbsp;<\/p>\n<p>&nbsp;<\/p>\n","protected":false},"excerpt":{"rendered":"<p>Annettes Etikette: Die Steingut-Manufaktur in Dallwitz wurde 1805 in dem westb\u00f6hmischen Ort bei Karlsbad gegr\u00fcndet. Die in der Umgebung gefundenen Feldspat-Vorkommen waren hierf\u00fcr von Vorteil. Sicherlich war die Wiener Porzellanmanufaktur f\u00fcr die in B\u00f6hmen gegen Ende des 18. Jahrhunderts gegr\u00fcndeten Fabriken tonangebend.<\/p>\n","protected":false},"featured_media":43241,"comment_status":"open","ping_status":"closed","template":"","meta":[],"product_brand":[],"product_cat":[130,299,32,167,203,19,300,274],"product_tag":[],"class_list":{"0":"post-43239","1":"product","2":"type-product","3":"status-publish","4":"has-post-thumbnail","6":"product_cat-abendessen","7":"product_cat-cocktailparty","8":"product_cat-festefeiern","9":"product_cat-fisch","10":"product_cat-fisch-speisen","11":"product_cat-gabelfruehstueck","12":"product_cat-gartenfest","13":"product_cat-porzellan-fachbuecher","15":"first","16":"instock","17":"sold-individually","18":"purchasable","19":"product-type-simple"},"yoast_head":"<!-- This site is optimized with the Yoast SEO Premium plugin v15.8.2 - https:\/\/yoast.com\/wordpress\/plugins\/seo\/ -->\n<title>Gro\u00dfe Vorlegeplatte, Dallwitz, B\u00f6hmen, um 1830<\/title>\n<meta name=\"description\" content=\"Gro\u00dfe Vorlegeplatte, Dallwitz, B\u00f6hmen, um 1830 \u2665 Antiquit\u00e4ten Online kaufen \u2713 Sichere Lieferung \u2713\" \/>\n<meta name=\"robots\" content=\"index, follow, max-snippet:-1, max-image-preview:large, max-video-preview:-1\" \/>\n<link rel=\"canonical\" href=\"https:\/\/annette-ahrens.at\/onlineshop\/produkt\/grosse-vorlegeplatte-dallwitz-boehmen-um-1830\/\" \/>\n<meta property=\"og:locale\" content=\"de_DE\" \/>\n<meta property=\"og:type\" content=\"article\" \/>\n<meta property=\"og:title\" content=\"Gro\u00dfe Vorlegeplatte, Dallwitz, B\u00f6hmen, um 1830\" \/>\n<meta property=\"og:description\" content=\"Gro\u00dfe Vorlegeplatte, Dallwitz, B\u00f6hmen, um 1830 \u2665 Antiquit\u00e4ten Online kaufen \u2713 Sichere Lieferung \u2713\" \/>\n<meta property=\"og:url\" content=\"https:\/\/annette-ahrens.at\/onlineshop\/produkt\/grosse-vorlegeplatte-dallwitz-boehmen-um-1830\/\" \/>\n<meta property=\"og:site_name\" content=\"Tafelkultur Onlineshop\" \/>\n<meta property=\"article:publisher\" content=\"https:\/\/www.facebook.com\/AnnetteAhrensTafelkultur\" \/>\n<meta property=\"article:modified_time\" content=\"2026-03-24T07:34:08+00:00\" \/>\n<meta property=\"og:image\" content=\"https:\/\/annette-ahrens.at\/onlineshop\/wp-content\/uploads\/2026\/03\/IMG_2040-scaled.jpeg\" \/>\n\t<meta property=\"og:image:width\" content=\"1536\" \/>\n\t<meta property=\"og:image:height\" content=\"2048\" \/>\n<meta name=\"twitter:card\" content=\"summary_large_image\" \/>\n<meta name=\"twitter:label1\" content=\"Gesch\u00e4tzte Lesezeit\">\n\t<meta name=\"twitter:data1\" content=\"1\u00a0Minute\">\n<script type=\"application\/ld+json\" class=\"yoast-schema-graph\">{\"@context\":\"https:\/\/schema.org\",\"@graph\":[{\"@type\":[\"Person\",\"Organization\"],\"@id\":\"https:\/\/annette-ahrens.at\/onlineshop\/#\/schema\/person\/3e19676faae246bba0cb3b7e15f427d8\",\"name\":\"Annette Ahrens\",\"image\":{\"@type\":\"ImageObject\",\"@id\":\"https:\/\/annette-ahrens.at\/onlineshop\/#personlogo\",\"inLanguage\":\"de\",\"url\":\"https:\/\/annette-ahrens.at\/onlineshop\/wp-content\/uploads\/2020\/04\/aa_logo_End.png\",\"width\":800,\"height\":164,\"caption\":\"Annette Ahrens\"},\"logo\":{\"@id\":\"https:\/\/annette-ahrens.at\/onlineshop\/#personlogo\"},\"sameAs\":[\"https:\/\/annette-ahrens.at\",\"https:\/\/www.facebook.com\/AnnetteAhrensTafelkultur\",\"https:\/\/www.instagram.com\/tafelkulturistin\/\",\"https:\/\/de.wikipedia.org\/wiki\/Annette_Ahrens\"]},{\"@type\":\"WebSite\",\"@id\":\"https:\/\/annette-ahrens.at\/onlineshop\/#website\",\"url\":\"https:\/\/annette-ahrens.at\/onlineshop\/\",\"name\":\"Tafelkultur Onlineshop\",\"description\":\"Annette Ahrens\",\"publisher\":{\"@id\":\"https:\/\/annette-ahrens.at\/onlineshop\/#\/schema\/person\/3e19676faae246bba0cb3b7e15f427d8\"},\"potentialAction\":[{\"@type\":\"SearchAction\",\"target\":\"https:\/\/annette-ahrens.at\/onlineshop\/?s={search_term_string}\",\"query-input\":\"required name=search_term_string\"}],\"inLanguage\":\"de\"},{\"@type\":\"ImageObject\",\"@id\":\"https:\/\/annette-ahrens.at\/onlineshop\/produkt\/grosse-vorlegeplatte-dallwitz-boehmen-um-1830\/#primaryimage\",\"inLanguage\":\"de\",\"url\":\"https:\/\/annette-ahrens.at\/onlineshop\/wp-content\/uploads\/2026\/03\/IMG_2040-scaled.jpeg\",\"width\":1536,\"height\":2048,\"caption\":\"platte_dallwitz\"},{\"@type\":[\"WebPage\",\"ItemPage\"],\"@id\":\"https:\/\/annette-ahrens.at\/onlineshop\/produkt\/grosse-vorlegeplatte-dallwitz-boehmen-um-1830\/#webpage\",\"url\":\"https:\/\/annette-ahrens.at\/onlineshop\/produkt\/grosse-vorlegeplatte-dallwitz-boehmen-um-1830\/\",\"name\":\"Gro\\u00dfe Vorlegeplatte, Dallwitz, B\\u00f6hmen, um 1830\",\"isPartOf\":{\"@id\":\"https:\/\/annette-ahrens.at\/onlineshop\/#website\"},\"primaryImageOfPage\":{\"@id\":\"https:\/\/annette-ahrens.at\/onlineshop\/produkt\/grosse-vorlegeplatte-dallwitz-boehmen-um-1830\/#primaryimage\"},\"datePublished\":\"2026-03-31T04:20:52+00:00\",\"dateModified\":\"2026-03-24T07:34:08+00:00\",\"description\":\"Gro\\u00dfe Vorlegeplatte, Dallwitz, B\\u00f6hmen, um 1830 \\u2665 Antiquit\\u00e4ten Online kaufen \\u2713 Sichere Lieferung \\u2713\",\"breadcrumb\":{\"@id\":\"https:\/\/annette-ahrens.at\/onlineshop\/produkt\/grosse-vorlegeplatte-dallwitz-boehmen-um-1830\/#breadcrumb\"},\"inLanguage\":\"de\",\"potentialAction\":[{\"@type\":\"ReadAction\",\"target\":[\"https:\/\/annette-ahrens.at\/onlineshop\/produkt\/grosse-vorlegeplatte-dallwitz-boehmen-um-1830\/\"]}]},{\"@type\":\"BreadcrumbList\",\"@id\":\"https:\/\/annette-ahrens.at\/onlineshop\/produkt\/grosse-vorlegeplatte-dallwitz-boehmen-um-1830\/#breadcrumb\",\"itemListElement\":[{\"@type\":\"ListItem\",\"position\":1,\"item\":{\"@type\":\"WebPage\",\"@id\":\"https:\/\/annette-ahrens.at\/onlineshop\/\",\"url\":\"https:\/\/annette-ahrens.at\/onlineshop\/\",\"name\":\"Home\"}},{\"@type\":\"ListItem\",\"position\":2,\"item\":{\"@type\":\"WebPage\",\"@id\":\"https:\/\/annette-ahrens.at\/onlineshop\/alle-tafelkultur-objekte\/\",\"url\":\"https:\/\/annette-ahrens.at\/onlineshop\/alle-tafelkultur-objekte\/\",\"name\":\"Alle Tafelkultur Objekte\"}},{\"@type\":\"ListItem\",\"position\":3,\"item\":{\"@type\":\"WebPage\",\"@id\":\"https:\/\/annette-ahrens.at\/onlineshop\/produkt\/grosse-vorlegeplatte-dallwitz-boehmen-um-1830\/\",\"url\":\"https:\/\/annette-ahrens.at\/onlineshop\/produkt\/grosse-vorlegeplatte-dallwitz-boehmen-um-1830\/\",\"name\":\"Gro\\u00dfe Vorlegeplatte, Dallwitz, B\\u00f6hmen, um 1830\"}}]}]}<\/script>\n<!-- \/ Yoast SEO Premium plugin. -->","_links":{"self":[{"href":"https:\/\/annette-ahrens.at\/onlineshop\/wp-json\/wp\/v2\/product\/43239","targetHints":{"allow":["GET"]}}],"collection":[{"href":"https:\/\/annette-ahrens.at\/onlineshop\/wp-json\/wp\/v2\/product"}],"about":[{"href":"https:\/\/annette-ahrens.at\/onlineshop\/wp-json\/wp\/v2\/types\/product"}],"replies":[{"embeddable":true,"href":"https:\/\/annette-ahrens.at\/onlineshop\/wp-json\/wp\/v2\/comments?post=43239"}],"wp:featuredmedia":[{"embeddable":true,"href":"https:\/\/annette-ahrens.at\/onlineshop\/wp-json\/wp\/v2\/media\/43241"}],"wp:attachment":[{"href":"https:\/\/annette-ahrens.at\/onlineshop\/wp-json\/wp\/v2\/media?parent=43239"}],"wp:term":[{"taxonomy":"product_brand","embeddable":true,"href":"https:\/\/annette-ahrens.at\/onlineshop\/wp-json\/wp\/v2\/product_brand?post=43239"},{"taxonomy":"product_cat","embeddable":true,"href":"https:\/\/annette-ahrens.at\/onlineshop\/wp-json\/wp\/v2\/product_cat?post=43239"},{"taxonomy":"product_tag","embeddable":true,"href":"https:\/\/annette-ahrens.at\/onlineshop\/wp-json\/wp\/v2\/product_tag?post=43239"}],"curies":[{"name":"wp","href":"https:\/\/api.w.org\/{rel}","templated":true}]}}