{"id":43278,"date":"2026-03-30T05:59:21","date_gmt":"2026-03-30T03:59:21","guid":{"rendered":"https:\/\/annette-ahrens.at\/onlineshop\/?post_type=product&#038;p=43278"},"modified":"2026-03-20T21:02:51","modified_gmt":"2026-03-20T20:02:51","slug":"versilberter-historismus-zuckerstreuloeffel-frankreich-um-1880-3","status":"publish","type":"product","link":"https:\/\/annette-ahrens.at\/onlineshop\/produkt\/versilberter-historismus-zuckerstreuloeffel-frankreich-um-1880-3\/","title":{"rendered":"Versilberter Historismus Zuckerstreul\u00f6ffel, Frankreich, um 1880"},"content":{"rendered":"<p>Versilberter Historismus Zuckerstreul\u00f6ffel<\/p>\n<p>Frankreich, um 1880<\/p>\n<p>Alpacca, stark versilbert; vergoldet, runde Laffe mit Perforierung, Innenvergoldung (teilweise berieben), L\u00f6ffelstiel mit Rocaillenmotiv, gemarkt mit franz\u00f6sischer Herstellermarke, handpolierter Erhaltungszustand<\/p>\n<p>L 20,3 cm<\/p>\n","protected":false},"excerpt":{"rendered":"<p>Annettes Etikette: Dieser h\u00fcbsche &#8222;Sch\u00f6pfer&#8220; ist kein Siebl\u00f6ffel sondern ein &#8222;Zuckerstreul\u00f6ffel&#8220;. Der feine Staubzucker konnte so bei Tisch \u00fcber das Dessert gestreut werden. Mehr als stilvoll und ein wunderbares Zeugnis historischer Tafelkultur. Schon Kaiserin Elisabeth hatte ihren eigenen Zuckerstreul\u00f6ffel der Firma Berndorf.<\/p>\n","protected":false},"featured_media":43279,"comment_status":"open","ping_status":"closed","template":"","meta":[],"product_brand":[],"product_cat":[25,276,30,192,294,291,236,24,239,53,308,26,44,157],"product_tag":[],"class_list":{"0":"post-43278","1":"product","2":"type-product","3":"status-publish","4":"has-post-thumbnail","6":"product_cat-5o-clock-tea","7":"product_cat-alpacca","8":"product_cat-besteck","9":"product_cat-dessert","10":"product_cat-geburtstag","11":"product_cat-hochzeit","12":"product_cat-loeffel","13":"product_cat-patisserie","14":"product_cat-spezialbestecke","15":"product_cat-weihnachten","16":"product_cat-weihnachtsgebaeck","17":"product_cat-wiener-melange","18":"product_cat-zucker","19":"product_cat-zucker-fruehstueck","21":"first","22":"instock","23":"sold-individually","24":"purchasable","25":"product-type-simple"},"yoast_head":"<!-- This site is optimized with the Yoast SEO Premium plugin v15.8.2 - https:\/\/yoast.com\/wordpress\/plugins\/seo\/ -->\n<title>Versilberter Historismus Zuckerstreul\u00f6ffel, Frankreich, um 1880<\/title>\n<meta name=\"description\" content=\"Versilberter Historismus Zuckerstreul\u00f6ffel, Frankreich, um 1880 \u2665 Antiquit\u00e4ten Online kaufen \u2713 Sichere Lieferung \u2713\" \/>\n<meta name=\"robots\" content=\"index, follow, max-snippet:-1, max-image-preview:large, max-video-preview:-1\" \/>\n<link rel=\"canonical\" href=\"https:\/\/annette-ahrens.at\/onlineshop\/produkt\/versilberter-historismus-zuckerstreuloeffel-frankreich-um-1880-3\/\" \/>\n<meta property=\"og:locale\" content=\"de_DE\" \/>\n<meta property=\"og:type\" content=\"article\" \/>\n<meta property=\"og:title\" content=\"Versilberter Historismus Zuckerstreul\u00f6ffel, Frankreich, um 1880\" \/>\n<meta property=\"og:description\" content=\"Versilberter Historismus Zuckerstreul\u00f6ffel, Frankreich, um 1880 \u2665 Antiquit\u00e4ten Online kaufen \u2713 Sichere Lieferung \u2713\" \/>\n<meta property=\"og:url\" content=\"https:\/\/annette-ahrens.at\/onlineshop\/produkt\/versilberter-historismus-zuckerstreuloeffel-frankreich-um-1880-3\/\" \/>\n<meta property=\"og:site_name\" content=\"Tafelkultur Onlineshop\" \/>\n<meta property=\"article:publisher\" content=\"https:\/\/www.facebook.com\/AnnetteAhrensTafelkultur\" \/>\n<meta property=\"article:modified_time\" content=\"2026-03-20T20:02:51+00:00\" \/>\n<meta property=\"og:image\" content=\"https:\/\/annette-ahrens.at\/onlineshop\/wp-content\/uploads\/2026\/03\/IMG_1974-1-scaled.jpeg\" \/>\n\t<meta property=\"og:image:width\" content=\"1536\" \/>\n\t<meta property=\"og:image:height\" content=\"2048\" \/>\n<meta name=\"twitter:card\" content=\"summary_large_image\" \/>\n<meta name=\"twitter:label1\" content=\"Gesch\u00e4tzte Lesezeit\">\n\t<meta name=\"twitter:data1\" content=\"1\u00a0Minute\">\n<script type=\"application\/ld+json\" class=\"yoast-schema-graph\">{\"@context\":\"https:\/\/schema.org\",\"@graph\":[{\"@type\":[\"Person\",\"Organization\"],\"@id\":\"https:\/\/annette-ahrens.at\/onlineshop\/#\/schema\/person\/3e19676faae246bba0cb3b7e15f427d8\",\"name\":\"Annette Ahrens\",\"image\":{\"@type\":\"ImageObject\",\"@id\":\"https:\/\/annette-ahrens.at\/onlineshop\/#personlogo\",\"inLanguage\":\"de\",\"url\":\"https:\/\/annette-ahrens.at\/onlineshop\/wp-content\/uploads\/2020\/04\/aa_logo_End.png\",\"width\":800,\"height\":164,\"caption\":\"Annette Ahrens\"},\"logo\":{\"@id\":\"https:\/\/annette-ahrens.at\/onlineshop\/#personlogo\"},\"sameAs\":[\"https:\/\/annette-ahrens.at\",\"https:\/\/www.facebook.com\/AnnetteAhrensTafelkultur\",\"https:\/\/www.instagram.com\/tafelkulturistin\/\",\"https:\/\/de.wikipedia.org\/wiki\/Annette_Ahrens\"]},{\"@type\":\"WebSite\",\"@id\":\"https:\/\/annette-ahrens.at\/onlineshop\/#website\",\"url\":\"https:\/\/annette-ahrens.at\/onlineshop\/\",\"name\":\"Tafelkultur Onlineshop\",\"description\":\"Annette Ahrens\",\"publisher\":{\"@id\":\"https:\/\/annette-ahrens.at\/onlineshop\/#\/schema\/person\/3e19676faae246bba0cb3b7e15f427d8\"},\"potentialAction\":[{\"@type\":\"SearchAction\",\"target\":\"https:\/\/annette-ahrens.at\/onlineshop\/?s={search_term_string}\",\"query-input\":\"required name=search_term_string\"}],\"inLanguage\":\"de\"},{\"@type\":\"ImageObject\",\"@id\":\"https:\/\/annette-ahrens.at\/onlineshop\/produkt\/versilberter-historismus-zuckerstreuloeffel-frankreich-um-1880-3\/#primaryimage\",\"inLanguage\":\"de\",\"url\":\"https:\/\/annette-ahrens.at\/onlineshop\/wp-content\/uploads\/2026\/03\/IMG_1974-1-scaled.jpeg\",\"width\":1536,\"height\":2048,\"caption\":\"zuckerstreul\\u00f6ffel_frankreich\"},{\"@type\":[\"WebPage\",\"ItemPage\"],\"@id\":\"https:\/\/annette-ahrens.at\/onlineshop\/produkt\/versilberter-historismus-zuckerstreuloeffel-frankreich-um-1880-3\/#webpage\",\"url\":\"https:\/\/annette-ahrens.at\/onlineshop\/produkt\/versilberter-historismus-zuckerstreuloeffel-frankreich-um-1880-3\/\",\"name\":\"Versilberter Historismus Zuckerstreul\\u00f6ffel, Frankreich, um 1880\",\"isPartOf\":{\"@id\":\"https:\/\/annette-ahrens.at\/onlineshop\/#website\"},\"primaryImageOfPage\":{\"@id\":\"https:\/\/annette-ahrens.at\/onlineshop\/produkt\/versilberter-historismus-zuckerstreuloeffel-frankreich-um-1880-3\/#primaryimage\"},\"datePublished\":\"2026-03-30T03:59:21+00:00\",\"dateModified\":\"2026-03-20T20:02:51+00:00\",\"description\":\"Versilberter Historismus Zuckerstreul\\u00f6ffel, Frankreich, um 1880 \\u2665 Antiquit\\u00e4ten Online kaufen \\u2713 Sichere Lieferung \\u2713\",\"breadcrumb\":{\"@id\":\"https:\/\/annette-ahrens.at\/onlineshop\/produkt\/versilberter-historismus-zuckerstreuloeffel-frankreich-um-1880-3\/#breadcrumb\"},\"inLanguage\":\"de\",\"potentialAction\":[{\"@type\":\"ReadAction\",\"target\":[\"https:\/\/annette-ahrens.at\/onlineshop\/produkt\/versilberter-historismus-zuckerstreuloeffel-frankreich-um-1880-3\/\"]}]},{\"@type\":\"BreadcrumbList\",\"@id\":\"https:\/\/annette-ahrens.at\/onlineshop\/produkt\/versilberter-historismus-zuckerstreuloeffel-frankreich-um-1880-3\/#breadcrumb\",\"itemListElement\":[{\"@type\":\"ListItem\",\"position\":1,\"item\":{\"@type\":\"WebPage\",\"@id\":\"https:\/\/annette-ahrens.at\/onlineshop\/\",\"url\":\"https:\/\/annette-ahrens.at\/onlineshop\/\",\"name\":\"Home\"}},{\"@type\":\"ListItem\",\"position\":2,\"item\":{\"@type\":\"WebPage\",\"@id\":\"https:\/\/annette-ahrens.at\/onlineshop\/alle-tafelkultur-objekte\/\",\"url\":\"https:\/\/annette-ahrens.at\/onlineshop\/alle-tafelkultur-objekte\/\",\"name\":\"Alle Tafelkultur Objekte\"}},{\"@type\":\"ListItem\",\"position\":3,\"item\":{\"@type\":\"WebPage\",\"@id\":\"https:\/\/annette-ahrens.at\/onlineshop\/produkt\/versilberter-historismus-zuckerstreuloeffel-frankreich-um-1880-3\/\",\"url\":\"https:\/\/annette-ahrens.at\/onlineshop\/produkt\/versilberter-historismus-zuckerstreuloeffel-frankreich-um-1880-3\/\",\"name\":\"Versilberter Historismus Zuckerstreul\\u00f6ffel, Frankreich, um 1880\"}}]}]}<\/script>\n<!-- \/ Yoast SEO Premium plugin. -->","_links":{"self":[{"href":"https:\/\/annette-ahrens.at\/onlineshop\/wp-json\/wp\/v2\/product\/43278","targetHints":{"allow":["GET"]}}],"collection":[{"href":"https:\/\/annette-ahrens.at\/onlineshop\/wp-json\/wp\/v2\/product"}],"about":[{"href":"https:\/\/annette-ahrens.at\/onlineshop\/wp-json\/wp\/v2\/types\/product"}],"replies":[{"embeddable":true,"href":"https:\/\/annette-ahrens.at\/onlineshop\/wp-json\/wp\/v2\/comments?post=43278"}],"wp:featuredmedia":[{"embeddable":true,"href":"https:\/\/annette-ahrens.at\/onlineshop\/wp-json\/wp\/v2\/media\/43279"}],"wp:attachment":[{"href":"https:\/\/annette-ahrens.at\/onlineshop\/wp-json\/wp\/v2\/media?parent=43278"}],"wp:term":[{"taxonomy":"product_brand","embeddable":true,"href":"https:\/\/annette-ahrens.at\/onlineshop\/wp-json\/wp\/v2\/product_brand?post=43278"},{"taxonomy":"product_cat","embeddable":true,"href":"https:\/\/annette-ahrens.at\/onlineshop\/wp-json\/wp\/v2\/product_cat?post=43278"},{"taxonomy":"product_tag","embeddable":true,"href":"https:\/\/annette-ahrens.at\/onlineshop\/wp-json\/wp\/v2\/product_tag?post=43278"}],"curies":[{"name":"wp","href":"https:\/\/api.w.org\/{rel}","templated":true}]}}