{"id":43307,"date":"2026-03-21T21:05:29","date_gmt":"2026-03-21T20:05:29","guid":{"rendered":"https:\/\/annette-ahrens.at\/onlineshop\/?post_type=product&#038;p=43307"},"modified":"2026-04-11T17:10:18","modified_gmt":"2026-04-11T15:10:18","slug":"huiliere-mit-zwei-glaskaraffen-und-senffass-fa-berndorf-um-1900","status":"publish","type":"product","link":"https:\/\/annette-ahrens.at\/onlineshop\/produkt\/huiliere-mit-zwei-glaskaraffen-und-senffass-fa-berndorf-um-1900\/","title":{"rendered":"Huili\u00e8re mit zwei Glaskaraffen und Senffass, Fa. Berndorf, um 1900"},"content":{"rendered":"<p>Huili\u00e8re mit zwei Glaskaraffen und Senffass<\/p>\n<p>Firma Berndorf, \u00d6sterreich-Ungarische Monarchie, um 1900<\/p>\n<p>Alpacca, versilbert, originale, geschliffene Glaskaraffen aus Kristallglas, bestehend aus 2 Karaffen mit 2 Stoppl f\u00fcr Essig und \u00d6l, rundes Senffass mit korrespondierendem Schliffdekor und Deckel, Halterung am Fu\u00df gemarkt quadratische B\u00e4renmarke, Stoppln variieren etwas in ihrer H\u00f6he, sind aber zugeh\u00f6rig und formident, tadelloser Erhaltungszustand<\/p>\n<p>H 19 cm<\/p>\n<p>siehe Verkaufskatalog der Fa. Berndorf, 1911, Modellnummer 16524 (dreiteilig), Nachweisbar von 1893 \u2013 1911<\/p>\n","protected":false},"excerpt":{"rendered":"<p>Annettes Etikette: Der franz\u00f6sische Ausdruck &#8222;Huili\u00e8re&#8220; beinhaltet schon das Wort &#8222;\u00d6l&#8220;, diese Gew\u00fcrzmenagerien, quasi Klein-Versammlugen von Karaffen und Gew\u00fcrzen bei Tisch waren beliebte und aufwendig gestaltete Begleiter des guten Speisens. Hier haben mich vor allem die beiden erhaltenen Karaffen und das Senffass mit Sch\u00e4lschliff fasziniert.<\/p>\n","protected":false},"featured_media":43308,"comment_status":"open","ping_status":"closed","template":"","meta":[],"product_brand":[],"product_cat":[276,41,313,42,22,131],"product_tag":[],"class_list":{"0":"post-43307","1":"product","2":"type-product","3":"status-publish","4":"has-post-thumbnail","6":"product_cat-alpacca","7":"product_cat-essig","8":"product_cat-menagerie","9":"product_cat-oel","10":"product_cat-suess-sauer","11":"product_cat-tafeldekorationen","13":"first","14":"instock","15":"sold-individually","16":"purchasable","17":"product-type-simple"},"yoast_head":"<!-- This site is optimized with the Yoast SEO Premium plugin v15.8.2 - https:\/\/yoast.com\/wordpress\/plugins\/seo\/ -->\n<title>Huili\u00e8re mit zwei Glaskaraffen und Senffass, Fa. Berndorf, um 1900<\/title>\n<meta name=\"description\" content=\"Huili\u00e8re mit zwei Glaskaraffen und Senffass, Fa. Berndorf, um 1900 \u2665 Antiquit\u00e4ten Online kaufen \u2713 Sichere Lieferung \u2713\" \/>\n<meta name=\"robots\" content=\"index, follow, max-snippet:-1, max-image-preview:large, max-video-preview:-1\" \/>\n<link rel=\"canonical\" href=\"https:\/\/annette-ahrens.at\/onlineshop\/produkt\/huiliere-mit-zwei-glaskaraffen-und-senffass-fa-berndorf-um-1900\/\" \/>\n<meta property=\"og:locale\" content=\"de_DE\" \/>\n<meta property=\"og:type\" content=\"article\" \/>\n<meta property=\"og:title\" content=\"Huili\u00e8re mit zwei Glaskaraffen und Senffass, Fa. Berndorf, um 1900\" \/>\n<meta property=\"og:description\" content=\"Huili\u00e8re mit zwei Glaskaraffen und Senffass, Fa. Berndorf, um 1900 \u2665 Antiquit\u00e4ten Online kaufen \u2713 Sichere Lieferung \u2713\" \/>\n<meta property=\"og:url\" content=\"https:\/\/annette-ahrens.at\/onlineshop\/produkt\/huiliere-mit-zwei-glaskaraffen-und-senffass-fa-berndorf-um-1900\/\" \/>\n<meta property=\"og:site_name\" content=\"Tafelkultur Onlineshop\" \/>\n<meta property=\"article:publisher\" content=\"https:\/\/www.facebook.com\/AnnetteAhrensTafelkultur\" \/>\n<meta property=\"article:modified_time\" content=\"2026-04-11T15:10:18+00:00\" \/>\n<meta property=\"og:image\" content=\"https:\/\/annette-ahrens.at\/onlineshop\/wp-content\/uploads\/2026\/03\/IMG_2056-scaled.jpeg\" \/>\n\t<meta property=\"og:image:width\" content=\"1576\" \/>\n\t<meta property=\"og:image:height\" content=\"2048\" \/>\n<meta name=\"twitter:card\" content=\"summary_large_image\" \/>\n<meta name=\"twitter:label1\" content=\"Gesch\u00e4tzte Lesezeit\">\n\t<meta name=\"twitter:data1\" content=\"1\u00a0Minute\">\n<script type=\"application\/ld+json\" class=\"yoast-schema-graph\">{\"@context\":\"https:\/\/schema.org\",\"@graph\":[{\"@type\":[\"Person\",\"Organization\"],\"@id\":\"https:\/\/annette-ahrens.at\/onlineshop\/#\/schema\/person\/3e19676faae246bba0cb3b7e15f427d8\",\"name\":\"Annette Ahrens\",\"image\":{\"@type\":\"ImageObject\",\"@id\":\"https:\/\/annette-ahrens.at\/onlineshop\/#personlogo\",\"inLanguage\":\"de\",\"url\":\"https:\/\/annette-ahrens.at\/onlineshop\/wp-content\/uploads\/2020\/04\/aa_logo_End.png\",\"width\":800,\"height\":164,\"caption\":\"Annette Ahrens\"},\"logo\":{\"@id\":\"https:\/\/annette-ahrens.at\/onlineshop\/#personlogo\"},\"sameAs\":[\"https:\/\/annette-ahrens.at\",\"https:\/\/www.facebook.com\/AnnetteAhrensTafelkultur\",\"https:\/\/www.instagram.com\/tafelkulturistin\/\",\"https:\/\/de.wikipedia.org\/wiki\/Annette_Ahrens\"]},{\"@type\":\"WebSite\",\"@id\":\"https:\/\/annette-ahrens.at\/onlineshop\/#website\",\"url\":\"https:\/\/annette-ahrens.at\/onlineshop\/\",\"name\":\"Tafelkultur Onlineshop\",\"description\":\"Annette Ahrens\",\"publisher\":{\"@id\":\"https:\/\/annette-ahrens.at\/onlineshop\/#\/schema\/person\/3e19676faae246bba0cb3b7e15f427d8\"},\"potentialAction\":[{\"@type\":\"SearchAction\",\"target\":\"https:\/\/annette-ahrens.at\/onlineshop\/?s={search_term_string}\",\"query-input\":\"required name=search_term_string\"}],\"inLanguage\":\"de\"},{\"@type\":\"ImageObject\",\"@id\":\"https:\/\/annette-ahrens.at\/onlineshop\/produkt\/huiliere-mit-zwei-glaskaraffen-und-senffass-fa-berndorf-um-1900\/#primaryimage\",\"inLanguage\":\"de\",\"url\":\"https:\/\/annette-ahrens.at\/onlineshop\/wp-content\/uploads\/2026\/03\/IMG_2056-scaled.jpeg\",\"width\":1576,\"height\":2048,\"caption\":\"berndorf_essig_\\u00f6l\"},{\"@type\":[\"WebPage\",\"ItemPage\"],\"@id\":\"https:\/\/annette-ahrens.at\/onlineshop\/produkt\/huiliere-mit-zwei-glaskaraffen-und-senffass-fa-berndorf-um-1900\/#webpage\",\"url\":\"https:\/\/annette-ahrens.at\/onlineshop\/produkt\/huiliere-mit-zwei-glaskaraffen-und-senffass-fa-berndorf-um-1900\/\",\"name\":\"Huili\\u00e8re mit zwei Glaskaraffen und Senffass, Fa. Berndorf, um 1900\",\"isPartOf\":{\"@id\":\"https:\/\/annette-ahrens.at\/onlineshop\/#website\"},\"primaryImageOfPage\":{\"@id\":\"https:\/\/annette-ahrens.at\/onlineshop\/produkt\/huiliere-mit-zwei-glaskaraffen-und-senffass-fa-berndorf-um-1900\/#primaryimage\"},\"datePublished\":\"2026-03-21T20:05:29+00:00\",\"dateModified\":\"2026-04-11T15:10:18+00:00\",\"description\":\"Huili\\u00e8re mit zwei Glaskaraffen und Senffass, Fa. Berndorf, um 1900 \\u2665 Antiquit\\u00e4ten Online kaufen \\u2713 Sichere Lieferung \\u2713\",\"breadcrumb\":{\"@id\":\"https:\/\/annette-ahrens.at\/onlineshop\/produkt\/huiliere-mit-zwei-glaskaraffen-und-senffass-fa-berndorf-um-1900\/#breadcrumb\"},\"inLanguage\":\"de\",\"potentialAction\":[{\"@type\":\"ReadAction\",\"target\":[\"https:\/\/annette-ahrens.at\/onlineshop\/produkt\/huiliere-mit-zwei-glaskaraffen-und-senffass-fa-berndorf-um-1900\/\"]}]},{\"@type\":\"BreadcrumbList\",\"@id\":\"https:\/\/annette-ahrens.at\/onlineshop\/produkt\/huiliere-mit-zwei-glaskaraffen-und-senffass-fa-berndorf-um-1900\/#breadcrumb\",\"itemListElement\":[{\"@type\":\"ListItem\",\"position\":1,\"item\":{\"@type\":\"WebPage\",\"@id\":\"https:\/\/annette-ahrens.at\/onlineshop\/\",\"url\":\"https:\/\/annette-ahrens.at\/onlineshop\/\",\"name\":\"Home\"}},{\"@type\":\"ListItem\",\"position\":2,\"item\":{\"@type\":\"WebPage\",\"@id\":\"https:\/\/annette-ahrens.at\/onlineshop\/alle-tafelkultur-objekte\/\",\"url\":\"https:\/\/annette-ahrens.at\/onlineshop\/alle-tafelkultur-objekte\/\",\"name\":\"Alle Tafelkultur Objekte\"}},{\"@type\":\"ListItem\",\"position\":3,\"item\":{\"@type\":\"WebPage\",\"@id\":\"https:\/\/annette-ahrens.at\/onlineshop\/produkt\/huiliere-mit-zwei-glaskaraffen-und-senffass-fa-berndorf-um-1900\/\",\"url\":\"https:\/\/annette-ahrens.at\/onlineshop\/produkt\/huiliere-mit-zwei-glaskaraffen-und-senffass-fa-berndorf-um-1900\/\",\"name\":\"Huili\\u00e8re mit zwei Glaskaraffen und Senffass, Fa. Berndorf, um 1900\"}}]}]}<\/script>\n<!-- \/ Yoast SEO Premium plugin. -->","_links":{"self":[{"href":"https:\/\/annette-ahrens.at\/onlineshop\/wp-json\/wp\/v2\/product\/43307","targetHints":{"allow":["GET"]}}],"collection":[{"href":"https:\/\/annette-ahrens.at\/onlineshop\/wp-json\/wp\/v2\/product"}],"about":[{"href":"https:\/\/annette-ahrens.at\/onlineshop\/wp-json\/wp\/v2\/types\/product"}],"replies":[{"embeddable":true,"href":"https:\/\/annette-ahrens.at\/onlineshop\/wp-json\/wp\/v2\/comments?post=43307"}],"wp:featuredmedia":[{"embeddable":true,"href":"https:\/\/annette-ahrens.at\/onlineshop\/wp-json\/wp\/v2\/media\/43308"}],"wp:attachment":[{"href":"https:\/\/annette-ahrens.at\/onlineshop\/wp-json\/wp\/v2\/media?parent=43307"}],"wp:term":[{"taxonomy":"product_brand","embeddable":true,"href":"https:\/\/annette-ahrens.at\/onlineshop\/wp-json\/wp\/v2\/product_brand?post=43307"},{"taxonomy":"product_cat","embeddable":true,"href":"https:\/\/annette-ahrens.at\/onlineshop\/wp-json\/wp\/v2\/product_cat?post=43307"},{"taxonomy":"product_tag","embeddable":true,"href":"https:\/\/annette-ahrens.at\/onlineshop\/wp-json\/wp\/v2\/product_tag?post=43307"}],"curies":[{"name":"wp","href":"https:\/\/api.w.org\/{rel}","templated":true}]}}