{"id":43363,"date":"2026-03-23T06:46:44","date_gmt":"2026-03-23T05:46:44","guid":{"rendered":"https:\/\/annette-ahrens.at\/onlineshop\/?post_type=product&#038;p=43363"},"modified":"2026-03-22T22:15:27","modified_gmt":"2026-03-22T21:15:27","slug":"biedermeier-teekanne-imari-porzellanmanufaktur-christian-fischer-um-1850","status":"publish","type":"product","link":"https:\/\/annette-ahrens.at\/onlineshop\/produkt\/biedermeier-teekanne-imari-porzellanmanufaktur-christian-fischer-um-1850\/","title":{"rendered":"Biedermeier Teekanne &#8222;Imari&#8220;, Porzellanmanufaktur Christian Fischer, um 1850"},"content":{"rendered":"<p>Seltene Biedermeier Teekanne &#8222;Imari&#8220;<\/p>\n<p>Porzellanmanufaktur Christian Fischer, Karlsbad, B\u00f6hmen, um 1850<\/p>\n<p>Porzellan, glasiert, flacher Gef\u00e4\u00dfk\u00f6rper mit buntem &#8222;Imari&#8220;-Dekor, vergoldeter Schnabelausguss und Henkel, zugeh\u00f6riger, runder Deckel, am Boden gemarkt mit eingepr\u00e4gter Marke CF f\u00fcr Porzellanmanufaktur Christian Fischer (1836 &#8211; 1853), tadelloser Erhaltungszustand<\/p>\n<p>H 11 cm<\/p>\n<p>Dm 19 cm<\/p>\n","protected":false},"excerpt":{"rendered":"<p>Annettes Etikette: Die Porzellanmanufaktur wurde 1803 im westb\u00f6hmischen Ort Pirkenhammer bei Karlsbad gegr\u00fcndet. Die in der Umgebung gefundenen Feldspat-Vorkommen waren hierf\u00fcr von Vorteil. Christian Fischer war der Sohn von Johann Martin Fischer, der die Porzellanfabrik Pirkenhammer 1811 gemeinsam mit Christoph Reichenbach \u00fcbernahm. 1831 trat Christian Fischer das Unternehmen in den Familienbesitz an und f\u00fchrte die Manufaktur in ihre Bl\u00fctezeit, wo Pirkenhammer als \u201ebestes Porzellan B\u00f6hmens\u201c galt. Ab Mitte des 19. Jahrhunderts firmierte die Fabrik unter seinem Namen bzw. sp\u00e4ter als \u201eFischer &amp; Mieg\u201c, nachdem seine Tochter Wilhelmine Ludwig von Mieg heiratete. Ab 1846 firmiert die Porzellanmanufaktur als Fischer und Mieg. 1918 wurde die Fabrik Pirkenhammer dem Konzern &#8222;Epiag&#8220; eingegliedert.<\/p>\n","protected":false},"featured_media":43371,"comment_status":"open","ping_status":"closed","template":"","meta":[],"product_brand":[],"product_cat":[217,226,54,38,149],"product_tag":[],"class_list":{"0":"post-43363","1":"product","2":"type-product","3":"status-publish","4":"has-post-thumbnail","6":"product_cat-heissgetraenke","7":"product_cat-kaffee-tee","8":"product_cat-porzellan","9":"product_cat-tee","10":"product_cat-teekanne","12":"first","13":"instock","14":"sold-individually","15":"purchasable","16":"product-type-simple"},"yoast_head":"<!-- This site is optimized with the Yoast SEO Premium plugin v15.8.2 - https:\/\/yoast.com\/wordpress\/plugins\/seo\/ -->\n<title>Biedermeier Teekanne &quot;Imari&quot;, Porzellanmanufaktur Christian Fischer, um 1850<\/title>\n<meta name=\"description\" content=\"Biedermeier Teekanne &quot;Imari&quot;, Porzellanmanufaktur Christian Fischer, um 1850 \u2665 Antiquit\u00e4ten Online kaufen \u2713 Sichere Lieferung \u2713\" \/>\n<meta name=\"robots\" content=\"index, follow, max-snippet:-1, max-image-preview:large, max-video-preview:-1\" \/>\n<link rel=\"canonical\" href=\"https:\/\/annette-ahrens.at\/onlineshop\/produkt\/biedermeier-teekanne-imari-porzellanmanufaktur-christian-fischer-um-1850\/\" \/>\n<meta property=\"og:locale\" content=\"de_DE\" \/>\n<meta property=\"og:type\" content=\"article\" \/>\n<meta property=\"og:title\" content=\"Biedermeier Teekanne &quot;Imari&quot;, Porzellanmanufaktur Christian Fischer, um 1850\" \/>\n<meta property=\"og:description\" content=\"Biedermeier Teekanne &quot;Imari&quot;, Porzellanmanufaktur Christian Fischer, um 1850 \u2665 Antiquit\u00e4ten Online kaufen \u2713 Sichere Lieferung \u2713\" \/>\n<meta property=\"og:url\" content=\"https:\/\/annette-ahrens.at\/onlineshop\/produkt\/biedermeier-teekanne-imari-porzellanmanufaktur-christian-fischer-um-1850\/\" \/>\n<meta property=\"og:site_name\" content=\"Tafelkultur Onlineshop\" \/>\n<meta property=\"article:publisher\" content=\"https:\/\/www.facebook.com\/AnnetteAhrensTafelkultur\" \/>\n<meta property=\"article:modified_time\" content=\"2026-03-22T21:15:27+00:00\" \/>\n<meta property=\"og:image\" content=\"https:\/\/annette-ahrens.at\/onlineshop\/wp-content\/uploads\/2026\/03\/IMG_9986-scaled.jpeg\" \/>\n\t<meta property=\"og:image:width\" content=\"1536\" \/>\n\t<meta property=\"og:image:height\" content=\"2048\" \/>\n<meta name=\"twitter:card\" content=\"summary_large_image\" \/>\n<meta name=\"twitter:label1\" content=\"Gesch\u00e4tzte Lesezeit\">\n\t<meta name=\"twitter:data1\" content=\"1\u00a0Minute\">\n<script type=\"application\/ld+json\" class=\"yoast-schema-graph\">{\"@context\":\"https:\/\/schema.org\",\"@graph\":[{\"@type\":[\"Person\",\"Organization\"],\"@id\":\"https:\/\/annette-ahrens.at\/onlineshop\/#\/schema\/person\/3e19676faae246bba0cb3b7e15f427d8\",\"name\":\"Annette Ahrens\",\"image\":{\"@type\":\"ImageObject\",\"@id\":\"https:\/\/annette-ahrens.at\/onlineshop\/#personlogo\",\"inLanguage\":\"de\",\"url\":\"https:\/\/annette-ahrens.at\/onlineshop\/wp-content\/uploads\/2020\/04\/aa_logo_End.png\",\"width\":800,\"height\":164,\"caption\":\"Annette Ahrens\"},\"logo\":{\"@id\":\"https:\/\/annette-ahrens.at\/onlineshop\/#personlogo\"},\"sameAs\":[\"https:\/\/annette-ahrens.at\",\"https:\/\/www.facebook.com\/AnnetteAhrensTafelkultur\",\"https:\/\/www.instagram.com\/tafelkulturistin\/\",\"https:\/\/de.wikipedia.org\/wiki\/Annette_Ahrens\"]},{\"@type\":\"WebSite\",\"@id\":\"https:\/\/annette-ahrens.at\/onlineshop\/#website\",\"url\":\"https:\/\/annette-ahrens.at\/onlineshop\/\",\"name\":\"Tafelkultur Onlineshop\",\"description\":\"Annette Ahrens\",\"publisher\":{\"@id\":\"https:\/\/annette-ahrens.at\/onlineshop\/#\/schema\/person\/3e19676faae246bba0cb3b7e15f427d8\"},\"potentialAction\":[{\"@type\":\"SearchAction\",\"target\":\"https:\/\/annette-ahrens.at\/onlineshop\/?s={search_term_string}\",\"query-input\":\"required name=search_term_string\"}],\"inLanguage\":\"de\"},{\"@type\":\"ImageObject\",\"@id\":\"https:\/\/annette-ahrens.at\/onlineshop\/produkt\/biedermeier-teekanne-imari-porzellanmanufaktur-christian-fischer-um-1850\/#primaryimage\",\"inLanguage\":\"de\",\"url\":\"https:\/\/annette-ahrens.at\/onlineshop\/wp-content\/uploads\/2026\/03\/IMG_9986-scaled.jpeg\",\"width\":1536,\"height\":2048,\"caption\":\"teekanne_pirkenhammer\"},{\"@type\":[\"WebPage\",\"ItemPage\"],\"@id\":\"https:\/\/annette-ahrens.at\/onlineshop\/produkt\/biedermeier-teekanne-imari-porzellanmanufaktur-christian-fischer-um-1850\/#webpage\",\"url\":\"https:\/\/annette-ahrens.at\/onlineshop\/produkt\/biedermeier-teekanne-imari-porzellanmanufaktur-christian-fischer-um-1850\/\",\"name\":\"Biedermeier Teekanne \\\"Imari\\\", Porzellanmanufaktur Christian Fischer, um 1850\",\"isPartOf\":{\"@id\":\"https:\/\/annette-ahrens.at\/onlineshop\/#website\"},\"primaryImageOfPage\":{\"@id\":\"https:\/\/annette-ahrens.at\/onlineshop\/produkt\/biedermeier-teekanne-imari-porzellanmanufaktur-christian-fischer-um-1850\/#primaryimage\"},\"datePublished\":\"2026-03-23T05:46:44+00:00\",\"dateModified\":\"2026-03-22T21:15:27+00:00\",\"description\":\"Biedermeier Teekanne \\\"Imari\\\", Porzellanmanufaktur Christian Fischer, um 1850 \\u2665 Antiquit\\u00e4ten Online kaufen \\u2713 Sichere Lieferung \\u2713\",\"breadcrumb\":{\"@id\":\"https:\/\/annette-ahrens.at\/onlineshop\/produkt\/biedermeier-teekanne-imari-porzellanmanufaktur-christian-fischer-um-1850\/#breadcrumb\"},\"inLanguage\":\"de\",\"potentialAction\":[{\"@type\":\"ReadAction\",\"target\":[\"https:\/\/annette-ahrens.at\/onlineshop\/produkt\/biedermeier-teekanne-imari-porzellanmanufaktur-christian-fischer-um-1850\/\"]}]},{\"@type\":\"BreadcrumbList\",\"@id\":\"https:\/\/annette-ahrens.at\/onlineshop\/produkt\/biedermeier-teekanne-imari-porzellanmanufaktur-christian-fischer-um-1850\/#breadcrumb\",\"itemListElement\":[{\"@type\":\"ListItem\",\"position\":1,\"item\":{\"@type\":\"WebPage\",\"@id\":\"https:\/\/annette-ahrens.at\/onlineshop\/\",\"url\":\"https:\/\/annette-ahrens.at\/onlineshop\/\",\"name\":\"Home\"}},{\"@type\":\"ListItem\",\"position\":2,\"item\":{\"@type\":\"WebPage\",\"@id\":\"https:\/\/annette-ahrens.at\/onlineshop\/alle-tafelkultur-objekte\/\",\"url\":\"https:\/\/annette-ahrens.at\/onlineshop\/alle-tafelkultur-objekte\/\",\"name\":\"Alle Tafelkultur Objekte\"}},{\"@type\":\"ListItem\",\"position\":3,\"item\":{\"@type\":\"WebPage\",\"@id\":\"https:\/\/annette-ahrens.at\/onlineshop\/produkt\/biedermeier-teekanne-imari-porzellanmanufaktur-christian-fischer-um-1850\/\",\"url\":\"https:\/\/annette-ahrens.at\/onlineshop\/produkt\/biedermeier-teekanne-imari-porzellanmanufaktur-christian-fischer-um-1850\/\",\"name\":\"Biedermeier Teekanne &#8222;Imari&#8220;, Porzellanmanufaktur Christian Fischer, um 1850\"}}]}]}<\/script>\n<!-- \/ Yoast SEO Premium plugin. -->","_links":{"self":[{"href":"https:\/\/annette-ahrens.at\/onlineshop\/wp-json\/wp\/v2\/product\/43363","targetHints":{"allow":["GET"]}}],"collection":[{"href":"https:\/\/annette-ahrens.at\/onlineshop\/wp-json\/wp\/v2\/product"}],"about":[{"href":"https:\/\/annette-ahrens.at\/onlineshop\/wp-json\/wp\/v2\/types\/product"}],"replies":[{"embeddable":true,"href":"https:\/\/annette-ahrens.at\/onlineshop\/wp-json\/wp\/v2\/comments?post=43363"}],"wp:featuredmedia":[{"embeddable":true,"href":"https:\/\/annette-ahrens.at\/onlineshop\/wp-json\/wp\/v2\/media\/43371"}],"wp:attachment":[{"href":"https:\/\/annette-ahrens.at\/onlineshop\/wp-json\/wp\/v2\/media?parent=43363"}],"wp:term":[{"taxonomy":"product_brand","embeddable":true,"href":"https:\/\/annette-ahrens.at\/onlineshop\/wp-json\/wp\/v2\/product_brand?post=43363"},{"taxonomy":"product_cat","embeddable":true,"href":"https:\/\/annette-ahrens.at\/onlineshop\/wp-json\/wp\/v2\/product_cat?post=43363"},{"taxonomy":"product_tag","embeddable":true,"href":"https:\/\/annette-ahrens.at\/onlineshop\/wp-json\/wp\/v2\/product_tag?post=43363"}],"curies":[{"name":"wp","href":"https:\/\/api.w.org\/{rel}","templated":true}]}}