{"id":43413,"date":"2026-04-05T06:20:19","date_gmt":"2026-04-05T04:20:19","guid":{"rendered":"https:\/\/annette-ahrens.at\/onlineshop\/?post_type=product&#038;p=43413"},"modified":"2026-04-04T19:53:21","modified_gmt":"2026-04-04T17:53:21","slug":"versilberte-art-deco-sauciere-fa-cohr-kopenhagen-um-1930-2","status":"publish","type":"product","link":"https:\/\/annette-ahrens.at\/onlineshop\/produkt\/versilberte-art-deco-sauciere-fa-cohr-kopenhagen-um-1930-2\/","title":{"rendered":"Versilberte Art Deco Sauci\u00e8re, Fa. Cohr, Kopenhagen, um 1930"},"content":{"rendered":"<p>Versilberte Art Deco Sauci\u00e8re<\/p>\n<p>Fa. Cohr, Kopenhagen, D\u00e4nemark, um 1930<\/p>\n<p>Alpacca, versilbert, ovaler Gef\u00e4\u00dfk\u00f6rper mit Ausguss, ovaler Fu\u00df, hochgezogener, isolierender Henkel aus schwarzem Bakelite, am Boden gemarkt mit ALP. DANMARK und d\u00e4nischer Herstellermarke ATLA, tadelloser Erhaltungszustand<\/p>\n<p>L 20,5 cm<\/p>\n","protected":false},"excerpt":{"rendered":"<p>Annettes Etikette: Die Formensprache d\u00e4nischen Silbers fasziniert mich schon lange. Viele Designs erinnern an die Silberschmiede von Georg Jensen.Vorliegende Sauci\u00e8re stammt aus der Kopenhagener Silberwarenfabrik Cohr. Der Name ATLA bezeichnet plattierte Ware der Firma Cohr. Das Wort \u201cSauci\u00e8re\u201d leitet sich vom franz\u00f6sischen Wort des Inhalts, der \u201cSauce\u201d, in deutscher Sprache eben der So\u00dfe ab.<\/p>\n","protected":false},"featured_media":43414,"comment_status":"open","ping_status":"closed","template":"","meta":[],"product_brand":[],"product_cat":[301,295,20,307,285,53],"product_tag":[],"class_list":{"0":"post-43413","1":"product","2":"type-product","3":"status-publish","4":"has-post-thumbnail","6":"product_cat-fondue","7":"product_cat-jagdeinladung","8":"product_cat-lunchtime","9":"product_cat-pasteten","10":"product_cat-sauciere-tafeldekorationen","11":"product_cat-weihnachten","13":"first","14":"instock","15":"sold-individually","16":"purchasable","17":"product-type-simple"},"yoast_head":"<!-- This site is optimized with the Yoast SEO Premium plugin v15.8.2 - https:\/\/yoast.com\/wordpress\/plugins\/seo\/ -->\n<title>Versilberte Art Deco Sauci\u00e8re, Fa. Cohr, Kopenhagen, um 1930<\/title>\n<meta name=\"description\" content=\"Versilberte Art Deco Sauci\u00e8re, Fa. Cohr, Kopenhagen, um 1930 \u2665 Antiquit\u00e4ten Online kaufen \u2713 Sichere Lieferung \u2713\" \/>\n<meta name=\"robots\" content=\"index, follow, max-snippet:-1, max-image-preview:large, max-video-preview:-1\" \/>\n<link rel=\"canonical\" href=\"https:\/\/annette-ahrens.at\/onlineshop\/produkt\/versilberte-art-deco-sauciere-fa-cohr-kopenhagen-um-1930-2\/\" \/>\n<meta property=\"og:locale\" content=\"de_DE\" \/>\n<meta property=\"og:type\" content=\"article\" \/>\n<meta property=\"og:title\" content=\"Versilberte Art Deco Sauci\u00e8re, Fa. Cohr, Kopenhagen, um 1930\" \/>\n<meta property=\"og:description\" content=\"Versilberte Art Deco Sauci\u00e8re, Fa. Cohr, Kopenhagen, um 1930 \u2665 Antiquit\u00e4ten Online kaufen \u2713 Sichere Lieferung \u2713\" \/>\n<meta property=\"og:url\" content=\"https:\/\/annette-ahrens.at\/onlineshop\/produkt\/versilberte-art-deco-sauciere-fa-cohr-kopenhagen-um-1930-2\/\" \/>\n<meta property=\"og:site_name\" content=\"Tafelkultur Onlineshop\" \/>\n<meta property=\"article:publisher\" content=\"https:\/\/www.facebook.com\/AnnetteAhrensTafelkultur\" \/>\n<meta property=\"article:modified_time\" content=\"2026-04-04T17:53:21+00:00\" \/>\n<meta property=\"og:image\" content=\"https:\/\/annette-ahrens.at\/onlineshop\/wp-content\/uploads\/2026\/03\/IMG_2114-scaled.jpeg\" \/>\n\t<meta property=\"og:image:width\" content=\"2019\" \/>\n\t<meta property=\"og:image:height\" content=\"2048\" \/>\n<meta name=\"twitter:card\" content=\"summary_large_image\" \/>\n<meta name=\"twitter:label1\" content=\"Gesch\u00e4tzte Lesezeit\">\n\t<meta name=\"twitter:data1\" content=\"1\u00a0Minute\">\n<script type=\"application\/ld+json\" class=\"yoast-schema-graph\">{\"@context\":\"https:\/\/schema.org\",\"@graph\":[{\"@type\":[\"Person\",\"Organization\"],\"@id\":\"https:\/\/annette-ahrens.at\/onlineshop\/#\/schema\/person\/3e19676faae246bba0cb3b7e15f427d8\",\"name\":\"Annette Ahrens\",\"image\":{\"@type\":\"ImageObject\",\"@id\":\"https:\/\/annette-ahrens.at\/onlineshop\/#personlogo\",\"inLanguage\":\"de\",\"url\":\"https:\/\/annette-ahrens.at\/onlineshop\/wp-content\/uploads\/2020\/04\/aa_logo_End.png\",\"width\":800,\"height\":164,\"caption\":\"Annette Ahrens\"},\"logo\":{\"@id\":\"https:\/\/annette-ahrens.at\/onlineshop\/#personlogo\"},\"sameAs\":[\"https:\/\/annette-ahrens.at\",\"https:\/\/www.facebook.com\/AnnetteAhrensTafelkultur\",\"https:\/\/www.instagram.com\/tafelkulturistin\/\",\"https:\/\/de.wikipedia.org\/wiki\/Annette_Ahrens\"]},{\"@type\":\"WebSite\",\"@id\":\"https:\/\/annette-ahrens.at\/onlineshop\/#website\",\"url\":\"https:\/\/annette-ahrens.at\/onlineshop\/\",\"name\":\"Tafelkultur Onlineshop\",\"description\":\"Annette Ahrens\",\"publisher\":{\"@id\":\"https:\/\/annette-ahrens.at\/onlineshop\/#\/schema\/person\/3e19676faae246bba0cb3b7e15f427d8\"},\"potentialAction\":[{\"@type\":\"SearchAction\",\"target\":\"https:\/\/annette-ahrens.at\/onlineshop\/?s={search_term_string}\",\"query-input\":\"required name=search_term_string\"}],\"inLanguage\":\"de\"},{\"@type\":\"ImageObject\",\"@id\":\"https:\/\/annette-ahrens.at\/onlineshop\/produkt\/versilberte-art-deco-sauciere-fa-cohr-kopenhagen-um-1930-2\/#primaryimage\",\"inLanguage\":\"de\",\"url\":\"https:\/\/annette-ahrens.at\/onlineshop\/wp-content\/uploads\/2026\/03\/IMG_2114-scaled.jpeg\",\"width\":2019,\"height\":2048,\"caption\":\"sauciere_cohr\"},{\"@type\":[\"WebPage\",\"ItemPage\"],\"@id\":\"https:\/\/annette-ahrens.at\/onlineshop\/produkt\/versilberte-art-deco-sauciere-fa-cohr-kopenhagen-um-1930-2\/#webpage\",\"url\":\"https:\/\/annette-ahrens.at\/onlineshop\/produkt\/versilberte-art-deco-sauciere-fa-cohr-kopenhagen-um-1930-2\/\",\"name\":\"Versilberte Art Deco Sauci\\u00e8re, Fa. Cohr, Kopenhagen, um 1930\",\"isPartOf\":{\"@id\":\"https:\/\/annette-ahrens.at\/onlineshop\/#website\"},\"primaryImageOfPage\":{\"@id\":\"https:\/\/annette-ahrens.at\/onlineshop\/produkt\/versilberte-art-deco-sauciere-fa-cohr-kopenhagen-um-1930-2\/#primaryimage\"},\"datePublished\":\"2026-04-05T04:20:19+00:00\",\"dateModified\":\"2026-04-04T17:53:21+00:00\",\"description\":\"Versilberte Art Deco Sauci\\u00e8re, Fa. Cohr, Kopenhagen, um 1930 \\u2665 Antiquit\\u00e4ten Online kaufen \\u2713 Sichere Lieferung \\u2713\",\"breadcrumb\":{\"@id\":\"https:\/\/annette-ahrens.at\/onlineshop\/produkt\/versilberte-art-deco-sauciere-fa-cohr-kopenhagen-um-1930-2\/#breadcrumb\"},\"inLanguage\":\"de\",\"potentialAction\":[{\"@type\":\"ReadAction\",\"target\":[\"https:\/\/annette-ahrens.at\/onlineshop\/produkt\/versilberte-art-deco-sauciere-fa-cohr-kopenhagen-um-1930-2\/\"]}]},{\"@type\":\"BreadcrumbList\",\"@id\":\"https:\/\/annette-ahrens.at\/onlineshop\/produkt\/versilberte-art-deco-sauciere-fa-cohr-kopenhagen-um-1930-2\/#breadcrumb\",\"itemListElement\":[{\"@type\":\"ListItem\",\"position\":1,\"item\":{\"@type\":\"WebPage\",\"@id\":\"https:\/\/annette-ahrens.at\/onlineshop\/\",\"url\":\"https:\/\/annette-ahrens.at\/onlineshop\/\",\"name\":\"Home\"}},{\"@type\":\"ListItem\",\"position\":2,\"item\":{\"@type\":\"WebPage\",\"@id\":\"https:\/\/annette-ahrens.at\/onlineshop\/alle-tafelkultur-objekte\/\",\"url\":\"https:\/\/annette-ahrens.at\/onlineshop\/alle-tafelkultur-objekte\/\",\"name\":\"Alle Tafelkultur Objekte\"}},{\"@type\":\"ListItem\",\"position\":3,\"item\":{\"@type\":\"WebPage\",\"@id\":\"https:\/\/annette-ahrens.at\/onlineshop\/produkt\/versilberte-art-deco-sauciere-fa-cohr-kopenhagen-um-1930-2\/\",\"url\":\"https:\/\/annette-ahrens.at\/onlineshop\/produkt\/versilberte-art-deco-sauciere-fa-cohr-kopenhagen-um-1930-2\/\",\"name\":\"Versilberte Art Deco Sauci\\u00e8re, Fa. Cohr, Kopenhagen, um 1930\"}}]}]}<\/script>\n<!-- \/ Yoast SEO Premium plugin. -->","_links":{"self":[{"href":"https:\/\/annette-ahrens.at\/onlineshop\/wp-json\/wp\/v2\/product\/43413","targetHints":{"allow":["GET"]}}],"collection":[{"href":"https:\/\/annette-ahrens.at\/onlineshop\/wp-json\/wp\/v2\/product"}],"about":[{"href":"https:\/\/annette-ahrens.at\/onlineshop\/wp-json\/wp\/v2\/types\/product"}],"replies":[{"embeddable":true,"href":"https:\/\/annette-ahrens.at\/onlineshop\/wp-json\/wp\/v2\/comments?post=43413"}],"wp:featuredmedia":[{"embeddable":true,"href":"https:\/\/annette-ahrens.at\/onlineshop\/wp-json\/wp\/v2\/media\/43414"}],"wp:attachment":[{"href":"https:\/\/annette-ahrens.at\/onlineshop\/wp-json\/wp\/v2\/media?parent=43413"}],"wp:term":[{"taxonomy":"product_brand","embeddable":true,"href":"https:\/\/annette-ahrens.at\/onlineshop\/wp-json\/wp\/v2\/product_brand?post=43413"},{"taxonomy":"product_cat","embeddable":true,"href":"https:\/\/annette-ahrens.at\/onlineshop\/wp-json\/wp\/v2\/product_cat?post=43413"},{"taxonomy":"product_tag","embeddable":true,"href":"https:\/\/annette-ahrens.at\/onlineshop\/wp-json\/wp\/v2\/product_tag?post=43413"}],"curies":[{"name":"wp","href":"https:\/\/api.w.org\/{rel}","templated":true}]}}