{"id":43428,"date":"2026-04-02T05:15:37","date_gmt":"2026-04-02T03:15:37","guid":{"rendered":"https:\/\/annette-ahrens.at\/onlineshop\/?post_type=product&#038;p=43428"},"modified":"2026-03-31T11:13:13","modified_gmt":"2026-03-31T09:13:13","slug":"6-versilberte-mokkaloeffel-mit-gelber-kaffeebohne-england-um-1920-2","status":"publish","type":"product","link":"https:\/\/annette-ahrens.at\/onlineshop\/produkt\/6-versilberte-mokkaloeffel-mit-gelber-kaffeebohne-england-um-1920-2\/","title":{"rendered":"6 versilberte Mokkal\u00f6ffel mit gelber Kaffeebohne, England, um 1920"},"content":{"rendered":"<p>6 versilberte Mokkal\u00f6ffel mit gelber Kaffeebohne<\/p>\n<p>England, um 1920<\/p>\n<p>Metall, versilbert, Muschelf\u00f6rmige Laffe, 6 Mokkal\u00f6ffel, Abschluss mit einer Kaffeebohne aus gelben Bakelite, 1 Zuckerzange, alle Teile gemarkt E.P.N.S. (Electro Plated Nickel Silver), in Kassette, innen mit blauem Formetui und blauer Samt-Tapezierung, tadelloser Erhaltungszustand<\/p>\n<p>L\u00e4nge 10 cm<\/p>\n<p>Die Tasse ist nicht Teil der Bestellung.<\/p>\n","protected":false},"excerpt":{"rendered":"<p>Annettes Etikette: Eine meiner beliebtesten Geschenksideen: fertig verpackt in einer Lederkassette und mindestens f\u00fcr sechs Personen, oder f\u00fcr jeweils 2 Mokkatassen f\u00fcr drei Arbeitskollegen oder einen selbst, sechsmal am Tag. Die Kaffeebohne l\u00e4sst einen nicht vergessen, wof\u00fcr man dieses herzige L\u00f6ffelchen zu verwenden hat. Hier ist sogar eine Zuckerzange dabei.<\/p>\n","protected":false},"featured_media":43429,"comment_status":"open","ping_status":"closed","template":"","meta":[],"product_brand":[],"product_cat":[25,297,27,30,32,18,19,291,37,236,146,248,292,273,293,26],"product_tag":[],"class_list":{"0":"post-43428","1":"product","2":"type-product","3":"status-publish","4":"has-post-thumbnail","6":"product_cat-5o-clock-tea","7":"product_cat-adventjause","8":"product_cat-barware","9":"product_cat-besteck","10":"product_cat-festefeiern","11":"product_cat-fruehstueck","12":"product_cat-gabelfruehstueck","13":"product_cat-hochzeit","14":"product_cat-kaffee","15":"product_cat-loeffel","16":"product_cat-moccaloeffel","17":"product_cat-mokkakloeffel","18":"product_cat-muttertag","19":"product_cat-silber-fachbuecher","20":"product_cat-taufe","21":"product_cat-wiener-melange","23":"first","24":"instock","25":"sold-individually","26":"purchasable","27":"product-type-simple"},"yoast_head":"<!-- This site is optimized with the Yoast SEO Premium plugin v15.8.2 - https:\/\/yoast.com\/wordpress\/plugins\/seo\/ -->\n<title>6 versilberte Mokkal\u00f6ffel mit gelber Kaffeebohne, England, um 1920<\/title>\n<meta name=\"description\" content=\"6 versilberte Mokkal\u00f6ffel mit gelber Kaffeebohne, England, um 1920 \u2665 Antiquit\u00e4ten Online kaufen \u2713 Sichere Lieferung \u2713\" \/>\n<meta name=\"robots\" content=\"index, follow, max-snippet:-1, max-image-preview:large, max-video-preview:-1\" \/>\n<link rel=\"canonical\" href=\"https:\/\/annette-ahrens.at\/onlineshop\/produkt\/6-versilberte-mokkaloeffel-mit-gelber-kaffeebohne-england-um-1920-2\/\" \/>\n<meta property=\"og:locale\" content=\"de_DE\" \/>\n<meta property=\"og:type\" content=\"article\" \/>\n<meta property=\"og:title\" content=\"6 versilberte Mokkal\u00f6ffel mit gelber Kaffeebohne, England, um 1920\" \/>\n<meta property=\"og:description\" content=\"6 versilberte Mokkal\u00f6ffel mit gelber Kaffeebohne, England, um 1920 \u2665 Antiquit\u00e4ten Online kaufen \u2713 Sichere Lieferung \u2713\" \/>\n<meta property=\"og:url\" content=\"https:\/\/annette-ahrens.at\/onlineshop\/produkt\/6-versilberte-mokkaloeffel-mit-gelber-kaffeebohne-england-um-1920-2\/\" \/>\n<meta property=\"og:site_name\" content=\"Tafelkultur Onlineshop\" \/>\n<meta property=\"article:publisher\" content=\"https:\/\/www.facebook.com\/AnnetteAhrensTafelkultur\" \/>\n<meta property=\"article:modified_time\" content=\"2026-03-31T09:13:13+00:00\" \/>\n<meta property=\"og:image\" content=\"https:\/\/annette-ahrens.at\/onlineshop\/wp-content\/uploads\/2026\/03\/IMG_2122-scaled.jpeg\" \/>\n\t<meta property=\"og:image:width\" content=\"1675\" \/>\n\t<meta property=\"og:image:height\" content=\"2048\" \/>\n<meta name=\"twitter:card\" content=\"summary_large_image\" \/>\n<meta name=\"twitter:label1\" content=\"Gesch\u00e4tzte Lesezeit\">\n\t<meta name=\"twitter:data1\" content=\"1\u00a0Minute\">\n<script type=\"application\/ld+json\" class=\"yoast-schema-graph\">{\"@context\":\"https:\/\/schema.org\",\"@graph\":[{\"@type\":[\"Person\",\"Organization\"],\"@id\":\"https:\/\/annette-ahrens.at\/onlineshop\/#\/schema\/person\/3e19676faae246bba0cb3b7e15f427d8\",\"name\":\"Annette Ahrens\",\"image\":{\"@type\":\"ImageObject\",\"@id\":\"https:\/\/annette-ahrens.at\/onlineshop\/#personlogo\",\"inLanguage\":\"de\",\"url\":\"https:\/\/annette-ahrens.at\/onlineshop\/wp-content\/uploads\/2020\/04\/aa_logo_End.png\",\"width\":800,\"height\":164,\"caption\":\"Annette Ahrens\"},\"logo\":{\"@id\":\"https:\/\/annette-ahrens.at\/onlineshop\/#personlogo\"},\"sameAs\":[\"https:\/\/annette-ahrens.at\",\"https:\/\/www.facebook.com\/AnnetteAhrensTafelkultur\",\"https:\/\/www.instagram.com\/tafelkulturistin\/\",\"https:\/\/de.wikipedia.org\/wiki\/Annette_Ahrens\"]},{\"@type\":\"WebSite\",\"@id\":\"https:\/\/annette-ahrens.at\/onlineshop\/#website\",\"url\":\"https:\/\/annette-ahrens.at\/onlineshop\/\",\"name\":\"Tafelkultur Onlineshop\",\"description\":\"Annette Ahrens\",\"publisher\":{\"@id\":\"https:\/\/annette-ahrens.at\/onlineshop\/#\/schema\/person\/3e19676faae246bba0cb3b7e15f427d8\"},\"potentialAction\":[{\"@type\":\"SearchAction\",\"target\":\"https:\/\/annette-ahrens.at\/onlineshop\/?s={search_term_string}\",\"query-input\":\"required name=search_term_string\"}],\"inLanguage\":\"de\"},{\"@type\":\"ImageObject\",\"@id\":\"https:\/\/annette-ahrens.at\/onlineshop\/produkt\/6-versilberte-mokkaloeffel-mit-gelber-kaffeebohne-england-um-1920-2\/#primaryimage\",\"inLanguage\":\"de\",\"url\":\"https:\/\/annette-ahrens.at\/onlineshop\/wp-content\/uploads\/2026\/03\/IMG_2122-scaled.jpeg\",\"width\":1675,\"height\":2048,\"caption\":\"mokkal\\u00f6ffel_england\"},{\"@type\":[\"WebPage\",\"ItemPage\"],\"@id\":\"https:\/\/annette-ahrens.at\/onlineshop\/produkt\/6-versilberte-mokkaloeffel-mit-gelber-kaffeebohne-england-um-1920-2\/#webpage\",\"url\":\"https:\/\/annette-ahrens.at\/onlineshop\/produkt\/6-versilberte-mokkaloeffel-mit-gelber-kaffeebohne-england-um-1920-2\/\",\"name\":\"6 versilberte Mokkal\\u00f6ffel mit gelber Kaffeebohne, England, um 1920\",\"isPartOf\":{\"@id\":\"https:\/\/annette-ahrens.at\/onlineshop\/#website\"},\"primaryImageOfPage\":{\"@id\":\"https:\/\/annette-ahrens.at\/onlineshop\/produkt\/6-versilberte-mokkaloeffel-mit-gelber-kaffeebohne-england-um-1920-2\/#primaryimage\"},\"datePublished\":\"2026-04-02T03:15:37+00:00\",\"dateModified\":\"2026-03-31T09:13:13+00:00\",\"description\":\"6 versilberte Mokkal\\u00f6ffel mit gelber Kaffeebohne, England, um 1920 \\u2665 Antiquit\\u00e4ten Online kaufen \\u2713 Sichere Lieferung \\u2713\",\"breadcrumb\":{\"@id\":\"https:\/\/annette-ahrens.at\/onlineshop\/produkt\/6-versilberte-mokkaloeffel-mit-gelber-kaffeebohne-england-um-1920-2\/#breadcrumb\"},\"inLanguage\":\"de\",\"potentialAction\":[{\"@type\":\"ReadAction\",\"target\":[\"https:\/\/annette-ahrens.at\/onlineshop\/produkt\/6-versilberte-mokkaloeffel-mit-gelber-kaffeebohne-england-um-1920-2\/\"]}]},{\"@type\":\"BreadcrumbList\",\"@id\":\"https:\/\/annette-ahrens.at\/onlineshop\/produkt\/6-versilberte-mokkaloeffel-mit-gelber-kaffeebohne-england-um-1920-2\/#breadcrumb\",\"itemListElement\":[{\"@type\":\"ListItem\",\"position\":1,\"item\":{\"@type\":\"WebPage\",\"@id\":\"https:\/\/annette-ahrens.at\/onlineshop\/\",\"url\":\"https:\/\/annette-ahrens.at\/onlineshop\/\",\"name\":\"Home\"}},{\"@type\":\"ListItem\",\"position\":2,\"item\":{\"@type\":\"WebPage\",\"@id\":\"https:\/\/annette-ahrens.at\/onlineshop\/alle-tafelkultur-objekte\/\",\"url\":\"https:\/\/annette-ahrens.at\/onlineshop\/alle-tafelkultur-objekte\/\",\"name\":\"Alle Tafelkultur Objekte\"}},{\"@type\":\"ListItem\",\"position\":3,\"item\":{\"@type\":\"WebPage\",\"@id\":\"https:\/\/annette-ahrens.at\/onlineshop\/produkt\/6-versilberte-mokkaloeffel-mit-gelber-kaffeebohne-england-um-1920-2\/\",\"url\":\"https:\/\/annette-ahrens.at\/onlineshop\/produkt\/6-versilberte-mokkaloeffel-mit-gelber-kaffeebohne-england-um-1920-2\/\",\"name\":\"6 versilberte Mokkal\\u00f6ffel mit gelber Kaffeebohne, England, um 1920\"}}]}]}<\/script>\n<!-- \/ Yoast SEO Premium plugin. -->","_links":{"self":[{"href":"https:\/\/annette-ahrens.at\/onlineshop\/wp-json\/wp\/v2\/product\/43428","targetHints":{"allow":["GET"]}}],"collection":[{"href":"https:\/\/annette-ahrens.at\/onlineshop\/wp-json\/wp\/v2\/product"}],"about":[{"href":"https:\/\/annette-ahrens.at\/onlineshop\/wp-json\/wp\/v2\/types\/product"}],"replies":[{"embeddable":true,"href":"https:\/\/annette-ahrens.at\/onlineshop\/wp-json\/wp\/v2\/comments?post=43428"}],"wp:featuredmedia":[{"embeddable":true,"href":"https:\/\/annette-ahrens.at\/onlineshop\/wp-json\/wp\/v2\/media\/43429"}],"wp:attachment":[{"href":"https:\/\/annette-ahrens.at\/onlineshop\/wp-json\/wp\/v2\/media?parent=43428"}],"wp:term":[{"taxonomy":"product_brand","embeddable":true,"href":"https:\/\/annette-ahrens.at\/onlineshop\/wp-json\/wp\/v2\/product_brand?post=43428"},{"taxonomy":"product_cat","embeddable":true,"href":"https:\/\/annette-ahrens.at\/onlineshop\/wp-json\/wp\/v2\/product_cat?post=43428"},{"taxonomy":"product_tag","embeddable":true,"href":"https:\/\/annette-ahrens.at\/onlineshop\/wp-json\/wp\/v2\/product_tag?post=43428"}],"curies":[{"name":"wp","href":"https:\/\/api.w.org\/{rel}","templated":true}]}}