{"id":43441,"date":"2026-04-02T06:40:31","date_gmt":"2026-04-02T04:40:31","guid":{"rendered":"https:\/\/annette-ahrens.at\/onlineshop\/?post_type=product&#038;p=43441"},"modified":"2026-03-31T11:11:03","modified_gmt":"2026-03-31T09:11:03","slug":"versilberte-historismus-spargelwiege-england-um-1880","status":"publish","type":"product","link":"https:\/\/annette-ahrens.at\/onlineshop\/produkt\/versilberte-historismus-spargelwiege-england-um-1880\/","title":{"rendered":"Versilberte Historismus Spargelwiege, England, um 1880"},"content":{"rendered":"<p>Versilberte Historismus Spargelwiege<\/p>\n<p>C F &amp; Co, England, um 1900<\/p>\n<p>Alpacca, versilbert, rechteckiger Gitterrost auf vier Spargel-F\u00fcsschen, seitliche Henkel als Spargelb\u00fcndel ausgef\u00fchrt, gemarkt mit englischer Herstellermarke C F &amp; Co, tadelloser, handpolierter Erhaltungszustand<\/p>\n<p><span style=\"font-weight: 400;\">L 22 x 15 cm<\/span><\/p>\n<p>&nbsp;<\/p>\n","protected":false},"excerpt":{"rendered":"<p>Versilberte Historismus Spargelwiege C F &amp; Co, England, um 1900 Alpacca, versilbert, rechteckiger Gitterrost auf vier Spargel-F\u00fcsschen, seitliche Henkel als Spargelb\u00fcndel ausgef\u00fchrt, gemarkt mit englischer Herstellermarke C F &amp; Co, tadelloser, handpolierter Erhaltungszustand L 22 x 15 cm &nbsp;<\/p>\n","protected":false},"featured_media":43492,"comment_status":"open","ping_status":"closed","template":"","meta":[],"product_brand":[],"product_cat":[130,298,32,165,21,281,131],"product_tag":[],"class_list":{"0":"post-43441","1":"product","2":"type-product","3":"status-publish","4":"has-post-thumbnail","6":"product_cat-abendessen","7":"product_cat-buffet","8":"product_cat-festefeiern","9":"product_cat-gemuese","10":"product_cat-obst-gemuese","11":"product_cat-tafelaufsatz","12":"product_cat-tafeldekorationen","14":"first","15":"instock","16":"sold-individually","17":"purchasable","18":"product-type-simple"},"yoast_head":"<!-- This site is optimized with the Yoast SEO Premium plugin v15.8.2 - https:\/\/yoast.com\/wordpress\/plugins\/seo\/ -->\n<title>Versilberte Historismus Spargelwiege, England, um 1880<\/title>\n<meta name=\"description\" content=\"Versilberte Historismus Spargelwiege, England, um 1880 \u2665 Antiquit\u00e4ten Online kaufen \u2713 Sichere Lieferung \u2713\" \/>\n<meta name=\"robots\" content=\"index, follow, max-snippet:-1, max-image-preview:large, max-video-preview:-1\" \/>\n<link rel=\"canonical\" href=\"https:\/\/annette-ahrens.at\/onlineshop\/produkt\/versilberte-historismus-spargelwiege-england-um-1880\/\" \/>\n<meta property=\"og:locale\" content=\"de_DE\" \/>\n<meta property=\"og:type\" content=\"article\" \/>\n<meta property=\"og:title\" content=\"Versilberte Historismus Spargelwiege, England, um 1880\" \/>\n<meta property=\"og:description\" content=\"Versilberte Historismus Spargelwiege, England, um 1880 \u2665 Antiquit\u00e4ten Online kaufen \u2713 Sichere Lieferung \u2713\" \/>\n<meta property=\"og:url\" content=\"https:\/\/annette-ahrens.at\/onlineshop\/produkt\/versilberte-historismus-spargelwiege-england-um-1880\/\" \/>\n<meta property=\"og:site_name\" content=\"Tafelkultur Onlineshop\" \/>\n<meta property=\"article:publisher\" content=\"https:\/\/www.facebook.com\/AnnetteAhrensTafelkultur\" \/>\n<meta property=\"article:modified_time\" content=\"2026-03-31T09:11:03+00:00\" \/>\n<meta property=\"og:image\" content=\"https:\/\/annette-ahrens.at\/onlineshop\/wp-content\/uploads\/2026\/04\/IMG_2185-scaled.jpeg\" \/>\n\t<meta property=\"og:image:width\" content=\"1849\" \/>\n\t<meta property=\"og:image:height\" content=\"2048\" \/>\n<meta name=\"twitter:card\" content=\"summary_large_image\" \/>\n<meta name=\"twitter:label1\" content=\"Gesch\u00e4tzte Lesezeit\">\n\t<meta name=\"twitter:data1\" content=\"1\u00a0Minute\">\n<script type=\"application\/ld+json\" class=\"yoast-schema-graph\">{\"@context\":\"https:\/\/schema.org\",\"@graph\":[{\"@type\":[\"Person\",\"Organization\"],\"@id\":\"https:\/\/annette-ahrens.at\/onlineshop\/#\/schema\/person\/3e19676faae246bba0cb3b7e15f427d8\",\"name\":\"Annette Ahrens\",\"image\":{\"@type\":\"ImageObject\",\"@id\":\"https:\/\/annette-ahrens.at\/onlineshop\/#personlogo\",\"inLanguage\":\"de\",\"url\":\"https:\/\/annette-ahrens.at\/onlineshop\/wp-content\/uploads\/2020\/04\/aa_logo_End.png\",\"width\":800,\"height\":164,\"caption\":\"Annette Ahrens\"},\"logo\":{\"@id\":\"https:\/\/annette-ahrens.at\/onlineshop\/#personlogo\"},\"sameAs\":[\"https:\/\/annette-ahrens.at\",\"https:\/\/www.facebook.com\/AnnetteAhrensTafelkultur\",\"https:\/\/www.instagram.com\/tafelkulturistin\/\",\"https:\/\/de.wikipedia.org\/wiki\/Annette_Ahrens\"]},{\"@type\":\"WebSite\",\"@id\":\"https:\/\/annette-ahrens.at\/onlineshop\/#website\",\"url\":\"https:\/\/annette-ahrens.at\/onlineshop\/\",\"name\":\"Tafelkultur Onlineshop\",\"description\":\"Annette Ahrens\",\"publisher\":{\"@id\":\"https:\/\/annette-ahrens.at\/onlineshop\/#\/schema\/person\/3e19676faae246bba0cb3b7e15f427d8\"},\"potentialAction\":[{\"@type\":\"SearchAction\",\"target\":\"https:\/\/annette-ahrens.at\/onlineshop\/?s={search_term_string}\",\"query-input\":\"required name=search_term_string\"}],\"inLanguage\":\"de\"},{\"@type\":\"ImageObject\",\"@id\":\"https:\/\/annette-ahrens.at\/onlineshop\/produkt\/versilberte-historismus-spargelwiege-england-um-1880\/#primaryimage\",\"inLanguage\":\"de\",\"url\":\"https:\/\/annette-ahrens.at\/onlineshop\/wp-content\/uploads\/2026\/04\/IMG_2185-scaled.jpeg\",\"width\":1849,\"height\":2048,\"caption\":\"spargelwiege_england\"},{\"@type\":[\"WebPage\",\"ItemPage\"],\"@id\":\"https:\/\/annette-ahrens.at\/onlineshop\/produkt\/versilberte-historismus-spargelwiege-england-um-1880\/#webpage\",\"url\":\"https:\/\/annette-ahrens.at\/onlineshop\/produkt\/versilberte-historismus-spargelwiege-england-um-1880\/\",\"name\":\"Versilberte Historismus Spargelwiege, England, um 1880\",\"isPartOf\":{\"@id\":\"https:\/\/annette-ahrens.at\/onlineshop\/#website\"},\"primaryImageOfPage\":{\"@id\":\"https:\/\/annette-ahrens.at\/onlineshop\/produkt\/versilberte-historismus-spargelwiege-england-um-1880\/#primaryimage\"},\"datePublished\":\"2026-04-02T04:40:31+00:00\",\"dateModified\":\"2026-03-31T09:11:03+00:00\",\"description\":\"Versilberte Historismus Spargelwiege, England, um 1880 \\u2665 Antiquit\\u00e4ten Online kaufen \\u2713 Sichere Lieferung \\u2713\",\"breadcrumb\":{\"@id\":\"https:\/\/annette-ahrens.at\/onlineshop\/produkt\/versilberte-historismus-spargelwiege-england-um-1880\/#breadcrumb\"},\"inLanguage\":\"de\",\"potentialAction\":[{\"@type\":\"ReadAction\",\"target\":[\"https:\/\/annette-ahrens.at\/onlineshop\/produkt\/versilberte-historismus-spargelwiege-england-um-1880\/\"]}]},{\"@type\":\"BreadcrumbList\",\"@id\":\"https:\/\/annette-ahrens.at\/onlineshop\/produkt\/versilberte-historismus-spargelwiege-england-um-1880\/#breadcrumb\",\"itemListElement\":[{\"@type\":\"ListItem\",\"position\":1,\"item\":{\"@type\":\"WebPage\",\"@id\":\"https:\/\/annette-ahrens.at\/onlineshop\/\",\"url\":\"https:\/\/annette-ahrens.at\/onlineshop\/\",\"name\":\"Home\"}},{\"@type\":\"ListItem\",\"position\":2,\"item\":{\"@type\":\"WebPage\",\"@id\":\"https:\/\/annette-ahrens.at\/onlineshop\/alle-tafelkultur-objekte\/\",\"url\":\"https:\/\/annette-ahrens.at\/onlineshop\/alle-tafelkultur-objekte\/\",\"name\":\"Alle Tafelkultur Objekte\"}},{\"@type\":\"ListItem\",\"position\":3,\"item\":{\"@type\":\"WebPage\",\"@id\":\"https:\/\/annette-ahrens.at\/onlineshop\/produkt\/versilberte-historismus-spargelwiege-england-um-1880\/\",\"url\":\"https:\/\/annette-ahrens.at\/onlineshop\/produkt\/versilberte-historismus-spargelwiege-england-um-1880\/\",\"name\":\"Versilberte Historismus Spargelwiege, England, um 1880\"}}]}]}<\/script>\n<!-- \/ Yoast SEO Premium plugin. -->","_links":{"self":[{"href":"https:\/\/annette-ahrens.at\/onlineshop\/wp-json\/wp\/v2\/product\/43441","targetHints":{"allow":["GET"]}}],"collection":[{"href":"https:\/\/annette-ahrens.at\/onlineshop\/wp-json\/wp\/v2\/product"}],"about":[{"href":"https:\/\/annette-ahrens.at\/onlineshop\/wp-json\/wp\/v2\/types\/product"}],"replies":[{"embeddable":true,"href":"https:\/\/annette-ahrens.at\/onlineshop\/wp-json\/wp\/v2\/comments?post=43441"}],"wp:featuredmedia":[{"embeddable":true,"href":"https:\/\/annette-ahrens.at\/onlineshop\/wp-json\/wp\/v2\/media\/43492"}],"wp:attachment":[{"href":"https:\/\/annette-ahrens.at\/onlineshop\/wp-json\/wp\/v2\/media?parent=43441"}],"wp:term":[{"taxonomy":"product_brand","embeddable":true,"href":"https:\/\/annette-ahrens.at\/onlineshop\/wp-json\/wp\/v2\/product_brand?post=43441"},{"taxonomy":"product_cat","embeddable":true,"href":"https:\/\/annette-ahrens.at\/onlineshop\/wp-json\/wp\/v2\/product_cat?post=43441"},{"taxonomy":"product_tag","embeddable":true,"href":"https:\/\/annette-ahrens.at\/onlineshop\/wp-json\/wp\/v2\/product_tag?post=43441"}],"curies":[{"name":"wp","href":"https:\/\/api.w.org\/{rel}","templated":true}]}}