{"id":43663,"date":"2026-04-10T06:29:07","date_gmt":"2026-04-10T04:29:07","guid":{"rendered":"https:\/\/annette-ahrens.at\/onlineshop\/?post_type=product&#038;p=43663"},"modified":"2026-04-08T21:39:17","modified_gmt":"2026-04-08T19:39:17","slug":"5-versilberte-jugendstil-suppentassen-fa-moritz-hacker-wien-um-1900","status":"publish","type":"product","link":"https:\/\/annette-ahrens.at\/onlineshop\/produkt\/5-versilberte-jugendstil-suppentassen-fa-moritz-hacker-wien-um-1900\/","title":{"rendered":"5 versilberte Jugendstil Suppentassen, Fa. Moritz Hacker, Wien, um 1900"},"content":{"rendered":"<p>5 versilberte Jugendstil Suppentassen<\/p>\n<p>Fa. Moritz Hacker, Wien, \u00d6sterreich &#8211; Ungarische Monarchie, um 1900<\/p>\n<p>Alpacca, stark versilbert, kantiger Henkel, zwei Tassen am Boden gemarkt &#8222;HACKER&#8220; im Rechteck, Gebrauchsspuren, handpolierter Erhaltungszustand<\/p>\n<p>H 8 cm<\/p>\n<p>Dm 10,5 cm<\/p>\n","protected":false},"excerpt":{"rendered":"<p>Annettes Etikette: Zur Geschichte der Firma Hacker habe ich mir auf meinem <a href=\"https:\/\/annette-ahrens.at\/moritz-hacker-und-seine-plattierwarenfabrik\/\">Blog<\/a> ausf\u00fchrliche Gedanken gemacht. Nun ist es mir auch gelungen zu einem Enkel des urspr\u00fcnglichen Besitzers Kontakt zu bekommen. Wo sind die alten Wiener Gasth\u00e4user hin, wo noch mit dieser wundervollen Serviertechnik die Suppe, n\u00e4mlich in hei\u00dfen Zustand an den Tisch serviert wird? \u00a0Erfreulich w\u00e4re auch, wenn der Wirt wei\u00df, dass er die Suppe vom Gast weg in die Teller eingie\u00dft, um die Verbrennungsgefahr zu minimieren. Als Blumenschalen sind diese Tassen aber auch mehr als zauberhaft.<\/p>\n","protected":false},"featured_media":43669,"comment_status":"open","ping_status":"closed","template":"","meta":[],"product_brand":[],"product_cat":[276,279,190,194,131,53],"product_tag":[],"class_list":{"0":"post-43663","1":"product","2":"type-product","3":"status-publish","4":"has-post-thumbnail","6":"product_cat-alpacca","7":"product_cat-schale","8":"product_cat-suppe","9":"product_cat-suppentasse","10":"product_cat-tafeldekorationen","11":"product_cat-weihnachten","13":"first","14":"instock","15":"sold-individually","16":"purchasable","17":"product-type-simple"},"yoast_head":"<!-- This site is optimized with the Yoast SEO Premium plugin v15.8.2 - https:\/\/yoast.com\/wordpress\/plugins\/seo\/ -->\n<title>5 versilberte Jugendstil Suppentassen, Fa. Moritz Hacker, Wien, um 1900<\/title>\n<meta name=\"description\" content=\"5 versilberte Jugendstil Suppentassen, Fa. Moritz Hacker, Wien, um 1900 \u2665 Antiquit\u00e4ten Online kaufen \u2713 Sichere Lieferung \u2713\" \/>\n<meta name=\"robots\" content=\"index, follow, max-snippet:-1, max-image-preview:large, max-video-preview:-1\" \/>\n<link rel=\"canonical\" href=\"https:\/\/annette-ahrens.at\/onlineshop\/produkt\/5-versilberte-jugendstil-suppentassen-fa-moritz-hacker-wien-um-1900\/\" \/>\n<meta property=\"og:locale\" content=\"de_DE\" \/>\n<meta property=\"og:type\" content=\"article\" \/>\n<meta property=\"og:title\" content=\"5 versilberte Jugendstil Suppentassen, Fa. Moritz Hacker, Wien, um 1900\" \/>\n<meta property=\"og:description\" content=\"5 versilberte Jugendstil Suppentassen, Fa. Moritz Hacker, Wien, um 1900 \u2665 Antiquit\u00e4ten Online kaufen \u2713 Sichere Lieferung \u2713\" \/>\n<meta property=\"og:url\" content=\"https:\/\/annette-ahrens.at\/onlineshop\/produkt\/5-versilberte-jugendstil-suppentassen-fa-moritz-hacker-wien-um-1900\/\" \/>\n<meta property=\"og:site_name\" content=\"Tafelkultur Onlineshop\" \/>\n<meta property=\"article:publisher\" content=\"https:\/\/www.facebook.com\/AnnetteAhrensTafelkultur\" \/>\n<meta property=\"article:modified_time\" content=\"2026-04-08T19:39:17+00:00\" \/>\n<meta property=\"og:image\" content=\"https:\/\/annette-ahrens.at\/onlineshop\/wp-content\/uploads\/2026\/04\/IMG_2254-scaled.jpeg\" \/>\n\t<meta property=\"og:image:width\" content=\"1733\" \/>\n\t<meta property=\"og:image:height\" content=\"2048\" \/>\n<meta name=\"twitter:card\" content=\"summary_large_image\" \/>\n<meta name=\"twitter:label1\" content=\"Gesch\u00e4tzte Lesezeit\">\n\t<meta name=\"twitter:data1\" content=\"1\u00a0Minute\">\n<script type=\"application\/ld+json\" class=\"yoast-schema-graph\">{\"@context\":\"https:\/\/schema.org\",\"@graph\":[{\"@type\":[\"Person\",\"Organization\"],\"@id\":\"https:\/\/annette-ahrens.at\/onlineshop\/#\/schema\/person\/3e19676faae246bba0cb3b7e15f427d8\",\"name\":\"Annette Ahrens\",\"image\":{\"@type\":\"ImageObject\",\"@id\":\"https:\/\/annette-ahrens.at\/onlineshop\/#personlogo\",\"inLanguage\":\"de\",\"url\":\"https:\/\/annette-ahrens.at\/onlineshop\/wp-content\/uploads\/2020\/04\/aa_logo_End.png\",\"width\":800,\"height\":164,\"caption\":\"Annette Ahrens\"},\"logo\":{\"@id\":\"https:\/\/annette-ahrens.at\/onlineshop\/#personlogo\"},\"sameAs\":[\"https:\/\/annette-ahrens.at\",\"https:\/\/www.facebook.com\/AnnetteAhrensTafelkultur\",\"https:\/\/www.instagram.com\/tafelkulturistin\/\",\"https:\/\/de.wikipedia.org\/wiki\/Annette_Ahrens\"]},{\"@type\":\"WebSite\",\"@id\":\"https:\/\/annette-ahrens.at\/onlineshop\/#website\",\"url\":\"https:\/\/annette-ahrens.at\/onlineshop\/\",\"name\":\"Tafelkultur Onlineshop\",\"description\":\"Annette Ahrens\",\"publisher\":{\"@id\":\"https:\/\/annette-ahrens.at\/onlineshop\/#\/schema\/person\/3e19676faae246bba0cb3b7e15f427d8\"},\"potentialAction\":[{\"@type\":\"SearchAction\",\"target\":\"https:\/\/annette-ahrens.at\/onlineshop\/?s={search_term_string}\",\"query-input\":\"required name=search_term_string\"}],\"inLanguage\":\"de\"},{\"@type\":\"ImageObject\",\"@id\":\"https:\/\/annette-ahrens.at\/onlineshop\/produkt\/5-versilberte-jugendstil-suppentassen-fa-moritz-hacker-wien-um-1900\/#primaryimage\",\"inLanguage\":\"de\",\"url\":\"https:\/\/annette-ahrens.at\/onlineshop\/wp-content\/uploads\/2026\/04\/IMG_2254-scaled.jpeg\",\"width\":1733,\"height\":2048,\"caption\":\"suppentasse_hacker\"},{\"@type\":[\"WebPage\",\"ItemPage\"],\"@id\":\"https:\/\/annette-ahrens.at\/onlineshop\/produkt\/5-versilberte-jugendstil-suppentassen-fa-moritz-hacker-wien-um-1900\/#webpage\",\"url\":\"https:\/\/annette-ahrens.at\/onlineshop\/produkt\/5-versilberte-jugendstil-suppentassen-fa-moritz-hacker-wien-um-1900\/\",\"name\":\"5 versilberte Jugendstil Suppentassen, Fa. Moritz Hacker, Wien, um 1900\",\"isPartOf\":{\"@id\":\"https:\/\/annette-ahrens.at\/onlineshop\/#website\"},\"primaryImageOfPage\":{\"@id\":\"https:\/\/annette-ahrens.at\/onlineshop\/produkt\/5-versilberte-jugendstil-suppentassen-fa-moritz-hacker-wien-um-1900\/#primaryimage\"},\"datePublished\":\"2026-04-10T04:29:07+00:00\",\"dateModified\":\"2026-04-08T19:39:17+00:00\",\"description\":\"5 versilberte Jugendstil Suppentassen, Fa. Moritz Hacker, Wien, um 1900 \\u2665 Antiquit\\u00e4ten Online kaufen \\u2713 Sichere Lieferung \\u2713\",\"breadcrumb\":{\"@id\":\"https:\/\/annette-ahrens.at\/onlineshop\/produkt\/5-versilberte-jugendstil-suppentassen-fa-moritz-hacker-wien-um-1900\/#breadcrumb\"},\"inLanguage\":\"de\",\"potentialAction\":[{\"@type\":\"ReadAction\",\"target\":[\"https:\/\/annette-ahrens.at\/onlineshop\/produkt\/5-versilberte-jugendstil-suppentassen-fa-moritz-hacker-wien-um-1900\/\"]}]},{\"@type\":\"BreadcrumbList\",\"@id\":\"https:\/\/annette-ahrens.at\/onlineshop\/produkt\/5-versilberte-jugendstil-suppentassen-fa-moritz-hacker-wien-um-1900\/#breadcrumb\",\"itemListElement\":[{\"@type\":\"ListItem\",\"position\":1,\"item\":{\"@type\":\"WebPage\",\"@id\":\"https:\/\/annette-ahrens.at\/onlineshop\/\",\"url\":\"https:\/\/annette-ahrens.at\/onlineshop\/\",\"name\":\"Home\"}},{\"@type\":\"ListItem\",\"position\":2,\"item\":{\"@type\":\"WebPage\",\"@id\":\"https:\/\/annette-ahrens.at\/onlineshop\/alle-tafelkultur-objekte\/\",\"url\":\"https:\/\/annette-ahrens.at\/onlineshop\/alle-tafelkultur-objekte\/\",\"name\":\"Alle Tafelkultur Objekte\"}},{\"@type\":\"ListItem\",\"position\":3,\"item\":{\"@type\":\"WebPage\",\"@id\":\"https:\/\/annette-ahrens.at\/onlineshop\/produkt\/5-versilberte-jugendstil-suppentassen-fa-moritz-hacker-wien-um-1900\/\",\"url\":\"https:\/\/annette-ahrens.at\/onlineshop\/produkt\/5-versilberte-jugendstil-suppentassen-fa-moritz-hacker-wien-um-1900\/\",\"name\":\"5 versilberte Jugendstil Suppentassen, Fa. Moritz Hacker, Wien, um 1900\"}}]}]}<\/script>\n<!-- \/ Yoast SEO Premium plugin. -->","_links":{"self":[{"href":"https:\/\/annette-ahrens.at\/onlineshop\/wp-json\/wp\/v2\/product\/43663","targetHints":{"allow":["GET"]}}],"collection":[{"href":"https:\/\/annette-ahrens.at\/onlineshop\/wp-json\/wp\/v2\/product"}],"about":[{"href":"https:\/\/annette-ahrens.at\/onlineshop\/wp-json\/wp\/v2\/types\/product"}],"replies":[{"embeddable":true,"href":"https:\/\/annette-ahrens.at\/onlineshop\/wp-json\/wp\/v2\/comments?post=43663"}],"wp:featuredmedia":[{"embeddable":true,"href":"https:\/\/annette-ahrens.at\/onlineshop\/wp-json\/wp\/v2\/media\/43669"}],"wp:attachment":[{"href":"https:\/\/annette-ahrens.at\/onlineshop\/wp-json\/wp\/v2\/media?parent=43663"}],"wp:term":[{"taxonomy":"product_brand","embeddable":true,"href":"https:\/\/annette-ahrens.at\/onlineshop\/wp-json\/wp\/v2\/product_brand?post=43663"},{"taxonomy":"product_cat","embeddable":true,"href":"https:\/\/annette-ahrens.at\/onlineshop\/wp-json\/wp\/v2\/product_cat?post=43663"},{"taxonomy":"product_tag","embeddable":true,"href":"https:\/\/annette-ahrens.at\/onlineshop\/wp-json\/wp\/v2\/product_tag?post=43663"}],"curies":[{"name":"wp","href":"https:\/\/api.w.org\/{rel}","templated":true}]}}