{"id":43829,"date":"2026-04-15T06:25:50","date_gmt":"2026-04-15T04:25:50","guid":{"rendered":"https:\/\/annette-ahrens.at\/onlineshop\/?post_type=product&#038;p=43829"},"modified":"2026-04-12T21:32:48","modified_gmt":"2026-04-12T19:32:48","slug":"vergoldeter-eierschneider-mit-huhn-solingen-deutschland-um-1940-2","status":"publish","type":"product","link":"https:\/\/annette-ahrens.at\/onlineshop\/produkt\/vergoldeter-eierschneider-mit-huhn-solingen-deutschland-um-1940-2\/","title":{"rendered":"Vergoldeter Eierschneider mit Huhn, Solingen, Deutschland, um 1940"},"content":{"rendered":"<p>Vergoldete Eierschere mit H\u00fchnermotiv<\/p>\n<p>Fa. Dreizack, Solingen, Deutschland, um 1940<\/p>\n<p>Stahl, Schere mit reliefiertem Hahnmotiv, vergoldet, Auge als Scharnier, innen gemarkt DREIZACK SOLINGEN GERMANY, tadelloser, handpolierter Zustand, ohne originale Verpackung<\/p>\n<p>L 13,3 cm<\/p>\n","protected":false},"excerpt":{"rendered":"<p>Annettes Etikette: An der Frage wie man sein Eier gepflegt \u00f6ffnet, sind schon Ehen gescheitert. Dieser solide wohl in Solingen hergestellte Eierschneider kann auch Eierschere oder Eierk\u00f6pfer genannt werden. Auf alle F\u00e4lle ein origineller Begleiter beim morgendlichen Fr\u00fchst\u00fcck.<\/p>\n","protected":false},"featured_media":43830,"comment_status":"open","ping_status":"closed","template":"","meta":[],"product_brand":[],"product_cat":[30,142,36,273,239,238,26],"product_tag":[],"class_list":{"0":"post-43829","1":"product","2":"type-product","3":"status-publish","4":"has-post-thumbnail","6":"product_cat-besteck","7":"product_cat-eier","8":"product_cat-eierbecher","9":"product_cat-silber-fachbuecher","10":"product_cat-spezialbestecke","11":"product_cat-vorleger","12":"product_cat-wiener-melange","14":"first","15":"instock","16":"sold-individually","17":"purchasable","18":"product-type-simple"},"yoast_head":"<!-- This site is optimized with the Yoast SEO Premium plugin v15.8.2 - https:\/\/yoast.com\/wordpress\/plugins\/seo\/ -->\n<title>Vergoldeter Eierschneider mit Huhn, Solingen, Deutschland, um 1940<\/title>\n<meta name=\"description\" content=\"Vergoldeter Eierschneider mit Huhn, Solingen, Deutschland, um 1940 \u2665 Antiquit\u00e4ten Online kaufen \u2713 Sichere Lieferung \u2713\" \/>\n<meta name=\"robots\" content=\"index, follow, max-snippet:-1, max-image-preview:large, max-video-preview:-1\" \/>\n<link rel=\"canonical\" href=\"https:\/\/annette-ahrens.at\/onlineshop\/produkt\/vergoldeter-eierschneider-mit-huhn-solingen-deutschland-um-1940-2\/\" \/>\n<meta property=\"og:locale\" content=\"de_DE\" \/>\n<meta property=\"og:type\" content=\"article\" \/>\n<meta property=\"og:title\" content=\"Vergoldeter Eierschneider mit Huhn, Solingen, Deutschland, um 1940\" \/>\n<meta property=\"og:description\" content=\"Vergoldeter Eierschneider mit Huhn, Solingen, Deutschland, um 1940 \u2665 Antiquit\u00e4ten Online kaufen \u2713 Sichere Lieferung \u2713\" \/>\n<meta property=\"og:url\" content=\"https:\/\/annette-ahrens.at\/onlineshop\/produkt\/vergoldeter-eierschneider-mit-huhn-solingen-deutschland-um-1940-2\/\" \/>\n<meta property=\"og:site_name\" content=\"Tafelkultur Onlineshop\" \/>\n<meta property=\"article:publisher\" content=\"https:\/\/www.facebook.com\/AnnetteAhrensTafelkultur\" \/>\n<meta property=\"article:modified_time\" content=\"2026-04-12T19:32:48+00:00\" \/>\n<meta property=\"og:image\" content=\"https:\/\/annette-ahrens.at\/onlineshop\/wp-content\/uploads\/2026\/04\/IMG_2350-scaled.jpeg\" \/>\n\t<meta property=\"og:image:width\" content=\"1536\" \/>\n\t<meta property=\"og:image:height\" content=\"2048\" \/>\n<meta name=\"twitter:card\" content=\"summary_large_image\" \/>\n<meta name=\"twitter:label1\" content=\"Gesch\u00e4tzte Lesezeit\">\n\t<meta name=\"twitter:data1\" content=\"1\u00a0Minute\">\n<script type=\"application\/ld+json\" class=\"yoast-schema-graph\">{\"@context\":\"https:\/\/schema.org\",\"@graph\":[{\"@type\":[\"Person\",\"Organization\"],\"@id\":\"https:\/\/annette-ahrens.at\/onlineshop\/#\/schema\/person\/3e19676faae246bba0cb3b7e15f427d8\",\"name\":\"Annette Ahrens\",\"image\":{\"@type\":\"ImageObject\",\"@id\":\"https:\/\/annette-ahrens.at\/onlineshop\/#personlogo\",\"inLanguage\":\"de\",\"url\":\"https:\/\/annette-ahrens.at\/onlineshop\/wp-content\/uploads\/2020\/04\/aa_logo_End.png\",\"width\":800,\"height\":164,\"caption\":\"Annette Ahrens\"},\"logo\":{\"@id\":\"https:\/\/annette-ahrens.at\/onlineshop\/#personlogo\"},\"sameAs\":[\"https:\/\/annette-ahrens.at\",\"https:\/\/www.facebook.com\/AnnetteAhrensTafelkultur\",\"https:\/\/www.instagram.com\/tafelkulturistin\/\",\"https:\/\/de.wikipedia.org\/wiki\/Annette_Ahrens\"]},{\"@type\":\"WebSite\",\"@id\":\"https:\/\/annette-ahrens.at\/onlineshop\/#website\",\"url\":\"https:\/\/annette-ahrens.at\/onlineshop\/\",\"name\":\"Tafelkultur Onlineshop\",\"description\":\"Annette Ahrens\",\"publisher\":{\"@id\":\"https:\/\/annette-ahrens.at\/onlineshop\/#\/schema\/person\/3e19676faae246bba0cb3b7e15f427d8\"},\"potentialAction\":[{\"@type\":\"SearchAction\",\"target\":\"https:\/\/annette-ahrens.at\/onlineshop\/?s={search_term_string}\",\"query-input\":\"required name=search_term_string\"}],\"inLanguage\":\"de\"},{\"@type\":\"ImageObject\",\"@id\":\"https:\/\/annette-ahrens.at\/onlineshop\/produkt\/vergoldeter-eierschneider-mit-huhn-solingen-deutschland-um-1940-2\/#primaryimage\",\"inLanguage\":\"de\",\"url\":\"https:\/\/annette-ahrens.at\/onlineshop\/wp-content\/uploads\/2026\/04\/IMG_2350-scaled.jpeg\",\"width\":1536,\"height\":2048,\"caption\":\"eierschneider_solingen\"},{\"@type\":[\"WebPage\",\"ItemPage\"],\"@id\":\"https:\/\/annette-ahrens.at\/onlineshop\/produkt\/vergoldeter-eierschneider-mit-huhn-solingen-deutschland-um-1940-2\/#webpage\",\"url\":\"https:\/\/annette-ahrens.at\/onlineshop\/produkt\/vergoldeter-eierschneider-mit-huhn-solingen-deutschland-um-1940-2\/\",\"name\":\"Vergoldeter Eierschneider mit Huhn, Solingen, Deutschland, um 1940\",\"isPartOf\":{\"@id\":\"https:\/\/annette-ahrens.at\/onlineshop\/#website\"},\"primaryImageOfPage\":{\"@id\":\"https:\/\/annette-ahrens.at\/onlineshop\/produkt\/vergoldeter-eierschneider-mit-huhn-solingen-deutschland-um-1940-2\/#primaryimage\"},\"datePublished\":\"2026-04-15T04:25:50+00:00\",\"dateModified\":\"2026-04-12T19:32:48+00:00\",\"description\":\"Vergoldeter Eierschneider mit Huhn, Solingen, Deutschland, um 1940 \\u2665 Antiquit\\u00e4ten Online kaufen \\u2713 Sichere Lieferung \\u2713\",\"breadcrumb\":{\"@id\":\"https:\/\/annette-ahrens.at\/onlineshop\/produkt\/vergoldeter-eierschneider-mit-huhn-solingen-deutschland-um-1940-2\/#breadcrumb\"},\"inLanguage\":\"de\",\"potentialAction\":[{\"@type\":\"ReadAction\",\"target\":[\"https:\/\/annette-ahrens.at\/onlineshop\/produkt\/vergoldeter-eierschneider-mit-huhn-solingen-deutschland-um-1940-2\/\"]}]},{\"@type\":\"BreadcrumbList\",\"@id\":\"https:\/\/annette-ahrens.at\/onlineshop\/produkt\/vergoldeter-eierschneider-mit-huhn-solingen-deutschland-um-1940-2\/#breadcrumb\",\"itemListElement\":[{\"@type\":\"ListItem\",\"position\":1,\"item\":{\"@type\":\"WebPage\",\"@id\":\"https:\/\/annette-ahrens.at\/onlineshop\/\",\"url\":\"https:\/\/annette-ahrens.at\/onlineshop\/\",\"name\":\"Home\"}},{\"@type\":\"ListItem\",\"position\":2,\"item\":{\"@type\":\"WebPage\",\"@id\":\"https:\/\/annette-ahrens.at\/onlineshop\/alle-tafelkultur-objekte\/\",\"url\":\"https:\/\/annette-ahrens.at\/onlineshop\/alle-tafelkultur-objekte\/\",\"name\":\"Alle Tafelkultur Objekte\"}},{\"@type\":\"ListItem\",\"position\":3,\"item\":{\"@type\":\"WebPage\",\"@id\":\"https:\/\/annette-ahrens.at\/onlineshop\/produkt\/vergoldeter-eierschneider-mit-huhn-solingen-deutschland-um-1940-2\/\",\"url\":\"https:\/\/annette-ahrens.at\/onlineshop\/produkt\/vergoldeter-eierschneider-mit-huhn-solingen-deutschland-um-1940-2\/\",\"name\":\"Vergoldeter Eierschneider mit Huhn, Solingen, Deutschland, um 1940\"}}]}]}<\/script>\n<!-- \/ Yoast SEO Premium plugin. -->","_links":{"self":[{"href":"https:\/\/annette-ahrens.at\/onlineshop\/wp-json\/wp\/v2\/product\/43829","targetHints":{"allow":["GET"]}}],"collection":[{"href":"https:\/\/annette-ahrens.at\/onlineshop\/wp-json\/wp\/v2\/product"}],"about":[{"href":"https:\/\/annette-ahrens.at\/onlineshop\/wp-json\/wp\/v2\/types\/product"}],"replies":[{"embeddable":true,"href":"https:\/\/annette-ahrens.at\/onlineshop\/wp-json\/wp\/v2\/comments?post=43829"}],"wp:featuredmedia":[{"embeddable":true,"href":"https:\/\/annette-ahrens.at\/onlineshop\/wp-json\/wp\/v2\/media\/43830"}],"wp:attachment":[{"href":"https:\/\/annette-ahrens.at\/onlineshop\/wp-json\/wp\/v2\/media?parent=43829"}],"wp:term":[{"taxonomy":"product_brand","embeddable":true,"href":"https:\/\/annette-ahrens.at\/onlineshop\/wp-json\/wp\/v2\/product_brand?post=43829"},{"taxonomy":"product_cat","embeddable":true,"href":"https:\/\/annette-ahrens.at\/onlineshop\/wp-json\/wp\/v2\/product_cat?post=43829"},{"taxonomy":"product_tag","embeddable":true,"href":"https:\/\/annette-ahrens.at\/onlineshop\/wp-json\/wp\/v2\/product_tag?post=43829"}],"curies":[{"name":"wp","href":"https:\/\/api.w.org\/{rel}","templated":true}]}}