{"id":43908,"date":"2026-04-22T06:10:57","date_gmt":"2026-04-22T04:10:57","guid":{"rendered":"https:\/\/annette-ahrens.at\/onlineshop\/?post_type=product&#038;p=43908"},"modified":"2026-04-21T22:28:11","modified_gmt":"2026-04-21T20:28:11","slug":"versilbertes-art-deco-henkeltablett-fa-f-bibus-maehrisch-truebau-um-1925","status":"publish","type":"product","link":"https:\/\/annette-ahrens.at\/onlineshop\/produkt\/versilbertes-art-deco-henkeltablett-fa-f-bibus-maehrisch-truebau-um-1925\/","title":{"rendered":"Versilbertes Art Deco Henkeltablett, Fa. F. Bibus, M\u00e4hrisch-Tr\u00fcbau, um 1925"},"content":{"rendered":"<p>Versilbertes Art Deco Henkeltablett<\/p>\n<p>Fa. Franti\u0161ek Bibus, M\u00e4hrisch-Tr\u00fcbau, Tschechoslowakei, um 1925<\/p>\n<p>Alpacca, versilbert, rechteckiges Henkeltablett, umlaufender Perlstabrand, gemarkt mit Fahnenmarke der tschechoslowakischen Firma Franti\u0161ek Bibus, M\u00e4hrisch-Tr\u00fcbau, tadelloser, handpolierter Erhaltungszustand<\/p>\n<p>L\u00e4nge 47 x 22,5 cm<\/p>\n","protected":false},"excerpt":{"rendered":"<p>Annettes Etikette: 1883 gr\u00fcndete Franti\u0161ek Bibus eine Silberwarenfabrik in M\u00e4hrisch-Tr\u00fcbau. Nach dem Jahre 1890 bot er ein schon verh\u00e4ltnism\u00e4\u00dfig breites Sortiment an Silberwaren an: Dosen, Zigarrenspitzen, Zigarren- und Zigarettenetuis, Feuerzeuge, Tabletts und Aufs\u00e4tze. Ab dem Jahr 1913 begann die Firma F. Bibus mit der Herstellung von versilberten Waren und setzte als Firmenmarke eine wehende Flagge mit dem Buchstaben B fest. Nach dem 1. Weltkrieg erweiterte F. Bibus seine Erzeugung und wurde zum gr\u00f6\u00dften Alpaccawaren-Hersteller der Republik, in dieser Zeit besch\u00e4ftigte er schon mehr als 100 Mitarbeiter. Ich habe ein besonderes Faible f\u00fcr diese Firma.<\/p>\n","protected":false},"featured_media":43934,"comment_status":"open","ping_status":"closed","template":"","meta":[],"product_brand":[],"product_cat":[25,297,276,300,160,296,283,131,53,308],"product_tag":[],"class_list":{"0":"post-43908","1":"product","2":"type-product","3":"status-publish","4":"has-post-thumbnail","6":"product_cat-5o-clock-tea","7":"product_cat-adventjause","8":"product_cat-alpacca","9":"product_cat-gartenfest","10":"product_cat-obst","11":"product_cat-silvester","12":"product_cat-tablett","13":"product_cat-tafeldekorationen","14":"product_cat-weihnachten","15":"product_cat-weihnachtsgebaeck","17":"first","18":"instock","19":"sold-individually","20":"purchasable","21":"product-type-simple"},"yoast_head":"<!-- This site is optimized with the Yoast SEO Premium plugin v15.8.2 - https:\/\/yoast.com\/wordpress\/plugins\/seo\/ -->\n<title>Versilbertes Art Deco Henkeltablett, Fa. F. Bibus, M\u00e4hrisch-Tr\u00fcbau, um 1925<\/title>\n<meta name=\"description\" content=\"Versilbertes Art Deco Henkeltablett, Fa. F. Bibus, M\u00e4hrisch-Tr\u00fcbau, um 1925 \u2665 Antiquit\u00e4ten Online kaufen \u2713 Sichere Lieferung \u2713\" \/>\n<meta name=\"robots\" content=\"index, follow, max-snippet:-1, max-image-preview:large, max-video-preview:-1\" \/>\n<link rel=\"canonical\" href=\"https:\/\/annette-ahrens.at\/onlineshop\/produkt\/versilbertes-art-deco-henkeltablett-fa-f-bibus-maehrisch-truebau-um-1925\/\" \/>\n<meta property=\"og:locale\" content=\"de_DE\" \/>\n<meta property=\"og:type\" content=\"article\" \/>\n<meta property=\"og:title\" content=\"Versilbertes Art Deco Henkeltablett, Fa. F. Bibus, M\u00e4hrisch-Tr\u00fcbau, um 1925\" \/>\n<meta property=\"og:description\" content=\"Versilbertes Art Deco Henkeltablett, Fa. F. Bibus, M\u00e4hrisch-Tr\u00fcbau, um 1925 \u2665 Antiquit\u00e4ten Online kaufen \u2713 Sichere Lieferung \u2713\" \/>\n<meta property=\"og:url\" content=\"https:\/\/annette-ahrens.at\/onlineshop\/produkt\/versilbertes-art-deco-henkeltablett-fa-f-bibus-maehrisch-truebau-um-1925\/\" \/>\n<meta property=\"og:site_name\" content=\"Tafelkultur Onlineshop\" \/>\n<meta property=\"article:publisher\" content=\"https:\/\/www.facebook.com\/AnnetteAhrensTafelkultur\" \/>\n<meta property=\"article:modified_time\" content=\"2026-04-21T20:28:11+00:00\" \/>\n<meta property=\"og:image\" content=\"https:\/\/annette-ahrens.at\/onlineshop\/wp-content\/uploads\/2026\/04\/IMG_2440-scaled.jpeg\" \/>\n\t<meta property=\"og:image:width\" content=\"2048\" \/>\n\t<meta property=\"og:image:height\" content=\"1517\" \/>\n<meta name=\"twitter:card\" content=\"summary_large_image\" \/>\n<meta name=\"twitter:label1\" content=\"Gesch\u00e4tzte Lesezeit\">\n\t<meta name=\"twitter:data1\" content=\"1\u00a0Minute\">\n<script type=\"application\/ld+json\" class=\"yoast-schema-graph\">{\"@context\":\"https:\/\/schema.org\",\"@graph\":[{\"@type\":[\"Person\",\"Organization\"],\"@id\":\"https:\/\/annette-ahrens.at\/onlineshop\/#\/schema\/person\/3e19676faae246bba0cb3b7e15f427d8\",\"name\":\"Annette Ahrens\",\"image\":{\"@type\":\"ImageObject\",\"@id\":\"https:\/\/annette-ahrens.at\/onlineshop\/#personlogo\",\"inLanguage\":\"de\",\"url\":\"https:\/\/annette-ahrens.at\/onlineshop\/wp-content\/uploads\/2020\/04\/aa_logo_End.png\",\"width\":800,\"height\":164,\"caption\":\"Annette Ahrens\"},\"logo\":{\"@id\":\"https:\/\/annette-ahrens.at\/onlineshop\/#personlogo\"},\"sameAs\":[\"https:\/\/annette-ahrens.at\",\"https:\/\/www.facebook.com\/AnnetteAhrensTafelkultur\",\"https:\/\/www.instagram.com\/tafelkulturistin\/\",\"https:\/\/de.wikipedia.org\/wiki\/Annette_Ahrens\"]},{\"@type\":\"WebSite\",\"@id\":\"https:\/\/annette-ahrens.at\/onlineshop\/#website\",\"url\":\"https:\/\/annette-ahrens.at\/onlineshop\/\",\"name\":\"Tafelkultur Onlineshop\",\"description\":\"Annette Ahrens\",\"publisher\":{\"@id\":\"https:\/\/annette-ahrens.at\/onlineshop\/#\/schema\/person\/3e19676faae246bba0cb3b7e15f427d8\"},\"potentialAction\":[{\"@type\":\"SearchAction\",\"target\":\"https:\/\/annette-ahrens.at\/onlineshop\/?s={search_term_string}\",\"query-input\":\"required name=search_term_string\"}],\"inLanguage\":\"de\"},{\"@type\":\"ImageObject\",\"@id\":\"https:\/\/annette-ahrens.at\/onlineshop\/produkt\/versilbertes-art-deco-henkeltablett-fa-f-bibus-maehrisch-truebau-um-1925\/#primaryimage\",\"inLanguage\":\"de\",\"url\":\"https:\/\/annette-ahrens.at\/onlineshop\/wp-content\/uploads\/2026\/04\/IMG_2440-scaled.jpeg\",\"width\":2048,\"height\":1517,\"caption\":\"tablett_bibus\"},{\"@type\":[\"WebPage\",\"ItemPage\"],\"@id\":\"https:\/\/annette-ahrens.at\/onlineshop\/produkt\/versilbertes-art-deco-henkeltablett-fa-f-bibus-maehrisch-truebau-um-1925\/#webpage\",\"url\":\"https:\/\/annette-ahrens.at\/onlineshop\/produkt\/versilbertes-art-deco-henkeltablett-fa-f-bibus-maehrisch-truebau-um-1925\/\",\"name\":\"Versilbertes Art Deco Henkeltablett, Fa. F. Bibus, M\\u00e4hrisch-Tr\\u00fcbau, um 1925\",\"isPartOf\":{\"@id\":\"https:\/\/annette-ahrens.at\/onlineshop\/#website\"},\"primaryImageOfPage\":{\"@id\":\"https:\/\/annette-ahrens.at\/onlineshop\/produkt\/versilbertes-art-deco-henkeltablett-fa-f-bibus-maehrisch-truebau-um-1925\/#primaryimage\"},\"datePublished\":\"2026-04-22T04:10:57+00:00\",\"dateModified\":\"2026-04-21T20:28:11+00:00\",\"description\":\"Versilbertes Art Deco Henkeltablett, Fa. F. Bibus, M\\u00e4hrisch-Tr\\u00fcbau, um 1925 \\u2665 Antiquit\\u00e4ten Online kaufen \\u2713 Sichere Lieferung \\u2713\",\"breadcrumb\":{\"@id\":\"https:\/\/annette-ahrens.at\/onlineshop\/produkt\/versilbertes-art-deco-henkeltablett-fa-f-bibus-maehrisch-truebau-um-1925\/#breadcrumb\"},\"inLanguage\":\"de\",\"potentialAction\":[{\"@type\":\"ReadAction\",\"target\":[\"https:\/\/annette-ahrens.at\/onlineshop\/produkt\/versilbertes-art-deco-henkeltablett-fa-f-bibus-maehrisch-truebau-um-1925\/\"]}]},{\"@type\":\"BreadcrumbList\",\"@id\":\"https:\/\/annette-ahrens.at\/onlineshop\/produkt\/versilbertes-art-deco-henkeltablett-fa-f-bibus-maehrisch-truebau-um-1925\/#breadcrumb\",\"itemListElement\":[{\"@type\":\"ListItem\",\"position\":1,\"item\":{\"@type\":\"WebPage\",\"@id\":\"https:\/\/annette-ahrens.at\/onlineshop\/\",\"url\":\"https:\/\/annette-ahrens.at\/onlineshop\/\",\"name\":\"Home\"}},{\"@type\":\"ListItem\",\"position\":2,\"item\":{\"@type\":\"WebPage\",\"@id\":\"https:\/\/annette-ahrens.at\/onlineshop\/alle-tafelkultur-objekte\/\",\"url\":\"https:\/\/annette-ahrens.at\/onlineshop\/alle-tafelkultur-objekte\/\",\"name\":\"Alle Tafelkultur Objekte\"}},{\"@type\":\"ListItem\",\"position\":3,\"item\":{\"@type\":\"WebPage\",\"@id\":\"https:\/\/annette-ahrens.at\/onlineshop\/produkt\/versilbertes-art-deco-henkeltablett-fa-f-bibus-maehrisch-truebau-um-1925\/\",\"url\":\"https:\/\/annette-ahrens.at\/onlineshop\/produkt\/versilbertes-art-deco-henkeltablett-fa-f-bibus-maehrisch-truebau-um-1925\/\",\"name\":\"Versilbertes Art Deco Henkeltablett, Fa. F. Bibus, M\\u00e4hrisch-Tr\\u00fcbau, um 1925\"}}]}]}<\/script>\n<!-- \/ Yoast SEO Premium plugin. -->","_links":{"self":[{"href":"https:\/\/annette-ahrens.at\/onlineshop\/wp-json\/wp\/v2\/product\/43908","targetHints":{"allow":["GET"]}}],"collection":[{"href":"https:\/\/annette-ahrens.at\/onlineshop\/wp-json\/wp\/v2\/product"}],"about":[{"href":"https:\/\/annette-ahrens.at\/onlineshop\/wp-json\/wp\/v2\/types\/product"}],"replies":[{"embeddable":true,"href":"https:\/\/annette-ahrens.at\/onlineshop\/wp-json\/wp\/v2\/comments?post=43908"}],"wp:featuredmedia":[{"embeddable":true,"href":"https:\/\/annette-ahrens.at\/onlineshop\/wp-json\/wp\/v2\/media\/43934"}],"wp:attachment":[{"href":"https:\/\/annette-ahrens.at\/onlineshop\/wp-json\/wp\/v2\/media?parent=43908"}],"wp:term":[{"taxonomy":"product_brand","embeddable":true,"href":"https:\/\/annette-ahrens.at\/onlineshop\/wp-json\/wp\/v2\/product_brand?post=43908"},{"taxonomy":"product_cat","embeddable":true,"href":"https:\/\/annette-ahrens.at\/onlineshop\/wp-json\/wp\/v2\/product_cat?post=43908"},{"taxonomy":"product_tag","embeddable":true,"href":"https:\/\/annette-ahrens.at\/onlineshop\/wp-json\/wp\/v2\/product_tag?post=43908"}],"curies":[{"name":"wp","href":"https:\/\/api.w.org\/{rel}","templated":true}]}}