{"id":43961,"date":"2026-04-25T06:55:27","date_gmt":"2026-04-25T04:55:27","guid":{"rendered":"https:\/\/annette-ahrens.at\/onlineshop\/?post_type=product&#038;p=43961"},"modified":"2026-04-21T22:31:36","modified_gmt":"2026-04-21T20:31:36","slug":"historismus-tafelaufsatz-mit-glastulpe-wien-um-1880","status":"publish","type":"product","link":"https:\/\/annette-ahrens.at\/onlineshop\/produkt\/historismus-tafelaufsatz-mit-glastulpe-wien-um-1880\/","title":{"rendered":"Historismus Tafelaufsatz mit Glastulpe, A. Klein, Wien, um 1880"},"content":{"rendered":"<p>Historismus Tafelaufsatz mit Glastulpe<\/p>\n<p>A. Klein, Wien, \u00d6sterreich &#8211; Ungarische Monarchie, um 1880<\/p>\n<p>Alpacca, massiv versilbert, runder Fu\u00df mit Reliefdekor, abschraubbare Aufsatzschale mit korrespondierendem Dekor, Fassung f\u00fcr Glastulpe, ungemarkt, tadelloser, handpolierter Erhaltungszustand<\/p>\n<p>H 46 cm<\/p>\n<p>Dm 26 cm<\/p>\n","protected":false},"excerpt":{"rendered":"<p>Historismus Tafelaufsatz mit Glastulpe A. Klein, Wien, \u00d6sterreich &#8211; Ungarische Monarchie, um 1880 Alpacca, massiv versilbert, runder Fu\u00df mit Reliefdekor, abschraubbare Aufsatzschale mit korrespondierendem Dekor, Fassung f\u00fcr Glastulpe, ungemarkt, tadelloser, handpolierter Erhaltungszustand H 46 cm Dm 26 cm<\/p>\n","protected":false},"featured_media":43910,"comment_status":"open","ping_status":"closed","template":"","meta":[],"product_brand":[],"product_cat":[25,298,192,19,300,291,198,20,292,24,281,131,311,302,26],"product_tag":[],"class_list":{"0":"post-43961","1":"product","2":"type-product","3":"status-publish","4":"has-post-thumbnail","6":"product_cat-5o-clock-tea","7":"product_cat-buffet","8":"product_cat-dessert","9":"product_cat-gabelfruehstueck","10":"product_cat-gartenfest","11":"product_cat-hochzeit","12":"product_cat-kuchen","13":"product_cat-lunchtime","14":"product_cat-muttertag","15":"product_cat-patisserie","16":"product_cat-tafelaufsatz","17":"product_cat-tafeldekorationen","18":"product_cat-tafelinventar","19":"product_cat-torte","20":"product_cat-wiener-melange","22":"first","23":"instock","24":"sold-individually","25":"purchasable","26":"product-type-simple"},"yoast_head":"<!-- This site is optimized with the Yoast SEO Premium plugin v15.8.2 - https:\/\/yoast.com\/wordpress\/plugins\/seo\/ -->\n<title>Historismus Tafelaufsatz mit Glastulpe, A. Klein, Wien, um 1880<\/title>\n<meta name=\"description\" content=\"Historismus Tafelaufsatz mit Glastulpe, A. Klein, Wien, um 1880 \u2665 Antiquit\u00e4ten Online kaufen \u2713 Sichere Lieferung \u2713\" \/>\n<meta name=\"robots\" content=\"index, follow, max-snippet:-1, max-image-preview:large, max-video-preview:-1\" \/>\n<link rel=\"canonical\" href=\"https:\/\/annette-ahrens.at\/onlineshop\/produkt\/historismus-tafelaufsatz-mit-glastulpe-wien-um-1880\/\" \/>\n<meta property=\"og:locale\" content=\"de_DE\" \/>\n<meta property=\"og:type\" content=\"article\" \/>\n<meta property=\"og:title\" content=\"Historismus Tafelaufsatz mit Glastulpe, A. Klein, Wien, um 1880\" \/>\n<meta property=\"og:description\" content=\"Historismus Tafelaufsatz mit Glastulpe, A. Klein, Wien, um 1880 \u2665 Antiquit\u00e4ten Online kaufen \u2713 Sichere Lieferung \u2713\" \/>\n<meta property=\"og:url\" content=\"https:\/\/annette-ahrens.at\/onlineshop\/produkt\/historismus-tafelaufsatz-mit-glastulpe-wien-um-1880\/\" \/>\n<meta property=\"og:site_name\" content=\"Tafelkultur Onlineshop\" \/>\n<meta property=\"article:publisher\" content=\"https:\/\/www.facebook.com\/AnnetteAhrensTafelkultur\" \/>\n<meta property=\"article:modified_time\" content=\"2026-04-21T20:31:36+00:00\" \/>\n<meta property=\"og:image\" content=\"https:\/\/annette-ahrens.at\/onlineshop\/wp-content\/uploads\/2026\/04\/IMG_2378-scaled.jpeg\" \/>\n\t<meta property=\"og:image:width\" content=\"1467\" \/>\n\t<meta property=\"og:image:height\" content=\"2048\" \/>\n<meta name=\"twitter:card\" content=\"summary_large_image\" \/>\n<meta name=\"twitter:label1\" content=\"Gesch\u00e4tzte Lesezeit\">\n\t<meta name=\"twitter:data1\" content=\"1\u00a0Minute\">\n<script type=\"application\/ld+json\" class=\"yoast-schema-graph\">{\"@context\":\"https:\/\/schema.org\",\"@graph\":[{\"@type\":[\"Person\",\"Organization\"],\"@id\":\"https:\/\/annette-ahrens.at\/onlineshop\/#\/schema\/person\/3e19676faae246bba0cb3b7e15f427d8\",\"name\":\"Annette Ahrens\",\"image\":{\"@type\":\"ImageObject\",\"@id\":\"https:\/\/annette-ahrens.at\/onlineshop\/#personlogo\",\"inLanguage\":\"de\",\"url\":\"https:\/\/annette-ahrens.at\/onlineshop\/wp-content\/uploads\/2020\/04\/aa_logo_End.png\",\"width\":800,\"height\":164,\"caption\":\"Annette Ahrens\"},\"logo\":{\"@id\":\"https:\/\/annette-ahrens.at\/onlineshop\/#personlogo\"},\"sameAs\":[\"https:\/\/annette-ahrens.at\",\"https:\/\/www.facebook.com\/AnnetteAhrensTafelkultur\",\"https:\/\/www.instagram.com\/tafelkulturistin\/\",\"https:\/\/de.wikipedia.org\/wiki\/Annette_Ahrens\"]},{\"@type\":\"WebSite\",\"@id\":\"https:\/\/annette-ahrens.at\/onlineshop\/#website\",\"url\":\"https:\/\/annette-ahrens.at\/onlineshop\/\",\"name\":\"Tafelkultur Onlineshop\",\"description\":\"Annette Ahrens\",\"publisher\":{\"@id\":\"https:\/\/annette-ahrens.at\/onlineshop\/#\/schema\/person\/3e19676faae246bba0cb3b7e15f427d8\"},\"potentialAction\":[{\"@type\":\"SearchAction\",\"target\":\"https:\/\/annette-ahrens.at\/onlineshop\/?s={search_term_string}\",\"query-input\":\"required name=search_term_string\"}],\"inLanguage\":\"de\"},{\"@type\":\"ImageObject\",\"@id\":\"https:\/\/annette-ahrens.at\/onlineshop\/produkt\/historismus-tafelaufsatz-mit-glastulpe-wien-um-1880\/#primaryimage\",\"inLanguage\":\"de\",\"url\":\"https:\/\/annette-ahrens.at\/onlineshop\/wp-content\/uploads\/2026\/04\/IMG_2378-scaled.jpeg\",\"width\":1467,\"height\":2048,\"caption\":\"historismus_tafelaufsatz\"},{\"@type\":[\"WebPage\",\"ItemPage\"],\"@id\":\"https:\/\/annette-ahrens.at\/onlineshop\/produkt\/historismus-tafelaufsatz-mit-glastulpe-wien-um-1880\/#webpage\",\"url\":\"https:\/\/annette-ahrens.at\/onlineshop\/produkt\/historismus-tafelaufsatz-mit-glastulpe-wien-um-1880\/\",\"name\":\"Historismus Tafelaufsatz mit Glastulpe, A. Klein, Wien, um 1880\",\"isPartOf\":{\"@id\":\"https:\/\/annette-ahrens.at\/onlineshop\/#website\"},\"primaryImageOfPage\":{\"@id\":\"https:\/\/annette-ahrens.at\/onlineshop\/produkt\/historismus-tafelaufsatz-mit-glastulpe-wien-um-1880\/#primaryimage\"},\"datePublished\":\"2026-04-25T04:55:27+00:00\",\"dateModified\":\"2026-04-21T20:31:36+00:00\",\"description\":\"Historismus Tafelaufsatz mit Glastulpe, A. Klein, Wien, um 1880 \\u2665 Antiquit\\u00e4ten Online kaufen \\u2713 Sichere Lieferung \\u2713\",\"breadcrumb\":{\"@id\":\"https:\/\/annette-ahrens.at\/onlineshop\/produkt\/historismus-tafelaufsatz-mit-glastulpe-wien-um-1880\/#breadcrumb\"},\"inLanguage\":\"de\",\"potentialAction\":[{\"@type\":\"ReadAction\",\"target\":[\"https:\/\/annette-ahrens.at\/onlineshop\/produkt\/historismus-tafelaufsatz-mit-glastulpe-wien-um-1880\/\"]}]},{\"@type\":\"BreadcrumbList\",\"@id\":\"https:\/\/annette-ahrens.at\/onlineshop\/produkt\/historismus-tafelaufsatz-mit-glastulpe-wien-um-1880\/#breadcrumb\",\"itemListElement\":[{\"@type\":\"ListItem\",\"position\":1,\"item\":{\"@type\":\"WebPage\",\"@id\":\"https:\/\/annette-ahrens.at\/onlineshop\/\",\"url\":\"https:\/\/annette-ahrens.at\/onlineshop\/\",\"name\":\"Home\"}},{\"@type\":\"ListItem\",\"position\":2,\"item\":{\"@type\":\"WebPage\",\"@id\":\"https:\/\/annette-ahrens.at\/onlineshop\/alle-tafelkultur-objekte\/\",\"url\":\"https:\/\/annette-ahrens.at\/onlineshop\/alle-tafelkultur-objekte\/\",\"name\":\"Alle Tafelkultur Objekte\"}},{\"@type\":\"ListItem\",\"position\":3,\"item\":{\"@type\":\"WebPage\",\"@id\":\"https:\/\/annette-ahrens.at\/onlineshop\/produkt\/historismus-tafelaufsatz-mit-glastulpe-wien-um-1880\/\",\"url\":\"https:\/\/annette-ahrens.at\/onlineshop\/produkt\/historismus-tafelaufsatz-mit-glastulpe-wien-um-1880\/\",\"name\":\"Historismus Tafelaufsatz mit Glastulpe, A. Klein, Wien, um 1880\"}}]}]}<\/script>\n<!-- \/ Yoast SEO Premium plugin. -->","_links":{"self":[{"href":"https:\/\/annette-ahrens.at\/onlineshop\/wp-json\/wp\/v2\/product\/43961","targetHints":{"allow":["GET"]}}],"collection":[{"href":"https:\/\/annette-ahrens.at\/onlineshop\/wp-json\/wp\/v2\/product"}],"about":[{"href":"https:\/\/annette-ahrens.at\/onlineshop\/wp-json\/wp\/v2\/types\/product"}],"replies":[{"embeddable":true,"href":"https:\/\/annette-ahrens.at\/onlineshop\/wp-json\/wp\/v2\/comments?post=43961"}],"wp:featuredmedia":[{"embeddable":true,"href":"https:\/\/annette-ahrens.at\/onlineshop\/wp-json\/wp\/v2\/media\/43910"}],"wp:attachment":[{"href":"https:\/\/annette-ahrens.at\/onlineshop\/wp-json\/wp\/v2\/media?parent=43961"}],"wp:term":[{"taxonomy":"product_brand","embeddable":true,"href":"https:\/\/annette-ahrens.at\/onlineshop\/wp-json\/wp\/v2\/product_brand?post=43961"},{"taxonomy":"product_cat","embeddable":true,"href":"https:\/\/annette-ahrens.at\/onlineshop\/wp-json\/wp\/v2\/product_cat?post=43961"},{"taxonomy":"product_tag","embeddable":true,"href":"https:\/\/annette-ahrens.at\/onlineshop\/wp-json\/wp\/v2\/product_tag?post=43961"}],"curies":[{"name":"wp","href":"https:\/\/api.w.org\/{rel}","templated":true}]}}