{"id":44053,"date":"2026-04-25T06:30:15","date_gmt":"2026-04-25T04:30:15","guid":{"rendered":"https:\/\/annette-ahrens.at\/onlineshop\/?post_type=product&#038;p=44053"},"modified":"2026-04-21T22:24:40","modified_gmt":"2026-04-21T20:24:40","slug":"dessert-glasservice-aus-adeligem-haushalt-fa-lobmeyr-wien-um-1900","status":"publish","type":"product","link":"https:\/\/annette-ahrens.at\/onlineshop\/produkt\/dessert-glasservice-aus-adeligem-haushalt-fa-lobmeyr-wien-um-1900\/","title":{"rendered":"Dessert-Glasservice aus adeligem Haushalt, Fa. Lobmeyr, Wien, um 1900"},"content":{"rendered":"<p>14 teiliges Dessert-Glasservice<\/p>\n<p>Fa. Lobmeyr, Wien, \u00d6sterreich-Ungarische Monarchie, um 1900<\/p>\n<p>farbloses Kristallglas, rund, Fahne mit mattiertem bekr\u00f6ntem Wappenschliff, bestehend aus gro\u00dfer Schale mit gro\u00dfem Teller und 12 Desserttellern, unsigniert, tadellos erhalten<\/p>\n<p>Dm 23 cm (Schale)<\/p>\n<p>H 10,5 cm<\/p>\n<p>Dm 28,8 cm (Teller)<\/p>\n<p>Dm 17,4 cm (Dessertteller)<\/p>\n","protected":false},"excerpt":{"rendered":"<p>14 teiliges Dessert-Glasservice Fa. Lobmeyr, Wien, \u00d6sterreich-Ungarische Monarchie, um 1900 farbloses Kristallglas, rund, Fahne mit mattiertem bekr\u00f6ntem Wappenschliff, bestehend aus gro\u00dfer Schale mit gro\u00dfem Teller und 12 Desserttellern, unsigniert, tadellos erhalten Dm 23 cm (Schale) H 10,5 cm Dm 28,8 cm (Teller) Dm 17,4 cm (Dessertteller)<\/p>\n","protected":false},"featured_media":44062,"comment_status":"open","ping_status":"closed","template":"","meta":[],"product_brand":[],"product_cat":[298,19,300,160,311,53,308],"product_tag":[],"class_list":{"0":"post-44053","1":"product","2":"type-product","3":"status-publish","4":"has-post-thumbnail","6":"product_cat-buffet","7":"product_cat-gabelfruehstueck","8":"product_cat-gartenfest","9":"product_cat-obst","10":"product_cat-tafelinventar","11":"product_cat-weihnachten","12":"product_cat-weihnachtsgebaeck","14":"first","15":"instock","16":"sold-individually","17":"purchasable","18":"product-type-simple"},"yoast_head":"<!-- This site is optimized with the Yoast SEO Premium plugin v15.8.2 - https:\/\/yoast.com\/wordpress\/plugins\/seo\/ -->\n<title>Dessert-Glasservice aus adeligem Haushalt, Fa. Lobmeyr, Wien, um 1900<\/title>\n<meta name=\"description\" content=\"Dessert-Glasservice aus adeligem Haushalt, Fa. Lobmeyr, Wien, um 1900 \u2665 Antiquit\u00e4ten Online kaufen \u2713 Sichere Lieferung \u2713\" \/>\n<meta name=\"robots\" content=\"index, follow, max-snippet:-1, max-image-preview:large, max-video-preview:-1\" \/>\n<link rel=\"canonical\" href=\"https:\/\/annette-ahrens.at\/onlineshop\/produkt\/dessert-glasservice-aus-adeligem-haushalt-fa-lobmeyr-wien-um-1900\/\" \/>\n<meta property=\"og:locale\" content=\"de_DE\" \/>\n<meta property=\"og:type\" content=\"article\" \/>\n<meta property=\"og:title\" content=\"Dessert-Glasservice aus adeligem Haushalt, Fa. Lobmeyr, Wien, um 1900\" \/>\n<meta property=\"og:description\" content=\"Dessert-Glasservice aus adeligem Haushalt, Fa. Lobmeyr, Wien, um 1900 \u2665 Antiquit\u00e4ten Online kaufen \u2713 Sichere Lieferung \u2713\" \/>\n<meta property=\"og:url\" content=\"https:\/\/annette-ahrens.at\/onlineshop\/produkt\/dessert-glasservice-aus-adeligem-haushalt-fa-lobmeyr-wien-um-1900\/\" \/>\n<meta property=\"og:site_name\" content=\"Tafelkultur Onlineshop\" \/>\n<meta property=\"article:publisher\" content=\"https:\/\/www.facebook.com\/AnnetteAhrensTafelkultur\" \/>\n<meta property=\"article:modified_time\" content=\"2026-04-21T20:24:40+00:00\" \/>\n<meta property=\"og:image\" content=\"https:\/\/annette-ahrens.at\/onlineshop\/wp-content\/uploads\/2026\/04\/IMG_2526.jpeg\" \/>\n\t<meta property=\"og:image:width\" content=\"1310\" \/>\n\t<meta property=\"og:image:height\" content=\"1668\" \/>\n<meta name=\"twitter:card\" content=\"summary_large_image\" \/>\n<meta name=\"twitter:label1\" content=\"Gesch\u00e4tzte Lesezeit\">\n\t<meta name=\"twitter:data1\" content=\"1\u00a0Minute\">\n<script type=\"application\/ld+json\" class=\"yoast-schema-graph\">{\"@context\":\"https:\/\/schema.org\",\"@graph\":[{\"@type\":[\"Person\",\"Organization\"],\"@id\":\"https:\/\/annette-ahrens.at\/onlineshop\/#\/schema\/person\/3e19676faae246bba0cb3b7e15f427d8\",\"name\":\"Annette Ahrens\",\"image\":{\"@type\":\"ImageObject\",\"@id\":\"https:\/\/annette-ahrens.at\/onlineshop\/#personlogo\",\"inLanguage\":\"de\",\"url\":\"https:\/\/annette-ahrens.at\/onlineshop\/wp-content\/uploads\/2020\/04\/aa_logo_End.png\",\"width\":800,\"height\":164,\"caption\":\"Annette Ahrens\"},\"logo\":{\"@id\":\"https:\/\/annette-ahrens.at\/onlineshop\/#personlogo\"},\"sameAs\":[\"https:\/\/annette-ahrens.at\",\"https:\/\/www.facebook.com\/AnnetteAhrensTafelkultur\",\"https:\/\/www.instagram.com\/tafelkulturistin\/\",\"https:\/\/de.wikipedia.org\/wiki\/Annette_Ahrens\"]},{\"@type\":\"WebSite\",\"@id\":\"https:\/\/annette-ahrens.at\/onlineshop\/#website\",\"url\":\"https:\/\/annette-ahrens.at\/onlineshop\/\",\"name\":\"Tafelkultur Onlineshop\",\"description\":\"Annette Ahrens\",\"publisher\":{\"@id\":\"https:\/\/annette-ahrens.at\/onlineshop\/#\/schema\/person\/3e19676faae246bba0cb3b7e15f427d8\"},\"potentialAction\":[{\"@type\":\"SearchAction\",\"target\":\"https:\/\/annette-ahrens.at\/onlineshop\/?s={search_term_string}\",\"query-input\":\"required name=search_term_string\"}],\"inLanguage\":\"de\"},{\"@type\":\"ImageObject\",\"@id\":\"https:\/\/annette-ahrens.at\/onlineshop\/produkt\/dessert-glasservice-aus-adeligem-haushalt-fa-lobmeyr-wien-um-1900\/#primaryimage\",\"inLanguage\":\"de\",\"url\":\"https:\/\/annette-ahrens.at\/onlineshop\/wp-content\/uploads\/2026\/04\/IMG_2526.jpeg\",\"width\":1310,\"height\":1668},{\"@type\":[\"WebPage\",\"ItemPage\"],\"@id\":\"https:\/\/annette-ahrens.at\/onlineshop\/produkt\/dessert-glasservice-aus-adeligem-haushalt-fa-lobmeyr-wien-um-1900\/#webpage\",\"url\":\"https:\/\/annette-ahrens.at\/onlineshop\/produkt\/dessert-glasservice-aus-adeligem-haushalt-fa-lobmeyr-wien-um-1900\/\",\"name\":\"Dessert-Glasservice aus adeligem Haushalt, Fa. Lobmeyr, Wien, um 1900\",\"isPartOf\":{\"@id\":\"https:\/\/annette-ahrens.at\/onlineshop\/#website\"},\"primaryImageOfPage\":{\"@id\":\"https:\/\/annette-ahrens.at\/onlineshop\/produkt\/dessert-glasservice-aus-adeligem-haushalt-fa-lobmeyr-wien-um-1900\/#primaryimage\"},\"datePublished\":\"2026-04-25T04:30:15+00:00\",\"dateModified\":\"2026-04-21T20:24:40+00:00\",\"description\":\"Dessert-Glasservice aus adeligem Haushalt, Fa. Lobmeyr, Wien, um 1900 \\u2665 Antiquit\\u00e4ten Online kaufen \\u2713 Sichere Lieferung \\u2713\",\"breadcrumb\":{\"@id\":\"https:\/\/annette-ahrens.at\/onlineshop\/produkt\/dessert-glasservice-aus-adeligem-haushalt-fa-lobmeyr-wien-um-1900\/#breadcrumb\"},\"inLanguage\":\"de\",\"potentialAction\":[{\"@type\":\"ReadAction\",\"target\":[\"https:\/\/annette-ahrens.at\/onlineshop\/produkt\/dessert-glasservice-aus-adeligem-haushalt-fa-lobmeyr-wien-um-1900\/\"]}]},{\"@type\":\"BreadcrumbList\",\"@id\":\"https:\/\/annette-ahrens.at\/onlineshop\/produkt\/dessert-glasservice-aus-adeligem-haushalt-fa-lobmeyr-wien-um-1900\/#breadcrumb\",\"itemListElement\":[{\"@type\":\"ListItem\",\"position\":1,\"item\":{\"@type\":\"WebPage\",\"@id\":\"https:\/\/annette-ahrens.at\/onlineshop\/\",\"url\":\"https:\/\/annette-ahrens.at\/onlineshop\/\",\"name\":\"Home\"}},{\"@type\":\"ListItem\",\"position\":2,\"item\":{\"@type\":\"WebPage\",\"@id\":\"https:\/\/annette-ahrens.at\/onlineshop\/alle-tafelkultur-objekte\/\",\"url\":\"https:\/\/annette-ahrens.at\/onlineshop\/alle-tafelkultur-objekte\/\",\"name\":\"Alle Tafelkultur Objekte\"}},{\"@type\":\"ListItem\",\"position\":3,\"item\":{\"@type\":\"WebPage\",\"@id\":\"https:\/\/annette-ahrens.at\/onlineshop\/produkt\/dessert-glasservice-aus-adeligem-haushalt-fa-lobmeyr-wien-um-1900\/\",\"url\":\"https:\/\/annette-ahrens.at\/onlineshop\/produkt\/dessert-glasservice-aus-adeligem-haushalt-fa-lobmeyr-wien-um-1900\/\",\"name\":\"Dessert-Glasservice aus adeligem Haushalt, Fa. Lobmeyr, Wien, um 1900\"}}]}]}<\/script>\n<!-- \/ Yoast SEO Premium plugin. -->","_links":{"self":[{"href":"https:\/\/annette-ahrens.at\/onlineshop\/wp-json\/wp\/v2\/product\/44053","targetHints":{"allow":["GET"]}}],"collection":[{"href":"https:\/\/annette-ahrens.at\/onlineshop\/wp-json\/wp\/v2\/product"}],"about":[{"href":"https:\/\/annette-ahrens.at\/onlineshop\/wp-json\/wp\/v2\/types\/product"}],"replies":[{"embeddable":true,"href":"https:\/\/annette-ahrens.at\/onlineshop\/wp-json\/wp\/v2\/comments?post=44053"}],"wp:featuredmedia":[{"embeddable":true,"href":"https:\/\/annette-ahrens.at\/onlineshop\/wp-json\/wp\/v2\/media\/44062"}],"wp:attachment":[{"href":"https:\/\/annette-ahrens.at\/onlineshop\/wp-json\/wp\/v2\/media?parent=44053"}],"wp:term":[{"taxonomy":"product_brand","embeddable":true,"href":"https:\/\/annette-ahrens.at\/onlineshop\/wp-json\/wp\/v2\/product_brand?post=44053"},{"taxonomy":"product_cat","embeddable":true,"href":"https:\/\/annette-ahrens.at\/onlineshop\/wp-json\/wp\/v2\/product_cat?post=44053"},{"taxonomy":"product_tag","embeddable":true,"href":"https:\/\/annette-ahrens.at\/onlineshop\/wp-json\/wp\/v2\/product_tag?post=44053"}],"curies":[{"name":"wp","href":"https:\/\/api.w.org\/{rel}","templated":true}]}}