{"id":44120,"date":"2026-04-28T05:58:34","date_gmt":"2026-04-28T03:58:34","guid":{"rendered":"https:\/\/annette-ahrens.at\/onlineshop\/?post_type=product&#038;p=44120"},"modified":"2026-04-27T17:13:14","modified_gmt":"2026-04-27T15:13:14","slug":"jugendstil-salatschuessel-mit-hummer-fa-wmf-geislingen-um-1900-4","status":"publish","type":"product","link":"https:\/\/annette-ahrens.at\/onlineshop\/produkt\/jugendstil-salatschuessel-mit-hummer-fa-wmf-geislingen-um-1900-4\/","title":{"rendered":"Jugendstil Salatsch\u00fcssel mit Hummer, Fa. WMF, Geislingen, um 1900"},"content":{"rendered":"<p>Jugendstil Salatsch\u00fcssel mit Hummer<\/p>\n<p>Fa. WMF, Geislingen, Deutschland, um 1900<\/p>\n<p>Porzellan, runde Schale auf drei Kugelf\u00fcssen in Gestalt von plastischen Hummern, versilberter Abschlussring gemarkt WMF NS, tadelloser, handpolierter Erhaltungszustand<\/p>\n<p>Dm 21,5 cm<\/p>\n<p>H 12 cm<\/p>\n<p>&nbsp;<\/p>\n","protected":false},"excerpt":{"rendered":"<p>Annettes Etikette: Die vegetabil ausgeformten F\u00fcsschen in Gestalt von Hummern kokettieren mit dem Betrachter\u00a0bei Tisch. Sowohl englische Manufakturen wie Wedgwood als auch die W\u00fcrttenbergsche Metallwarenfabrik hatten solcherlei Salatgarnituren um 1900 im Programm. Die Marke weist auf die 1880 gegr\u00fcndete Wiener Filiale von Albert K\u00f6hler hin. Um 1900 \u00fcbernahm WMF die Filiale und vertrieb ihre eigenen Produkte hier unter dem Namen AK &amp; Cie.<\/p>\n","protected":false},"featured_media":44121,"comment_status":"open","ping_status":"closed","template":"","meta":[],"product_brand":[],"product_cat":[276,298,299,32,301,300,165,40,171,21,274,279,290],"product_tag":[],"class_list":{"0":"post-44120","1":"product","2":"type-product","3":"status-publish","4":"has-post-thumbnail","6":"product_cat-alpacca","7":"product_cat-buffet","8":"product_cat-cocktailparty","9":"product_cat-festefeiern","10":"product_cat-fondue","11":"product_cat-gartenfest","12":"product_cat-gemuese","13":"product_cat-kartoffel","14":"product_cat-kartoffel-gemuese","15":"product_cat-obst-gemuese","16":"product_cat-porzellan-fachbuecher","17":"product_cat-schale","18":"product_cat-schuessel","20":"first","21":"instock","22":"sold-individually","23":"purchasable","24":"product-type-simple"},"yoast_head":"<!-- This site is optimized with the Yoast SEO Premium plugin v15.8.2 - https:\/\/yoast.com\/wordpress\/plugins\/seo\/ -->\n<title>Jugendstil Salatsch\u00fcssel mit Hummer, Fa. WMF, Geislingen, um 1900<\/title>\n<meta name=\"description\" content=\"Jugendstil Salatsch\u00fcssel mit Hummer, Fa. WMF, Geislingen, um 1900 \u2665 Antiquit\u00e4ten Online kaufen \u2713 Sichere Lieferung \u2713\" \/>\n<meta name=\"robots\" content=\"index, follow, max-snippet:-1, max-image-preview:large, max-video-preview:-1\" \/>\n<link rel=\"canonical\" href=\"https:\/\/annette-ahrens.at\/onlineshop\/produkt\/jugendstil-salatschuessel-mit-hummer-fa-wmf-geislingen-um-1900-4\/\" \/>\n<meta property=\"og:locale\" content=\"de_DE\" \/>\n<meta property=\"og:type\" content=\"article\" \/>\n<meta property=\"og:title\" content=\"Jugendstil Salatsch\u00fcssel mit Hummer, Fa. WMF, Geislingen, um 1900\" \/>\n<meta property=\"og:description\" content=\"Jugendstil Salatsch\u00fcssel mit Hummer, Fa. WMF, Geislingen, um 1900 \u2665 Antiquit\u00e4ten Online kaufen \u2713 Sichere Lieferung \u2713\" \/>\n<meta property=\"og:url\" content=\"https:\/\/annette-ahrens.at\/onlineshop\/produkt\/jugendstil-salatschuessel-mit-hummer-fa-wmf-geislingen-um-1900-4\/\" \/>\n<meta property=\"og:site_name\" content=\"Tafelkultur Onlineshop\" \/>\n<meta property=\"article:publisher\" content=\"https:\/\/www.facebook.com\/AnnetteAhrensTafelkultur\" \/>\n<meta property=\"article:modified_time\" content=\"2026-04-27T15:13:14+00:00\" \/>\n<meta property=\"og:image\" content=\"https:\/\/annette-ahrens.at\/onlineshop\/wp-content\/uploads\/2026\/04\/IMG_2572-scaled.jpeg\" \/>\n\t<meta property=\"og:image:width\" content=\"2048\" \/>\n\t<meta property=\"og:image:height\" content=\"1839\" \/>\n<meta name=\"twitter:card\" content=\"summary_large_image\" \/>\n<meta name=\"twitter:label1\" content=\"Gesch\u00e4tzte Lesezeit\">\n\t<meta name=\"twitter:data1\" content=\"1\u00a0Minute\">\n<script type=\"application\/ld+json\" class=\"yoast-schema-graph\">{\"@context\":\"https:\/\/schema.org\",\"@graph\":[{\"@type\":[\"Person\",\"Organization\"],\"@id\":\"https:\/\/annette-ahrens.at\/onlineshop\/#\/schema\/person\/3e19676faae246bba0cb3b7e15f427d8\",\"name\":\"Annette Ahrens\",\"image\":{\"@type\":\"ImageObject\",\"@id\":\"https:\/\/annette-ahrens.at\/onlineshop\/#personlogo\",\"inLanguage\":\"de\",\"url\":\"https:\/\/annette-ahrens.at\/onlineshop\/wp-content\/uploads\/2020\/04\/aa_logo_End.png\",\"width\":800,\"height\":164,\"caption\":\"Annette Ahrens\"},\"logo\":{\"@id\":\"https:\/\/annette-ahrens.at\/onlineshop\/#personlogo\"},\"sameAs\":[\"https:\/\/annette-ahrens.at\",\"https:\/\/www.facebook.com\/AnnetteAhrensTafelkultur\",\"https:\/\/www.instagram.com\/tafelkulturistin\/\",\"https:\/\/de.wikipedia.org\/wiki\/Annette_Ahrens\"]},{\"@type\":\"WebSite\",\"@id\":\"https:\/\/annette-ahrens.at\/onlineshop\/#website\",\"url\":\"https:\/\/annette-ahrens.at\/onlineshop\/\",\"name\":\"Tafelkultur Onlineshop\",\"description\":\"Annette Ahrens\",\"publisher\":{\"@id\":\"https:\/\/annette-ahrens.at\/onlineshop\/#\/schema\/person\/3e19676faae246bba0cb3b7e15f427d8\"},\"potentialAction\":[{\"@type\":\"SearchAction\",\"target\":\"https:\/\/annette-ahrens.at\/onlineshop\/?s={search_term_string}\",\"query-input\":\"required name=search_term_string\"}],\"inLanguage\":\"de\"},{\"@type\":\"ImageObject\",\"@id\":\"https:\/\/annette-ahrens.at\/onlineshop\/produkt\/jugendstil-salatschuessel-mit-hummer-fa-wmf-geislingen-um-1900-4\/#primaryimage\",\"inLanguage\":\"de\",\"url\":\"https:\/\/annette-ahrens.at\/onlineshop\/wp-content\/uploads\/2026\/04\/IMG_2572-scaled.jpeg\",\"width\":2048,\"height\":1839,\"caption\":\"salatsch\\u00fcssel_wmf_hummer\"},{\"@type\":[\"WebPage\",\"ItemPage\"],\"@id\":\"https:\/\/annette-ahrens.at\/onlineshop\/produkt\/jugendstil-salatschuessel-mit-hummer-fa-wmf-geislingen-um-1900-4\/#webpage\",\"url\":\"https:\/\/annette-ahrens.at\/onlineshop\/produkt\/jugendstil-salatschuessel-mit-hummer-fa-wmf-geislingen-um-1900-4\/\",\"name\":\"Jugendstil Salatsch\\u00fcssel mit Hummer, Fa. WMF, Geislingen, um 1900\",\"isPartOf\":{\"@id\":\"https:\/\/annette-ahrens.at\/onlineshop\/#website\"},\"primaryImageOfPage\":{\"@id\":\"https:\/\/annette-ahrens.at\/onlineshop\/produkt\/jugendstil-salatschuessel-mit-hummer-fa-wmf-geislingen-um-1900-4\/#primaryimage\"},\"datePublished\":\"2026-04-28T03:58:34+00:00\",\"dateModified\":\"2026-04-27T15:13:14+00:00\",\"description\":\"Jugendstil Salatsch\\u00fcssel mit Hummer, Fa. WMF, Geislingen, um 1900 \\u2665 Antiquit\\u00e4ten Online kaufen \\u2713 Sichere Lieferung \\u2713\",\"breadcrumb\":{\"@id\":\"https:\/\/annette-ahrens.at\/onlineshop\/produkt\/jugendstil-salatschuessel-mit-hummer-fa-wmf-geislingen-um-1900-4\/#breadcrumb\"},\"inLanguage\":\"de\",\"potentialAction\":[{\"@type\":\"ReadAction\",\"target\":[\"https:\/\/annette-ahrens.at\/onlineshop\/produkt\/jugendstil-salatschuessel-mit-hummer-fa-wmf-geislingen-um-1900-4\/\"]}]},{\"@type\":\"BreadcrumbList\",\"@id\":\"https:\/\/annette-ahrens.at\/onlineshop\/produkt\/jugendstil-salatschuessel-mit-hummer-fa-wmf-geislingen-um-1900-4\/#breadcrumb\",\"itemListElement\":[{\"@type\":\"ListItem\",\"position\":1,\"item\":{\"@type\":\"WebPage\",\"@id\":\"https:\/\/annette-ahrens.at\/onlineshop\/\",\"url\":\"https:\/\/annette-ahrens.at\/onlineshop\/\",\"name\":\"Home\"}},{\"@type\":\"ListItem\",\"position\":2,\"item\":{\"@type\":\"WebPage\",\"@id\":\"https:\/\/annette-ahrens.at\/onlineshop\/alle-tafelkultur-objekte\/\",\"url\":\"https:\/\/annette-ahrens.at\/onlineshop\/alle-tafelkultur-objekte\/\",\"name\":\"Alle Tafelkultur Objekte\"}},{\"@type\":\"ListItem\",\"position\":3,\"item\":{\"@type\":\"WebPage\",\"@id\":\"https:\/\/annette-ahrens.at\/onlineshop\/produkt\/jugendstil-salatschuessel-mit-hummer-fa-wmf-geislingen-um-1900-4\/\",\"url\":\"https:\/\/annette-ahrens.at\/onlineshop\/produkt\/jugendstil-salatschuessel-mit-hummer-fa-wmf-geislingen-um-1900-4\/\",\"name\":\"Jugendstil Salatsch\\u00fcssel mit Hummer, Fa. WMF, Geislingen, um 1900\"}}]}]}<\/script>\n<!-- \/ Yoast SEO Premium plugin. -->","_links":{"self":[{"href":"https:\/\/annette-ahrens.at\/onlineshop\/wp-json\/wp\/v2\/product\/44120","targetHints":{"allow":["GET"]}}],"collection":[{"href":"https:\/\/annette-ahrens.at\/onlineshop\/wp-json\/wp\/v2\/product"}],"about":[{"href":"https:\/\/annette-ahrens.at\/onlineshop\/wp-json\/wp\/v2\/types\/product"}],"replies":[{"embeddable":true,"href":"https:\/\/annette-ahrens.at\/onlineshop\/wp-json\/wp\/v2\/comments?post=44120"}],"wp:featuredmedia":[{"embeddable":true,"href":"https:\/\/annette-ahrens.at\/onlineshop\/wp-json\/wp\/v2\/media\/44121"}],"wp:attachment":[{"href":"https:\/\/annette-ahrens.at\/onlineshop\/wp-json\/wp\/v2\/media?parent=44120"}],"wp:term":[{"taxonomy":"product_brand","embeddable":true,"href":"https:\/\/annette-ahrens.at\/onlineshop\/wp-json\/wp\/v2\/product_brand?post=44120"},{"taxonomy":"product_cat","embeddable":true,"href":"https:\/\/annette-ahrens.at\/onlineshop\/wp-json\/wp\/v2\/product_cat?post=44120"},{"taxonomy":"product_tag","embeddable":true,"href":"https:\/\/annette-ahrens.at\/onlineshop\/wp-json\/wp\/v2\/product_tag?post=44120"}],"curies":[{"name":"wp","href":"https:\/\/api.w.org\/{rel}","templated":true}]}}