{"id":44239,"date":"2026-05-04T06:33:32","date_gmt":"2026-05-04T04:33:32","guid":{"rendered":"https:\/\/annette-ahrens.at\/onlineshop\/?post_type=product&#038;p=44239"},"modified":"2026-04-29T23:02:47","modified_gmt":"2026-04-29T21:02:47","slug":"silberne-empire-teekanne-gotha-deutschland-um-1810","status":"publish","type":"product","link":"https:\/\/annette-ahrens.at\/onlineshop\/produkt\/silberne-empire-teekanne-gotha-deutschland-um-1810\/","title":{"rendered":"Silberne Empire Teekanne, Gotha, Deutschland, um 1810"},"content":{"rendered":"<p>Silberne Empire Teekanne<\/p>\n<p>Gotha, Deutschland, um 1810<\/p>\n<p>Silber, Innenvergoldung, ovaler Gef\u00e4\u00dfk\u00f6rper mit gebauchter Wandung, umlaufende, reliefiert gearbeitete Weinlaub-Bord\u00fcre, langer Schnabelausguss mit Tierkopf, ovaler Steckdeckel mit plastischem Knauf in Gestalt eines Papageis, hochgezogener Henkel aus Holz, am Boden gemarkt Stadtmarke Gotha und Meisterzeichen Knauer, tadelloser, handpolierter Erhaltungszustand<\/p>\n<p>L 25 cm<\/p>\n<p>554 g<\/p>\n<p>Fassungsverm\u00f6gen 900 ml<\/p>\n","protected":false},"excerpt":{"rendered":"<p>Annettes Etikette: Die Freude eine silberne Teekanne zu verwenden, zeigt sich sp\u00e4testens beim Einschenken: meist tropft sie nicht, denn der Silberschmied hat exakt gearbeitet, um dies zu verhindern. Dar\u00fcber hinaus kann auch die dritte Tasse Tee in angenehm heisser Temperatur genossen werden, da das Edelmetall nicht nur antiseptisch sondern auch leitend ist und so das Heisswasser temperiert h\u00e4lt.<\/p>\n","protected":false},"featured_media":44236,"comment_status":"open","ping_status":"closed","template":"","meta":[],"product_brand":[],"product_cat":[25,18,273,38,268,149,271,53],"product_tag":[],"class_list":{"0":"post-44239","1":"product","2":"type-product","3":"status-publish","4":"has-post-thumbnail","6":"product_cat-5o-clock-tea","7":"product_cat-fruehstueck","8":"product_cat-silber-fachbuecher","9":"product_cat-tee","10":"product_cat-tee-5o-clock-tea","11":"product_cat-teekanne","12":"product_cat-teekessel","13":"product_cat-weihnachten","15":"first","16":"instock","17":"sold-individually","18":"purchasable","19":"product-type-simple"},"yoast_head":"<!-- This site is optimized with the Yoast SEO Premium plugin v15.8.2 - https:\/\/yoast.com\/wordpress\/plugins\/seo\/ -->\n<title>Silberne Empire Teekanne, Gotha, Deutschland, um 1810<\/title>\n<meta name=\"description\" content=\"Silberne Empire Teekanne, Gotha, Deutschland, um 1810 \u2665 Antiquit\u00e4ten Online kaufen \u2713 Sichere Lieferung \u2713\" \/>\n<meta name=\"robots\" content=\"index, follow, max-snippet:-1, max-image-preview:large, max-video-preview:-1\" \/>\n<link rel=\"canonical\" href=\"https:\/\/annette-ahrens.at\/onlineshop\/produkt\/silberne-empire-teekanne-gotha-deutschland-um-1810\/\" \/>\n<meta property=\"og:locale\" content=\"de_DE\" \/>\n<meta property=\"og:type\" content=\"article\" \/>\n<meta property=\"og:title\" content=\"Silberne Empire Teekanne, Gotha, Deutschland, um 1810\" \/>\n<meta property=\"og:description\" content=\"Silberne Empire Teekanne, Gotha, Deutschland, um 1810 \u2665 Antiquit\u00e4ten Online kaufen \u2713 Sichere Lieferung \u2713\" \/>\n<meta property=\"og:url\" content=\"https:\/\/annette-ahrens.at\/onlineshop\/produkt\/silberne-empire-teekanne-gotha-deutschland-um-1810\/\" \/>\n<meta property=\"og:site_name\" content=\"Tafelkultur Onlineshop\" \/>\n<meta property=\"article:publisher\" content=\"https:\/\/www.facebook.com\/AnnetteAhrensTafelkultur\" \/>\n<meta property=\"article:modified_time\" content=\"2026-04-29T21:02:47+00:00\" \/>\n<meta property=\"og:image\" content=\"https:\/\/annette-ahrens.at\/onlineshop\/wp-content\/uploads\/2026\/04\/IMG_2664-scaled.jpeg\" \/>\n\t<meta property=\"og:image:width\" content=\"2048\" \/>\n\t<meta property=\"og:image:height\" content=\"1662\" \/>\n<meta name=\"twitter:card\" content=\"summary_large_image\" \/>\n<meta name=\"twitter:label1\" content=\"Gesch\u00e4tzte Lesezeit\">\n\t<meta name=\"twitter:data1\" content=\"1\u00a0Minute\">\n<script type=\"application\/ld+json\" class=\"yoast-schema-graph\">{\"@context\":\"https:\/\/schema.org\",\"@graph\":[{\"@type\":[\"Person\",\"Organization\"],\"@id\":\"https:\/\/annette-ahrens.at\/onlineshop\/#\/schema\/person\/3e19676faae246bba0cb3b7e15f427d8\",\"name\":\"Annette Ahrens\",\"image\":{\"@type\":\"ImageObject\",\"@id\":\"https:\/\/annette-ahrens.at\/onlineshop\/#personlogo\",\"inLanguage\":\"de\",\"url\":\"https:\/\/annette-ahrens.at\/onlineshop\/wp-content\/uploads\/2020\/04\/aa_logo_End.png\",\"width\":800,\"height\":164,\"caption\":\"Annette Ahrens\"},\"logo\":{\"@id\":\"https:\/\/annette-ahrens.at\/onlineshop\/#personlogo\"},\"sameAs\":[\"https:\/\/annette-ahrens.at\",\"https:\/\/www.facebook.com\/AnnetteAhrensTafelkultur\",\"https:\/\/www.instagram.com\/tafelkulturistin\/\",\"https:\/\/de.wikipedia.org\/wiki\/Annette_Ahrens\"]},{\"@type\":\"WebSite\",\"@id\":\"https:\/\/annette-ahrens.at\/onlineshop\/#website\",\"url\":\"https:\/\/annette-ahrens.at\/onlineshop\/\",\"name\":\"Tafelkultur Onlineshop\",\"description\":\"Annette Ahrens\",\"publisher\":{\"@id\":\"https:\/\/annette-ahrens.at\/onlineshop\/#\/schema\/person\/3e19676faae246bba0cb3b7e15f427d8\"},\"potentialAction\":[{\"@type\":\"SearchAction\",\"target\":\"https:\/\/annette-ahrens.at\/onlineshop\/?s={search_term_string}\",\"query-input\":\"required name=search_term_string\"}],\"inLanguage\":\"de\"},{\"@type\":\"ImageObject\",\"@id\":\"https:\/\/annette-ahrens.at\/onlineshop\/produkt\/silberne-empire-teekanne-gotha-deutschland-um-1810\/#primaryimage\",\"inLanguage\":\"de\",\"url\":\"https:\/\/annette-ahrens.at\/onlineshop\/wp-content\/uploads\/2026\/04\/IMG_2664-scaled.jpeg\",\"width\":2048,\"height\":1662,\"caption\":\"teekanne_silber_gotha\"},{\"@type\":[\"WebPage\",\"ItemPage\"],\"@id\":\"https:\/\/annette-ahrens.at\/onlineshop\/produkt\/silberne-empire-teekanne-gotha-deutschland-um-1810\/#webpage\",\"url\":\"https:\/\/annette-ahrens.at\/onlineshop\/produkt\/silberne-empire-teekanne-gotha-deutschland-um-1810\/\",\"name\":\"Silberne Empire Teekanne, Gotha, Deutschland, um 1810\",\"isPartOf\":{\"@id\":\"https:\/\/annette-ahrens.at\/onlineshop\/#website\"},\"primaryImageOfPage\":{\"@id\":\"https:\/\/annette-ahrens.at\/onlineshop\/produkt\/silberne-empire-teekanne-gotha-deutschland-um-1810\/#primaryimage\"},\"datePublished\":\"2026-05-04T04:33:32+00:00\",\"dateModified\":\"2026-04-29T21:02:47+00:00\",\"description\":\"Silberne Empire Teekanne, Gotha, Deutschland, um 1810 \\u2665 Antiquit\\u00e4ten Online kaufen \\u2713 Sichere Lieferung \\u2713\",\"breadcrumb\":{\"@id\":\"https:\/\/annette-ahrens.at\/onlineshop\/produkt\/silberne-empire-teekanne-gotha-deutschland-um-1810\/#breadcrumb\"},\"inLanguage\":\"de\",\"potentialAction\":[{\"@type\":\"ReadAction\",\"target\":[\"https:\/\/annette-ahrens.at\/onlineshop\/produkt\/silberne-empire-teekanne-gotha-deutschland-um-1810\/\"]}]},{\"@type\":\"BreadcrumbList\",\"@id\":\"https:\/\/annette-ahrens.at\/onlineshop\/produkt\/silberne-empire-teekanne-gotha-deutschland-um-1810\/#breadcrumb\",\"itemListElement\":[{\"@type\":\"ListItem\",\"position\":1,\"item\":{\"@type\":\"WebPage\",\"@id\":\"https:\/\/annette-ahrens.at\/onlineshop\/\",\"url\":\"https:\/\/annette-ahrens.at\/onlineshop\/\",\"name\":\"Home\"}},{\"@type\":\"ListItem\",\"position\":2,\"item\":{\"@type\":\"WebPage\",\"@id\":\"https:\/\/annette-ahrens.at\/onlineshop\/alle-tafelkultur-objekte\/\",\"url\":\"https:\/\/annette-ahrens.at\/onlineshop\/alle-tafelkultur-objekte\/\",\"name\":\"Alle Tafelkultur Objekte\"}},{\"@type\":\"ListItem\",\"position\":3,\"item\":{\"@type\":\"WebPage\",\"@id\":\"https:\/\/annette-ahrens.at\/onlineshop\/produkt\/silberne-empire-teekanne-gotha-deutschland-um-1810\/\",\"url\":\"https:\/\/annette-ahrens.at\/onlineshop\/produkt\/silberne-empire-teekanne-gotha-deutschland-um-1810\/\",\"name\":\"Silberne Empire Teekanne, Gotha, Deutschland, um 1810\"}}]}]}<\/script>\n<!-- \/ Yoast SEO Premium plugin. -->","_links":{"self":[{"href":"https:\/\/annette-ahrens.at\/onlineshop\/wp-json\/wp\/v2\/product\/44239","targetHints":{"allow":["GET"]}}],"collection":[{"href":"https:\/\/annette-ahrens.at\/onlineshop\/wp-json\/wp\/v2\/product"}],"about":[{"href":"https:\/\/annette-ahrens.at\/onlineshop\/wp-json\/wp\/v2\/types\/product"}],"replies":[{"embeddable":true,"href":"https:\/\/annette-ahrens.at\/onlineshop\/wp-json\/wp\/v2\/comments?post=44239"}],"wp:featuredmedia":[{"embeddable":true,"href":"https:\/\/annette-ahrens.at\/onlineshop\/wp-json\/wp\/v2\/media\/44236"}],"wp:attachment":[{"href":"https:\/\/annette-ahrens.at\/onlineshop\/wp-json\/wp\/v2\/media?parent=44239"}],"wp:term":[{"taxonomy":"product_brand","embeddable":true,"href":"https:\/\/annette-ahrens.at\/onlineshop\/wp-json\/wp\/v2\/product_brand?post=44239"},{"taxonomy":"product_cat","embeddable":true,"href":"https:\/\/annette-ahrens.at\/onlineshop\/wp-json\/wp\/v2\/product_cat?post=44239"},{"taxonomy":"product_tag","embeddable":true,"href":"https:\/\/annette-ahrens.at\/onlineshop\/wp-json\/wp\/v2\/product_tag?post=44239"}],"curies":[{"name":"wp","href":"https:\/\/api.w.org\/{rel}","templated":true}]}}