{"id":44240,"date":"2026-04-29T00:41:24","date_gmt":"2026-04-28T22:41:24","guid":{"rendered":"https:\/\/annette-ahrens.at\/onlineshop\/?post_type=product&#038;p=44240"},"modified":"2026-04-29T00:56:14","modified_gmt":"2026-04-28T22:56:14","slug":"versilberter-kaviarkuehler-frankreich-um-1970","status":"publish","type":"product","link":"https:\/\/annette-ahrens.at\/onlineshop\/produkt\/versilberter-kaviarkuehler-frankreich-um-1970\/","title":{"rendered":"Versilberter Kaviark\u00fchler, Frankreich, um 1970"},"content":{"rendered":"<p>Versilberter Kaviark\u00fchler<\/p>\n<p>Frankreich, um 1970<\/p>\n<p>Alpacca, massiv versilbert, runde Henkelschale mit abnehmbarem Haltering f\u00fcr eine mundgeblasene, farblose Glasschale, runder Deckel mit Knauf, Henkel als Fische ausgeformt, tadelloser Erhaltungszustand, gemarkt mit franz\u00f6sischer Herstellermarke<\/p>\n<p>H 13 cm<\/p>\n<p>Dm 15,2 cm<\/p>\n<p>Dm 8 cm (Glaseinsatz)<\/p>\n","protected":false},"excerpt":{"rendered":"<p>Annettes Etikette: <span data-huuid=\"13342750686212055986\">Das Gef\u00e4\u00df ist f\u00fcr die stilvolle Pr\u00e4sentation und K\u00fchlung von Delikatessen wie Kaviar oder Butter konzipiert, wobei Eis in den unteren Bereich gef\u00fcllt wird.<span class=\"pjBG2e\" data-cid=\"577f1ebc-9798-4306-ad46-1263e849f87d\"><span class=\"UV3uM\"> Hier sind die Henkel besonders dekorativ in Gestalt von Fischen ausgef\u00fchrt.<\/span><\/span><\/span><\/p>\n<div class=\"NPrrbc\" data-cid=\"577f1ebc-9798-4306-ad46-1263e849f87d\" data-uuids=\"13342750686212055986\">\n<div class=\"BMebGe btku5b FR7ZSc OJeuxf\" tabindex=\"0\" role=\"button\" aria-label=\"Weitere Informationen anzeigen\" data-hveid=\"CAgQAQ\" data-ved=\"2ahUKEwjn7cKE0ZGUAxVl4AIHHXD_JxkQ3fYKegQICBAB\">\n<div class=\"niO4u B6OMee\"><\/div>\n<\/div>\n<\/div>\n","protected":false},"featured_media":44241,"comment_status":"open","ping_status":"closed","template":"","meta":[],"product_brand":[],"product_cat":[276,32,167,222,296,53],"product_tag":[],"class_list":{"0":"post-44240","1":"product","2":"type-product","3":"status-publish","4":"has-post-thumbnail","6":"product_cat-alpacca","7":"product_cat-festefeiern","8":"product_cat-fisch","9":"product_cat-karaffe","10":"product_cat-silvester","11":"product_cat-weihnachten","13":"first","14":"instock","15":"sold-individually","16":"purchasable","17":"product-type-simple"},"yoast_head":"<!-- This site is optimized with the Yoast SEO Premium plugin v15.8.2 - https:\/\/yoast.com\/wordpress\/plugins\/seo\/ -->\n<title>Versilberter Kaviark\u00fchler, Frankreich, um 1970<\/title>\n<meta name=\"description\" content=\"Versilberter Kaviark\u00fchler, Frankreich, um 1970 \u2665 Antiquit\u00e4ten Online kaufen \u2713 Sichere Lieferung \u2713\" \/>\n<meta name=\"robots\" content=\"index, follow, max-snippet:-1, max-image-preview:large, max-video-preview:-1\" \/>\n<link rel=\"canonical\" href=\"https:\/\/annette-ahrens.at\/onlineshop\/produkt\/versilberter-kaviarkuehler-frankreich-um-1970\/\" \/>\n<meta property=\"og:locale\" content=\"de_DE\" \/>\n<meta property=\"og:type\" content=\"article\" \/>\n<meta property=\"og:title\" content=\"Versilberter Kaviark\u00fchler, Frankreich, um 1970\" \/>\n<meta property=\"og:description\" content=\"Versilberter Kaviark\u00fchler, Frankreich, um 1970 \u2665 Antiquit\u00e4ten Online kaufen \u2713 Sichere Lieferung \u2713\" \/>\n<meta property=\"og:url\" content=\"https:\/\/annette-ahrens.at\/onlineshop\/produkt\/versilberter-kaviarkuehler-frankreich-um-1970\/\" \/>\n<meta property=\"og:site_name\" content=\"Tafelkultur Onlineshop\" \/>\n<meta property=\"article:publisher\" content=\"https:\/\/www.facebook.com\/AnnetteAhrensTafelkultur\" \/>\n<meta property=\"article:modified_time\" content=\"2026-04-28T22:56:14+00:00\" \/>\n<meta property=\"og:image\" content=\"https:\/\/annette-ahrens.at\/onlineshop\/wp-content\/uploads\/2026\/04\/IMG_2672-scaled.jpeg\" \/>\n\t<meta property=\"og:image:width\" content=\"2048\" \/>\n\t<meta property=\"og:image:height\" content=\"1913\" \/>\n<meta name=\"twitter:card\" content=\"summary_large_image\" \/>\n<meta name=\"twitter:label1\" content=\"Gesch\u00e4tzte Lesezeit\">\n\t<meta name=\"twitter:data1\" content=\"1\u00a0Minute\">\n<script type=\"application\/ld+json\" class=\"yoast-schema-graph\">{\"@context\":\"https:\/\/schema.org\",\"@graph\":[{\"@type\":[\"Person\",\"Organization\"],\"@id\":\"https:\/\/annette-ahrens.at\/onlineshop\/#\/schema\/person\/3e19676faae246bba0cb3b7e15f427d8\",\"name\":\"Annette Ahrens\",\"image\":{\"@type\":\"ImageObject\",\"@id\":\"https:\/\/annette-ahrens.at\/onlineshop\/#personlogo\",\"inLanguage\":\"de\",\"url\":\"https:\/\/annette-ahrens.at\/onlineshop\/wp-content\/uploads\/2020\/04\/aa_logo_End.png\",\"width\":800,\"height\":164,\"caption\":\"Annette Ahrens\"},\"logo\":{\"@id\":\"https:\/\/annette-ahrens.at\/onlineshop\/#personlogo\"},\"sameAs\":[\"https:\/\/annette-ahrens.at\",\"https:\/\/www.facebook.com\/AnnetteAhrensTafelkultur\",\"https:\/\/www.instagram.com\/tafelkulturistin\/\",\"https:\/\/de.wikipedia.org\/wiki\/Annette_Ahrens\"]},{\"@type\":\"WebSite\",\"@id\":\"https:\/\/annette-ahrens.at\/onlineshop\/#website\",\"url\":\"https:\/\/annette-ahrens.at\/onlineshop\/\",\"name\":\"Tafelkultur Onlineshop\",\"description\":\"Annette Ahrens\",\"publisher\":{\"@id\":\"https:\/\/annette-ahrens.at\/onlineshop\/#\/schema\/person\/3e19676faae246bba0cb3b7e15f427d8\"},\"potentialAction\":[{\"@type\":\"SearchAction\",\"target\":\"https:\/\/annette-ahrens.at\/onlineshop\/?s={search_term_string}\",\"query-input\":\"required name=search_term_string\"}],\"inLanguage\":\"de\"},{\"@type\":\"ImageObject\",\"@id\":\"https:\/\/annette-ahrens.at\/onlineshop\/produkt\/versilberter-kaviarkuehler-frankreich-um-1970\/#primaryimage\",\"inLanguage\":\"de\",\"url\":\"https:\/\/annette-ahrens.at\/onlineshop\/wp-content\/uploads\/2026\/04\/IMG_2672-scaled.jpeg\",\"width\":2048,\"height\":1913,\"caption\":\"kaviark\\u00fchler_versilbert\"},{\"@type\":[\"WebPage\",\"ItemPage\"],\"@id\":\"https:\/\/annette-ahrens.at\/onlineshop\/produkt\/versilberter-kaviarkuehler-frankreich-um-1970\/#webpage\",\"url\":\"https:\/\/annette-ahrens.at\/onlineshop\/produkt\/versilberter-kaviarkuehler-frankreich-um-1970\/\",\"name\":\"Versilberter Kaviark\\u00fchler, Frankreich, um 1970\",\"isPartOf\":{\"@id\":\"https:\/\/annette-ahrens.at\/onlineshop\/#website\"},\"primaryImageOfPage\":{\"@id\":\"https:\/\/annette-ahrens.at\/onlineshop\/produkt\/versilberter-kaviarkuehler-frankreich-um-1970\/#primaryimage\"},\"datePublished\":\"2026-04-28T22:41:24+00:00\",\"dateModified\":\"2026-04-28T22:56:14+00:00\",\"description\":\"Versilberter Kaviark\\u00fchler, Frankreich, um 1970 \\u2665 Antiquit\\u00e4ten Online kaufen \\u2713 Sichere Lieferung \\u2713\",\"breadcrumb\":{\"@id\":\"https:\/\/annette-ahrens.at\/onlineshop\/produkt\/versilberter-kaviarkuehler-frankreich-um-1970\/#breadcrumb\"},\"inLanguage\":\"de\",\"potentialAction\":[{\"@type\":\"ReadAction\",\"target\":[\"https:\/\/annette-ahrens.at\/onlineshop\/produkt\/versilberter-kaviarkuehler-frankreich-um-1970\/\"]}]},{\"@type\":\"BreadcrumbList\",\"@id\":\"https:\/\/annette-ahrens.at\/onlineshop\/produkt\/versilberter-kaviarkuehler-frankreich-um-1970\/#breadcrumb\",\"itemListElement\":[{\"@type\":\"ListItem\",\"position\":1,\"item\":{\"@type\":\"WebPage\",\"@id\":\"https:\/\/annette-ahrens.at\/onlineshop\/\",\"url\":\"https:\/\/annette-ahrens.at\/onlineshop\/\",\"name\":\"Home\"}},{\"@type\":\"ListItem\",\"position\":2,\"item\":{\"@type\":\"WebPage\",\"@id\":\"https:\/\/annette-ahrens.at\/onlineshop\/alle-tafelkultur-objekte\/\",\"url\":\"https:\/\/annette-ahrens.at\/onlineshop\/alle-tafelkultur-objekte\/\",\"name\":\"Alle Tafelkultur Objekte\"}},{\"@type\":\"ListItem\",\"position\":3,\"item\":{\"@type\":\"WebPage\",\"@id\":\"https:\/\/annette-ahrens.at\/onlineshop\/produkt\/versilberter-kaviarkuehler-frankreich-um-1970\/\",\"url\":\"https:\/\/annette-ahrens.at\/onlineshop\/produkt\/versilberter-kaviarkuehler-frankreich-um-1970\/\",\"name\":\"Versilberter Kaviark\\u00fchler, Frankreich, um 1970\"}}]}]}<\/script>\n<!-- \/ Yoast SEO Premium plugin. -->","_links":{"self":[{"href":"https:\/\/annette-ahrens.at\/onlineshop\/wp-json\/wp\/v2\/product\/44240","targetHints":{"allow":["GET"]}}],"collection":[{"href":"https:\/\/annette-ahrens.at\/onlineshop\/wp-json\/wp\/v2\/product"}],"about":[{"href":"https:\/\/annette-ahrens.at\/onlineshop\/wp-json\/wp\/v2\/types\/product"}],"replies":[{"embeddable":true,"href":"https:\/\/annette-ahrens.at\/onlineshop\/wp-json\/wp\/v2\/comments?post=44240"}],"wp:featuredmedia":[{"embeddable":true,"href":"https:\/\/annette-ahrens.at\/onlineshop\/wp-json\/wp\/v2\/media\/44241"}],"wp:attachment":[{"href":"https:\/\/annette-ahrens.at\/onlineshop\/wp-json\/wp\/v2\/media?parent=44240"}],"wp:term":[{"taxonomy":"product_brand","embeddable":true,"href":"https:\/\/annette-ahrens.at\/onlineshop\/wp-json\/wp\/v2\/product_brand?post=44240"},{"taxonomy":"product_cat","embeddable":true,"href":"https:\/\/annette-ahrens.at\/onlineshop\/wp-json\/wp\/v2\/product_cat?post=44240"},{"taxonomy":"product_tag","embeddable":true,"href":"https:\/\/annette-ahrens.at\/onlineshop\/wp-json\/wp\/v2\/product_tag?post=44240"}],"curies":[{"name":"wp","href":"https:\/\/api.w.org\/{rel}","templated":true}]}}