{"id":44360,"date":"2026-05-11T06:54:17","date_gmt":"2026-05-11T04:54:17","guid":{"rendered":"https:\/\/annette-ahrens.at\/onlineshop\/?post_type=product&#038;p=44360"},"modified":"2026-05-05T19:25:56","modified_gmt":"2026-05-05T17:25:56","slug":"5-teiliges-versilbertes-kinderbesteck-fa-berndorf-um-1930","status":"publish","type":"product","link":"https:\/\/annette-ahrens.at\/onlineshop\/produkt\/5-teiliges-versilbertes-kinderbesteck-fa-berndorf-um-1930\/","title":{"rendered":"5 teiliges, versilbertes Kinderbesteck, Fa. Berndorf, um 1930"},"content":{"rendered":"<p>5 teiliges Besteck f\u00fcr ein Kleinkind &#8222;Grimms M\u00e4rchen&#8220;<\/p>\n<p>Entwurf vom Berndorfer Zeichner und Graveur Karl Weber f\u00fcr Fa. Berndorf, \u00d6sterreich, um 1930<\/p>\n<p>Alpacca, versilbert, Grimms-M\u00e4rchen-Motive &#8222;Rotk\u00e4ppchen&#8220; (Ess-L\u00f6ffel), &#8222;H\u00e4nsel und Gretel&#8220; (Ess-Gabel), 7 Zwerge (Messer), Breischieber &#8222;7 Meilenstiefel&#8220;, alle Teile gemarkt mit \u00a0runder Berndorf B\u00e4renmarke (Alpacca Silber), 90g Auflage Silber, altersbedingte Gebrauchsspuren<\/p>\n<p>max. 18 cm<\/p>\n","protected":false},"excerpt":{"rendered":"<p>Annettes Etikette: Baby-Bestecke waren beliebte Taufgeschenke und sollten dem Kleinkind schon fr\u00fch die Reize der gehobenen Tafelkultur mit eigenem Besteck beibringen. Die Erz\u00e4hlung von M\u00e4rchen soll das Interesse der Kinder sich mit den Bestecken auseinanderzusetzen, spielerisch f\u00f6rdern. Carl Weber entwarf um 1930 nach Grimms M\u00e4rchen den Ess-L\u00f6ffel mit &#8222;Rotk\u00e4ppchen&#8220;, \u00a0die Ess-Gabel und den geschwungenen Babyl\u00f6ffel mit &#8222;H\u00e4nsel und Gretel&#8220; und das Messer mit &#8222;7 Zwergen&#8220;. Der Breischieber tr\u00e4gt die &#8222;7 Meilenstiefel&#8220; und der kleine Babyl\u00f6ffel eine Szene aus &#8222;Aschenputtel&#8220;.<\/p>\n","protected":false},"featured_media":44355,"comment_status":"open","ping_status":"closed","template":"","meta":[],"product_brand":[],"product_cat":[30,32,235,236,237,293],"product_tag":[],"class_list":{"0":"post-44360","1":"product","2":"type-product","3":"status-publish","4":"has-post-thumbnail","6":"product_cat-besteck","7":"product_cat-festefeiern","8":"product_cat-gabeln","9":"product_cat-loeffel","10":"product_cat-messer","11":"product_cat-taufe","13":"first","14":"instock","15":"sold-individually","16":"purchasable","17":"product-type-simple"},"yoast_head":"<!-- This site is optimized with the Yoast SEO Premium plugin v15.8.2 - https:\/\/yoast.com\/wordpress\/plugins\/seo\/ -->\n<title>5 teiliges, versilbertes Kinderbesteck, Fa. Berndorf, um 1930<\/title>\n<meta name=\"description\" content=\"5 teiliges, versilbertes Kinderbesteck, Fa. Berndorf, um 1930 \u2665 Antiquit\u00e4ten Online kaufen \u2713 Sichere Lieferung \u2713\" \/>\n<meta name=\"robots\" content=\"index, follow, max-snippet:-1, max-image-preview:large, max-video-preview:-1\" \/>\n<link rel=\"canonical\" href=\"https:\/\/annette-ahrens.at\/onlineshop\/produkt\/5-teiliges-versilbertes-kinderbesteck-fa-berndorf-um-1930\/\" \/>\n<meta property=\"og:locale\" content=\"de_DE\" \/>\n<meta property=\"og:type\" content=\"article\" \/>\n<meta property=\"og:title\" content=\"5 teiliges, versilbertes Kinderbesteck, Fa. Berndorf, um 1930\" \/>\n<meta property=\"og:description\" content=\"5 teiliges, versilbertes Kinderbesteck, Fa. Berndorf, um 1930 \u2665 Antiquit\u00e4ten Online kaufen \u2713 Sichere Lieferung \u2713\" \/>\n<meta property=\"og:url\" content=\"https:\/\/annette-ahrens.at\/onlineshop\/produkt\/5-teiliges-versilbertes-kinderbesteck-fa-berndorf-um-1930\/\" \/>\n<meta property=\"og:site_name\" content=\"Tafelkultur Onlineshop\" \/>\n<meta property=\"article:publisher\" content=\"https:\/\/www.facebook.com\/AnnetteAhrensTafelkultur\" \/>\n<meta property=\"article:modified_time\" content=\"2026-05-05T17:25:56+00:00\" \/>\n<meta property=\"og:image\" content=\"https:\/\/annette-ahrens.at\/onlineshop\/wp-content\/uploads\/2026\/05\/IMG_1588-scaled.jpeg\" \/>\n\t<meta property=\"og:image:width\" content=\"1536\" \/>\n\t<meta property=\"og:image:height\" content=\"2048\" \/>\n<meta name=\"twitter:card\" content=\"summary_large_image\" \/>\n<meta name=\"twitter:label1\" content=\"Gesch\u00e4tzte Lesezeit\">\n\t<meta name=\"twitter:data1\" content=\"1\u00a0Minute\">\n<script type=\"application\/ld+json\" class=\"yoast-schema-graph\">{\"@context\":\"https:\/\/schema.org\",\"@graph\":[{\"@type\":[\"Person\",\"Organization\"],\"@id\":\"https:\/\/annette-ahrens.at\/onlineshop\/#\/schema\/person\/3e19676faae246bba0cb3b7e15f427d8\",\"name\":\"Annette Ahrens\",\"image\":{\"@type\":\"ImageObject\",\"@id\":\"https:\/\/annette-ahrens.at\/onlineshop\/#personlogo\",\"inLanguage\":\"de\",\"url\":\"https:\/\/annette-ahrens.at\/onlineshop\/wp-content\/uploads\/2020\/04\/aa_logo_End.png\",\"width\":800,\"height\":164,\"caption\":\"Annette Ahrens\"},\"logo\":{\"@id\":\"https:\/\/annette-ahrens.at\/onlineshop\/#personlogo\"},\"sameAs\":[\"https:\/\/annette-ahrens.at\",\"https:\/\/www.facebook.com\/AnnetteAhrensTafelkultur\",\"https:\/\/www.instagram.com\/tafelkulturistin\/\",\"https:\/\/de.wikipedia.org\/wiki\/Annette_Ahrens\"]},{\"@type\":\"WebSite\",\"@id\":\"https:\/\/annette-ahrens.at\/onlineshop\/#website\",\"url\":\"https:\/\/annette-ahrens.at\/onlineshop\/\",\"name\":\"Tafelkultur Onlineshop\",\"description\":\"Annette Ahrens\",\"publisher\":{\"@id\":\"https:\/\/annette-ahrens.at\/onlineshop\/#\/schema\/person\/3e19676faae246bba0cb3b7e15f427d8\"},\"potentialAction\":[{\"@type\":\"SearchAction\",\"target\":\"https:\/\/annette-ahrens.at\/onlineshop\/?s={search_term_string}\",\"query-input\":\"required name=search_term_string\"}],\"inLanguage\":\"de\"},{\"@type\":\"ImageObject\",\"@id\":\"https:\/\/annette-ahrens.at\/onlineshop\/produkt\/5-teiliges-versilbertes-kinderbesteck-fa-berndorf-um-1930\/#primaryimage\",\"inLanguage\":\"de\",\"url\":\"https:\/\/annette-ahrens.at\/onlineshop\/wp-content\/uploads\/2026\/05\/IMG_1588-scaled.jpeg\",\"width\":1536,\"height\":2048,\"caption\":\"kinderbesteck_berndorf\"},{\"@type\":[\"WebPage\",\"ItemPage\"],\"@id\":\"https:\/\/annette-ahrens.at\/onlineshop\/produkt\/5-teiliges-versilbertes-kinderbesteck-fa-berndorf-um-1930\/#webpage\",\"url\":\"https:\/\/annette-ahrens.at\/onlineshop\/produkt\/5-teiliges-versilbertes-kinderbesteck-fa-berndorf-um-1930\/\",\"name\":\"5 teiliges, versilbertes Kinderbesteck, Fa. Berndorf, um 1930\",\"isPartOf\":{\"@id\":\"https:\/\/annette-ahrens.at\/onlineshop\/#website\"},\"primaryImageOfPage\":{\"@id\":\"https:\/\/annette-ahrens.at\/onlineshop\/produkt\/5-teiliges-versilbertes-kinderbesteck-fa-berndorf-um-1930\/#primaryimage\"},\"datePublished\":\"2026-05-11T04:54:17+00:00\",\"dateModified\":\"2026-05-05T17:25:56+00:00\",\"description\":\"5 teiliges, versilbertes Kinderbesteck, Fa. Berndorf, um 1930 \\u2665 Antiquit\\u00e4ten Online kaufen \\u2713 Sichere Lieferung \\u2713\",\"breadcrumb\":{\"@id\":\"https:\/\/annette-ahrens.at\/onlineshop\/produkt\/5-teiliges-versilbertes-kinderbesteck-fa-berndorf-um-1930\/#breadcrumb\"},\"inLanguage\":\"de\",\"potentialAction\":[{\"@type\":\"ReadAction\",\"target\":[\"https:\/\/annette-ahrens.at\/onlineshop\/produkt\/5-teiliges-versilbertes-kinderbesteck-fa-berndorf-um-1930\/\"]}]},{\"@type\":\"BreadcrumbList\",\"@id\":\"https:\/\/annette-ahrens.at\/onlineshop\/produkt\/5-teiliges-versilbertes-kinderbesteck-fa-berndorf-um-1930\/#breadcrumb\",\"itemListElement\":[{\"@type\":\"ListItem\",\"position\":1,\"item\":{\"@type\":\"WebPage\",\"@id\":\"https:\/\/annette-ahrens.at\/onlineshop\/\",\"url\":\"https:\/\/annette-ahrens.at\/onlineshop\/\",\"name\":\"Home\"}},{\"@type\":\"ListItem\",\"position\":2,\"item\":{\"@type\":\"WebPage\",\"@id\":\"https:\/\/annette-ahrens.at\/onlineshop\/alle-tafelkultur-objekte\/\",\"url\":\"https:\/\/annette-ahrens.at\/onlineshop\/alle-tafelkultur-objekte\/\",\"name\":\"Alle Tafelkultur Objekte\"}},{\"@type\":\"ListItem\",\"position\":3,\"item\":{\"@type\":\"WebPage\",\"@id\":\"https:\/\/annette-ahrens.at\/onlineshop\/produkt\/5-teiliges-versilbertes-kinderbesteck-fa-berndorf-um-1930\/\",\"url\":\"https:\/\/annette-ahrens.at\/onlineshop\/produkt\/5-teiliges-versilbertes-kinderbesteck-fa-berndorf-um-1930\/\",\"name\":\"5 teiliges, versilbertes Kinderbesteck, Fa. Berndorf, um 1930\"}}]}]}<\/script>\n<!-- \/ Yoast SEO Premium plugin. -->","_links":{"self":[{"href":"https:\/\/annette-ahrens.at\/onlineshop\/wp-json\/wp\/v2\/product\/44360","targetHints":{"allow":["GET"]}}],"collection":[{"href":"https:\/\/annette-ahrens.at\/onlineshop\/wp-json\/wp\/v2\/product"}],"about":[{"href":"https:\/\/annette-ahrens.at\/onlineshop\/wp-json\/wp\/v2\/types\/product"}],"replies":[{"embeddable":true,"href":"https:\/\/annette-ahrens.at\/onlineshop\/wp-json\/wp\/v2\/comments?post=44360"}],"wp:featuredmedia":[{"embeddable":true,"href":"https:\/\/annette-ahrens.at\/onlineshop\/wp-json\/wp\/v2\/media\/44355"}],"wp:attachment":[{"href":"https:\/\/annette-ahrens.at\/onlineshop\/wp-json\/wp\/v2\/media?parent=44360"}],"wp:term":[{"taxonomy":"product_brand","embeddable":true,"href":"https:\/\/annette-ahrens.at\/onlineshop\/wp-json\/wp\/v2\/product_brand?post=44360"},{"taxonomy":"product_cat","embeddable":true,"href":"https:\/\/annette-ahrens.at\/onlineshop\/wp-json\/wp\/v2\/product_cat?post=44360"},{"taxonomy":"product_tag","embeddable":true,"href":"https:\/\/annette-ahrens.at\/onlineshop\/wp-json\/wp\/v2\/product_tag?post=44360"}],"curies":[{"name":"wp","href":"https:\/\/api.w.org\/{rel}","templated":true}]}}